{"id":13017,"date":"2025-10-10T17:10:24","date_gmt":"2025-10-10T09:10:24","guid":{"rendered":"https:\/\/green-grasshopper-921422.hostingersite.com\/?post_type=product&#038;p=13017"},"modified":"2026-03-14T16:22:43","modified_gmt":"2026-03-14T15:22:43","slug":"vespa-doppio-sapore-40000-boccate-vape","status":"publish","type":"product","link":"https:\/\/agoravape.com\/it\/product\/waspe-double-flavor-40000-puffs-vape\/","title":{"rendered":"Waspe Double Flavor 40000 tiri 2 in 1 LED Vape | Due gusti in uno. Costruito per durare"},"content":{"rendered":"<h2 data-v-md-heading=\"what-about-the-wasp-double-flavor-40000-mouth-2-in-1-led-vape\" data-v-md-line=\"3\"><img loading=\"lazy\" decoding=\"async\" class=\"aligncenter size-full wp-image-13045\" src=\"https:\/\/agoravape.com\/wp-content\/uploads\/2025\/10\/Waspe-Double-Flavor-40000-Puffs-2-in-1-LED-Vape_Agora_vape-16.webp\" alt=\"\" width=\"1920\" height=\"1080\" srcset=\"https:\/\/agoravape.com\/wp-content\/uploads\/2025\/10\/Waspe-Double-Flavor-40000-Puffs-2-in-1-LED-Vape_Agora_vape-16.webp 1920w, https:\/\/agoravape.com\/wp-content\/uploads\/2025\/10\/Waspe-Double-Flavor-40000-Puffs-2-in-1-LED-Vape_Agora_vape-16-1200x675.webp 1200w, https:\/\/agoravape.com\/wp-content\/uploads\/2025\/10\/Waspe-Double-Flavor-40000-Puffs-2-in-1-LED-Vape_Agora_vape-16-300x169.webp 300w, https:\/\/agoravape.com\/wp-content\/uploads\/2025\/10\/Waspe-Double-Flavor-40000-Puffs-2-in-1-LED-Vape_Agora_vape-16-1024x576.webp 1024w, https:\/\/agoravape.com\/wp-content\/uploads\/2025\/10\/Waspe-Double-Flavor-40000-Puffs-2-in-1-LED-Vape_Agora_vape-16-768x432.webp 768w, https:\/\/agoravape.com\/wp-content\/uploads\/2025\/10\/Waspe-Double-Flavor-40000-Puffs-2-in-1-LED-Vape_Agora_vape-16-1536x864.webp 1536w\" sizes=\"auto, (max-width: 1920px) 100vw, 1920px\" \/><\/h2>\n<h2 data-v-md-heading=\"what-about-the-wasp-double-flavor-40000-mouth-2-in-1-led-vape\" data-v-md-line=\"3\">Che dire del Wasp Double Flavor 40000 Mouth 2-in-1 LED vape?<\/h2>\n<p data-v-md-line=\"4\">Se siete stanchi di cambiare vape a met\u00e0 settimana, questo prodotto \u00e8 la scelta ideale. La caratteristica del doppio aroma di Wasp combina due aromi in uno solo, consentendo di cambiare facilmente senza dover portare con s\u00e9 una seconda svapata. Questa semplice idea rende pi\u00f9 facile l'esperienza di svapo quotidiana.<\/p>\n<p data-v-md-line=\"6\">Si potrebbe pensare che avere cos\u00ec tante boccate di vapes sia ingombrante, ma questo prodotto \u00e8 sorprendentemente leggero. Pesa circa 120 grammi e pu\u00f2 essere facilmente inserito nella tasca di una giacca. Se desiderate una svapata affidabile, dal gusto eccellente e che non richieda una cura accurata, questa \u00e8 la scelta ideale.<\/p>\n<h2 data-v-md-heading=\"excellent-performance-easy-and-convenient\" data-v-md-line=\"8\">Prestazioni eccellenti, facile e conveniente<\/h2>\n<p data-v-md-line=\"9\">Il doppio nucleo di atomizzazione da 0,9 \u03a9 incorporato garantisce un gusto costante dal primo all'ultimo morso. Il nucleo di atomizzazione a rete viene riscaldato in modo uniforme, garantendo un gusto omogeneo e chiaro. Quando la batteria \u00e8 scarica, pu\u00f2 essere ricaricata utilizzando l'interfaccia Type-C. Pu\u00f2 trattarsi dello stesso cavo dati utilizzato sul telefono. Lo schermo a LED consente di capire facilmente lo stato senza tirare a indovinare.<\/p>\n<h2 data-v-md-heading=\"specification-introduction\" data-v-md-line=\"11\">Introduzione alle specifiche<\/h2>\n<ul data-v-md-line=\"12\">\n<li>Frequenza di aspirazione: fino a 40000 volte<\/li>\n<li>Contenuto di nicotina: 0%, 2% e 5%<\/li>\n<li>Working principle: Activate with just one puff<\/li>\n<li>Charging: Standard Type-C USB interface<\/li>\n<li>Stato: pronto all'uso dopo l'unboxing<\/li>\n<\/ul>\n<h2 data-v-md-heading=\"full-range-of-flavors\" data-v-md-line=\"18\">Full range of flavors<\/h2>\n<ul data-v-md-line=\"19\">\n<li>Ghiaccio all'anguria e lime al limone<\/li>\n<li>Ghiaccio soda alla ciliegia e marshmallow al mirtillo<\/li>\n<li>Anguria alla fragola e lampone al mirtillo<\/li>\n<li>Red Bull Ice e Mango alla fragola<\/li>\n<li>Ghiaccio alla pesca e ananas Mango alla pesca<\/li>\n<li>Ghiaccio all'uva e kiwi alla fragola<\/li>\n<li>Mescolare frutti di bosco e doppio ghiaccio alla mela<\/li>\n<li>Limonata al mirtillo e gomma da masticare all'anguria<\/li>\n<li>Fragola, lampone, ciliegia e amore 666<\/li>\n<li>Fragola, banana, ananas, cocco ghiacciato<\/li>\n<li>Fragola, anguria, gomma da masticare e frutta mista<\/li>\n<li>Coca-Cola ghiacciata e caramelle alla fragola e lampone<\/li>\n<li>Aroma di mela acida, lampone e fragola<\/li>\n<li>Sapore di pesca, frutti di bosco, anguria e mango<\/li>\n<li>Frullato di mirtilli e frullato del Drago Nero<\/li>\n<li>Gusto fragola, ciliegia, kiwi e frutto della passione<\/li>\n<\/ul>\n<h2 data-v-md-heading=\"for-you-and-for-your-business-as-well\" data-v-md-line=\"36\">Per te e anche per la tua attivit\u00e0<\/h2>\n<p data-v-md-line=\"37\">\u00c8 possibile acquistarne uno per uso personale o fare scorta per il proprio negozio. Waspe a doppio gusto, 10 pezzi per scatola, 160 pezzi per scatola. Questo rende pi\u00f9 conveniente l'ordinazione e la gestione dell'inventario.<\/p>\n<p data-v-md-line=\"39\">Spediamo attraverso partner di fiducia come UPS, DPD e DHL su base Delivered Duty Paid (DDP), in modo da ottenere tempi di consegna prevedibili ed evitare situazioni impreviste alla dogana. A causa delle normative locali, la situazione di fornitura e la concentrazione di nicotina possono variare in diversi paesi\/regioni.<\/p>\n<h2 data-v-md-heading=\"why-do-you-like-it\" data-v-md-line=\"41\">Perch\u00e9 ti piace?<\/h2>\n<ul data-v-md-line=\"42\">\n<li>Grande capacit\u00e0 di aspirazione: maggiore durata, per cui non \u00e8 necessario acquistarne di nuovi di frequente.<\/li>\n<li>Selezione della concentrazione di nicotina: Scegliete la concentrazione pi\u00f9 adatta a voi.<\/li>\n<li>Ricaricabile: utilizzi tutti i liquidi elettronici acquistati.<\/li>\n<li>Bobina a rete: Gusto costante, per un'esperienza sempre fluida.<\/li>\n<\/ul>\n<h2 data-v-md-heading=\"why-collaborate-with-agoravape\" data-v-md-line=\"47\">Perch\u00e9 collaborare con AgoraVape?<\/h2>\n<p data-v-md-line=\"48\">Vendiamo solo prodotti originali 100% di marche affidabili. Per gli acquirenti commerciali, questo significa prezzi all'ingrosso equi, supporto affidabile e consegna veloce e affidabile per Waspe dual flavor 40000 mouth 2-in-1 LED vapes. Se si desidera acquistare dispositivi che i clienti ripetuti amano, si prega di contattarci.<\/p>","protected":false},"excerpt":{"rendered":"<p>What about the Wasp Double Flavor 40000 Mouth 2-in-1 LED vape? If you\u2019re tired of changing your vapes mid week,<\/p>","protected":false},"featured_media":13047,"comment_status":"open","ping_status":"closed","template":"","meta":[],"product_brand":[206],"product_cat":[124,187,185,189,1639,176,177,195,174,175,193,191,173,186,180,190,192,133],"product_tag":[],"class_list":{"0":"post-13017","1":"product","2":"type-product","3":"status-publish","4":"has-post-thumbnail","6":"product_brand-waspe","7":"product_cat-vape-by-brand","8":"product_cat-0mg-nicotine-free-vapes","9":"product_cat-10000-puffs-high-capacity","10":"product_cat-20mg-standard-nicotine-vapes","11":"product_cat-40000-puffs","12":"product_cat-beverage","13":"product_cat-dessert-sweets","14":"product_cat-dual-flavor-switch","15":"product_cat-fruit-flavors","16":"product_cat-icy-mint","17":"product_cat-mesh-coil","18":"product_cat-rechargeable-disposables","19":"product_cat-vape-by-flavor-profile","20":"product_cat-vape-by-nicotine-strength","21":"product_cat-vape-by-puff-count","22":"product_cat-vape-by-feature-or-type","23":"product_cat-vapes-with-screens","24":"product_cat-waspe","26":"first","27":"instock","28":"shipping-taxable","29":"purchasable","30":"product-type-variable","31":"has-default-attributes"},"tiered_pricing_type":"percentage","tiered_pricing_fixed_rules":[],"tiered_pricing_product_settings":{"layout":"default","base_unit_name":{"singular":null,"plural":null},"default_variation":null},"tiered_pricing_minimum_quantity":10,"tiered_pricing_roles_data":[],"tiered_pricing_percentage_rules":{"50":"35","100":"40","200":"44","500":"47","1000":"49"},"tiered_pricing_maximum_quantity":null,"tiered_pricing_quantity_step":"10","_links":{"self":[{"href":"https:\/\/agoravape.com\/it\/wp-json\/wp\/v2\/product\/13017","targetHints":{"allow":["GET"]}}],"collection":[{"href":"https:\/\/agoravape.com\/it\/wp-json\/wp\/v2\/product"}],"about":[{"href":"https:\/\/agoravape.com\/it\/wp-json\/wp\/v2\/types\/product"}],"replies":[{"embeddable":true,"href":"https:\/\/agoravape.com\/it\/wp-json\/wp\/v2\/comments?post=13017"}],"version-history":[{"count":0,"href":"https:\/\/agoravape.com\/it\/wp-json\/wp\/v2\/product\/13017\/revisions"}],"wp:featuredmedia":[{"embeddable":true,"href":"https:\/\/agoravape.com\/it\/wp-json\/wp\/v2\/media\/13047"}],"wp:attachment":[{"href":"https:\/\/agoravape.com\/it\/wp-json\/wp\/v2\/media?parent=13017"}],"wp:term":[{"taxonomy":"product_brand","embeddable":true,"href":"https:\/\/agoravape.com\/it\/wp-json\/wp\/v2\/product_brand?post=13017"},{"taxonomy":"product_cat","embeddable":true,"href":"https:\/\/agoravape.com\/it\/wp-json\/wp\/v2\/product_cat?post=13017"},{"taxonomy":"product_tag","embeddable":true,"href":"https:\/\/agoravape.com\/it\/wp-json\/wp\/v2\/product_tag?post=13017"}],"curies":[{"name":"wp","href":"https:\/\/api.w.org\/{rel}","templated":true}]}}