{"id":13100,"date":"2025-10-10T20:32:14","date_gmt":"2025-10-10T12:32:14","guid":{"rendered":"https:\/\/green-grasshopper-921422.hostingersite.com\/?post_type=product&#038;p=13100"},"modified":"2026-03-26T13:22:23","modified_gmt":"2026-03-26T12:22:23","slug":"waspe-scatola-digitale-12000-soffi-lcd-vape","status":"publish","type":"product","link":"https:\/\/agoravape.com\/it\/product\/waspe-digital-box-12000-puffs-lcd-vape\/","title":{"rendered":"Waspe Digital Box 12000 tiri con schermo LCD | Aroma di lunga durata, facile da usare"},"content":{"rendered":"<h2 data-v-md-heading=\"what-are-the-advantages-of-waspe-digital-box-12000-lcd-screen-vapes\" data-v-md-line=\"3\">Quali sono i vantaggi della Waspe Digital Box 12000 con schermo LCD?<\/h2>\n<p data-v-md-line=\"4\">Se siete stanchi dei vapers usa e getta che si esauriscono all'inizio dell'utilizzo, allora questo prodotto render\u00e0 la vostra settimana molto pi\u00f9 facile. La Waspe Digital Box \u00e8 dotata di una batteria ricaricabile che pu\u00f2 contenere fino a 12000 boccate, in modo da poter utilizzare 20 millilitri di e-liquid.<\/p>\n<p data-v-md-line=\"6\">\u00c8 stato progettato per coloro che desiderano svapare in modo affidabile, delizioso e senza sforzo. Basta una boccata per attivarla. Lo schermo LCD consente di avere una chiara comprensione della situazione a colpo d'occhio, senza doversi preoccupare della ricarica.<\/p>\n<h2 data-v-md-heading=\"excellent-performance-easy-and-convenient\" data-v-md-line=\"8\">Prestazioni eccellenti, facile e conveniente<\/h2>\n<p data-v-md-line=\"9\">La bobina a rete \u00e8 il cuore di questo dispositivo. Ecco perch\u00e9 ogni boccone \u00e8 delizioso come il primo assaggio. Quando la batteria \u00e8 scarica, \u00e8 possibile utilizzare il cavo dati Type-C, eventualmente gi\u00e0 presente sul telefono, per collegare il dispositivo. Lo schermo visualizzer\u00e0 rapidamente gli aggiornamenti di stato, consentendo di controllare tutto senza preoccuparsi delle impostazioni.<\/p>\n<h2 data-v-md-heading=\"specification-introduction\" data-v-md-line=\"11\">Introduzione alle specifiche<\/h2>\n<ul data-v-md-line=\"12\">\n<li>Frequenza di aspirazione: fino a 12000 volte<\/li>\n<li>Contenuto di nicotina: 0%, 2%, 3%, 5%<\/li>\n<li>Working principle: Activate with just one puff<\/li>\n<li>Metodo di ricarica: interfaccia USB standard di tipo C<\/li>\n<li>Stato: pronto all'uso appena estratto dalla confezione<\/li>\n<li>Capacit\u00e0 del liquido elettronico: 20 millilitri<\/li>\n<li>Battery: 650mAh rechargeable battery<\/li>\n<li>Nucleo di atomizzazione: rete, 0,8 \u03a9<\/li>\n<li>Schermo del display: Schermo LCD<\/li>\n<\/ul>\n<h2 data-v-md-heading=\"full-range-of-flavors\" data-v-md-line=\"22\">Full range of flavors<\/h2>\n<ul data-v-md-line=\"23\">\n<li>Ghiaccio all'anguria<\/li>\n<li>Pista di ghiaccio blu<\/li>\n<li>Ghiaccio all'uva<\/li>\n<li>Strawberry watermelon<\/li>\n<li>Frutti di bosco misti<\/li>\n<li>Ciambelle alla fragola<\/li>\n<li>Mirtilli e lamponi<\/li>\n<li>Strawberry, raspberry, cherry<\/li>\n<li>Anguria, mango, pesca<\/li>\n<li>Succo di pera al vino rosso<\/li>\n<\/ul>\n<h2 data-v-md-heading=\"to-create-for-you-and-your-business\" data-v-md-line=\"34\">Per creare per te e per la tua attivit\u00e0<\/h2>\n<p data-v-md-line=\"35\">Lasciate che ne scelga una per voi oggi stesso! Se gestite un negozio, potete stoccare scatole all'ingrosso da 10 unit\u00e0 e scatole esterne da 200 unit\u00e0. Ogni scatola ha un peso lordo di 18,5 kg e dimensioni di 690 \u00d7 313 \u00d7 220 millimetri.<\/p>\n<p data-v-md-line=\"37\">Collaboriamo con partner fidati come UPS, DPD e DHL per fornire servizi completi di spedizione DDP in Europa, assicurandovi di non incorrere in incidenti alla dogana. Il documento \u00e8 chiaro. Consegna rapida. Dalla cassa alla consegna a domicilio, tutte le operazioni sono chiare a colpo d'occhio.<\/p>\n<h2 data-v-md-heading=\"why-do-you-like-it\" data-v-md-line=\"39\">Perch\u00e9 ti piace?<\/h2>\n<ul data-v-md-line=\"40\">\n<li>Pi\u00f9 tiri: resistenti e duraturi, non c'\u00e8 bisogno di acquistare frequentemente nuove sigarette.<\/li>\n<li>Selezione della concentrazione di nicotina: Scegliete la concentrazione adatta alla vostra giornata.<\/li>\n<li>Rechargeable: You will run out of e-liquid every time you purchase it.<\/li>\n<li>Nucleo dell'atomizzatore a rete: Dal primo all'ultimo morso, il gusto rimane costante.<\/li>\n<li>Schermo LCD: Lo stato \u00e8 chiaro a colpo d'occhio, tutto \u00e8 sotto controllo.<\/li>\n<\/ul>\n<h2 data-v-md-heading=\"why-choose-to-collaborate-with-agoravape\" data-v-md-line=\"46\">Perch\u00e9 scegliere di collaborare con AgoraVape?<\/h2>\n<p data-v-md-line=\"47\">Vendiamo solo prodotti originali 100% e non abbiamo dubbi su di esso. I clienti Enterprise che acquistano Waspe Digital Box 12000 vapes con schermo LCD possono godere di prezzi scontati all'ingrosso, di un supporto amichevole e di servizi di consegna veloci e affidabili. Volete verificare l'autenticit\u00e0 o effettuare ordini all'ingrosso? Contattateci e organizzeremo per voi l'inventario per garantire un alto tasso di ritorno dei clienti.<\/p>","protected":false},"excerpt":{"rendered":"<p>What are the advantages of Waspe Digital Box 12000 LCD screen vapes? If you are tired of disposable vapes that<\/p>","protected":false},"featured_media":13116,"comment_status":"open","ping_status":"closed","template":"","meta":[],"product_brand":[206],"product_cat":[124,187,185,1634,189,174,175,193,191,179,173,186,180,190,192,133],"product_tag":[],"class_list":{"0":"post-13100","1":"product","2":"type-product","3":"status-publish","4":"has-post-thumbnail","6":"product_brand-waspe","7":"product_cat-vape-by-brand","8":"product_cat-0mg-nicotine-free-vapes","9":"product_cat-10000-puffs-high-capacity","10":"product_cat-12000-puffs","11":"product_cat-20mg-standard-nicotine-vapes","12":"product_cat-fruit-flavors","13":"product_cat-icy-mint","14":"product_cat-mesh-coil","15":"product_cat-rechargeable-disposables","16":"product_cat-unique-blends","17":"product_cat-vape-by-flavor-profile","18":"product_cat-vape-by-nicotine-strength","19":"product_cat-vape-by-puff-count","20":"product_cat-vape-by-feature-or-type","21":"product_cat-vapes-with-screens","22":"product_cat-waspe","24":"first","25":"onbackorder","26":"shipping-taxable","27":"purchasable","28":"product-type-variable","29":"has-default-attributes"},"tiered_pricing_type":"percentage","tiered_pricing_fixed_rules":[],"tiered_pricing_product_settings":{"layout":"default","base_unit_name":{"singular":null,"plural":null},"default_variation":null},"tiered_pricing_minimum_quantity":10,"tiered_pricing_roles_data":[],"tiered_pricing_percentage_rules":{"50":"35","100":"40","200":"44","500":"47","1000":"49"},"tiered_pricing_maximum_quantity":null,"tiered_pricing_quantity_step":"10","_links":{"self":[{"href":"https:\/\/agoravape.com\/it\/wp-json\/wp\/v2\/product\/13100","targetHints":{"allow":["GET"]}}],"collection":[{"href":"https:\/\/agoravape.com\/it\/wp-json\/wp\/v2\/product"}],"about":[{"href":"https:\/\/agoravape.com\/it\/wp-json\/wp\/v2\/types\/product"}],"replies":[{"embeddable":true,"href":"https:\/\/agoravape.com\/it\/wp-json\/wp\/v2\/comments?post=13100"}],"version-history":[{"count":0,"href":"https:\/\/agoravape.com\/it\/wp-json\/wp\/v2\/product\/13100\/revisions"}],"wp:featuredmedia":[{"embeddable":true,"href":"https:\/\/agoravape.com\/it\/wp-json\/wp\/v2\/media\/13116"}],"wp:attachment":[{"href":"https:\/\/agoravape.com\/it\/wp-json\/wp\/v2\/media?parent=13100"}],"wp:term":[{"taxonomy":"product_brand","embeddable":true,"href":"https:\/\/agoravape.com\/it\/wp-json\/wp\/v2\/product_brand?post=13100"},{"taxonomy":"product_cat","embeddable":true,"href":"https:\/\/agoravape.com\/it\/wp-json\/wp\/v2\/product_cat?post=13100"},{"taxonomy":"product_tag","embeddable":true,"href":"https:\/\/agoravape.com\/it\/wp-json\/wp\/v2\/product_tag?post=13100"}],"curies":[{"name":"wp","href":"https:\/\/api.w.org\/{rel}","templated":true}]}}