{"id":13132,"date":"2025-10-10T21:13:29","date_gmt":"2025-10-10T13:13:29","guid":{"rendered":"https:\/\/green-grasshopper-921422.hostingersite.com\/?post_type=product&#038;p=13132"},"modified":"2026-02-14T17:16:39","modified_gmt":"2026-02-14T16:16:39","slug":"uzy-tripli-sapori-60k-3in1-vape","status":"publish","type":"product","link":"https:\/\/agoravape.com\/it\/product\/uzy-triple-flavors-60k-3in1-vape\/","title":{"rendered":"UZY Triple Flavors 60K Puffs 3-in-1 LED Screen Vape | Tre gusti in uno, costruito per durare nel tempo"},"content":{"rendered":"<h2 data-v-md-heading=\"what-about-the-uzy-three-in-one-led-screen-vape\" data-v-md-line=\"3\">Che ne dite del vape UZY con schermo LED tre in uno?<\/h2>\n<p data-v-md-line=\"4\">Se siete stanchi delle cartucce per sigarette usa e getta che si esauriscono in pochi giorni, potreste dare un'occhiata a questo prodotto. L'UZY three in one LED screen vape combina tre diversi gusti di cartucce, permettendovi di cambiare facilmente aroma senza cambiare la svapata.<\/p>\n<p data-v-md-line=\"6\">\u00c8 adatto a tutti coloro che desiderano utilizzarlo a lungo e con facilit\u00e0 e praticit\u00e0. Basta una leggera boccata per utilizzarla. Il chiaro schermo a LED visualizza i livelli della batteria e dell'e-liquid. Per continuare a utilizzarla, \u00e8 sufficiente ricaricarla tramite l'interfaccia Type-C. Facile da usare.<\/p>\n<h2 data-v-md-heading=\"excellent-performance-easy-and-convenient\" data-v-md-line=\"8\">Prestazioni eccellenti, facile e conveniente<\/h2>\n<p data-v-md-line=\"9\">Internamente, vengono utilizzate bobine a doppia maglia per garantire un gusto costante dal primo all'ultimo morso. Lo schermo a LED consente di controllare facilmente il livello e lo stato della batteria, eliminando la necessit\u00e0 di tirare a indovinare. Quando \u00e8 necessario ricaricare, \u00e8 sufficiente utilizzare lo stesso cavo dati Type-C del telefono. Non c'\u00e8 bisogno di caricatori speciali, \u00e8 facile e conveniente.<\/p>\n<h2 data-v-md-heading=\"specification-overview\" data-v-md-line=\"11\">Panoramica delle specifiche<\/h2>\n<ul data-v-md-line=\"12\">\n<li>Frequenza di aspirazione: fino a 60000 volte<\/li>\n<li>Concentrazione di nicotina: fornita in base all'inventario e alla destinazione<\/li>\n<li>Working principle: Activate with just one puff<\/li>\n<li>Ricarica: Porta USB standard Tipo-C<\/li>\n<li>Schermo: schermo LED intelligente che visualizza lo stato della batteria e dell'e-liquid.<\/li>\n<li>Bobina: Bobina a doppia maglia<\/li>\n<li>Capacit\u00e0 e-liquid: Capacit\u00e0 totale 54 millilitri (18 millilitri per scomparto e-liquid)<\/li>\n<li>Batteria: batteria ricaricabile da 850 mAh<\/li>\n<li>Peso: Circa 120 grammi per unit\u00e0<\/li>\n<li>Confezione: 10 unit\u00e0 per scatola. 200 pezzi per scatola<\/li>\n<li>Stato: pronto all'uso dopo l'unboxing<\/li>\n<li>SKU\uff1aUZY-Tpriple-Flavors-60000-3IN1<\/li>\n<\/ul>\n<h2 data-v-md-heading=\"full-flavor-series\" data-v-md-line=\"25\">Serie dal sapore pieno<\/h2>\n<ul data-v-md-line=\"26\">\n<li>Mirtilli, lamponi, fragole, kiwi, limoni e lime<\/li>\n<li>Kiwi frutto della passione guava\/bluberry ice\/pesca mango<\/li>\n<li>Anguria alla fragola\/Coca-Cola ghiacciata\/Coca-Cola alla ciliegia<\/li>\n<li>Ghiaccio alla pesca\/fragola Lampone Ghiaccio alla ciliegia\/Doppio ghiaccio alla mela<\/li>\n<li>Ghiaccio d'uva\/Amore 666 (melone frutto della passione)\/Bull rosso alla fragola<\/li>\n<li>Mr. Blue\/Teddy Bear Candy\/Red Bull Ice<\/li>\n<li>Pesca, mango, ananas, mirtillo, ghiaccio, lampone, anguria...<\/li>\n<li>Ghiaccio al cocomero\/triplo gelato al melone\/banana al lampone<\/li>\n<li>Ghiaccio alla pesca estiva\/Ghiaccio alla fragola\/Ghiaccio al mirtillo<\/li>\n<li>Ghiaccio alla ciliegia\/bacche miste\/Ghiaccio al drago nero<\/li>\n<\/ul>\n<h2 data-v-md-heading=\"for-you-and-your-company\" data-v-md-line=\"37\">For you and your company<\/h2>\n<p data-v-md-line=\"38\">\u00c8 possibile acquistare UZY Triple Flavor 60K per uso personale o utilizzarlo nel proprio negozio. Le confezioni all'ingrosso sono da 10 unit\u00e0, con 200 pezzi per scatola, per garantire una pianificazione ordinata dell'inventario.<\/p>\n<p data-v-md-line=\"40\">Forniamo servizi di consegna DDP a pagamento attraverso partner fidati come UPS, DPD e DHL, in modo da evitare incidenti alla dogana nelle destinazioni idonee. A causa delle normative locali, la situazione di fornitura e la concentrazione di nicotina possono variare in diversi paesi\/regioni. In caso di dubbi, consultateci e vi forniremo indicazioni.<\/p>\n<h2 data-v-md-heading=\"why-do-you-like-it\" data-v-md-line=\"42\">Perch\u00e9 ti piace?<\/h2>\n<ul data-v-md-line=\"43\">\n<li>Grande capacit\u00e0 di fumare: maggiore durata della batteria, non \u00e8 necessario sostituire frequentemente i vaporizzatori.<\/li>\n<li>Selezione della concentrazione di nicotina: scegli la concentrazione di nicotina pi\u00f9 adatta al tuo gusto e al tuo mercato<\/li>\n<li>Ricaricabile: puoi utilizzare tutti gli e-liquidi acquistati<\/li>\n<li>Nucleo atomizzatore a rete: mantiene un gusto costante e soddisfacente.<\/li>\n<li>Schermo LED intelligente: facile visualizzazione del livello della batteria e dell'e-liquid rimanente in un colpo d'occhio<\/li>\n<li>Tre gusti: Non \u00e8 necessario cambiare dispositivo, si pu\u00f2 passare da un gusto all'altro in pochi secondi.<\/li>\n<\/ul>\n<h2 data-v-md-heading=\"why-choose-agoravape\" data-v-md-line=\"50\">Perch\u00e9 scegliere AgoraVape?<\/h2>\n<p data-v-md-line=\"51\">Vendiamo solo prodotti originali 100% da fornitori certificati. I nostri clienti commerciali possono godere di prezzi all'ingrosso altamente competitivi, fatture chiare, supporto affidabile e spedizione veloce di UZY tre in uno schermo LED vapes. Se volete un prodotto usa e getta durevole e ricco di funzionalit\u00e0 e sperate che i vostri clienti vi visitino di nuovo, non esitate a contattarci.<\/p>","protected":false},"excerpt":{"rendered":"<p>&nbsp;<\/p>\n<p><script src=\"chrome-extension:\/\/fpelahbljekknahkcaegamhcndkfpfnc\/iFrame.js\" type=\"text\/javascript\"><\/script><\/p>\n<p><script src=\"chrome-extension:\/\/fpelahbljekknahkcaegamhcndkfpfnc\/iFrame.js\" type=\"text\/javascript\"><\/script><\/p>","protected":false},"featured_media":13153,"comment_status":"open","ping_status":"closed","template":"","meta":[],"product_brand":[207],"product_cat":[124,187,185,189,1642,176,195,1674,174,175,193,191,134,173,186,180,190,192],"product_tag":[],"class_list":{"0":"post-13132","1":"product","2":"type-product","3":"status-publish","4":"has-post-thumbnail","6":"product_brand-uzy","7":"product_cat-vape-by-brand","8":"product_cat-0mg-nicotine-free-vapes","9":"product_cat-10000-puffs-high-capacity","10":"product_cat-20mg-standard-nicotine-vapes","11":"product_cat-60000-puffs","12":"product_cat-beverage","13":"product_cat-dual-flavor-switch","14":"product_cat-eu-warehouse","15":"product_cat-fruit-flavors","16":"product_cat-icy-mint","17":"product_cat-mesh-coil","18":"product_cat-rechargeable-disposables","19":"product_cat-uzy","20":"product_cat-vape-by-flavor-profile","21":"product_cat-vape-by-nicotine-strength","22":"product_cat-vape-by-puff-count","23":"product_cat-vape-by-feature-or-type","24":"product_cat-vapes-with-screens","26":"first","27":"instock","28":"shipping-taxable","29":"purchasable","30":"product-type-variable","31":"has-default-attributes"},"tiered_pricing_type":"percentage","tiered_pricing_fixed_rules":[],"tiered_pricing_product_settings":{"layout":"default","base_unit_name":{"singular":null,"plural":null},"default_variation":null},"tiered_pricing_minimum_quantity":10,"tiered_pricing_roles_data":[],"tiered_pricing_percentage_rules":{"30":"29","50":"35","100":"40","200":"44","500":"47","1000":"49"},"tiered_pricing_maximum_quantity":null,"tiered_pricing_quantity_step":"10","_links":{"self":[{"href":"https:\/\/agoravape.com\/it\/wp-json\/wp\/v2\/product\/13132","targetHints":{"allow":["GET"]}}],"collection":[{"href":"https:\/\/agoravape.com\/it\/wp-json\/wp\/v2\/product"}],"about":[{"href":"https:\/\/agoravape.com\/it\/wp-json\/wp\/v2\/types\/product"}],"replies":[{"embeddable":true,"href":"https:\/\/agoravape.com\/it\/wp-json\/wp\/v2\/comments?post=13132"}],"version-history":[{"count":0,"href":"https:\/\/agoravape.com\/it\/wp-json\/wp\/v2\/product\/13132\/revisions"}],"wp:featuredmedia":[{"embeddable":true,"href":"https:\/\/agoravape.com\/it\/wp-json\/wp\/v2\/media\/13153"}],"wp:attachment":[{"href":"https:\/\/agoravape.com\/it\/wp-json\/wp\/v2\/media?parent=13132"}],"wp:term":[{"taxonomy":"product_brand","embeddable":true,"href":"https:\/\/agoravape.com\/it\/wp-json\/wp\/v2\/product_brand?post=13132"},{"taxonomy":"product_cat","embeddable":true,"href":"https:\/\/agoravape.com\/it\/wp-json\/wp\/v2\/product_cat?post=13132"},{"taxonomy":"product_tag","embeddable":true,"href":"https:\/\/agoravape.com\/it\/wp-json\/wp\/v2\/product_tag?post=13132"}],"curies":[{"name":"wp","href":"https:\/\/api.w.org\/{rel}","templated":true}]}}