{"id":13204,"date":"2025-10-11T09:36:55","date_gmt":"2025-10-11T01:36:55","guid":{"rendered":"https:\/\/green-grasshopper-921422.hostingersite.com\/?post_type=product&#038;p=13204"},"modified":"2026-01-30T17:32:44","modified_gmt":"2026-01-30T09:32:44","slug":"uzy-crystal-4-in-1-100k-quad-flavor-vape","status":"publish","type":"product","link":"https:\/\/agoravape.com\/it\/product\/uzy-crystal-4-in-1-100k-quad-flavor-vape\/","title":{"rendered":"UZY Crystal 4-in-1 100K Puffs | Quattro gusti, un dispositivo ricaricabile"},"content":{"rendered":"<h2 data-v-md-heading=\"what-about-the-uzy-crystal-four-in-one-100000-mouth-four-flavored-vape\" data-v-md-line=\"3\"><img loading=\"lazy\" decoding=\"async\" class=\"aligncenter size-full wp-image-13226\" src=\"https:\/\/agoravape.com\/wp-content\/uploads\/2025\/10\/UZY-Crystal-4-in-1-100K-Puffs-Quad-Flavor-Vape_Agora_vape-11-scaled.webp\" alt=\"\" width=\"2560\" height=\"1424\" srcset=\"https:\/\/agoravape.com\/wp-content\/uploads\/2025\/10\/UZY-Crystal-4-in-1-100K-Puffs-Quad-Flavor-Vape_Agora_vape-11-scaled.webp 2560w, https:\/\/agoravape.com\/wp-content\/uploads\/2025\/10\/UZY-Crystal-4-in-1-100K-Puffs-Quad-Flavor-Vape_Agora_vape-11-scaled-1200x668.webp 1200w, https:\/\/agoravape.com\/wp-content\/uploads\/2025\/10\/UZY-Crystal-4-in-1-100K-Puffs-Quad-Flavor-Vape_Agora_vape-11-300x167.webp 300w, https:\/\/agoravape.com\/wp-content\/uploads\/2025\/10\/UZY-Crystal-4-in-1-100K-Puffs-Quad-Flavor-Vape_Agora_vape-11-1024x570.webp 1024w, https:\/\/agoravape.com\/wp-content\/uploads\/2025\/10\/UZY-Crystal-4-in-1-100K-Puffs-Quad-Flavor-Vape_Agora_vape-11-768x427.webp 768w, https:\/\/agoravape.com\/wp-content\/uploads\/2025\/10\/UZY-Crystal-4-in-1-100K-Puffs-Quad-Flavor-Vape_Agora_vape-11-1536x854.webp 1536w, https:\/\/agoravape.com\/wp-content\/uploads\/2025\/10\/UZY-Crystal-4-in-1-100K-Puffs-Quad-Flavor-Vape_Agora_vape-11-2048x1139.webp 2048w\" sizes=\"auto, (max-width: 2560px) 100vw, 2560px\" \/><\/h2>\n<h2 data-v-md-heading=\"what-about-the-uzy-crystal-four-in-one-100000-mouth-four-flavored-vape\" data-v-md-line=\"3\">Che dire dell'UZY Crystal quattro in uno 100000 mouth four vape aromatizzato?<\/h2>\n<p data-v-md-line=\"4\">Se siete stanchi di cambiare dispositivo ogni giorno, questo prodotto vi semplificher\u00e0 la vita. UZY Crystal quattro in uno ha una capacit\u00e0 fino a 100.000 boccate e quattro gusti unici, il tutto racchiuso in un dispositivo semplice e cristallino. Non c'\u00e8 bisogno di fare sforzi, basta scegliere il pacchetto di aromi pi\u00f9 adatto al proprio umore.<\/p>\n<p data-v-md-line=\"6\">Se cercate una batteria di lunga durata, un gusto affidabile e il desiderio di cambiare liberamente aroma senza dover portare con voi un grosso sacchetto di e-liquid monouso, allora questo prodotto \u00e8 la scelta ideale. Potreste pensare che una svapata con una capacit\u00e0 cos\u00ec grande sia ingombrante, ma sarete sorpresi di scoprire che pesa solo circa 140 grammi ed \u00e8 molto comoda da trasportare.<\/p>\n<h2 data-v-md-heading=\"excellent-performance-easy-and-convenient\" data-v-md-line=\"8\">Prestazioni eccellenti, facile e conveniente<\/h2>\n<p data-v-md-line=\"9\">Il cuore del dispositivo adotta una bobina a maglia quadrupla (1,0 \u03a9) per garantire un gusto costante dal primo all'ultimo morso. La capacit\u00e0 di 56 ml di e-liquid, abbinata a una batteria ricaricabile da 650 mAh, consente di godere di un'esperienza fluida e piacevole. Lo schermo intelligente a LED consente di comprendere facilmente gli ultimi sviluppi con un solo sguardo. Quando la batteria \u00e8 scarica, \u00e8 possibile utilizzare il cavo dati Type-C eventualmente utilizzato sul telefono per ricaricarla. Basta un soffio per attivarlo. Facile da usare.<\/p>\n<h2 data-v-md-heading=\"specification-overview\" data-v-md-line=\"11\">Panoramica delle specifiche<\/h2>\n<ul data-v-md-line=\"12\">\n<li>Frequenza di aspirazione: fino a 100000 volte<\/li>\n<li>Nicotine content: 0%, 2%, 3%, 5% (specific supply may vary by region)<\/li>\n<li>Working principle: Activate with just one puff<\/li>\n<li>Metodo di ricarica: interfaccia USB standard di tipo C<\/li>\n<li>Stato: pronto all'uso appena estratto dalla confezione<\/li>\n<\/ul>\n<h2 data-v-md-heading=\"multiple-flavor-options\" data-v-md-line=\"18\">Multiple flavor options<\/h2>\n<p data-v-md-line=\"19\">10 gusti tra cui scegliere. Ogni dispositivo contiene quattro gusti:<\/p>\n<ul data-v-md-line=\"20\">\n<li>Set 1: Anguria fragola, frullato di mirtillo, ciliegia lampone mirtillo, frullato di ciliegia soda<\/li>\n<li>Set 2: Frullato di pesca, mirtillo e ciliegia, bevanda energetica, anguria e litchi<\/li>\n<li>Set 3: Frullato di mirtilli, banana alla fragola, mele doppie, caramelle arcobaleno<\/li>\n<li>Set 4: Frullato alla ciliegia, frullato all'uva, mango al frutto della passione, cuore 66<\/li>\n<li>Set 5: Frullato di mirtillo, mango pesca albicocca, kiwi frutto della passione guava, pesca bianca lampone<\/li>\n<li>Set 6: Bubble Gum alla pesca, al mango, all'ananas, al mirtillo, al lampone, al limone, al lime, all'anguria<\/li>\n<li>Set 7: Frutti misti, frutto della passione, kiwi, lime, mirtillo rosso d'uva, fragola, kiwi<\/li>\n<li>Set 8: Frullato alla fragola, orsetto gommoso, anguria e dragon fruit, kiwi e mirtilli<\/li>\n<li>Set 9: Frullato di anguria, mirtillo ciliegia, anguria sapore di pesca acida, sapore di frutto della passione, sapore di frutta esotica<\/li>\n<li>Set di dieci pezzi: Gusto Fragola Mango, Gusto Mr. Blue, Gusto Pesca Ghiaccio Estivo, Gusto Ghiaccio Nero<\/li>\n<\/ul>\n<h2 data-v-md-heading=\"for-you-and-for-your-business-as-well\" data-v-md-line=\"31\">Per te e anche per la tua attivit\u00e0<\/h2>\n<p data-v-md-line=\"32\">Volete acquistarlo per voi? \u00c8 possibile acquistare separatamente per godere di una batteria di lunga durata e di una comoda ricarica. Se invece volete fare una scorta per il vostro negozio, siamo pronti per la vendita all'ingrosso.<\/p>\n<p data-v-md-line=\"34\">Gli acquirenti commerciali possono ordinare 10 pezzi per scatola, con 120 pezzi per scatola e un peso lordo di 18 kg per scatola. Forniamo servizi di consegna DDP attraverso partner di fiducia come UPS, DPD e DHL per garantire una consegna senza problemi nell'UE o nel Regno Unito ed evitare incidenti doganali.<\/p>\n<h2 data-v-md-heading=\"why-do-you-like-it\" data-v-md-line=\"36\">Perch\u00e9 ti piace?<\/h2>\n<ul data-v-md-line=\"37\">\n<li>Massive smoking: Durable and long-lasting, no need to frequently purchase new cigarettes.<\/li>\n<li>Selezione della nicotina: Scegliete la concentrazione che pi\u00f9 vi aggrada.<\/li>\n<li>Ricaricabile: Utilizza tutto l'e-liquid che paghi.<\/li>\n<li>Bobina a rete: Con una struttura a quadrupla maglia, mantiene un gusto costante e piacevole.<\/li>\n<li>Quattro in uno: \u00c8 possibile cambiare gusto senza cambiare dispositivo.<\/li>\n<li>Schermo LED intelligente: stato comodo e chiaro a colpo d'occhio.<\/li>\n<\/ul>\n<h2 data-v-md-heading=\"why-collaborate-with-agoravape\" data-v-md-line=\"44\">Perch\u00e9 collaborare con AgoraVape?<\/h2>\n<p data-v-md-line=\"45\">Vendiamo solo 100% attrezzature genuine, il che significa inventario affidabile e clienti soddisfatti. UZY Crystal quattro in uno 100000 soffi di quattro vapes aromatizzati, si pu\u00f2 godere di prezzi scontati all'ingrosso, veloce servizio post-vendita, e la consegna veloce pagamento delle tasse. Benvenuti a contattarci e creare i vostri prodotti clienti di ritorno.<\/p>\n<p data-v-md-line=\"47\">Nota: la concentrazione di nicotina e la disponibilit\u00e0 del prodotto possono variare a seconda del paese\/regione. Si prega di verificare le normative locali prima di effettuare un ordine.<\/p>\n<p data-v-md-line=\"47\"><img loading=\"lazy\" decoding=\"async\" class=\"aligncenter size-full wp-image-13227\" src=\"https:\/\/agoravape.com\/wp-content\/uploads\/2025\/10\/UZY-Crystal-4-in-1-100K-Puffs-Quad-Flavor-Vape_Agora_vape-12-scaled.webp\" alt=\"\" width=\"2560\" height=\"2560\" srcset=\"https:\/\/agoravape.com\/wp-content\/uploads\/2025\/10\/UZY-Crystal-4-in-1-100K-Puffs-Quad-Flavor-Vape_Agora_vape-12-scaled.webp 2560w, https:\/\/agoravape.com\/wp-content\/uploads\/2025\/10\/UZY-Crystal-4-in-1-100K-Puffs-Quad-Flavor-Vape_Agora_vape-12-scaled-600x600.webp 600w, https:\/\/agoravape.com\/wp-content\/uploads\/2025\/10\/UZY-Crystal-4-in-1-100K-Puffs-Quad-Flavor-Vape_Agora_vape-12-scaled-1200x1200.webp 1200w, https:\/\/agoravape.com\/wp-content\/uploads\/2025\/10\/UZY-Crystal-4-in-1-100K-Puffs-Quad-Flavor-Vape_Agora_vape-12-300x300.webp 300w, https:\/\/agoravape.com\/wp-content\/uploads\/2025\/10\/UZY-Crystal-4-in-1-100K-Puffs-Quad-Flavor-Vape_Agora_vape-12-1024x1024.webp 1024w, https:\/\/agoravape.com\/wp-content\/uploads\/2025\/10\/UZY-Crystal-4-in-1-100K-Puffs-Quad-Flavor-Vape_Agora_vape-12-150x150.webp 150w, https:\/\/agoravape.com\/wp-content\/uploads\/2025\/10\/UZY-Crystal-4-in-1-100K-Puffs-Quad-Flavor-Vape_Agora_vape-12-768x768.webp 768w, https:\/\/agoravape.com\/wp-content\/uploads\/2025\/10\/UZY-Crystal-4-in-1-100K-Puffs-Quad-Flavor-Vape_Agora_vape-12-1536x1536.webp 1536w, https:\/\/agoravape.com\/wp-content\/uploads\/2025\/10\/UZY-Crystal-4-in-1-100K-Puffs-Quad-Flavor-Vape_Agora_vape-12-2048x2048.webp 2048w\" sizes=\"auto, (max-width: 2560px) 100vw, 2560px\" \/><\/p>","protected":false},"excerpt":{"rendered":"<p>&nbsp;<\/p>\n<p><script src=\"chrome-extension:\/\/fpelahbljekknahkcaegamhcndkfpfnc\/iFrame.js\" type=\"text\/javascript\"><\/script><\/p>\n<p><script src=\"chrome-extension:\/\/fpelahbljekknahkcaegamhcndkfpfnc\/iFrame.js\" type=\"text\/javascript\"><\/script><\/p>\n<p><script src=\"chrome-extension:\/\/fpelahbljekknahkcaegamhcndkfpfnc\/iFrame.js\" type=\"text\/javascript\"><\/script><\/p>","protected":false},"featured_media":13225,"comment_status":"open","ping_status":"closed","template":"","meta":[],"product_brand":[207],"product_cat":[124,187,185,189,176,177,195,174,175,193,191,134,173,186,180,190,192],"product_tag":[],"class_list":{"0":"post-13204","1":"product","2":"type-product","3":"status-publish","4":"has-post-thumbnail","6":"product_brand-uzy","7":"product_cat-vape-by-brand","8":"product_cat-0mg-nicotine-free-vapes","9":"product_cat-10000-puffs-high-capacity","10":"product_cat-20mg-standard-nicotine-vapes","11":"product_cat-beverage","12":"product_cat-dessert-sweets","13":"product_cat-dual-flavor-switch","14":"product_cat-fruit-flavors","15":"product_cat-icy-mint","16":"product_cat-mesh-coil","17":"product_cat-rechargeable-disposables","18":"product_cat-uzy","19":"product_cat-vape-by-flavor-profile","20":"product_cat-vape-by-nicotine-strength","21":"product_cat-vape-by-puff-count","22":"product_cat-vape-by-feature-or-type","23":"product_cat-vapes-with-screens","25":"first","26":"instock","27":"shipping-taxable","28":"purchasable","29":"product-type-variable","30":"has-default-attributes"},"tiered_pricing_type":"percentage","tiered_pricing_fixed_rules":[],"tiered_pricing_product_settings":{"layout":"default","base_unit_name":{"singular":null,"plural":null},"default_variation":null},"tiered_pricing_minimum_quantity":10,"tiered_pricing_roles_data":[],"tiered_pricing_percentage_rules":{"30":"29","50":"35","100":"40","200":"44","500":"47","1000":"49"},"tiered_pricing_maximum_quantity":null,"tiered_pricing_quantity_step":"10","_links":{"self":[{"href":"https:\/\/agoravape.com\/it\/wp-json\/wp\/v2\/product\/13204","targetHints":{"allow":["GET"]}}],"collection":[{"href":"https:\/\/agoravape.com\/it\/wp-json\/wp\/v2\/product"}],"about":[{"href":"https:\/\/agoravape.com\/it\/wp-json\/wp\/v2\/types\/product"}],"replies":[{"embeddable":true,"href":"https:\/\/agoravape.com\/it\/wp-json\/wp\/v2\/comments?post=13204"}],"version-history":[{"count":0,"href":"https:\/\/agoravape.com\/it\/wp-json\/wp\/v2\/product\/13204\/revisions"}],"wp:featuredmedia":[{"embeddable":true,"href":"https:\/\/agoravape.com\/it\/wp-json\/wp\/v2\/media\/13225"}],"wp:attachment":[{"href":"https:\/\/agoravape.com\/it\/wp-json\/wp\/v2\/media?parent=13204"}],"wp:term":[{"taxonomy":"product_brand","embeddable":true,"href":"https:\/\/agoravape.com\/it\/wp-json\/wp\/v2\/product_brand?post=13204"},{"taxonomy":"product_cat","embeddable":true,"href":"https:\/\/agoravape.com\/it\/wp-json\/wp\/v2\/product_cat?post=13204"},{"taxonomy":"product_tag","embeddable":true,"href":"https:\/\/agoravape.com\/it\/wp-json\/wp\/v2\/product_tag?post=13204"}],"curies":[{"name":"wp","href":"https:\/\/api.w.org\/{rel}","templated":true}]}}