{"id":13255,"date":"2025-10-11T10:37:01","date_gmt":"2025-10-11T02:37:01","guid":{"rendered":"https:\/\/green-grasshopper-921422.hostingersite.com\/?post_type=product&#038;p=13255"},"modified":"2026-02-14T17:17:14","modified_gmt":"2026-02-14T16:17:14","slug":"uzy-bang-digitale-15000-puff-schermo-intelligente-vape-sapore-di-lunga-durata-reso-facile","status":"publish","type":"product","link":"https:\/\/agoravape.com\/it\/product\/uzy-bang-digital-15000-puffs-smart-screen-vape-long-lasting-flavour-made-easy\/","title":{"rendered":"UZY Bang Digital 15000 Puffs Smart Screen Vape | Sapore duraturo reso semplice"},"content":{"rendered":"<h2 data-v-md-heading=\"what-about-the-uzy-bang-digital-15000-port-smart-screen-vape\" data-v-md-line=\"3\"><img loading=\"lazy\" decoding=\"async\" class=\"aligncenter size-full wp-image-13269\" src=\"https:\/\/agoravape.com\/wp-content\/uploads\/2025\/10\/UZY-Bang-Digital-15000-Puffs-Smart-Screen-Vape_Agora_vape-1.webp\" alt=\"\" width=\"1600\" height=\"1600\" srcset=\"https:\/\/agoravape.com\/wp-content\/uploads\/2025\/10\/UZY-Bang-Digital-15000-Puffs-Smart-Screen-Vape_Agora_vape-1.webp 1600w, https:\/\/agoravape.com\/wp-content\/uploads\/2025\/10\/UZY-Bang-Digital-15000-Puffs-Smart-Screen-Vape_Agora_vape-1-600x600.webp 600w, https:\/\/agoravape.com\/wp-content\/uploads\/2025\/10\/UZY-Bang-Digital-15000-Puffs-Smart-Screen-Vape_Agora_vape-1-1200x1200.webp 1200w, https:\/\/agoravape.com\/wp-content\/uploads\/2025\/10\/UZY-Bang-Digital-15000-Puffs-Smart-Screen-Vape_Agora_vape-1-300x300.webp 300w, https:\/\/agoravape.com\/wp-content\/uploads\/2025\/10\/UZY-Bang-Digital-15000-Puffs-Smart-Screen-Vape_Agora_vape-1-1024x1024.webp 1024w, https:\/\/agoravape.com\/wp-content\/uploads\/2025\/10\/UZY-Bang-Digital-15000-Puffs-Smart-Screen-Vape_Agora_vape-1-150x150.webp 150w, https:\/\/agoravape.com\/wp-content\/uploads\/2025\/10\/UZY-Bang-Digital-15000-Puffs-Smart-Screen-Vape_Agora_vape-1-768x768.webp 768w, https:\/\/agoravape.com\/wp-content\/uploads\/2025\/10\/UZY-Bang-Digital-15000-Puffs-Smart-Screen-Vape_Agora_vape-1-1536x1536.webp 1536w\" sizes=\"auto, (max-width: 1600px) 100vw, 1600px\" \/><\/h2>\n<h2 data-v-md-heading=\"what-about-the-uzy-bang-digital-15000-port-smart-screen-vape\" data-v-md-line=\"3\">Che dire del vape con schermo intelligente UZY Bang Digital 15000 porte?<\/h2>\n<p data-v-md-line=\"4\">Se siete stanchi dei vapers usa e getta che si esauriscono improvvisamente durante i giorni feriali, potreste dare un'occhiata a questo prodotto. UZY Bang Digital ha una capacit\u00e0 fino a 15000 porte ed \u00e8 dotato di uno schermo intelligente, che rende tutte le operazioni semplici e chiare. Questo dispositivo ricaricabile \u00e8 efficiente dal punto di vista energetico e non richiede un consumo di corrente, permettendovi di consumare veramente l'e-liquid che avete acquistato.<\/p>\n<p data-v-md-line=\"6\">Se si desidera una svapata affidabile e deliziosa senza menu o impostazioni complicate, questo prodotto \u00e8 la scelta ideale. Basta scegliere l'aroma e il contenuto di nicotina e poi si pu\u00f2 inalare. Si potrebbe pensare che avere cos\u00ec tante boccate di vapes possa sembrare ingombrante, ma l'esperienza quotidiana \u00e8 comunque semplice, comoda e conveniente.<\/p>\n<h2 data-v-md-heading=\"excellent-performance-easy-and-convenient\" data-v-md-line=\"8\">Prestazioni eccellenti, facile e conveniente<\/h2>\n<p data-v-md-line=\"9\">Il cuore di UZY Bang Digital \u00e8 un nucleo atomizzatore a rete, che rende ogni boccata pura come una prima boccata. Lo schermo intelligente consente di tenere traccia delle dinamiche durante il processo di aspirazione senza tirare a indovinare. Quando la batteria \u00e8 scarica, \u00e8 possibile utilizzare il cavo dati Type-C eventualmente utilizzato sul telefono per ricaricarla. Facile e conveniente.<\/p>\n<h2 data-v-md-heading=\"specification-overview\" data-v-md-line=\"11\">Panoramica delle specifiche<\/h2>\n<p data-v-md-line=\"12\"><strong>Numero di aspirazioni<\/strong>: fino a 15000 aspirazioni<br \/>\n<strong>Nicotina<\/strong>: 0%, 2%, 3%, 5% opzionale<br \/>\n<strong>Principio di funzionamento<\/strong>: Attiva con una sola boccata<br \/>\n<strong>Ricarica<\/strong>: Interfaccia USB standard di tipo C<br \/>\n<strong>Stato<\/strong>: Pronto all'uso appena tolto dalla scatola<br \/>\n<strong>Nucleo atomizzante<\/strong>: Nucleo di atomizzazione a maglia 1,1 \u03a9<br \/>\n<strong>capacit\u00e0 di e-liquid<\/strong>: 20 ml<br \/>\n*Attenzione: La concentrazione di nicotina pu\u00f2 variare a causa delle normative nazionali\/regionali.<\/p>\n<h2 data-v-md-heading=\"full-range-of-flavors\" data-v-md-line=\"21\">Full range of flavors<\/h2>\n<ul data-v-md-line=\"22\">\n<li>Strawberry watermelon<\/li>\n<li>Blueberry smoothie<\/li>\n<li>Pesca Mang Ananas<\/li>\n<li>frullato d'uva<\/li>\n<li>Watermelon smoothie<\/li>\n<li>Peach smoothie<\/li>\n<li>Kiwi alla fragola<\/li>\n<li>Mirtilli e lamponi<\/li>\n<li>Kiwi e frutto della passione<\/li>\n<li>Signor Blu<\/li>\n<li>Triplo frullato di mango<\/li>\n<li>Gelato Red Bull<\/li>\n<\/ul>\n<h2 data-v-md-heading=\"for-you-and-your-business\" data-v-md-line=\"35\">For you and your business<\/h2>\n<p data-v-md-line=\"36\">Puoi scegliere <a class=\"wpil_keyword_link\" title=\"UZY\" href=\"https:\/\/agoravape.com\/it\/svapare-per-marca\/uzy\/\" data-wpil-keyword-link=\"linked\" data-wpil-monitor-id=\"87\">UZY Bang Digital 15000<\/a> Vaporizzatori port smart screen per uso personale o acquisto per il tuo negozio. La confezione all'ingrosso \u00e8 composta da scatole di cartone da 10 pezzi e scatole di cartone da 200 pezzi. Forniamo servizi di consegna con dazi pagati (DDP) in tutta Europa attraverso partner di fiducia come UPS, DPD e DHL, garantendo che il tuo ordine venga consegnato al netto delle tasse ed evitando incidenti doganali.<\/p>\n<p data-v-md-line=\"38\">Se avete bisogno di sapori misti o di una guida per la conformit\u00e0 locale, il nostro team vi aiuter\u00e0 a creare una collezione best-seller.<\/p>\n<h2 data-v-md-heading=\"why-do-you-like-it\" data-v-md-line=\"40\">Perch\u00e9 ti piace?<\/h2>\n<p data-v-md-line=\"41\"><strong>Pi\u00f9 boccate:<\/strong>\u00a0Durevole e di lunga durata, non \u00e8 necessario sostituire frequentemente i vaporizzatori<br \/>\n<strong>Selezione della concentrazione di nicotina<\/strong>: Scegliete la concentrazione pi\u00f9 adatta alle vostre abitudini quotidiane<br \/>\n<strong>Ricaricabile<\/strong>: Utilizzare tutto l'e-liquid in una volta sola senza scartarlo<br \/>\n<strong>Mesh atomizer core:<\/strong>\u00a0mantiene il gusto costante dal primo all'ultimo morso<br \/>\n<strong>Schermo intelligente:<\/strong>\u00a0Schermo semplice, chiaro a colpo d'occhio<br \/>\n<strong>Type-C Charging:<\/strong>\u00a0Con un solo cavo dati, \u00e8 possibile collegare un vape e un telefono cellulare<\/p>\n<h2 data-v-md-heading=\"why-collaborate-with-agoravape\" data-v-md-line=\"48\">Perch\u00e9 collaborare con AgoraVape?<\/h2>\n<p data-v-md-line=\"49\">Vendiamo solo prodotti originali 100% e forniamo un servizio post-vendita completo. Per i clienti commerciali, questo significa che i vapes con schermo intelligente da 15000 puff di UZY Bang Digital hanno prezzi scontati all'ingrosso, capacit\u00e0 di fornitura stabile e servizi di consegna DDP veloci e affidabili. Contattateci per fare scorta ai vostri clienti e renderli clienti abituali.<\/p>","protected":false},"excerpt":{"rendered":"<p>Che ne dite di UZY Bang Digital 15000 port smart screen vape? Se siete stanchi dei vape usa e getta che improvvisamente<\/p>","protected":false},"featured_media":13278,"comment_status":"open","ping_status":"closed","template":"","meta":[],"product_brand":[207],"product_cat":[124,187,185,1635,189,176,1674,174,175,191,134,173,186,180,190,192],"product_tag":[],"class_list":{"0":"post-13255","1":"product","2":"type-product","3":"status-publish","4":"has-post-thumbnail","6":"product_brand-uzy","7":"product_cat-vape-by-brand","8":"product_cat-0mg-nicotine-free-vapes","9":"product_cat-10000-puffs-high-capacity","10":"product_cat-15000-puffs","11":"product_cat-20mg-standard-nicotine-vapes","12":"product_cat-beverage","13":"product_cat-eu-warehouse","14":"product_cat-fruit-flavors","15":"product_cat-icy-mint","16":"product_cat-rechargeable-disposables","17":"product_cat-uzy","18":"product_cat-vape-by-flavor-profile","19":"product_cat-vape-by-nicotine-strength","20":"product_cat-vape-by-puff-count","21":"product_cat-vape-by-feature-or-type","22":"product_cat-vapes-with-screens","24":"first","25":"instock","26":"shipping-taxable","27":"purchasable","28":"product-type-variable","29":"has-default-attributes"},"tiered_pricing_type":"percentage","tiered_pricing_fixed_rules":[],"tiered_pricing_product_settings":{"layout":"default","base_unit_name":{"singular":null,"plural":null},"default_variation":null},"tiered_pricing_minimum_quantity":10,"tiered_pricing_roles_data":[],"tiered_pricing_percentage_rules":{"30":"29","50":"35","100":"40","200":"44","500":"47","1000":"49"},"tiered_pricing_maximum_quantity":null,"tiered_pricing_quantity_step":"10","_links":{"self":[{"href":"https:\/\/agoravape.com\/it\/wp-json\/wp\/v2\/product\/13255","targetHints":{"allow":["GET"]}}],"collection":[{"href":"https:\/\/agoravape.com\/it\/wp-json\/wp\/v2\/product"}],"about":[{"href":"https:\/\/agoravape.com\/it\/wp-json\/wp\/v2\/types\/product"}],"replies":[{"embeddable":true,"href":"https:\/\/agoravape.com\/it\/wp-json\/wp\/v2\/comments?post=13255"}],"version-history":[{"count":0,"href":"https:\/\/agoravape.com\/it\/wp-json\/wp\/v2\/product\/13255\/revisions"}],"wp:featuredmedia":[{"embeddable":true,"href":"https:\/\/agoravape.com\/it\/wp-json\/wp\/v2\/media\/13278"}],"wp:attachment":[{"href":"https:\/\/agoravape.com\/it\/wp-json\/wp\/v2\/media?parent=13255"}],"wp:term":[{"taxonomy":"product_brand","embeddable":true,"href":"https:\/\/agoravape.com\/it\/wp-json\/wp\/v2\/product_brand?post=13255"},{"taxonomy":"product_cat","embeddable":true,"href":"https:\/\/agoravape.com\/it\/wp-json\/wp\/v2\/product_cat?post=13255"},{"taxonomy":"product_tag","embeddable":true,"href":"https:\/\/agoravape.com\/it\/wp-json\/wp\/v2\/product_tag?post=13255"}],"curies":[{"name":"wp","href":"https:\/\/api.w.org\/{rel}","templated":true}]}}