{"id":13280,"date":"2025-10-11T13:19:38","date_gmt":"2025-10-11T05:19:38","guid":{"rendered":"https:\/\/green-grasshopper-921422.hostingersite.com\/?post_type=product&#038;p=13280"},"modified":"2026-01-13T01:12:14","modified_gmt":"2026-01-12T17:12:14","slug":"sfog-vopk-trippa-60k-soffi-3-in-1-vape","status":"publish","type":"product","link":"https:\/\/agoravape.com\/it\/product\/sfog-vopk-tripe-60k-puffs-3-in-1-vape\/","title":{"rendered":"SFOG VOPK Tripe 60K Puffs 3-in-1 Flavor Vape | Tripli gusti, facile commutazione, uso duraturo"},"content":{"rendered":"<h2 data-v-md-heading=\"what-is-the-charm-of-using-sfog-vopk-tripe-60k-three-in-one-vape\" data-v-md-line=\"3\"><img loading=\"lazy\" decoding=\"async\" class=\"aligncenter size-full wp-image-13304\" src=\"https:\/\/agoravape.com\/wp-content\/uploads\/2025\/10\/SFOG-VOPK-Tripe-60K-Puffs-3-in-1-Flavor-Vape_Agora_vape-11-scaled.webp\" alt=\"\" width=\"2560\" height=\"1707\" srcset=\"https:\/\/agoravape.com\/wp-content\/uploads\/2025\/10\/SFOG-VOPK-Tripe-60K-Puffs-3-in-1-Flavor-Vape_Agora_vape-11-scaled.webp 2560w, https:\/\/agoravape.com\/wp-content\/uploads\/2025\/10\/SFOG-VOPK-Tripe-60K-Puffs-3-in-1-Flavor-Vape_Agora_vape-11-scaled-1200x800.webp 1200w, https:\/\/agoravape.com\/wp-content\/uploads\/2025\/10\/SFOG-VOPK-Tripe-60K-Puffs-3-in-1-Flavor-Vape_Agora_vape-11-300x200.webp 300w, https:\/\/agoravape.com\/wp-content\/uploads\/2025\/10\/SFOG-VOPK-Tripe-60K-Puffs-3-in-1-Flavor-Vape_Agora_vape-11-1024x683.webp 1024w, https:\/\/agoravape.com\/wp-content\/uploads\/2025\/10\/SFOG-VOPK-Tripe-60K-Puffs-3-in-1-Flavor-Vape_Agora_vape-11-768x512.webp 768w, https:\/\/agoravape.com\/wp-content\/uploads\/2025\/10\/SFOG-VOPK-Tripe-60K-Puffs-3-in-1-Flavor-Vape_Agora_vape-11-1536x1024.webp 1536w, https:\/\/agoravape.com\/wp-content\/uploads\/2025\/10\/SFOG-VOPK-Tripe-60K-Puffs-3-in-1-Flavor-Vape_Agora_vape-11-2048x1365.webp 2048w\" sizes=\"auto, (max-width: 2560px) 100vw, 2560px\" \/><\/h2>\n<h2 data-v-md-heading=\"what-is-the-charm-of-using-sfog-vopk-tripe-60k-three-in-one-vape\" data-v-md-line=\"3\">Qual \u00e8 il fascino dell'utilizzo di SFOG VOPK Tripe 60K tre in uno?<\/h2>\n<p data-v-md-line=\"4\">Se siete stanchi dei vapes usa e getta, che si esauriscono rapidamente, o vi sentite annoiati dopo un giorno di utilizzo, allora questo prodotto cambier\u00e0 tutto. SFOG VOPK Tripe pu\u00f2 contenere fino a 60000 boccate in un unico dispositivo e offre tre diversi sapori. \u00c8 possibile cambiare aroma in qualsiasi momento senza dover cambiare cartuccia o portare con s\u00e9 cartucce di ricambio.<\/p>\n<p data-v-md-line=\"6\">Se desiderate una svapata affidabile, deliziosa e priva di preoccupazioni, questa \u00e8 la scelta ideale. Che si tratti di pendolari, appassionati di festival musicali o amanti dei turni di notte, chiunque cerchi una batteria di lunga durata, facilit\u00e0 d'uso e una variet\u00e0 di opzioni in tasca pu\u00f2 sceglierla. Potreste pensare che un dispositivo da 60000 boccate sia complicato, ma Tripe lo rende facile e conveniente sollevando e ruotando rapidamente l'interruttore del sapore.<\/p>\n<h2 data-v-md-heading=\"excellent-performance-easy-and-convenient\" data-v-md-line=\"8\">Prestazioni eccellenti, facile e conveniente<\/h2>\n<p data-v-md-line=\"9\">Tre bobine a maglia da 0,9 \u03a9 sono utilizzate insieme a un atomizzatore indipendente per mantenere la purezza e la forza di ogni aroma. Questa struttura a rete rende ogni aspirazione deliziosa come il primo assaggio. Il doppio display pu\u00f2 mostrare il livello della batteria e la quantit\u00e0 di e-liquid per ogni aroma, consentendo di conoscere il livello attuale della batteria in qualsiasi momento. Quando la batteria \u00e8 scarica, \u00e8 possibile utilizzare il cavo dati standard Type-C che si possiede gi\u00e0 per ricaricarla. \u00c8 semplice.<\/p>\n<h2 data-v-md-heading=\"specification-overview\" data-v-md-line=\"11\">Panoramica delle specifiche<\/h2>\n<ul data-v-md-line=\"12\">\n<li>Frequenza di aspirazione: fino a 60000 volte<\/li>\n<li>Nicotina: Le opzioni variano a seconda della regione; verificare le concentrazioni disponibili al momento del pagamento o consultare il nostro team.<\/li>\n<li>Principio di funzionamento: Attivato tramite inalazione<\/li>\n<li>Charging: Standard Type-C USB interface<\/li>\n<li>Stato: pronto all'uso appena estratto dalla confezione<\/li>\n<\/ul>\n<p data-v-md-line=\"18\">Altri dettagli:<\/p>\n<ul data-v-md-line=\"19\">\n<li>Capacit\u00e0 e-liquid: 54 millilitri in totale<\/li>\n<li>Batteria: batteria ricaricabile da 650 mAh<\/li>\n<li>Bobina: 0,9 \u03a9\u00d7 3 spire di rete<\/li>\n<li>Commutazione del gusto: sollevare e ruotare il selettore<\/li>\n<li>Schermo: visualizzazione a doppio schermo del livello della batteria e del livello del serbatoio del carburante indipendente<\/li>\n<\/ul>\n<h2 data-v-md-heading=\"full-range-of-flavors\" data-v-md-line=\"25\">Full range of flavors<\/h2>\n<p data-v-md-line=\"26\">Ogni opzione contiene tre gusti:<\/p>\n<ul data-v-md-line=\"27\">\n<li>Gelato all'anguria\/gelato al triplo melone\/gelato alla fragola<\/li>\n<li>Fragola, banana, lampone, anguria, ananas, cocco...<\/li>\n<li>Bacca di pesca\/bluberry ice\/pesca d'acqua e mango<\/li>\n<li>Ananas acida\/Red Bull Fragola\/ Ribes nero ghiacciato<\/li>\n<li>Kiwi Frutto della Passione\/Ciliegia Fragola\/Amore 66<\/li>\n<li>Doppia mela ghiacciata\/frutta tropicale\/fragola anguria bubblegum<\/li>\n<li>Ghiaccio all'uva\/ Kiwi alla fragola\/ Red Bull al cocomero<\/li>\n<li>Anguria fragola\/ lampone mirtillo\/ limone lime<\/li>\n<li>Ananas alla banana\/Red Bull Ice\/Mango alla fragola<\/li>\n<li>Gomme all'orsetto\/ cola alla fragola e vaniglia\/ marshmallow al mirtillo<\/li>\n<\/ul>\n<h2 data-v-md-heading=\"for-you-and-for-your-business-as-well\" data-v-md-line=\"38\">Per te e anche per la tua attivit\u00e0<\/h2>\n<p data-v-md-line=\"39\">\u00c8 possibile acquistare un articolo separato per uso personale o fare scorta per il proprio negozio. Ogni scatola all'ingrosso contiene 10 pezzi. Ogni scatola contiene 160 pezzi, con un peso lordo di 21 chilogrammi e una dimensione del cartone di 508 \u00d7 413 \u00d7 273 millimetri. In questo modo la pianificazione dello spazio sugli scaffali e il trasporto sono pi\u00f9 comodi.<\/p>\n<p data-v-md-line=\"41\">Forniamo servizi DDP dopo il pagamento delle tasse attraverso partner fidati come UPS, DPD e DHL e possiamo spedire in tutta Europa. Potrete usufruire di consegne rapide ed evitare incidenti doganali.<\/p>\n<h2 data-v-md-heading=\"why-do-you-like-it\" data-v-md-line=\"43\">Perch\u00e9 ti piace?<\/h2>\n<ul data-v-md-line=\"44\">\n<li>Capacit\u00e0 ultra grande: fino a 60.000 di capacit\u00e0 significa meno tempi di ricarica e meno visite al negozio.<\/li>\n<li>Tre gusti da scegliere liberamente: \u00c8 possibile cambiare sapore in pochi secondi, in modo da non sentire la stanchezza del gusto.<\/li>\n<li>Comodo design ricaricabile: La ricarica Type-C consente di finire ogni goccia di e-liquid.<\/li>\n<li>La consistenza della spirale: dal primo all'ultimo morso, \u00e8 in grado di garantire un'aspirazione omogenea e un gusto stabile.<\/li>\n<\/ul>\n<h2 data-v-md-heading=\"why-choose-agoravape\" data-v-md-line=\"49\">Perch\u00e9 scegliere AgoraVape?<\/h2>\n<p data-v-md-line=\"50\">Acquistiamo prodotti originali 100% e forniamo garanzie per essi. Gli acquirenti aziendali che acquistano SFOG VOPK Tripe 60K capacit\u00e0 tre in uno vapes possono godere di prezzi scontati all'ingrosso, supporto clienti reattivo, e servizi di consegna veloce e affidabile UE. Contattateci per sapere come creare un dispositivo che valga la pena di riacquistare per i vostri clienti.<\/p>","protected":false},"excerpt":{"rendered":"<p>&nbsp;<\/p>\n<p><script src=\"chrome-extension:\/\/fpelahbljekknahkcaegamhcndkfpfnc\/iFrame.js\" type=\"text\/javascript\"><\/script><\/p>\n<p><script src=\"chrome-extension:\/\/fpelahbljekknahkcaegamhcndkfpfnc\/iFrame.js\" type=\"text\/javascript\"><\/script><\/p>\n<p><script src=\"chrome-extension:\/\/fpelahbljekknahkcaegamhcndkfpfnc\/iFrame.js\" type=\"text\/javascript\"><\/script><\/p>\n<p><script src=\"chrome-extension:\/\/fpelahbljekknahkcaegamhcndkfpfnc\/iFrame.js\" type=\"text\/javascript\"><\/script><\/p>","protected":false},"featured_media":13294,"comment_status":"open","ping_status":"closed","template":"","meta":[],"product_brand":[208],"product_cat":[124,185,189,1642,176,177,195,174,175,193,191,135,173,186,180,190,192],"product_tag":[],"class_list":{"0":"post-13280","1":"product","2":"type-product","3":"status-publish","4":"has-post-thumbnail","6":"product_brand-sfog","7":"product_cat-vape-by-brand","8":"product_cat-10000-puffs-high-capacity","9":"product_cat-20mg-standard-nicotine-vapes","10":"product_cat-60000-puffs","11":"product_cat-beverage","12":"product_cat-dessert-sweets","13":"product_cat-dual-flavor-switch","14":"product_cat-fruit-flavors","15":"product_cat-icy-mint","16":"product_cat-mesh-coil","17":"product_cat-rechargeable-disposables","18":"product_cat-sfog","19":"product_cat-vape-by-flavor-profile","20":"product_cat-vape-by-nicotine-strength","21":"product_cat-vape-by-puff-count","22":"product_cat-vape-by-feature-or-type","23":"product_cat-vapes-with-screens","25":"first","26":"instock","27":"shipping-taxable","28":"purchasable","29":"product-type-variable","30":"has-default-attributes"},"tiered_pricing_type":"percentage","tiered_pricing_fixed_rules":[],"tiered_pricing_product_settings":{"layout":"default","base_unit_name":{"singular":null,"plural":null},"default_variation":null},"tiered_pricing_minimum_quantity":10,"tiered_pricing_roles_data":[],"tiered_pricing_percentage_rules":{"30":"29","50":"35","100":"40","200":"44","500":"47","1000":"49"},"tiered_pricing_maximum_quantity":null,"tiered_pricing_quantity_step":"10","_links":{"self":[{"href":"https:\/\/agoravape.com\/it\/wp-json\/wp\/v2\/product\/13280","targetHints":{"allow":["GET"]}}],"collection":[{"href":"https:\/\/agoravape.com\/it\/wp-json\/wp\/v2\/product"}],"about":[{"href":"https:\/\/agoravape.com\/it\/wp-json\/wp\/v2\/types\/product"}],"replies":[{"embeddable":true,"href":"https:\/\/agoravape.com\/it\/wp-json\/wp\/v2\/comments?post=13280"}],"version-history":[{"count":0,"href":"https:\/\/agoravape.com\/it\/wp-json\/wp\/v2\/product\/13280\/revisions"}],"wp:featuredmedia":[{"embeddable":true,"href":"https:\/\/agoravape.com\/it\/wp-json\/wp\/v2\/media\/13294"}],"wp:attachment":[{"href":"https:\/\/agoravape.com\/it\/wp-json\/wp\/v2\/media?parent=13280"}],"wp:term":[{"taxonomy":"product_brand","embeddable":true,"href":"https:\/\/agoravape.com\/it\/wp-json\/wp\/v2\/product_brand?post=13280"},{"taxonomy":"product_cat","embeddable":true,"href":"https:\/\/agoravape.com\/it\/wp-json\/wp\/v2\/product_cat?post=13280"},{"taxonomy":"product_tag","embeddable":true,"href":"https:\/\/agoravape.com\/it\/wp-json\/wp\/v2\/product_tag?post=13280"}],"curies":[{"name":"wp","href":"https:\/\/api.w.org\/{rel}","templated":true}]}}