{"id":13317,"date":"2025-10-11T14:46:10","date_gmt":"2025-10-11T06:46:10","guid":{"rendered":"https:\/\/green-grasshopper-921422.hostingersite.com\/?post_type=product&#038;p=13317"},"modified":"2025-12-15T21:31:08","modified_gmt":"2025-12-15T13:31:08","slug":"sfog-gazzbar-triplo-60k-soffi-vape","status":"publish","type":"product","link":"https:\/\/agoravape.com\/it\/product\/sfog-gazzbar-triple-60k-puffs-vape\/","title":{"rendered":"SFOG Gazzbar Triple 60K Puffs 3-in-1 Vape usa e getta - Tripli gusti, ricarica semplice"},"content":{"rendered":"<h2 data-v-md-heading=\"what-is-the-charm-of-sfog-gazzbar-triple-60k-disposable-vape\" data-v-md-line=\"3\">Qual \u00e8 il fascino del vapore monouso SFOG Gazzbar Triple 60K?<\/h2>\n<p data-v-md-line=\"4\">Se desiderate una svapata monouso fresca e duratura, questo prodotto \u00e8 la scelta ideale. Gazzbar Triple combina tre aromi in uno, consentendo di cambiare in qualsiasi momento della giornata senza dover portare con s\u00e9 pi\u00f9 vapes. Questa svapata \u00e8 facile da usare e non richiede alcuno sforzo, progettata per consentirvi di godere del divertimento offerto dalla svapata dalla mattina alla sera.<\/p>\n<p data-v-md-line=\"6\">Si potrebbe pensare che possedere cos\u00ec tanti vapes sia complicato, ma non \u00e8 cos\u00ec. Lo schermo visualizza il livello della batteria e quello dell'e-liquid e pu\u00f2 essere ricaricato tramite l'interfaccia Type-C. \u00c8 sufficiente sollevare e ruotare per cambiare aroma. Non \u00e8 necessario alcun menu, \u00e8 facile iniziare.<\/p>\n<h2 data-v-md-heading=\"excellent-performance-and-easy-operation\" data-v-md-line=\"8\">Prestazioni eccellenti e facilit\u00e0 d'uso<\/h2>\n<p data-v-md-line=\"9\">La bobina di rete si trova al centro, contribuendo a mantenere un gusto costante. Non si verificher\u00e0 il punto critico in cui ci si sente benissimo dopo pochi morsi e poi si perde completamente l'interesse. Quando la batteria \u00e8 scarica, \u00e8 possibile collegare direttamente il cavo dati Type-C comunemente utilizzato sul telefono. \u00c8 semplice.<\/p>\n<h2 data-v-md-heading=\"specification-overview\" data-v-md-line=\"11\">Panoramica delle specifiche<\/h2>\n<p data-v-md-line=\"12\"><strong>Numero di aspirazioni<\/strong>Fino a 60000 aspirazioni<br \/>\n<strong>Nicotine content<\/strong>2% (20mg\/mL), la fornitura specifica pu\u00f2 variare a seconda del mercato.<br \/>\n<strong>Principio di funzionamento<\/strong>: Basta inalare per utilizzarlo<br \/>\n<strong>Ricarica<\/strong>: Interfaccia USB standard di tipo C<br \/>\n<strong>Stato<\/strong>: Pronto all'uso dopo averlo disimballato<br \/>\n<strong>capacit\u00e0 di e-liquid<\/strong>: Un totale di 60 millilitri<br \/>\n<strong>Batteria<\/strong>Batteria ricaricabile da 650 mAh<br \/>\n<strong>Nucleo atomizzante<\/strong>: 1,0 \u03a9\u00d7 3 fori di maglia<br \/>\n<strong>Schermo di visualizzazione<\/strong>: Indicatore luminoso della batteria e dell'e-liquid a LED<br \/>\n<strong>Funzione 3 in 1<\/strong>: Sollevare e ruotare per passare da un gusto all'altro.<\/p>\n<h2 data-v-md-heading=\"complete-flavor-lineup\" data-v-md-line=\"23\">Gamma completa di gusti<\/h2>\n<ul data-v-md-line=\"24\">\n<li>Ghiaccio all'anguria, Red Bull, kiwi alla fragola<\/li>\n<li>Gelato al limone, al lime, alla fragola, all'anguria, al blu<\/li>\n<li>Banana fragola, lampone, anguria, limone e lime<\/li>\n<li>Kiwi alla fragola con ananas al mango acido con Red Bull<\/li>\n<li>Frutti tropicali abbinati a fragole, cocomeri e pesche al limone<\/li>\n<li>Cocco all'ananas con fragola, banana con succo di mirtillo<\/li>\n<li>Fragole e lamponi abbinati al triplo melone dolce e al mango e all'ananas aspri.<\/li>\n<li>Anguria al lampone con pesca al mango con kiwi alla fragola<\/li>\n<li>Cola alla fragola e vaniglia con mirtilli Lampone con limone e lime<\/li>\n<li>Ghiaccio all'anguria con gelato alla fragola e triplo melone dolce<\/li>\n<\/ul>\n<h2 data-v-md-heading=\"for-you-and-your-business\" data-v-md-line=\"35\">For you and your business<\/h2>\n<p data-v-md-line=\"36\">Potete ritirare la merce separatamente per uso personale. Se gestite un negozio, possiamo aiutarvi a rifornirvi di prodotti sfusi tramite UPS, DPD e DHL utilizzando la spedizione DDP con pagamento delle tasse, per evitare spese doganali impreviste quando entrate. Il numero di scatole di imballaggio pu\u00f2 variare a seconda del lotto e del mercato. Si prega di consultare le dimensioni attuali dei cartoni e il prezzo all'ingrosso.<\/p>\n<p data-v-md-line=\"38\">Avviso per gli acquirenti europei. La capacit\u00e0 nominale \u00e8 di 60 millilitri, con un contenuto di nicotina di 2%, che non \u00e8 conforme alle restrizioni dell'UE TPD\/TRRP sui vapes monouso contenenti nicotina. Questi vapes monouso hanno un limite di capacit\u00e0 di 2 millilitri e un limite di contenuto di nicotina di 20 milligrammi per millilitro. La disponibilit\u00e0 di versioni con nicotina pu\u00f2 variare a seconda del Paese\/regione. Se avete bisogno di prodotti da svapo che soddisfino gli standard TPD, contattateci e vi consiglieremo prodotti alternativi che soddisfino gli standard.<\/p>\n<h2 data-v-md-heading=\"why-do-you-like-it\" data-v-md-line=\"40\">Perch\u00e9 ti piace?<\/h2>\n<p data-v-md-line=\"41\"><strong>Cicli di aspirazione multipli:<\/strong>\u00a0Durata della batteria pi\u00f9 lunga, senza necessit\u00e0 di sostituirla ogni pochi giorni.<br \/>\n<strong>Tre gusti:<\/strong>\u00a0Cambiate gusto in qualsiasi momento senza dover portare con voi altri dispositivi.<br \/>\n<strong>Batteria ricaricabile:<\/strong>\u00a0\u00c8 possibile utilizzare l'e-liquid acquistato senza dover buttare via il dispositivo usato a met\u00e0.<br \/>\n<strong>Mesh coil:<\/strong>\u00a0Mantenere sempre un gusto costante.<br \/>\n<strong>Indicatore dello schermo:<\/strong>\u00a0\u00c8 possibile visualizzare facilmente i livelli di batteria e di e-liquid rimanenti in un colpo d'occhio.<\/p>\n<h2 data-v-md-heading=\"why-collaborate-with-agoravape\" data-v-md-line=\"47\">Perch\u00e9 collaborare con AgoraVape?<\/h2>\n<p data-v-md-line=\"48\">Vendiamo solo prodotti originali con specifiche trasparenti. Se siete un'azienda, vi forniremo prezzi all'ingrosso altamente competitivi, un supporto di risposta rapido e servizi di consegna DDP veloci e affidabili in tutta Europa. Contattateci per ordinare SFOG Gazzbar Triple 60K Puffs tre in un vape usa e getta, oppure consultateci per trovare alternative conformi alla TPD adatte al vostro mercato.<\/p>","protected":false},"excerpt":{"rendered":"<p>&nbsp;<\/p>\n<p><script src=\"chrome-extension:\/\/fpelahbljekknahkcaegamhcndkfpfnc\/iFrame.js\" type=\"text\/javascript\"><\/script><\/p>\n<p><script src=\"chrome-extension:\/\/fpelahbljekknahkcaegamhcndkfpfnc\/iFrame.js\" type=\"text\/javascript\"><\/script><\/p>\n<p><script src=\"chrome-extension:\/\/fpelahbljekknahkcaegamhcndkfpfnc\/iFrame.js\" type=\"text\/javascript\"><\/script><\/p>\n<p><script src=\"chrome-extension:\/\/fpelahbljekknahkcaegamhcndkfpfnc\/iFrame.js\" type=\"text\/javascript\"><\/script><\/p>","protected":false},"featured_media":13338,"comment_status":"open","ping_status":"closed","template":"","meta":[],"product_brand":[208],"product_cat":[124,185,189,176,195,174,175,193,191,135,173,186,180,190],"product_tag":[],"class_list":{"0":"post-13317","1":"product","2":"type-product","3":"status-publish","4":"has-post-thumbnail","6":"product_brand-sfog","7":"product_cat-vape-by-brand","8":"product_cat-10000-puffs-high-capacity","9":"product_cat-20mg-standard-nicotine-vapes","10":"product_cat-beverage","11":"product_cat-dual-flavor-switch","12":"product_cat-fruit-flavors","13":"product_cat-icy-mint","14":"product_cat-mesh-coil","15":"product_cat-rechargeable-disposables","16":"product_cat-sfog","17":"product_cat-vape-by-flavor-profile","18":"product_cat-vape-by-nicotine-strength","19":"product_cat-vape-by-puff-count","20":"product_cat-vape-by-feature-or-type","22":"first","23":"instock","24":"shipping-taxable","25":"purchasable","26":"product-type-variable","27":"has-default-attributes"},"tiered_pricing_type":"percentage","tiered_pricing_fixed_rules":[],"tiered_pricing_product_settings":{"layout":"default","base_unit_name":{"singular":null,"plural":null},"default_variation":null},"tiered_pricing_minimum_quantity":10,"tiered_pricing_roles_data":[],"tiered_pricing_percentage_rules":{"30":"29","50":"35","100":"40","200":"44","500":"47","1000":"49"},"tiered_pricing_maximum_quantity":null,"tiered_pricing_quantity_step":"10","_links":{"self":[{"href":"https:\/\/agoravape.com\/it\/wp-json\/wp\/v2\/product\/13317","targetHints":{"allow":["GET"]}}],"collection":[{"href":"https:\/\/agoravape.com\/it\/wp-json\/wp\/v2\/product"}],"about":[{"href":"https:\/\/agoravape.com\/it\/wp-json\/wp\/v2\/types\/product"}],"replies":[{"embeddable":true,"href":"https:\/\/agoravape.com\/it\/wp-json\/wp\/v2\/comments?post=13317"}],"version-history":[{"count":0,"href":"https:\/\/agoravape.com\/it\/wp-json\/wp\/v2\/product\/13317\/revisions"}],"wp:featuredmedia":[{"embeddable":true,"href":"https:\/\/agoravape.com\/it\/wp-json\/wp\/v2\/media\/13338"}],"wp:attachment":[{"href":"https:\/\/agoravape.com\/it\/wp-json\/wp\/v2\/media?parent=13317"}],"wp:term":[{"taxonomy":"product_brand","embeddable":true,"href":"https:\/\/agoravape.com\/it\/wp-json\/wp\/v2\/product_brand?post=13317"},{"taxonomy":"product_cat","embeddable":true,"href":"https:\/\/agoravape.com\/it\/wp-json\/wp\/v2\/product_cat?post=13317"},{"taxonomy":"product_tag","embeddable":true,"href":"https:\/\/agoravape.com\/it\/wp-json\/wp\/v2\/product_tag?post=13317"}],"curies":[{"name":"wp","href":"https:\/\/api.w.org\/{rel}","templated":true}]}}