{"id":13355,"date":"2025-10-11T15:06:44","date_gmt":"2025-10-11T07:06:44","guid":{"rendered":"https:\/\/green-grasshopper-921422.hostingersite.com\/?post_type=product&#038;p=13355"},"modified":"2026-01-13T01:10:28","modified_gmt":"2026-01-12T17:10:28","slug":"sfog-gazzbar-ice-god-50k-boccate-vape","status":"publish","type":"product","link":"https:\/\/agoravape.com\/it\/product\/sfog-gazzbar-ice-god-50k-puffs-vape\/","title":{"rendered":"SFOG Gazzbar Ice God 50K Puffs Adjustable Ice Vape - Raffreddamento personalizzato con grande potenza di mantenimento"},"content":{"rendered":"<h2 data-v-md-heading=\"what-is-the-sfog-gazzbar-ice-god-50k-suction-adjustable-ice-atomizer-like\" data-v-md-line=\"3\">Com'\u00e8 il nebulizzatore di ghiaccio regolabile ad aspirazione SFOG Gazzbar Ice God 50K?<\/h2>\n<p data-v-md-line=\"4\">Se siete stanchi di e-liquid usa e getta consumati a met\u00e0 settimana, allora questo prodotto vale sicuramente la pena di essere acquistato. SFOG Gazzbar Ice God \u00e8 progettato per un uso prolungato, con una capacit\u00e0 di aspirazione massima di 50000 puff. Il semplice design \u201caspira e risucchia\u201d rende tutto facile e conveniente.<\/p>\n<p data-v-md-line=\"6\">\u00c8 adatto a tutti coloro che desiderano un gusto stabile e un controllo preciso del ghiaccio. \u00c8 possibile regolare il grado di ghiaccio attraverso cinque livelli di \u201cgrado di ghiaccio\u201d, dalla leggera brezza alle ondate di freddo, tutto \u00e8 disponibile. Non c'\u00e8 bisogno di menu, n\u00e9 di operazioni noiose. Basta impostare in base alle proprie preferenze e godersi il piacere.<\/p>\n<h2 data-v-md-heading=\"excellent-performance-easy-and-convenient\" data-v-md-line=\"8\">Prestazioni eccellenti, facile e conveniente<\/h2>\n<p data-v-md-line=\"9\">La bobina a tripla maglia assicura un gusto costante dal primo all'ultimo morso. La coil a rete si riscalda in modo uniforme, con un gusto puro e piacevole. Quando la batteria \u00e8 scarica, \u00e8 sufficiente collegare il cavo dati Type-C e utilizzare il cavo di ricarica del telefono per ricaricare. Semplice e veloce, non \u00e8 necessario cercare un caricatore dedicato.<\/p>\n<h2 data-v-md-heading=\"specification-introduction\" data-v-md-line=\"11\">Introduzione alle specifiche<\/h2>\n<ul data-v-md-line=\"12\">\n<li>Suction frequency: up to 50000 times<\/li>\n<li>Concentrazione di nicotina: 5% (la fornitura pu\u00f2 variare in diversi paesi\/regioni per rispettare le normative locali)<\/li>\n<li>Principio di funzionamento: Attivato tramite inalazione<\/li>\n<li>Ricarica: Porta USB Type-C, ricaricabile<\/li>\n<li>E-liquid capacity: 30 milliliters<\/li>\n<li>Batteria: 850 mAh<\/li>\n<li>Nucleo di atomizzazione: Griglia tripla 1.0 \u03a9<\/li>\n<li>Controllo del raffreddamento: Punto di congelamento regolabile su cinque livelli\u201c<\/li>\n<li>Materiale: Lega e PCTG<\/li>\n<li>Stato: pronto all'uso dopo l'unboxing<\/li>\n<\/ul>\n<h2 data-v-md-heading=\"for-you-and-your-business\" data-v-md-line=\"23\">For you and your business<\/h2>\n<p data-v-md-line=\"24\">\u00c8 possibile scegliere SFOG Gazzbar Ice God 50K per uso personale o memorizzare nel vostro negozio. Forniamo prodotti autentici e supportiamo gli ordini all'ingrosso, offrendo opzioni in scatola trasparente. Siete invitati a informarvi sulle dimensioni e sui prezzi attuali dei pacchetti di sigarette.<\/p>\n<p data-v-md-line=\"26\">Forniamo servizi di consegna DDP in Europa tramite UPS, DPD e DHL, in modo che le tariffe possano essere elaborate in anticipo per evitare qualsiasi imprevisto alla dogana. La spedizione rapida e la tracciabilit\u00e0 precisa garantiscono il completamento dell'ordine senza intoppi.<\/p>\n<h2 data-v-md-heading=\"why-do-you-like-it\" data-v-md-line=\"28\">Perch\u00e9 ti piace?<\/h2>\n<ul data-v-md-line=\"29\">\n<li>Grande capacit\u00e0 di aspirazione: maggiore tempo di aspirazione, quindi minore frequenza di acquisto.<\/li>\n<li>Cubetti di ghiaccio regolabili: possono essere regolati con precisione da leggermente freddi a rinfrescanti.<\/li>\n<li>Ricaricabile: Utilizza tutto l'e-liquid che hai pagato.<\/li>\n<li>Nucleo atomizzatore a rete: Ogni aspirazione produce una texture liscia e omogenea.<\/li>\n<li>Grande capacit\u00e0: 30 millilitri, resistente e di lunga durata.<\/li>\n<li>Interfaccia Type-C, ricarica comoda: facile da caricare con i cavi di uso quotidiano.<\/li>\n<\/ul>\n<h2 data-v-md-heading=\"why-collaborate-with-agoravape\" data-v-md-line=\"36\">Perch\u00e9 collaborare con AgoraVape?<\/h2>\n<p data-v-md-line=\"37\">Vendiamo solo prodotti originali 100% e non abbiamo dubbi su questo. Per gli acquirenti commerciali, questo significa prezzi all'ingrosso equi, servizio attento e consegna veloce DDP di SFOG Gazzbar Ice God 50K vapes pacchetto di ghiaccio regolabile. Contattateci per fare scorta di un dispositivo che vale la pena di riacquistare per i vostri clienti.<\/p>\n<p data-v-md-line=\"39\">Avviso di conformit\u00e0: La fornitura del prodotto e la concentrazione di nicotina possono variare a seconda del paese\/regione per rispettare le normative UE e locali. Se non siete sicuri delle normative vigenti nel vostro mercato, consultate il nostro team e vi forniremo una guida.<\/p>","protected":false},"excerpt":{"rendered":"<p>What is the SFOG Gazzbar Ice God 50K suction adjustable ice atomizer like? If you\u2019re tired of disposable e-liquid used<\/p>","protected":false},"featured_media":13351,"comment_status":"open","ping_status":"closed","template":"","meta":[],"product_brand":[208],"product_cat":[124,185,1641,194,176,177,174,175,193,191,135,173,186,180,190],"product_tag":[],"class_list":{"0":"post-13355","1":"product","2":"type-product","3":"status-publish","4":"has-post-thumbnail","6":"product_brand-sfog","7":"product_cat-vape-by-brand","8":"product_cat-10000-puffs-high-capacity","9":"product_cat-50000-puffs","10":"product_cat-adjustable-airflow","11":"product_cat-beverage","12":"product_cat-dessert-sweets","13":"product_cat-fruit-flavors","14":"product_cat-icy-mint","15":"product_cat-mesh-coil","16":"product_cat-rechargeable-disposables","17":"product_cat-sfog","18":"product_cat-vape-by-flavor-profile","19":"product_cat-vape-by-nicotine-strength","20":"product_cat-vape-by-puff-count","21":"product_cat-vape-by-feature-or-type","23":"first","24":"instock","25":"shipping-taxable","26":"purchasable","27":"product-type-variable","28":"has-default-attributes"},"tiered_pricing_type":"percentage","tiered_pricing_fixed_rules":[],"tiered_pricing_product_settings":{"layout":"default","base_unit_name":{"singular":null,"plural":null},"default_variation":null},"tiered_pricing_minimum_quantity":10,"tiered_pricing_roles_data":[],"tiered_pricing_percentage_rules":{"30":"29","50":"35","100":"40","200":"44","500":"47","1000":"49"},"tiered_pricing_maximum_quantity":null,"tiered_pricing_quantity_step":"10","_links":{"self":[{"href":"https:\/\/agoravape.com\/it\/wp-json\/wp\/v2\/product\/13355","targetHints":{"allow":["GET"]}}],"collection":[{"href":"https:\/\/agoravape.com\/it\/wp-json\/wp\/v2\/product"}],"about":[{"href":"https:\/\/agoravape.com\/it\/wp-json\/wp\/v2\/types\/product"}],"replies":[{"embeddable":true,"href":"https:\/\/agoravape.com\/it\/wp-json\/wp\/v2\/comments?post=13355"}],"version-history":[{"count":0,"href":"https:\/\/agoravape.com\/it\/wp-json\/wp\/v2\/product\/13355\/revisions"}],"wp:featuredmedia":[{"embeddable":true,"href":"https:\/\/agoravape.com\/it\/wp-json\/wp\/v2\/media\/13351"}],"wp:attachment":[{"href":"https:\/\/agoravape.com\/it\/wp-json\/wp\/v2\/media?parent=13355"}],"wp:term":[{"taxonomy":"product_brand","embeddable":true,"href":"https:\/\/agoravape.com\/it\/wp-json\/wp\/v2\/product_brand?post=13355"},{"taxonomy":"product_cat","embeddable":true,"href":"https:\/\/agoravape.com\/it\/wp-json\/wp\/v2\/product_cat?post=13355"},{"taxonomy":"product_tag","embeddable":true,"href":"https:\/\/agoravape.com\/it\/wp-json\/wp\/v2\/product_tag?post=13355"}],"curies":[{"name":"wp","href":"https:\/\/api.w.org\/{rel}","templated":true}]}}