{"id":13389,"date":"2025-10-11T15:26:33","date_gmt":"2025-10-11T07:26:33","guid":{"rendered":"https:\/\/green-grasshopper-921422.hostingersite.com\/?post_type=product&#038;p=13389"},"modified":"2026-01-19T22:08:07","modified_gmt":"2026-01-19T14:08:07","slug":"sfog-galaxy-bar-30k-soffi-vape-dual-mode","status":"publish","type":"product","link":"https:\/\/agoravape.com\/it\/product\/sfog-galaxy-bar-30k-puffs-dual-mode-vape\/","title":{"rendered":"SFOG Galaxy Bar 30K Puffs Vape usa e getta a doppia modalit\u00e0."},"content":{"rendered":"<h2 data-v-md-heading=\"what-are-the-highlights-of-the-sfog-galaxy-bar-30k-dual-mode-disposable-vape\" data-v-md-line=\"3\">Quali sono i punti di forza del vape monouso dual-mode SFOG Galaxy Bar 30K?<\/h2>\n<p data-v-md-line=\"4\">Se siete stanchi di cambiare vapes usa e getta il giorno dopo, questo prodotto vi semplificher\u00e0 la vita. La SFOG Galaxy Bar 30K ha una forte durata della batteria ed \u00e8 dotata di doppia modalit\u00e0, che consente di utilizzarla per periodi pi\u00f9 lunghi o di scegliere una potenza maggiore in base alle proprie preferenze.<\/p>\n<p data-v-md-line=\"6\">Se desiderate prestazioni semplici e affidabili con un gusto ricco, senza bisogno di operazioni noiose, allora \u00e8 la scelta ideale. Non \u00e8 necessario alcun menu, n\u00e9 alcuna curva di apprendimento. Basta un'esperienza sempre fluida, dal primo all'ultimo boccone.<\/p>\n<h2 data-v-md-heading=\"excellent-performance-worry-free-and-effortless\" data-v-md-line=\"8\">Prestazioni eccellenti, senza preoccupazioni e senza sforzo<\/h2>\n<p data-v-md-line=\"9\">\u00c8 dotato di bobine a doppio nucleo e di nuclei atomizzatori a doppia maglia all'interno. Anche se si fa un respiro profondo, \u00e8 possibile mantenere un gusto puro e stabile. \u00c8 possibile scegliere la modalit\u00e0 regolare, che pu\u00f2 arrivare fino a 30000 soffi; oppure passare alla modalit\u00e0 a impulsi per un'esperienza di aspirazione pi\u00f9 forte, fino a 15000 soffi. Queste svapate di lunga durata hanno naturalmente una velocit\u00e0 di aspirazione gradualmente decrescente verso la fine, ma il design della coil a rete le mantiene sempre deliziose.<\/p>\n<h2 data-v-md-heading=\"specification-overview\" data-v-md-line=\"11\">Panoramica delle specifiche<\/h2>\n<ul data-v-md-line=\"12\">\n<li>Frequenza di aspirazione: La modalit\u00e0 normale pu\u00f2 aspirare fino a 30000 soffi, la modalit\u00e0 a impulsi pu\u00f2 aspirare fino a 15000 soffi.<\/li>\n<li>Contenuto di nicotina: 5%<\/li>\n<li>Modalit\u00e0 di lavoro: doppia modalit\u00e0 (regolare o a impulsi)<\/li>\n<li>Metodo di ricarica: batteria ricaricabile<\/li>\n<li>Capacit\u00e0 del liquido elettronico: 28 millilitri<\/li>\n<li>Bobina: Bobina a doppia maglia, 1,0 \u03a9<\/li>\n<li>Batteria: 850 mAh<\/li>\n<li>Stato: pronto all'uso appena estratto dalla confezione<\/li>\n<\/ul>\n<p data-v-md-line=\"21\">Nota: la concentrazione di nicotina pu\u00f2 variare a seconda del paese\/regione. Consultare le normative locali.<\/p>\n<h2 data-v-md-heading=\"full-flavor-series\" data-v-md-line=\"23\">Serie dal sapore pieno<\/h2>\n<ul data-v-md-line=\"24\">\n<li>Fragola B-POF<\/li>\n<li>Proprietario del Ranch Blu<\/li>\n<li>Ghiaccio al lampone e pesca<\/li>\n<li>Mango acido e ananas<\/li>\n<li>Pista di ghiaccio blu<\/li>\n<li>Lime, frutti di bosco, arancia<\/li>\n<li>Testa di limone<\/li>\n<li>Ghiaccio all'anguria<\/li>\n<li>BlackBerry B-POP<\/li>\n<li>Zecca di Miami<\/li>\n<li>Sour apple ice<\/li>\n<li>Freschezza del pomelo<\/li>\n<li>Ghiaccio alla banana e mou<\/li>\n<li>Trasparente<\/li>\n<\/ul>\n<h2 data-v-md-heading=\"for-you-and-for-your-business-as-well\" data-v-md-line=\"39\">Per te e anche per la tua attivit\u00e0<\/h2>\n<p data-v-md-line=\"40\">Acquistare per s\u00e9? Semplice e conveniente. Scegliete il vostro gusto, scegliete la vostra modalit\u00e0 e godetevi intervalli di sostituzione di lunga durata. La Galaxy Bar 30K ha una sensazione semplice e un gusto costante, che \u00e8 affidabile.<\/p>\n<p data-v-md-line=\"42\">Gestite un negozio fisico o un negozio online? Forniamo SFOG Galaxy Bar 30K in una pratica confezione all'ingrosso. La scatola da esposizione pu\u00f2 ospitare 5 pezzi e la scatola principale pu\u00f2 ospitare 150 pezzi. Forniamo servizi di consegna DDP attraverso partner di fiducia come UPS, DPD e DHL, in modo da poter ottenere costi di sbarco chiari ed evitare incidenti doganali.<\/p>\n<h2 data-v-md-heading=\"why-do-you-like-it\" data-v-md-line=\"44\">Perch\u00e9 ti piace?<\/h2>\n<ul data-v-md-line=\"45\">\n<li>Grande capacit\u00e0 di aspirazione: Resistente e di lunga durata, non \u00e8 necessario acquistare frequentemente nuove cartucce.<\/li>\n<li>Selezione della modalit\u00e0: La modalit\u00e0 regolare consente di ottenere il tempo di aspirazione pi\u00f9 lungo, mentre la modalit\u00e0 a impulsi permette di ottenere un'aspirazione pi\u00f9 intensa.<\/li>\n<li>Ricaricabile: consente di utilizzare la capacit\u00e0 di 28 ml acquistata al momento dell'acquisto.<\/li>\n<li>Bobina a rete: garantisce sempre un gusto ricco e uniforme.<\/li>\n<\/ul>\n<h2 data-v-md-heading=\"why-choose-to-collaborate-with-agoravape\" data-v-md-line=\"50\">Perch\u00e9 scegliere di collaborare con AgoraVape?<\/h2>\n<p data-v-md-line=\"51\">Vendiamo solo prodotti originali 100% e siamo responsabili dei prodotti che vendiamo. Se acquistate SFOG Galaxy Bar 30K dual-mode vapes usa e getta all'ingrosso, riceverete prezzi scontati, supporto affidabile e servizi di consegna DDP veloci e affidabili. Volete prenotare un dispositivo per clienti abituali per i vostri clienti? Lasciate che vi aiutiamo a configurare il tutto.<\/p>\n<p><script src=\"chrome-extension:\/\/fpelahbljekknahkcaegamhcndkfpfnc\/iFrame.js\" type=\"text\/javascript\"><\/script><\/p>","protected":false},"excerpt":{"rendered":"<p>What are the highlights of the SFOG Galaxy Bar 30K dual-mode disposable vape? If you\u2019re tired of changing disposable vapes<\/p>","protected":false},"featured_media":13425,"comment_status":"open","ping_status":"closed","template":"","meta":[],"product_brand":[208],"product_cat":[124,185,1637,194,174,175,193,191,135,173,186,180,190],"product_tag":[],"class_list":{"0":"post-13389","1":"product","2":"type-product","3":"status-publish","4":"has-post-thumbnail","6":"product_brand-sfog","7":"product_cat-vape-by-brand","8":"product_cat-10000-puffs-high-capacity","9":"product_cat-30000-puffs","10":"product_cat-adjustable-airflow","11":"product_cat-fruit-flavors","12":"product_cat-icy-mint","13":"product_cat-mesh-coil","14":"product_cat-rechargeable-disposables","15":"product_cat-sfog","16":"product_cat-vape-by-flavor-profile","17":"product_cat-vape-by-nicotine-strength","18":"product_cat-vape-by-puff-count","19":"product_cat-vape-by-feature-or-type","21":"first","22":"onbackorder","23":"shipping-taxable","24":"purchasable","25":"product-type-variable","26":"has-default-attributes"},"tiered_pricing_type":"percentage","tiered_pricing_fixed_rules":[],"tiered_pricing_product_settings":{"layout":"default","base_unit_name":{"singular":null,"plural":null},"default_variation":null},"tiered_pricing_minimum_quantity":10,"tiered_pricing_roles_data":[],"tiered_pricing_percentage_rules":{"30":"29","50":"35","100":"40","200":"44","500":"47","1000":"49"},"tiered_pricing_maximum_quantity":null,"tiered_pricing_quantity_step":"10","_links":{"self":[{"href":"https:\/\/agoravape.com\/it\/wp-json\/wp\/v2\/product\/13389","targetHints":{"allow":["GET"]}}],"collection":[{"href":"https:\/\/agoravape.com\/it\/wp-json\/wp\/v2\/product"}],"about":[{"href":"https:\/\/agoravape.com\/it\/wp-json\/wp\/v2\/types\/product"}],"replies":[{"embeddable":true,"href":"https:\/\/agoravape.com\/it\/wp-json\/wp\/v2\/comments?post=13389"}],"version-history":[{"count":0,"href":"https:\/\/agoravape.com\/it\/wp-json\/wp\/v2\/product\/13389\/revisions"}],"wp:featuredmedia":[{"embeddable":true,"href":"https:\/\/agoravape.com\/it\/wp-json\/wp\/v2\/media\/13425"}],"wp:attachment":[{"href":"https:\/\/agoravape.com\/it\/wp-json\/wp\/v2\/media?parent=13389"}],"wp:term":[{"taxonomy":"product_brand","embeddable":true,"href":"https:\/\/agoravape.com\/it\/wp-json\/wp\/v2\/product_brand?post=13389"},{"taxonomy":"product_cat","embeddable":true,"href":"https:\/\/agoravape.com\/it\/wp-json\/wp\/v2\/product_cat?post=13389"},{"taxonomy":"product_tag","embeddable":true,"href":"https:\/\/agoravape.com\/it\/wp-json\/wp\/v2\/product_tag?post=13389"}],"curies":[{"name":"wp","href":"https:\/\/api.w.org\/{rel}","templated":true}]}}