{"id":13445,"date":"2025-10-11T15:43:42","date_gmt":"2025-10-11T07:43:42","guid":{"rendered":"https:\/\/green-grasshopper-921422.hostingersite.com\/?post_type=product&#038;p=13445"},"modified":"2026-01-19T22:08:00","modified_gmt":"2026-01-19T14:08:00","slug":"sfog-face-bar-18000-puff-shisha-vape","status":"publish","type":"product","link":"https:\/\/agoravape.com\/it\/product\/sfog-face-bar-18000-puffs-shisha-vape\/","title":{"rendered":"SFOG Face Bar 18000 boccate stile Shisha DTL Vape | Grandi nuvole, facile da usare"},"content":{"rendered":"<h2 data-v-md-heading=\"what-exactly-is-the-sfog-face-bar-18000-mouth-hookah-style-dtl-vape\" data-v-md-line=\"3\">Che cos'\u00e8 esattamente il vape SFOG Face Bar 18000 mouth hookah style DTL?<\/h2>\n<p data-v-md-line=\"4\">Se siete stanchi di cambiare e-liquid monouso ogni pochi giorni, questo prodotto render\u00e0 la vostra settimana molto pi\u00f9 facile. La Face Bar SFOG adotta un design di aspirazione polmonare in stile narghil\u00e8, con una capacit\u00e0 massima di 18000 boccate. L'inalazione \u00e8 fluida, aperta e pi\u00f9 simile a quella di un narghil\u00e8 che a quella di un bocchino stretto.<\/p>\n<p data-v-md-line=\"6\">Se si desidera uno svapo che sia durevole, abbia un gusto stabile e non richieda un funzionamento eccessivo, questo prodotto \u00e8 la scelta ideale. La coil a rete mantiene un gusto equilibrato. La capacit\u00e0 di 25 ml di e-liquid e la batteria da 800 mAh consentono di affrontare facilmente una giornata intensa senza dover sostituire frequentemente le batterie di riserva.<\/p>\n<h2 data-v-md-heading=\"excellent-performance-and-easy-operation\" data-v-md-line=\"8\">Prestazioni eccellenti e facilit\u00e0 d'uso<\/h2>\n<p data-v-md-line=\"9\">Il nucleo della Face Bar adotta una bobina a rete, che rende ogni aspirazione fluida come il primo assaggio. Non ci sono bordi bruciati e non si verificano interruzioni improvvise dell'alimentazione. Quando la batteria \u00e8 scarica, \u00e8 sufficiente caricarla tramite USB. Basta utilizzare lo stesso cavo dati del telefono. Semplice e conveniente.<\/p>\n<h2 data-v-md-heading=\"specification-introduction\" data-v-md-line=\"11\">Introduzione alle specifiche<\/h2>\n<ul data-v-md-line=\"12\">\n<li>Frequenza di aspirazione: fino a 18000 volte<\/li>\n<li>Nicotina: 0,5% sale di nicotina<\/li>\n<li>Principio di funzionamento: Attivato tramite inalazione<\/li>\n<li>Metodo di ricarica: ricarica USB<\/li>\n<li>E-liquid capacity: 25 milliliters<\/li>\n<li>Bobina: Bobina a rete, 0,6 \u03a9<\/li>\n<li>Batteria: 800 mAh<\/li>\n<li>Stato: pronto all'uso dopo l'unboxing<\/li>\n<\/ul>\n<h2 data-v-md-heading=\"full-range-of-flavors\" data-v-md-line=\"21\">Full range of flavors<\/h2>\n<ul data-v-md-line=\"22\">\n<li>Doppio sapore di mela<\/li>\n<li>Mint chewing gum<\/li>\n<li>Gusto fresco e dissetante<\/li>\n<li>Ghiaccio ai frutti di bosco<\/li>\n<li>Gusto menta<\/li>\n<li>Divertimento in padella con le fragole<\/li>\n<li>Blueberry Gum<\/li>\n<li>Acqua al limone e lampone blu<\/li>\n<li>Aroma di menta e uva<\/li>\n<\/ul>\n<h2 data-v-md-heading=\"for-you-for-your-business\" data-v-md-line=\"32\">Per te, per il tuo business<\/h2>\n<p data-v-md-line=\"33\">\u00c8 possibile acquistare un singolo esemplare per uso personale o fare una scorta per il proprio negozio. Scatola espositiva per la vendita al dettaglio, 10 pezzi per scatola. La scatola di cartone standard pu\u00f2 contenere 200 unit\u00e0, facilitando il trasferimento. Le dimensioni dell'espositore sono 182 \u00d7 76 \u00d7 136 millimetri. Le dimensioni della scatola esterna sono 395 \u00d7 380 \u00d7 292 millimetri e pesa circa 21 chilogrammi.<\/p>\n<p data-v-md-line=\"35\">Spediamo in tutta Europa attraverso partner fidati come UPS, DPD e DHL su base Delivered Duty Paid (DDP), garantendo l'assenza di incidenti imprevisti alla dogana. Potrete godere di una consegna tracciabile e di una tempestivit\u00e0 affidabile.<\/p>\n<h2 data-v-md-heading=\"why-do-you-like-it\" data-v-md-line=\"37\">Perch\u00e9 ti piace?<\/h2>\n<ul data-v-md-line=\"38\">\n<li>Pi\u00f9 tempi di aspirazione: maggiore durata dell'aspirazione, per cui non \u00e8 necessario acquistarne di nuovi di frequente.<\/li>\n<li>Selezione della nicotina: 0,5% sale di nicotina porta un gusto pi\u00f9 leggero, adatto per un'esperienza DTL rilassata.<\/li>\n<li>Ricaricabile: \u00c8 possibile consumare tutto l'e-liquid acquistato.<\/li>\n<li>Mesh coil: dal primo all'ultimo morso, il sapore rimane costante.<\/li>\n<\/ul>\n<h2 data-v-md-heading=\"why-choose-to-collaborate-with-agoravape\" data-v-md-line=\"43\">Perch\u00e9 scegliere di collaborare con AgoraVape?<\/h2>\n<p data-v-md-line=\"44\">Vendiamo solo prodotti originali 100%, in modo che possiate ottenere un'autentica Face Bar SFOG con prestazioni all'altezza delle vostre aspettative. I nostri clienti B2B possono godere di prezzi all'ingrosso scontati, di un'assistenza conveniente e di servizi di consegna DDP veloci. Siamo conformi alle normative UE sulla verifica dell'et\u00e0 e sulla conformit\u00e0 dei prodotti. Una concentrazione di nicotina di 0,5% soddisfa pienamente il limite della TPD2. Utilizziamo un gateway di pagamento sicuro e manteniamo la trasparenza dei prezzi, in modo che non dobbiate preoccuparvi delle spese. Volete prenotare un prodotto DTL per sigarette ad acqua usa e getta che i vostri clienti ameranno come clienti di ritorno? Benvenuti a chiedere informazioni.<\/p>","protected":false},"excerpt":{"rendered":"<p>What exactly is the SFOG Face Bar 18000 mouth hookah style DTL vape? If you\u2019re tired of changing disposable e-liquid<\/p>","protected":false},"featured_media":13468,"comment_status":"open","ping_status":"closed","template":"","meta":[],"product_brand":[208],"product_cat":[124,185,174,175,193,191,135,173,186,180,190],"product_tag":[],"class_list":{"0":"post-13445","1":"product","2":"type-product","3":"status-publish","4":"has-post-thumbnail","6":"product_brand-sfog","7":"product_cat-vape-by-brand","8":"product_cat-10000-puffs-high-capacity","9":"product_cat-fruit-flavors","10":"product_cat-icy-mint","11":"product_cat-mesh-coil","12":"product_cat-rechargeable-disposables","13":"product_cat-sfog","14":"product_cat-vape-by-flavor-profile","15":"product_cat-vape-by-nicotine-strength","16":"product_cat-vape-by-puff-count","17":"product_cat-vape-by-feature-or-type","19":"first","20":"onbackorder","21":"shipping-taxable","22":"purchasable","23":"product-type-variable","24":"has-default-attributes"},"tiered_pricing_type":"percentage","tiered_pricing_fixed_rules":[],"tiered_pricing_product_settings":{"layout":"default","base_unit_name":{"singular":null,"plural":null},"default_variation":null},"tiered_pricing_minimum_quantity":10,"tiered_pricing_roles_data":[],"tiered_pricing_percentage_rules":{"30":"29","50":"35","100":"40","200":"44","500":"47","1000":"49"},"tiered_pricing_maximum_quantity":null,"tiered_pricing_quantity_step":"10","_links":{"self":[{"href":"https:\/\/agoravape.com\/it\/wp-json\/wp\/v2\/product\/13445","targetHints":{"allow":["GET"]}}],"collection":[{"href":"https:\/\/agoravape.com\/it\/wp-json\/wp\/v2\/product"}],"about":[{"href":"https:\/\/agoravape.com\/it\/wp-json\/wp\/v2\/types\/product"}],"replies":[{"embeddable":true,"href":"https:\/\/agoravape.com\/it\/wp-json\/wp\/v2\/comments?post=13445"}],"version-history":[{"count":0,"href":"https:\/\/agoravape.com\/it\/wp-json\/wp\/v2\/product\/13445\/revisions"}],"wp:featuredmedia":[{"embeddable":true,"href":"https:\/\/agoravape.com\/it\/wp-json\/wp\/v2\/media\/13468"}],"wp:attachment":[{"href":"https:\/\/agoravape.com\/it\/wp-json\/wp\/v2\/media?parent=13445"}],"wp:term":[{"taxonomy":"product_brand","embeddable":true,"href":"https:\/\/agoravape.com\/it\/wp-json\/wp\/v2\/product_brand?post=13445"},{"taxonomy":"product_cat","embeddable":true,"href":"https:\/\/agoravape.com\/it\/wp-json\/wp\/v2\/product_cat?post=13445"},{"taxonomy":"product_tag","embeddable":true,"href":"https:\/\/agoravape.com\/it\/wp-json\/wp\/v2\/product_tag?post=13445"}],"curies":[{"name":"wp","href":"https:\/\/api.w.org\/{rel}","templated":true}]}}