{"id":13481,"date":"2025-10-11T16:02:13","date_gmt":"2025-10-11T08:02:13","guid":{"rendered":"https:\/\/green-grasshopper-921422.hostingersite.com\/?post_type=product&#038;p=13481"},"modified":"2026-01-19T22:07:55","modified_gmt":"2026-01-19T14:07:55","slug":"sfog-s89-15000-soffi-vape","status":"publish","type":"product","link":"https:\/\/agoravape.com\/it\/product\/sfog-s89-15000-puffs-vape\/","title":{"rendered":"SFOG S89 15000 soffi a rete con bobina usa e getta - Sapore duraturo senza problemi"},"content":{"rendered":"<h2 data-v-md-heading=\"what-are-the-advantages-of-sfog-s89-15000-port-mesh-coil-disposable-vapes\" data-v-md-line=\"3\">Quali sono i vantaggi di SFOG S89 15000 port mesh coil vapes usa e getta?<\/h2>\n<p data-v-md-line=\"4\">Se siete stanchi dei vapers usa e getta consumati nei giorni feriali, potreste dare un'occhiata a questo prodotto. SFOG S89 ha una capacit\u00e0 di 25 millilitri e pu\u00f2 fornire fino a 15000 boccate. Utilizza una bobina da 1,0 \u03a9, in modo che il gusto rimanga puro e costante dal primo all'ultimo morso.<\/p>\n<p data-v-md-line=\"6\">Se volete svapare in modo affidabile, duraturo e senza problemi, questo prodotto \u00e8 la scelta ideale. Scegliere il gusto preferito. Aprire la confezione. Godere appieno. Si potrebbe pensare che questo tipo di dispositivo a batteria possa sembrare ingombrante, ma la batteria ricaricabile da 600 mAh permette di metterlo facilmente in tasca.<\/p>\n<h2 data-v-md-heading=\"excellent-performance-convenient-operation\" data-v-md-line=\"8\">Prestazioni eccellenti, funzionamento comodo<\/h2>\n<p data-v-md-line=\"9\">La bobina a rete riscalda uniformemente l'e-liquid, consentendo di godere ogni volta di un gusto ricco e di un'esperienza di aspirazione omogenea. Non \u00e8 necessario il preriscaldamento e l'olio non cade. Quando la batteria \u00e8 scarica, \u00e8 sufficiente caricarla per continuare a usarla, consentendo di massimizzare la capacit\u00e0 di 25 millilitri.<\/p>\n<h2 data-v-md-heading=\"specification-introduction\" data-v-md-line=\"11\">Introduzione alle specifiche<\/h2>\n<ul data-v-md-line=\"12\">\n<li>Frequenza di aspirazione: fino a 15000 volte<\/li>\n<li>E-liquid capacity: 25 milliliters<\/li>\n<li>Nicotine: 5% nicotine salt<\/li>\n<li>Coil: 1.0 \u03a9 mesh coil<\/li>\n<li>Battery: 600 mAh rechargeable battery<\/li>\n<li>Principio di funzionamento: design semplice e unico, nessuna necessit\u00e0 di impostazione.<\/li>\n<li>Stato: pronto all'uso dopo l'unboxing<\/li>\n<li>Confezione: 10 pezzi per scatola espositiva. 200 pezzi per scatola<\/li>\n<\/ul>\n<h2 data-v-md-heading=\"full-range-of-flavors\" data-v-md-line=\"21\">Full range of flavors<\/h2>\n<ul data-v-md-line=\"22\">\n<li>Ghiaccio alla fragola<\/li>\n<li>Pesca ghiacciata<\/li>\n<li>Peach and Mango<\/li>\n<li>Frutti di bosco misti<\/li>\n<li>Pink Lemon Water<\/li>\n<li>Strawberry watermelon<\/li>\n<li>Ghiaccio all'anguria<\/li>\n<li>Ghiaccio all'uva<\/li>\n<li>Ciliegia<\/li>\n<li>Mirtilli e lamponi<\/li>\n<\/ul>\n<h2 data-v-md-heading=\"for-you-for-your-business\" data-v-md-line=\"33\">Per te, per il tuo business<\/h2>\n<p data-v-md-line=\"34\">\u00c8 possibile acquistare vapes monouso con bobina a 15000 mesh SFOG S89 per uso personale o per aggiungere scorte al proprio negozio. Forniamo scatole da esposizione in confezioni da 10 pezzi per garantire che i prodotti siano esposti in modo ordinato. Se avete bisogno di acquistare all'ingrosso, scegliete una scatola grande da 200 pezzi per un rifornimento efficiente.<\/p>\n<p data-v-md-line=\"36\">Forniamo servizi di consegna DDP dopo il pagamento delle tasse attraverso partner di fiducia come UPS, DPD e DHL, assicurando che il vostro ordine non incontrer\u00e0 alcun incidente durante lo sdoganamento.<\/p>\n<h2 data-v-md-heading=\"why-do-you-like-it\" data-v-md-line=\"38\">Perch\u00e9 ti piace?<\/h2>\n<ul data-v-md-line=\"39\">\n<li>Capacit\u00e0 ultra elevata: fino a 15.000 porte, per un minor numero di sostituzioni e una maggiore efficienza dei costi.<\/li>\n<li>Nicotina soddisfacente: 5% Sale di Nicotina per un gusto forte<\/li>\n<li>Ricaricabile: puoi utilizzare tutti gli e-liquidi acquistati<\/li>\n<li>Bobina a rete: mantiene una consistenza costante ad ogni aspirazione<\/li>\n<\/ul>\n<h2 data-v-md-heading=\"why-choose-to-collaborate-with-agoravape\" data-v-md-line=\"44\">Perch\u00e9 scegliere di collaborare con AgoraVape?<\/h2>\n<p data-v-md-line=\"45\">Offriamo solo prodotti originali 100%, in modo da poter acquistare in tutta tranquillit\u00e0. Per i nostri clienti commerciali, questo significa che SFOG S89 15000 port mesh coil vapes usa e getta hanno prezzi scontati all'ingrosso, supporto affidabile e consegna veloce e affidabile. Se volete acquistare un dispositivo che i clienti rivisiteranno, contattateci.<\/p>\n<p><script src=\"chrome-extension:\/\/fpelahbljekknahkcaegamhcndkfpfnc\/iFrame.js\" type=\"text\/javascript\"><\/script><\/p>","protected":false},"excerpt":{"rendered":"<p>What are the advantages of SFOG S89 15000 port mesh coil disposable vapes? If you are tired of disposable vapes<\/p>","protected":false},"featured_media":13503,"comment_status":"open","ping_status":"closed","template":"","meta":[],"product_brand":[208],"product_cat":[124,185,1635,174,175,193,191,135,173,186,180,190],"product_tag":[],"class_list":{"0":"post-13481","1":"product","2":"type-product","3":"status-publish","4":"has-post-thumbnail","6":"product_brand-sfog","7":"product_cat-vape-by-brand","8":"product_cat-10000-puffs-high-capacity","9":"product_cat-15000-puffs","10":"product_cat-fruit-flavors","11":"product_cat-icy-mint","12":"product_cat-mesh-coil","13":"product_cat-rechargeable-disposables","14":"product_cat-sfog","15":"product_cat-vape-by-flavor-profile","16":"product_cat-vape-by-nicotine-strength","17":"product_cat-vape-by-puff-count","18":"product_cat-vape-by-feature-or-type","20":"first","21":"onbackorder","22":"shipping-taxable","23":"purchasable","24":"product-type-variable","25":"has-default-attributes"},"tiered_pricing_type":"percentage","tiered_pricing_fixed_rules":[],"tiered_pricing_product_settings":{"layout":"default","base_unit_name":{"singular":null,"plural":null},"default_variation":null},"tiered_pricing_minimum_quantity":10,"tiered_pricing_roles_data":[],"tiered_pricing_percentage_rules":{"30":"29","50":"35","100":"40","200":"44","500":"47","1000":"49"},"tiered_pricing_maximum_quantity":null,"tiered_pricing_quantity_step":"10","_links":{"self":[{"href":"https:\/\/agoravape.com\/it\/wp-json\/wp\/v2\/product\/13481","targetHints":{"allow":["GET"]}}],"collection":[{"href":"https:\/\/agoravape.com\/it\/wp-json\/wp\/v2\/product"}],"about":[{"href":"https:\/\/agoravape.com\/it\/wp-json\/wp\/v2\/types\/product"}],"replies":[{"embeddable":true,"href":"https:\/\/agoravape.com\/it\/wp-json\/wp\/v2\/comments?post=13481"}],"version-history":[{"count":0,"href":"https:\/\/agoravape.com\/it\/wp-json\/wp\/v2\/product\/13481\/revisions"}],"wp:featuredmedia":[{"embeddable":true,"href":"https:\/\/agoravape.com\/it\/wp-json\/wp\/v2\/media\/13503"}],"wp:attachment":[{"href":"https:\/\/agoravape.com\/it\/wp-json\/wp\/v2\/media?parent=13481"}],"wp:term":[{"taxonomy":"product_brand","embeddable":true,"href":"https:\/\/agoravape.com\/it\/wp-json\/wp\/v2\/product_brand?post=13481"},{"taxonomy":"product_cat","embeddable":true,"href":"https:\/\/agoravape.com\/it\/wp-json\/wp\/v2\/product_cat?post=13481"},{"taxonomy":"product_tag","embeddable":true,"href":"https:\/\/agoravape.com\/it\/wp-json\/wp\/v2\/product_tag?post=13481"}],"curies":[{"name":"wp","href":"https:\/\/api.w.org\/{rel}","templated":true}]}}