{"id":13518,"date":"2025-10-11T16:22:46","date_gmt":"2025-10-11T08:22:46","guid":{"rendered":"https:\/\/green-grasshopper-921422.hostingersite.com\/?post_type=product&#038;p=13518"},"modified":"2026-01-19T22:07:49","modified_gmt":"2026-01-19T14:07:49","slug":"sfog-gt-bar-15000-soffi-dtl-vape","status":"publish","type":"product","link":"https:\/\/agoravape.com\/it\/product\/sfog-gt-bar-15000-puffs-dtl-vape\/","title":{"rendered":"SFOG GT Bar 15000 Puff | Lunghe sessioni di DTL con sapori ispirati alla Shisha"},"content":{"rendered":"<h2 data-v-md-heading=\"what-exactly-is-the-sfog-gt-bar-15000-mouth-hookah-flavored-dtl-vape\" data-v-md-line=\"3\">Che cos'\u00e8 esattamente il vape SFOG GT Bar 15000 mouth hookah aromatizzato DTL?<\/h2>\n<p data-v-md-line=\"4\">Se siete stanchi dei vapes usa e getta che si esauriscono prima del fine settimana, questo prodotto vi sollever\u00e0 dalle preoccupazioni. La SFOG GT Bar pu\u00f2 fornire un'esperienza DTL fino a 15000 boccate, con un'esperienza di fumo DTL trasparente pi\u00f9 vicina a quella di un narghil\u00e8, piuttosto che a quella di una tipica svapata compatta con aspirazione a bocca.<\/p>\n<p data-v-md-line=\"6\">Per coloro che desiderano un gusto duraturo senza il fastidio di doverlo impostare, questo prodotto \u00e8 la scelta ideale. Ha un sapore misto di aroma di narghil\u00e8, una batteria ricaricabile e una bobina a rete che mantiene un gusto stabile. Si potrebbe pensare che un dispositivo con cos\u00ec tante porte sia ingombrante come un mattone, ma \u00e8 sorprendentemente conveniente.<\/p>\n<h2 data-v-md-heading=\"excellent-performance-and-easy-operation\" data-v-md-line=\"8\">Prestazioni eccellenti e facilit\u00e0 d'uso<\/h2>\n<p data-v-md-line=\"9\">Il nucleo atomizzatore a maglia da 0,6 \u03a9 incorporato garantisce un flusso di fumo omogeneo e un gusto costante, un morso dopo l'altro. Nessun menu, nessun pulsante, facile da usare. Quando la batteria \u00e8 scarica, pu\u00f2 essere ricaricata attraverso l'interfaccia Type-C. L'utilizzo dello stesso cavo dati di un telefono cellulare \u00e8 facile e conveniente.<\/p>\n<h2 data-v-md-heading=\"specification-overview\" data-v-md-line=\"11\">Panoramica delle specifiche<\/h2>\n<ul data-v-md-line=\"12\">\n<li>Frequenza di aspirazione: fino a 15000 volte<\/li>\n<li>Nicotina: 0,5% sale di nicotina (circa 5 milligrammi per millilitro)<\/li>\n<li>E-liquid: 22 millilitri<\/li>\n<li>Nucleo di atomizzazione: nucleo di atomizzazione a maglie da 0,6 \u03a9<\/li>\n<li>Batteria: batteria ricaricabile da 600 mAh<\/li>\n<li>Working principle: Activate with just one puff<\/li>\n<li>Metodo di ricarica: interfaccia USB standard di tipo C<\/li>\n<li>Stato: pronto all'uso appena estratto dalla confezione<\/li>\n<li>Dimensioni e peso: circa 32 x 123 millimetri 110 grammi<\/li>\n<\/ul>\n<h2 data-v-md-heading=\"full-flavor-series\" data-v-md-line=\"22\">Serie dal sapore pieno<\/h2>\n<ul data-v-md-line=\"23\">\n<li>Menta ai frutti di bosco<\/li>\n<li>Blueberry Gum<\/li>\n<li>Carnevale delle ciliegie<\/li>\n<li>Doppie mele<\/li>\n<li>Limone come<\/li>\n<li>Ghiaccio al mango<\/li>\n<li>Pesca ghiacciata<\/li>\n<li>Dolce frutto della passione<\/li>\n<li>Ghiaccio al ribes nero<\/li>\n<li>Ghiaccio all'uva<\/li>\n<\/ul>\n<h2 data-v-md-heading=\"for-you-and-for-your-business-as-well\" data-v-md-line=\"34\">Per te e anche per la tua attivit\u00e0<\/h2>\n<p data-v-md-line=\"35\">Potete acquistarne uno per uso personale o per fare scorta nel vostro negozio. Forniamo 10 scatole da esposizione per facilitare la gestione degli scaffali e semplificare il processo di rifornimento. Gli ordini di grandi quantit\u00e0 possono essere forniti in confezioni di grandi dimensioni e in confezioni esterne. Se avete bisogno di specifiche di imballaggio per il flusso di lavoro del magazzino, consultate il nostro team.<\/p>\n<p data-v-md-line=\"37\">Forniamo servizi di consegna DDP con partner di fiducia come UPS, DPD e DHL in tutta Europa, in modo da ottenere tempi di consegna certi ed evitare incidenti doganali. Supportiamo le principali carte di credito e i pagamenti sicuri di PayPal per garantire un checkout senza problemi.<\/p>\n<p data-v-md-line=\"39\">Breve spiegazione della conformit\u00e0. Questo tipo di prodotto monouso per grandi fumatori supera il limite della TPD dell'UE per la capacit\u00e0 di e-liquid. La situazione della fornitura al dettaglio pu\u00f2 variare a seconda del paese\/regione. Si prega di verificare le normative locali prima di effettuare un ordine.<\/p>\n<h2 data-v-md-heading=\"why-do-you-like-it\" data-v-md-line=\"41\">Perch\u00e9 ti piace?<\/h2>\n<ul data-v-md-line=\"42\">\n<li>Pi\u00f9 tempo di aspirazione: maggiore durata della batteria, senza necessit\u00e0 di sostituirla frequentemente.<\/li>\n<li>Selezione della nicotina: Il sale di nicotina 0,5% offre un'esperienza pi\u00f9 fluida e leggera.<\/li>\n<li>Ricaricabile: L'e-liquid durer\u00e0 fino al suo esaurimento.<\/li>\n<li>Bobina a rete: Ogni boccone mantiene un gusto e una consistenza ricchi.<\/li>\n<\/ul>\n<h2 data-v-md-heading=\"why-choose-to-collaborate-with-agoravape\" data-v-md-line=\"47\">Perch\u00e9 scegliere di collaborare con AgoraVape?<\/h2>\n<p data-v-md-line=\"48\">Acquistiamo solo prodotti originali SFOG da rivenditori autorizzati. SFOG GT Bar 15000 vapes DTL aromatizzati al narghil\u00e8, dove potrete godere di prezzi all'ingrosso altamente competitivi, di un'assistenza clienti affidabile e di servizi di consegna DDP veloci. Volete creare un dispositivo che i vostri clienti amino veramente? Contattateci, saremo lieti di servirvi.<\/p>\n<p><script src=\"chrome-extension:\/\/fpelahbljekknahkcaegamhcndkfpfnc\/iFrame.js\" type=\"text\/javascript\"><\/script><\/p>","protected":false},"excerpt":{"rendered":"<p>What exactly is the SFOG GT Bar 15000 mouth hookah flavored DTL vape? If you are tired of disposable vapes<\/p>","protected":false},"featured_media":13562,"comment_status":"open","ping_status":"closed","template":"","meta":[],"product_brand":[208],"product_cat":[124,185,1635,174,175,193,191,135,173,186,180,190],"product_tag":[],"class_list":{"0":"post-13518","1":"product","2":"type-product","3":"status-publish","4":"has-post-thumbnail","6":"product_brand-sfog","7":"product_cat-vape-by-brand","8":"product_cat-10000-puffs-high-capacity","9":"product_cat-15000-puffs","10":"product_cat-fruit-flavors","11":"product_cat-icy-mint","12":"product_cat-mesh-coil","13":"product_cat-rechargeable-disposables","14":"product_cat-sfog","15":"product_cat-vape-by-flavor-profile","16":"product_cat-vape-by-nicotine-strength","17":"product_cat-vape-by-puff-count","18":"product_cat-vape-by-feature-or-type","20":"first","21":"onbackorder","22":"shipping-taxable","23":"purchasable","24":"product-type-variable","25":"has-default-attributes"},"tiered_pricing_type":"percentage","tiered_pricing_fixed_rules":[],"tiered_pricing_product_settings":{"layout":"default","base_unit_name":{"singular":null,"plural":null},"default_variation":null},"tiered_pricing_minimum_quantity":10,"tiered_pricing_roles_data":[],"tiered_pricing_percentage_rules":{"30":"29","50":"35","100":"40","200":"44","500":"47","1000":"49"},"tiered_pricing_maximum_quantity":null,"tiered_pricing_quantity_step":"10","_links":{"self":[{"href":"https:\/\/agoravape.com\/it\/wp-json\/wp\/v2\/product\/13518","targetHints":{"allow":["GET"]}}],"collection":[{"href":"https:\/\/agoravape.com\/it\/wp-json\/wp\/v2\/product"}],"about":[{"href":"https:\/\/agoravape.com\/it\/wp-json\/wp\/v2\/types\/product"}],"replies":[{"embeddable":true,"href":"https:\/\/agoravape.com\/it\/wp-json\/wp\/v2\/comments?post=13518"}],"version-history":[{"count":0,"href":"https:\/\/agoravape.com\/it\/wp-json\/wp\/v2\/product\/13518\/revisions"}],"wp:featuredmedia":[{"embeddable":true,"href":"https:\/\/agoravape.com\/it\/wp-json\/wp\/v2\/media\/13562"}],"wp:attachment":[{"href":"https:\/\/agoravape.com\/it\/wp-json\/wp\/v2\/media?parent=13518"}],"wp:term":[{"taxonomy":"product_brand","embeddable":true,"href":"https:\/\/agoravape.com\/it\/wp-json\/wp\/v2\/product_brand?post=13518"},{"taxonomy":"product_cat","embeddable":true,"href":"https:\/\/agoravape.com\/it\/wp-json\/wp\/v2\/product_cat?post=13518"},{"taxonomy":"product_tag","embeddable":true,"href":"https:\/\/agoravape.com\/it\/wp-json\/wp\/v2\/product_tag?post=13518"}],"curies":[{"name":"wp","href":"https:\/\/api.w.org\/{rel}","templated":true}]}}