{"id":13564,"date":"2025-10-11T17:11:01","date_gmt":"2025-10-11T09:11:01","guid":{"rendered":"https:\/\/green-grasshopper-921422.hostingersite.com\/?post_type=product&#038;p=13564"},"modified":"2026-01-13T00:53:13","modified_gmt":"2026-01-12T16:53:13","slug":"sfog-gazzbar-razzo-20k-soffi-vape","status":"publish","type":"product","link":"https:\/\/agoravape.com\/it\/product\/sfog-gazzbar-rocket-20k-puffs-vape\/","title":{"rendered":"SFOG Gazzbar Rocket 20K Puffs Dual Mode Vape | Grande sapore che va lontano"},"content":{"rendered":"<h2 data-v-md-heading=\"what-exactly-is-the-sfog-gazzbar-rocket-20k-dual-mode-vape\" data-v-md-line=\"3\">Che cos'\u00e8 esattamente il vape dual-mode SFOG Gazzbar Rocket 20K?<\/h2>\n<p data-v-md-line=\"4\">Se siete stanchi dei vapers usa e getta che scadono in pochi giorni, potreste dare un'occhiata a questo prodotto. La SFOG Gazzbar Rocket ha una durata della batteria estremamente lunga, con fino a 20000 porte in modalit\u00e0 normale. Se si preferisce un'esperienza di aspirazione pi\u00f9 stretta e potente, \u00e8 possibile passare alla modalit\u00e0 a impulsi e ottenere comunque fino a 10000 soffi di durata della batteria.<\/p>\n<p data-v-md-line=\"6\">Se volete gustare facilmente sapori ricchi, questa svapata \u00e8 la scelta ideale. Non c'\u00e8 bisogno di imparare le impostazioni, n\u00e9 di noiosi rifornimenti. Solo una svapata robusta e duratura che pu\u00f2 essere utilizzata immediatamente per soddisfare le vostre esigenze quotidiane per una settimana.<\/p>\n<h2 data-v-md-heading=\"excellent-performance-worry-free\" data-v-md-line=\"8\">Prestazioni eccellenti, senza preoccupazioni<\/h2>\n<p data-v-md-line=\"9\">Bobine a doppio nucleo e doppia maglia. Questo design garantisce un gusto costante ad ogni boccata. L'aspirazione della coil \u00e8 fluida, il gusto \u00e8 puro e non si brucia n\u00e9 si annebbia. Quando la batteria \u00e8 scarica, \u00e8 sufficiente caricarla per continuare a usarla. Facile da usare.<\/p>\n<h2 data-v-md-heading=\"specification-introduction\" data-v-md-line=\"11\">Introduzione alle specifiche<\/h2>\n<p data-v-md-line=\"12\">-Frequenza di aspirazione: fino a 20000 volte in modalit\u00e0 normale. Massimo 10000 volte in modalit\u00e0 impulso<br \/>\n-Capacit\u00e0 del liquido: 18 millilitri<br \/>\n-Nicotina: 5% sale di nicotina<br \/>\n-Bobina: Bobina dual core a doppia maglia. Resistenza da 1,0 \u03a9<br \/>\n-Batteria: 650 mAh<br \/>\n-Principio di funzionamento: Si attiva con un solo soffio<br \/>\n-Metodo di ricarica: Ricarica USB<br \/>\n-Stato: Pronto all'uso dalla scatola<br \/>\n-Dimensioni e peso: 82 \u00d7 52 \u00d7 27 millimetri. Peso netto 81 grammi<\/p>\n<h2 data-v-md-heading=\"full-flavor-series\" data-v-md-line=\"22\">Serie dal sapore pieno<\/h2>\n<p data-v-md-line=\"23\">-Ghiaccio gommoso bianco<br \/>\n-Ghiaccio al kiwi e fragola<br \/>\n-Ghiaccio blu<br \/>\n-Ghiaccio alla banana e fragola<br \/>\n-Ghiaccio alla mela acida<br \/>\n-Mango ghiacciato alla fragola<br \/>\n-Ghiaccio blu<br \/>\n-Onda d'urto arcobaleno tropicale<br \/>\n-Ghiaccio alla pesca<br \/>\n-Ghiaccio all'anguria<br \/>\n-Ghiaccio al mango messicano<br \/>\n-Trasparente<br \/>\n-Zecca di Miami<br \/>\n-Tabacco<\/p>\n<h2 data-v-md-heading=\"for-you-and-for-your-business-as-well\" data-v-md-line=\"38\">Per te e anche per la tua attivit\u00e0<\/h2>\n<p data-v-md-line=\"39\">Potete utilizzare SFOG Gazzbar Rocket 20K per uso personale o acquistarlo per il vostro negozio. La confezione interna all'ingrosso contiene 10 pezzi, che consentono di creare un ordinato espositore o di rifornire rapidamente gli scaffali. La portabilit\u00e0 di questo dispositivo \u00e8 sorprendentemente buona, e ha anche meno cicli di aspirazione. Potreste pensare che sia ingombrante, ma con una dimensione di 82 \u00d7 52 \u00d7 27 millimetri, non vi sembrer\u00e0 un mattone in tasca.<\/p>\n<p data-v-md-line=\"41\">Collaboriamo con partner fidati come UPS, DPD e DHL per spedire le vostre merci su base Delivered Duty Paid (DDP), garantendo una consegna senza problemi ed evitando incidenti doganali. Se fate acquisti in grandi quantit\u00e0, stabiliremo un calendario affidabile e semplificheremo il processo dei documenti.<\/p>\n<h2 data-v-md-heading=\"why-do-you-like-it\" data-v-md-line=\"43\">Perch\u00e9 ti piace?<\/h2>\n<p data-v-md-line=\"44\">-Grande volume di fumo: tempo di fumo pi\u00f9 lungo, non \u00e8 necessario acquistare frequentemente nuove sigarette.<br \/>\n-Modalit\u00e0 di aspirazione: Modalit\u00e0 normale, aspirazione facile. Modalit\u00e0 a impulsi, forte e potente<br \/>\n-Ricaricabile: Si possono utilizzare tutti gli e-liquid acquistati<br \/>\n-Bobina a maglie: dal primo all'ultimo morso, il gusto rimane costante.<br \/>\n-Portatile e facile da trasportare: grande capacit\u00e0, ma non grandi dimensioni.<\/p>\n<h2 data-v-md-heading=\"why-choose-to-collaborate-with-agoravape\" data-v-md-line=\"50\">Perch\u00e9 scegliere di collaborare con AgoraVape?<\/h2>\n<p data-v-md-line=\"51\">Vendiamo solo prodotti originali 100% e non abbiamo dubbi in merito. Per i nostri clienti commerciali, si pu\u00f2 godere di prezzi scontati all'ingrosso, supporto veloce e affidabile, e servizi di consegna veloce e affidabile per SFOG Gazzbar Rocket 20K dual-mode vapes. Se volete prenotare un dispositivo che i clienti torneranno davvero ad acquistare, contattateci.<\/p>","protected":false},"excerpt":{"rendered":"<p>What exactly is the SFOG Gazzbar Rocket 20K dual-mode vape? If you are tired of disposable vapes that expire in<\/p>","protected":false},"featured_media":13585,"comment_status":"open","ping_status":"closed","template":"","meta":[],"product_brand":[208],"product_cat":[124,185,1636,174,175,193,191,135,178,179,173,186,180,190],"product_tag":[],"class_list":{"0":"post-13564","1":"product","2":"type-product","3":"status-publish","4":"has-post-thumbnail","6":"product_brand-sfog","7":"product_cat-vape-by-brand","8":"product_cat-10000-puffs-high-capacity","9":"product_cat-20000-puffs","10":"product_cat-fruit-flavors","11":"product_cat-icy-mint","12":"product_cat-mesh-coil","13":"product_cat-rechargeable-disposables","14":"product_cat-sfog","15":"product_cat-tobacco","16":"product_cat-unique-blends","17":"product_cat-vape-by-flavor-profile","18":"product_cat-vape-by-nicotine-strength","19":"product_cat-vape-by-puff-count","20":"product_cat-vape-by-feature-or-type","22":"first","23":"instock","24":"shipping-taxable","25":"purchasable","26":"product-type-variable","27":"has-default-attributes"},"tiered_pricing_type":"percentage","tiered_pricing_fixed_rules":[],"tiered_pricing_product_settings":{"layout":"default","base_unit_name":{"singular":null,"plural":null},"default_variation":null},"tiered_pricing_minimum_quantity":10,"tiered_pricing_roles_data":[],"tiered_pricing_percentage_rules":{"30":"29","50":"35","100":"40","200":"44","500":"47","1000":"49"},"tiered_pricing_maximum_quantity":null,"tiered_pricing_quantity_step":"10","_links":{"self":[{"href":"https:\/\/agoravape.com\/it\/wp-json\/wp\/v2\/product\/13564","targetHints":{"allow":["GET"]}}],"collection":[{"href":"https:\/\/agoravape.com\/it\/wp-json\/wp\/v2\/product"}],"about":[{"href":"https:\/\/agoravape.com\/it\/wp-json\/wp\/v2\/types\/product"}],"replies":[{"embeddable":true,"href":"https:\/\/agoravape.com\/it\/wp-json\/wp\/v2\/comments?post=13564"}],"version-history":[{"count":0,"href":"https:\/\/agoravape.com\/it\/wp-json\/wp\/v2\/product\/13564\/revisions"}],"wp:featuredmedia":[{"embeddable":true,"href":"https:\/\/agoravape.com\/it\/wp-json\/wp\/v2\/media\/13585"}],"wp:attachment":[{"href":"https:\/\/agoravape.com\/it\/wp-json\/wp\/v2\/media?parent=13564"}],"wp:term":[{"taxonomy":"product_brand","embeddable":true,"href":"https:\/\/agoravape.com\/it\/wp-json\/wp\/v2\/product_brand?post=13564"},{"taxonomy":"product_cat","embeddable":true,"href":"https:\/\/agoravape.com\/it\/wp-json\/wp\/v2\/product_cat?post=13564"},{"taxonomy":"product_tag","embeddable":true,"href":"https:\/\/agoravape.com\/it\/wp-json\/wp\/v2\/product_tag?post=13564"}],"curies":[{"name":"wp","href":"https:\/\/api.w.org\/{rel}","templated":true}]}}