{"id":13604,"date":"2025-10-11T18:07:45","date_gmt":"2025-10-11T10:07:45","guid":{"rendered":"https:\/\/green-grasshopper-921422.hostingersite.com\/?post_type=product&#038;p=13604"},"modified":"2026-01-19T22:07:43","modified_gmt":"2026-01-19T14:07:43","slug":"sfog-soul-bar-15000-soffi-bevanda-vape","status":"publish","type":"product","link":"https:\/\/agoravape.com\/it\/product\/sfog-soul-bar-15000-puffs-beverage-vape\/","title":{"rendered":"SFOG Soul Bar 15000 Puff Sapore di Bevanda Vape | Grande numero di Puff. Sapore ispirato alle bevande."},"content":{"rendered":"<h2 data-v-md-heading=\"what-is-the-charm-of-sfog-soul-bar-15000-mouth-beverage-flavored-vapes\" data-v-md-line=\"3\">Qual \u00e8 il fascino di SFOG Soul Bar 15000 vapes al gusto di bevanda in bocca?<\/h2>\n<p data-v-md-line=\"4\">Se amate la scelta di bere e siete stanchi della rapida scadenza dei vapers usa e getta, allora questo prodotto sar\u00e0 la vostra scelta ideale. SFOG Soul Bar offre i classici sapori delle bevande per un'esperienza rilassante e conveniente. Durevole, stabile nel gusto e facile da usare.<\/p>\n<p data-v-md-line=\"6\">Se desiderate una svapata quotidiana affidabile senza dover armeggiare con la bottiglia o il nucleo dell'atomizzatore, questo prodotto \u00e8 la scelta ideale. Scegliete un aroma che bevete spesso e iniziate il vostro viaggio nel mondo del vaping.<\/p>\n<h2 data-v-md-heading=\"excellent-performance-easy-and-convenient\" data-v-md-line=\"8\">Prestazioni eccellenti, facile e conveniente<\/h2>\n<p data-v-md-line=\"9\">Soul Bar enfatizza la coerenza. Dall'inizio alla fine, riceverete un fumo liscio e uniforme, che vi permetter\u00e0 di mantenere un gusto familiare fin dal primo giorno. Quando la batteria \u00e8 scarica, basta caricarla per continuare a usarla. Non c'\u00e8 bisogno di pulsanti, n\u00e9 di menu. Una svapata semplice e facile da usare, adatta alle vostre abitudini quotidiane. Si potrebbe pensare che l'utilizzo di un dispositivo con 15000 porte sia problematico, ma in realt\u00e0 \u00e8 molto facile da usare.<\/p>\n<h2 data-v-md-heading=\"specification-introduction\" data-v-md-line=\"11\">Introduzione alle specifiche<\/h2>\n<ul data-v-md-line=\"12\">\n<li>Numero di porte: fino a 15000 porte<\/li>\n<li>Nicotina: I diversi mercati offrono concentrazioni diverse. Controllare le opzioni in questa pagina<\/li>\n<li>Principio di funzionamento: Attivato tramite inalazione<\/li>\n<li>Ricarica: Design ricaricabile. Attualmente, la maggior parte dei modelli utilizza l'interfaccia USB Tipo-C. Controllare il proprio dispositivo<\/li>\n<li>Stato: pronto all'uso dopo l'unboxing<\/li>\n<\/ul>\n<h2 data-v-md-heading=\"full-flavor-series\" data-v-md-line=\"18\">Serie dal sapore pieno<\/h2>\n<ul data-v-md-line=\"19\">\n<li>Yogurt all'arancia<\/li>\n<li>Gusto originale Yakut<\/li>\n<li>Bevande energetiche<\/li>\n<li>Coca-Cola classica<\/li>\n<li>Rum all'ananas e cocco<\/li>\n<li>Succo di mango<\/li>\n<li>Yogurt alla pesca e al mango<\/li>\n<li>Gelato al taro<\/li>\n<li>Strawberry ice cream<\/li>\n<li>Litchi e Longan<\/li>\n<li>Uva e mele<\/li>\n<li>Succo di mirtillo<\/li>\n<li>Kiwi alla fragola<\/li>\n<li>Ghiaccio all'anguria<\/li>\n<li>Doppia menta<\/li>\n<\/ul>\n<h2 data-v-md-heading=\"for-you-for-your-business\" data-v-md-line=\"35\">Per te, per il tuo business<\/h2>\n<p data-v-md-line=\"36\">Potete acquistare una Soul Bar SFOG per voi o farne scorta per il vostro negozio. Forniamo scatole di cartone all'ingrosso per i rivenditori. Il numero di scatole di cartone pu\u00f2 variare a seconda del lotto, quindi contattateci per conoscere il numero attuale di scatole di cartone e gli sconti sul prezzo.<\/p>\n<p data-v-md-line=\"38\">Le opzioni DDP sono disponibili in tutta Europa tramite UPS, DPD e DHL, rendendo il processo di spedizione molto semplice. Le tariffe sono state elaborate in anticipo, il che significa che non ci saranno spiacevoli sorprese alla dogana. L'ordine \u00e8 imballato con cura e completamente tracciato.<\/p>\n<h2 data-v-md-heading=\"why-do-you-like-it\" data-v-md-line=\"40\">Perch\u00e9 ti piace?<\/h2>\n<ul data-v-md-line=\"41\">\n<li>Godetevi il piacere di bere liberamente: Potete rifornirvi di energia in qualsiasi momento e continuare a usarla, evitando cos\u00ec di dover fare il pieno all'ultimo minuto o di correre al negozio.<\/li>\n<li>Selezione di bevande: Il gusto si ispira a bevande popolari come la cola, gli energy drink e gli yogurt misti. Dolce ma non grasso.<\/li>\n<li>Ricaricabile: \u00c8 possibile utilizzare completamente l'e-liquid incorporato senza dover buttare via l'attrezzatura usata a met\u00e0.<\/li>\n<li>Fumo continuo: Con una leggera boccata, si pu\u00f2 facilmente sperimentare il gusto familiare.<\/li>\n<li>Molteplici opzioni di gusto: Dai morbidi rotoli di yogurt alla frutta rinfrescante, ce n'\u00e8 sempre uno che si adatta al vostro uso quotidiano.<\/li>\n<\/ul>\n<h2 data-v-md-heading=\"why-choose-to-collaborate-with-agoravape\" data-v-md-line=\"47\">Perch\u00e9 scegliere di collaborare con AgoraVape?<\/h2>\n<p data-v-md-line=\"48\">Inviamo solo prodotti originali 100% da canali affidabili. Vi garantiamo la qualit\u00e0 e la tracciabilit\u00e0. I clienti aziendali possono godere di prezzi all'ingrosso competitivi, team di clienti professionali e servizi di consegna DDP veloci da UPS, DPD e DHL all'interno dell'Unione Europea.<\/p>\n<p data-v-md-line=\"50\">Supportiamo le vendite convalidate dall'et\u00e0 e seguiamo le linee guida del mercato UE. Riceverete fatture chiare, metodi di pagamento sicuri e un processo conveniente per la restituzione dei prodotti difettosi. Volete mettere sugli scaffali i vapes aromatizzati alla bevanda SFOG Soul Bar 15000? Non esitate a contattarci. Vi assisteremo nella scelta della combinazione di aroma e concentrazione di nicotina pi\u00f9 adatta ai vostri clienti.<\/p>","protected":false},"excerpt":{"rendered":"<p>What is the charm of SFOG Soul Bar 15000 mouth beverage flavored vapes? If you love the choice of drinking<\/p>","protected":false},"featured_media":13632,"comment_status":"open","ping_status":"closed","template":"","meta":[],"product_brand":[208],"product_cat":[124,185,1635,176,177,174,175,193,191,135,173,186,180,190],"product_tag":[],"class_list":{"0":"post-13604","1":"product","2":"type-product","3":"status-publish","4":"has-post-thumbnail","6":"product_brand-sfog","7":"product_cat-vape-by-brand","8":"product_cat-10000-puffs-high-capacity","9":"product_cat-15000-puffs","10":"product_cat-beverage","11":"product_cat-dessert-sweets","12":"product_cat-fruit-flavors","13":"product_cat-icy-mint","14":"product_cat-mesh-coil","15":"product_cat-rechargeable-disposables","16":"product_cat-sfog","17":"product_cat-vape-by-flavor-profile","18":"product_cat-vape-by-nicotine-strength","19":"product_cat-vape-by-puff-count","20":"product_cat-vape-by-feature-or-type","22":"first","23":"onbackorder","24":"shipping-taxable","25":"purchasable","26":"product-type-variable","27":"has-default-attributes"},"tiered_pricing_type":"percentage","tiered_pricing_fixed_rules":[],"tiered_pricing_product_settings":{"layout":"default","base_unit_name":{"singular":null,"plural":null},"default_variation":null},"tiered_pricing_minimum_quantity":10,"tiered_pricing_roles_data":[],"tiered_pricing_percentage_rules":{"30":"29","50":"35","100":"40","200":"44","500":"47","1000":"49"},"tiered_pricing_maximum_quantity":null,"tiered_pricing_quantity_step":"10","_links":{"self":[{"href":"https:\/\/agoravape.com\/it\/wp-json\/wp\/v2\/product\/13604","targetHints":{"allow":["GET"]}}],"collection":[{"href":"https:\/\/agoravape.com\/it\/wp-json\/wp\/v2\/product"}],"about":[{"href":"https:\/\/agoravape.com\/it\/wp-json\/wp\/v2\/types\/product"}],"replies":[{"embeddable":true,"href":"https:\/\/agoravape.com\/it\/wp-json\/wp\/v2\/comments?post=13604"}],"version-history":[{"count":0,"href":"https:\/\/agoravape.com\/it\/wp-json\/wp\/v2\/product\/13604\/revisions"}],"wp:featuredmedia":[{"embeddable":true,"href":"https:\/\/agoravape.com\/it\/wp-json\/wp\/v2\/media\/13632"}],"wp:attachment":[{"href":"https:\/\/agoravape.com\/it\/wp-json\/wp\/v2\/media?parent=13604"}],"wp:term":[{"taxonomy":"product_brand","embeddable":true,"href":"https:\/\/agoravape.com\/it\/wp-json\/wp\/v2\/product_brand?post=13604"},{"taxonomy":"product_cat","embeddable":true,"href":"https:\/\/agoravape.com\/it\/wp-json\/wp\/v2\/product_cat?post=13604"},{"taxonomy":"product_tag","embeddable":true,"href":"https:\/\/agoravape.com\/it\/wp-json\/wp\/v2\/product_tag?post=13604"}],"curies":[{"name":"wp","href":"https:\/\/api.w.org\/{rel}","templated":true}]}}