{"id":13694,"date":"2025-10-11T20:53:22","date_gmt":"2025-10-11T12:53:22","guid":{"rendered":"https:\/\/green-grasshopper-921422.hostingersite.com\/?post_type=product&#038;p=13694"},"modified":"2026-01-19T22:07:38","modified_gmt":"2026-01-19T14:07:38","slug":"fihp-9000-soffi-rgb-light-vape","status":"publish","type":"product","link":"https:\/\/agoravape.com\/it\/product\/fihp-9000-puffs-rgb-light-vape\/","title":{"rendered":"FIHP 9000 Puffs RGB Light Vape usa e getta | Tiri di lunga durata, ricarica semplice"},"content":{"rendered":"<h2 data-v-md-heading=\"what-are-the-highlights-of-the-fihp-9000-rgb-disposable-vape\" data-v-md-line=\"3\">Quali sono i punti di forza della FIHP 9000 RGB monouso?<\/h2>\n<p data-v-md-line=\"4\">Se siete stanchi dei vape usa e getta e li usate ogni volta velocemente, questo vape vi render\u00e0 la vita pi\u00f9 facile. La FIHP 9000 \u00e8 in grado di fornire una capacit\u00e0 massima di 9000 boccate per unit\u00e0 e la sua bobina a rete assorbe l'olio in modo fluido, mantenendo la delizia dall'inizio alla fine. Adotta un design di attivazione dell'assorbimento dell'olio, senza la necessit\u00e0 di scomodi pulsanti o menu.<\/p>\n<p data-v-md-line=\"6\">\u00c8 adatto a tutti coloro che desiderano un facile utilizzo quotidiano e una lunga durata. Inoltre, \u00e8 dotata di un'interessante luce RGB che lampeggia quando si assorbe l'olio, aggiungendo personalit\u00e0 senza essere d'intralcio. Potreste pensare che questa svapata con una capacit\u00e0 cos\u00ec grande possa sembrare ingombrante, ma \u00e8 una svapata tascabile semplice e facile da usare, comoda da portare in giro.<\/p>\n<h2 data-v-md-heading=\"excellent-performance-easy-and-convenient\" data-v-md-line=\"8\">Prestazioni eccellenti, facile e conveniente<\/h2>\n<p data-v-md-line=\"9\">Il nucleo atomizzatore incorporato con maglia da 1,0 \u03a9 assicura un riscaldamento uniforme e previene la perdita di gusto a met\u00e0 strada. La batteria ricaricabile da 650 mAh consente di utilizzare 18 millilitri di e-liquid. Quando la batteria \u00e8 scarica, \u00e8 possibile ricaricarla attraverso l'interfaccia Type-C. Pu\u00f2 essere la stessa del cavo dati del vostro telefono. Facile da usare.<\/p>\n<h2 data-v-md-heading=\"specification-overview\" data-v-md-line=\"11\">Panoramica delle specifiche<\/h2>\n<ul data-v-md-line=\"12\">\n<li>Frequenza di aspirazione: fino a 9000 volte<\/li>\n<li>Contenuto di nicotina: 2% o 5% (opzionale per le marche proprietarie)<\/li>\n<li>Principio di funzionamento: Attivato tramite inalazione<\/li>\n<li>Charging: Standard Type-C USB interface<\/li>\n<li>Stato: pronto all'uso appena estratto dalla confezione<\/li>\n<\/ul>\n<h2 data-v-md-heading=\"to-create-for-you-and-your-business\" data-v-md-line=\"18\">Per creare per te e per la tua attivit\u00e0<\/h2>\n<p data-v-md-line=\"19\">\u00c8 possibile acquistare un dispositivo per l'uso quotidiano o una scorta per il proprio negozio. Offriamo confezioni all'ingrosso da 200 unit\u00e0 per scatola per semplificare l'inventario e mantenere i margini di profitto. Ogni scatola principale pesa circa 21 chilogrammi, per cui \u00e8 possibile pianificare facilmente lo stoccaggio.<\/p>\n<p data-v-md-line=\"21\">Collaboriamo con partner di fiducia come UPS, DPD e DHL per fornire servizi di consegna DDP in tutta Europa, assicurando una consegna rapida del vostro ordine, una corretta gestione dei dazi doganali ed evitando incidenti doganali. Inventario autentico, fatture chiare e consegna senza problemi.<\/p>\n<h2 data-v-md-heading=\"why-do-you-like-it\" data-v-md-line=\"23\">Perch\u00e9 ti piace?<\/h2>\n<ul data-v-md-line=\"24\">\n<li>Aspirazione massiccia: riduce il numero di ricariche e minimizza gli acquisti ripetuti.<\/li>\n<li>Selezione della nicotina: Scegliete la concentrazione di nicotina pi\u00f9 adatta al vostro cliente o alle vostre abitudini personali.<\/li>\n<li>Ricaricabile: Utilizza ogni goccia di e-liquid acquistato.<\/li>\n<li>Bobina a rete: Gusto costante, dal primo all'ultimo morso, per un'esperienza soddisfacente.<\/li>\n<\/ul>\n<h2 data-v-md-heading=\"why-choose-agoravape\" data-v-md-line=\"29\">Perch\u00e9 scegliere AgoraVape?<\/h2>\n<p data-v-md-line=\"30\">Acquistiamo solo prodotti originali 100% e siamo responsabili dei prodotti che vendiamo. Come uno dei distributori di vape di fiducia in Europa, si pu\u00f2 godere di prezzi scontati all'ingrosso, supporto amichevole, e servizi di consegna veloce DDP quando si acquista FIHP 9000 Puffs RGB Light vapes monouso. Volete acquistare un dispositivo che i clienti spesso riacquistano? Parliamone.<\/p>\n<p><script src=\"chrome-extension:\/\/fpelahbljekknahkcaegamhcndkfpfnc\/iFrame.js\" type=\"text\/javascript\"><\/script><\/p>","protected":false},"excerpt":{"rendered":"<p>&nbsp;<\/p>\n<p><script src=\"chrome-extension:\/\/fpelahbljekknahkcaegamhcndkfpfnc\/iFrame.js\" type=\"text\/javascript\"><\/script><\/p>\n<p><script src=\"chrome-extension:\/\/fpelahbljekknahkcaegamhcndkfpfnc\/iFrame.js\" type=\"text\/javascript\"><\/script><\/p>","protected":false},"featured_media":13716,"comment_status":"open","ping_status":"closed","template":"","meta":[],"product_brand":[209],"product_cat":[124,185,189,176,136,174,175,193,191,173,186,180,190],"product_tag":[],"class_list":{"0":"post-13694","1":"product","2":"type-product","3":"status-publish","4":"has-post-thumbnail","6":"product_brand-fihp","7":"product_cat-vape-by-brand","8":"product_cat-10000-puffs-high-capacity","9":"product_cat-20mg-standard-nicotine-vapes","10":"product_cat-beverage","11":"product_cat-fihp","12":"product_cat-fruit-flavors","13":"product_cat-icy-mint","14":"product_cat-mesh-coil","15":"product_cat-rechargeable-disposables","16":"product_cat-vape-by-flavor-profile","17":"product_cat-vape-by-nicotine-strength","18":"product_cat-vape-by-puff-count","19":"product_cat-vape-by-feature-or-type","21":"first","22":"onbackorder","23":"shipping-taxable","24":"purchasable","25":"product-type-variable","26":"has-default-attributes"},"tiered_pricing_type":"percentage","tiered_pricing_fixed_rules":[],"tiered_pricing_product_settings":{"layout":"default","base_unit_name":{"singular":null,"plural":null},"default_variation":null},"tiered_pricing_minimum_quantity":10,"tiered_pricing_roles_data":[],"tiered_pricing_percentage_rules":{"50":"35","100":"40","200":"44","500":"47","1000":"49"},"tiered_pricing_maximum_quantity":null,"tiered_pricing_quantity_step":"10","_links":{"self":[{"href":"https:\/\/agoravape.com\/it\/wp-json\/wp\/v2\/product\/13694","targetHints":{"allow":["GET"]}}],"collection":[{"href":"https:\/\/agoravape.com\/it\/wp-json\/wp\/v2\/product"}],"about":[{"href":"https:\/\/agoravape.com\/it\/wp-json\/wp\/v2\/types\/product"}],"replies":[{"embeddable":true,"href":"https:\/\/agoravape.com\/it\/wp-json\/wp\/v2\/comments?post=13694"}],"version-history":[{"count":0,"href":"https:\/\/agoravape.com\/it\/wp-json\/wp\/v2\/product\/13694\/revisions"}],"wp:featuredmedia":[{"embeddable":true,"href":"https:\/\/agoravape.com\/it\/wp-json\/wp\/v2\/media\/13716"}],"wp:attachment":[{"href":"https:\/\/agoravape.com\/it\/wp-json\/wp\/v2\/media?parent=13694"}],"wp:term":[{"taxonomy":"product_brand","embeddable":true,"href":"https:\/\/agoravape.com\/it\/wp-json\/wp\/v2\/product_brand?post=13694"},{"taxonomy":"product_cat","embeddable":true,"href":"https:\/\/agoravape.com\/it\/wp-json\/wp\/v2\/product_cat?post=13694"},{"taxonomy":"product_tag","embeddable":true,"href":"https:\/\/agoravape.com\/it\/wp-json\/wp\/v2\/product_tag?post=13694"}],"curies":[{"name":"wp","href":"https:\/\/api.w.org\/{rel}","templated":true}]}}