{"id":13732,"date":"2025-10-11T21:10:03","date_gmt":"2025-10-11T13:10:03","guid":{"rendered":"https:\/\/green-grasshopper-921422.hostingersite.com\/?post_type=product&#038;p=13732"},"modified":"2026-01-19T22:07:30","modified_gmt":"2026-01-19T14:07:30","slug":"fihp-12000-soffi-display-a-led-vape","status":"publish","type":"product","link":"https:\/\/agoravape.com\/it\/product\/fihp-12000-puffs-led-display-vape\/","title":{"rendered":"FIHP 12000 Puffs LED Display Mesh Coil Vape | Aroma di lunga durata con controllo semplice"},"content":{"rendered":"<h2 data-v-md-heading=\"what-are-the-advantages-of-fihp-12000-led-display-screen-mesh-coil-electronic-cigarettes\" data-v-md-line=\"3\"><img loading=\"lazy\" decoding=\"async\" class=\"size-full wp-image-13746 alignright\" src=\"https:\/\/agoravape.com\/wp-content\/uploads\/2025\/10\/FIHP-12000-Puffs-LED-Display-Mesh-Coil-Vape_Agora_vape-1.webp\" alt=\"\" width=\"800\" height=\"800\" srcset=\"https:\/\/agoravape.com\/wp-content\/uploads\/2025\/10\/FIHP-12000-Puffs-LED-Display-Mesh-Coil-Vape_Agora_vape-1.webp 800w, https:\/\/agoravape.com\/wp-content\/uploads\/2025\/10\/FIHP-12000-Puffs-LED-Display-Mesh-Coil-Vape_Agora_vape-1-600x600.webp 600w, https:\/\/agoravape.com\/wp-content\/uploads\/2025\/10\/FIHP-12000-Puffs-LED-Display-Mesh-Coil-Vape_Agora_vape-1-300x300.webp 300w, https:\/\/agoravape.com\/wp-content\/uploads\/2025\/10\/FIHP-12000-Puffs-LED-Display-Mesh-Coil-Vape_Agora_vape-1-150x150.webp 150w, https:\/\/agoravape.com\/wp-content\/uploads\/2025\/10\/FIHP-12000-Puffs-LED-Display-Mesh-Coil-Vape_Agora_vape-1-768x768.webp 768w\" sizes=\"auto, (max-width: 800px) 100vw, 800px\" \/><\/h2>\n<h2 data-v-md-heading=\"what-are-the-advantages-of-fihp-12000-led-display-screen-mesh-coil-electronic-cigarettes\" data-v-md-line=\"3\">Quali sono i vantaggi delle sigarette elettroniche con schermo a rete e display LED FIHP 12000?<\/h2>\n<p data-v-md-line=\"4\">Se sei stanco di cambiare il tuo vaporizzatore ogni pochi giorni, questo prodotto pu\u00f2 semplificarti la vita. Il FIHP 12000 pu\u00f2 offrire una capacit\u00e0 fino a 12000 porte, con una bobina a rete per un'esperienza di aspirazione fluida e un display a LED per una facile visibilit\u00e0. Non preoccuparti, prendilo e goditi il \u200b\u200btuo svapo.<\/p>\n<p data-v-md-line=\"6\">\u00c8 adatto a chiunque desideri un gusto stabile e una batteria di lunga durata senza la necessit\u00e0 di impostazioni complicate. Desideri un'esperienza pulita e costante sempre e ovunque. Questo prodotto soddisfa le tue esigenze.<\/p>\n<h2 data-v-md-heading=\"excellent-performance-easy-and-convenient\" data-v-md-line=\"8\">Prestazioni eccellenti, facile e conveniente<\/h2>\n<p data-v-md-line=\"9\">La bobina a maglie da 1,0 \u03a9 garantisce un gusto costante. Ci\u00f2 significa che il sapore del primo e dell'ultimo boccone \u00e8 quasi identico. Potresti pensare che l'odore dei dispositivi ad alta aspirazione si affievolisca gradualmente, ma la bobina a maglie pu\u00f2 rimanere stabile. Quando la batteria \u00e8 scarica, puoi utilizzare un cavo dati di tipo C per caricarla. Potrebbe essere lo stesso cavo utilizzato sul tuo telefono. \u00c8 semplice.<\/p>\n<h2 data-v-md-heading=\"specification-introduction\" data-v-md-line=\"11\">Introduzione alle specifiche<\/h2>\n<ul data-v-md-line=\"12\">\n<li>Frequenza di aspirazione: fino a 12000 volte<\/li>\n<li>Contenuto di nicotina: standard 2% (20 mg\/mL); gli ordini con etichetta privata possono fornire un contenuto di nicotina del 5%<\/li>\n<li>Capacit\u00e0 del liquido elettronico: 20 millilitri<\/li>\n<li>Metodo di attivazione: pu\u00f2 essere utilizzato senza configurazione<\/li>\n<li>Charging method: Type-C USB interface<\/li>\n<li>Stato: Olio pre-riempito, ricaricabile<\/li>\n<\/ul>\n<h2 data-v-md-heading=\"complete-flavor-series\" data-v-md-line=\"19\">Serie completa di sapori<\/h2>\n<ul data-v-md-line=\"20\">\n<li>Ricco e rinfrescante<\/li>\n<li>L'uva \u00e8 rinfrescante<\/li>\n<li>Ciliegia<\/li>\n<li>Mirtilli e lamponi<\/li>\n<li>Kiwi alla fragola<\/li>\n<li>Frutti di bosco misti<\/li>\n<li>Strawberry watermelon<\/li>\n<li>Gomma da masticare all'anguria<\/li>\n<li>Pesca, Mango, Ananas<\/li>\n<li>Kiwi, passion fruit, guava<\/li>\n<\/ul>\n<h2 data-v-md-heading=\"for-you-and-your-business\" data-v-md-line=\"31\">For you and your business<\/h2>\n<p data-v-md-line=\"32\">Acquisti per te? Riceverai uno svapo di lunga durata, con un gusto stabile e una ricarica rapida. Facile da usare. Vuoi fare scorta per il tuo negozio? Offriamo confezioni all'ingrosso da 200 unit\u00e0 per scatola. Il peso della scatola di cartone \u00e8 di 17,5 chilogrammi, il che ti consente di pianificare facilmente lo stoccaggio e il trasporto.<\/p>\n<p data-v-md-line=\"34\">Collaboriamo con partner affidabili come UPS, DPD e DHL per utilizzare il trasporto DDP (Delivered Duty Paid) per garantire uno sdoganamento agevole delle vostre merci, senza imprevisti. Voi potete concentrarvi sulle vendite e noi ci occuperemo della documentazione necessaria.<\/p>\n<h2 data-v-md-heading=\"why-do-you-like-it\" data-v-md-line=\"36\">Perch\u00e9 ti piace?<\/h2>\n<ul data-v-md-line=\"37\">\n<li>Cicli di aspirazione multipli: maggiore durata, nessuna necessit\u00e0 di sostituire frequentemente l'attrezzatura.<\/li>\n<li>Selezione del contenuto di nicotina: per l'uso quotidiano \u00e8 possibile scegliere il 2% di nicotina, mentre i marchi privati \u200b\u200bpossono scegliere il 5% di nicotina.<\/li>\n<li>Ricaricabile: 20 ml di nicotina, utilizzare l'ultima goccia.<\/li>\n<li>Nucleo dell'atomizzatore a rete: mantiene un gusto costante a ogni aspirazione.<\/li>\n<\/ul>\n<h2 data-v-md-heading=\"why-choose-to-collaborate-with-agoravape\" data-v-md-line=\"42\">Perch\u00e9 scegliere di collaborare con AgoraVape?<\/h2>\n<p data-v-md-line=\"43\">Forniamo solo prodotti originali al 100% dei nostri marchi di fiducia. I clienti aziendali che acquistano le sigarette elettroniche FIHP 12000 LED con coil a mesh possono usufruire di prezzi all'ingrosso scontati, assistenza rapida e servizi di consegna rapidi e affidabili. Contattateci per fare scorta di un dispositivo che vale la pena riacquistare per i vostri clienti.<\/p>\n<p data-v-md-line=\"43\"><img loading=\"lazy\" decoding=\"async\" class=\"aligncenter size-full wp-image-13747\" src=\"https:\/\/agoravape.com\/wp-content\/uploads\/2025\/10\/FIHP-12000-Puffs-LED-Display-Mesh-Coil-Vape_Agora_vape-2.webp\" alt=\"\" width=\"800\" height=\"800\" srcset=\"https:\/\/agoravape.com\/wp-content\/uploads\/2025\/10\/FIHP-12000-Puffs-LED-Display-Mesh-Coil-Vape_Agora_vape-2.webp 800w, https:\/\/agoravape.com\/wp-content\/uploads\/2025\/10\/FIHP-12000-Puffs-LED-Display-Mesh-Coil-Vape_Agora_vape-2-600x600.webp 600w, https:\/\/agoravape.com\/wp-content\/uploads\/2025\/10\/FIHP-12000-Puffs-LED-Display-Mesh-Coil-Vape_Agora_vape-2-300x300.webp 300w, https:\/\/agoravape.com\/wp-content\/uploads\/2025\/10\/FIHP-12000-Puffs-LED-Display-Mesh-Coil-Vape_Agora_vape-2-150x150.webp 150w, https:\/\/agoravape.com\/wp-content\/uploads\/2025\/10\/FIHP-12000-Puffs-LED-Display-Mesh-Coil-Vape_Agora_vape-2-768x768.webp 768w\" sizes=\"auto, (max-width: 800px) 100vw, 800px\" \/><\/p>","protected":false},"excerpt":{"rendered":"<p>Quali sono i vantaggi delle sigarette elettroniche FIHP 12000 LED display screen mesh coil? Se siete stanchi di cambiare le<\/p>","protected":false},"featured_media":13757,"comment_status":"open","ping_status":"closed","template":"","meta":[],"product_brand":[209],"product_cat":[124,185,1634,189,177,136,174,175,193,191,173,186,180,190,192],"product_tag":[],"class_list":{"0":"post-13732","1":"product","2":"type-product","3":"status-publish","4":"has-post-thumbnail","6":"product_brand-fihp","7":"product_cat-vape-by-brand","8":"product_cat-10000-puffs-high-capacity","9":"product_cat-12000-puffs","10":"product_cat-20mg-standard-nicotine-vapes","11":"product_cat-dessert-sweets","12":"product_cat-fihp","13":"product_cat-fruit-flavors","14":"product_cat-icy-mint","15":"product_cat-mesh-coil","16":"product_cat-rechargeable-disposables","17":"product_cat-vape-by-flavor-profile","18":"product_cat-vape-by-nicotine-strength","19":"product_cat-vape-by-puff-count","20":"product_cat-vape-by-feature-or-type","21":"product_cat-vapes-with-screens","23":"first","24":"onbackorder","25":"shipping-taxable","26":"purchasable","27":"product-type-variable","28":"has-default-attributes"},"tiered_pricing_type":"percentage","tiered_pricing_fixed_rules":[],"tiered_pricing_product_settings":{"layout":"default","base_unit_name":{"singular":null,"plural":null},"default_variation":null},"tiered_pricing_minimum_quantity":10,"tiered_pricing_roles_data":[],"tiered_pricing_percentage_rules":{"50":"35","100":"40","200":"44","500":"47","1000":"49"},"tiered_pricing_maximum_quantity":null,"tiered_pricing_quantity_step":"10","_links":{"self":[{"href":"https:\/\/agoravape.com\/it\/wp-json\/wp\/v2\/product\/13732","targetHints":{"allow":["GET"]}}],"collection":[{"href":"https:\/\/agoravape.com\/it\/wp-json\/wp\/v2\/product"}],"about":[{"href":"https:\/\/agoravape.com\/it\/wp-json\/wp\/v2\/types\/product"}],"replies":[{"embeddable":true,"href":"https:\/\/agoravape.com\/it\/wp-json\/wp\/v2\/comments?post=13732"}],"version-history":[{"count":0,"href":"https:\/\/agoravape.com\/it\/wp-json\/wp\/v2\/product\/13732\/revisions"}],"wp:featuredmedia":[{"embeddable":true,"href":"https:\/\/agoravape.com\/it\/wp-json\/wp\/v2\/media\/13757"}],"wp:attachment":[{"href":"https:\/\/agoravape.com\/it\/wp-json\/wp\/v2\/media?parent=13732"}],"wp:term":[{"taxonomy":"product_brand","embeddable":true,"href":"https:\/\/agoravape.com\/it\/wp-json\/wp\/v2\/product_brand?post=13732"},{"taxonomy":"product_cat","embeddable":true,"href":"https:\/\/agoravape.com\/it\/wp-json\/wp\/v2\/product_cat?post=13732"},{"taxonomy":"product_tag","embeddable":true,"href":"https:\/\/agoravape.com\/it\/wp-json\/wp\/v2\/product_tag?post=13732"}],"curies":[{"name":"wp","href":"https:\/\/api.w.org\/{rel}","templated":true}]}}