{"id":13804,"date":"2025-10-11T21:39:53","date_gmt":"2025-10-11T13:39:53","guid":{"rendered":"https:\/\/green-grasshopper-921422.hostingersite.com\/?post_type=product&#038;p=13804"},"modified":"2026-02-22T15:15:12","modified_gmt":"2026-02-22T14:15:12","slug":"fihp-shisha-narghile-12000-soffi-dtl-vape","status":"publish","type":"product","link":"https:\/\/agoravape.com\/it\/product\/fihp-shisha-hookah-12000-puffs-dtl-vape\/","title":{"rendered":"FIHP Shisha Hookah 12000 Puffs DTL LED Vape | Long-Lasting DTL Flavour with Easy USB-C Charging"},"content":{"rendered":"<h2 data-v-md-heading=\"what-are-the-highlights-of-the-fihp-shisha-hookah-12000-dtl-led-vape\" data-v-md-line=\"3\"><\/h2>\n<h2 data-v-md-heading=\"what-are-the-highlights-of-the-fihp-shisha-hookah-12000-dtl-led-vape\" data-v-md-line=\"3\">Quali sono i punti di forza del FIHP Shisha Hookah 12000 DTL LED vape?<\/h2>\n<p data-v-md-line=\"4\">Se siete stanchi dei vapori usa e getta che si consumano subito dopo aver fumato, potreste dare un'occhiata a questo prodotto. Il narghil\u00e8 FIHP Shisha pu\u00f2 emettere fino a 12000 porte e l'aspirazione DTL \u00e8 fluida, rendendo facile spruzzare un vapore soddisfacente senza alcuna operazione.<\/p>\n<p data-v-md-line=\"6\">\u00c8 adatto a tutti coloro che desiderano una svapata di lunga durata, comoda, dal gusto costante e facile da usare. Non sono necessarie impostazioni o pulsanti. Basta inalare in modo pulito, con un chiaro display a LED e una ricarica affidabile quando necessario.<\/p>\n<h2 data-v-md-heading=\"excellent-performance-without-any-complex-operations\" data-v-md-line=\"8\">Prestazioni eccellenti senza operazioni complesse<\/h2>\n<p data-v-md-line=\"9\">La bobina a rete si trova al centro del dispositivo, rendendo ogni boccone delizioso come il primo. Mantiene un gusto distinto ed equilibrato. Quando la batteria \u00e8 esaurita, non \u00e8 necessario un cavo dati speciale. \u00c8 sufficiente collegarlo a un caricabatterie standard di tipo C per continuare a utilizzarlo. Facile da usare.<\/p>\n<h2 data-v-md-heading=\"specification-overview\" data-v-md-line=\"11\">Panoramica delle specifiche<\/h2>\n<ul data-v-md-line=\"12\">\n<li>Frequenza di aspirazione: fino a 12000 volte<\/li>\n<li>Contenuto di nicotina: 6 milligrammi<\/li>\n<li>Working principle: Activate with just one puff<\/li>\n<li>Metodo di ricarica: Porta USB standard Tipo-C<\/li>\n<li>Stato: pronto all'uso dopo l'unboxing<\/li>\n<\/ul>\n<h2 data-v-md-heading=\"full-range-of-flavors\" data-v-md-line=\"18\">Full range of flavors<\/h2>\n<ul data-v-md-line=\"19\">\n<li>Ghiaccio all'anguria<\/li>\n<li>Ghiaccio all'uva<\/li>\n<li>Mirtilli e lamponi<\/li>\n<li>Kiwi alla fragola<\/li>\n<li>Frutti di bosco misti<\/li>\n<li>Strawberry watermelon<\/li>\n<li>Gomma da masticare all'anguria<\/li>\n<li>Pesca Mang Ananas<\/li>\n<li>Kiwi, passion fruit, guava<\/li>\n<li>Strawberry, raspberry, cherry<\/li>\n<\/ul>\n<h2 data-v-md-heading=\"for-you-for-your-business\" data-v-md-line=\"30\">Per te, per il tuo business<\/h2>\n<p data-v-md-line=\"31\">Potete sceglierne uno per voi o farne scorta per il vostro negozio. Scatola all'ingrosso, 200 pezzi per scatola, stoccaggio e trasporto comodi ed efficienti. Il peso totale della scatola di cartone \u00e8 di circa 20 kg, quindi la pianificazione logistica \u00e8 molto semplice.<\/p>\n<p data-v-md-line=\"33\">Forniamo servizi DDP a pagamento attraverso partner fidati come UPS, DPD e DHL, che possono essere spediti in tutta Europa per garantire una consegna senza problemi del vostro ordine ed evitare incidenti doganali. Se vendete prodotti a base di nicotina, assicuratevi di rispettare le normative locali del vostro mercato.<\/p>\n<h2 data-v-md-heading=\"why-do-you-like-it\" data-v-md-line=\"35\">Perch\u00e9 ti piace?<\/h2>\n<ul data-v-md-line=\"36\">\n<li>Grande capacit\u00e0 di aspirazione: durevole e duraturo, non necessita di sostituzioni frequenti.<\/li>\n<li>Selezione della concentrazione di nicotina: Se preferite un gusto pi\u00f9 morbido, potete scegliere una concentrazione stabile di 6 mg.<\/li>\n<li>Ricaricabile: L'e-liquid acquistato durer\u00e0 fino al suo esaurimento.<\/li>\n<li>Bobina a rete: pu\u00f2 offrire un gusto stabile e ricco ogni volta.<\/li>\n<li>Aspirazione fine: L'aspirazione morbida garantisce un fumo naturale e omogeneo.<\/li>\n<\/ul>\n<h2 data-v-md-heading=\"why-choose-to-collaborate-with-agoravape\" data-v-md-line=\"42\">Perch\u00e9 scegliere di collaborare con AgoraVape?<\/h2>\n<p data-v-md-line=\"43\">Come uno dei distributori di vape pi\u00f9 affidabili in Europa, vendiamo solo prodotti originali 100%. Per i clienti commerciali, questo significa che FIHP Shisha Hookah 12000 Puffs DTL LED vapes offrir\u00e0 prezzi scontati all'ingrosso, un supporto clienti reattivo e servizi di consegna veloci e affidabili. Benvenuti a contattarci e a preparare un dispositivo affidabile per i vostri clienti.<\/p>","protected":false},"excerpt":{"rendered":"<p>What are the highlights of the FIHP Shisha Hookah 12000 DTL LED vape? If you are tired of disposable vapes<\/p>","protected":false},"featured_media":13811,"comment_status":"open","ping_status":"closed","template":"","meta":[],"product_brand":[209],"product_cat":[124,185,1634,189,177,136,174,193,191,173,186,180,190,192],"product_tag":[],"class_list":{"0":"post-13804","1":"product","2":"type-product","3":"status-publish","4":"has-post-thumbnail","6":"product_brand-fihp","7":"product_cat-vape-by-brand","8":"product_cat-10000-puffs-high-capacity","9":"product_cat-12000-puffs","10":"product_cat-20mg-standard-nicotine-vapes","11":"product_cat-dessert-sweets","12":"product_cat-fihp","13":"product_cat-fruit-flavors","14":"product_cat-mesh-coil","15":"product_cat-rechargeable-disposables","16":"product_cat-vape-by-flavor-profile","17":"product_cat-vape-by-nicotine-strength","18":"product_cat-vape-by-puff-count","19":"product_cat-vape-by-feature-or-type","20":"product_cat-vapes-with-screens","22":"first","23":"onbackorder","24":"shipping-taxable","25":"purchasable","26":"product-type-variable","27":"has-default-attributes"},"tiered_pricing_type":"percentage","tiered_pricing_fixed_rules":[],"tiered_pricing_product_settings":{"layout":"default","base_unit_name":{"singular":null,"plural":null},"default_variation":null},"tiered_pricing_minimum_quantity":10,"tiered_pricing_roles_data":[],"tiered_pricing_percentage_rules":{"50":"35","100":"40","200":"44","500":"47","1000":"49"},"tiered_pricing_maximum_quantity":null,"tiered_pricing_quantity_step":"10","_links":{"self":[{"href":"https:\/\/agoravape.com\/it\/wp-json\/wp\/v2\/product\/13804","targetHints":{"allow":["GET"]}}],"collection":[{"href":"https:\/\/agoravape.com\/it\/wp-json\/wp\/v2\/product"}],"about":[{"href":"https:\/\/agoravape.com\/it\/wp-json\/wp\/v2\/types\/product"}],"replies":[{"embeddable":true,"href":"https:\/\/agoravape.com\/it\/wp-json\/wp\/v2\/comments?post=13804"}],"version-history":[{"count":0,"href":"https:\/\/agoravape.com\/it\/wp-json\/wp\/v2\/product\/13804\/revisions"}],"wp:featuredmedia":[{"embeddable":true,"href":"https:\/\/agoravape.com\/it\/wp-json\/wp\/v2\/media\/13811"}],"wp:attachment":[{"href":"https:\/\/agoravape.com\/it\/wp-json\/wp\/v2\/media?parent=13804"}],"wp:term":[{"taxonomy":"product_brand","embeddable":true,"href":"https:\/\/agoravape.com\/it\/wp-json\/wp\/v2\/product_brand?post=13804"},{"taxonomy":"product_cat","embeddable":true,"href":"https:\/\/agoravape.com\/it\/wp-json\/wp\/v2\/product_cat?post=13804"},{"taxonomy":"product_tag","embeddable":true,"href":"https:\/\/agoravape.com\/it\/wp-json\/wp\/v2\/product_tag?post=13804"}],"curies":[{"name":"wp","href":"https:\/\/api.w.org\/{rel}","templated":true}]}}