{"id":13872,"date":"2025-10-12T12:39:45","date_gmt":"2025-10-12T04:39:45","guid":{"rendered":"https:\/\/green-grasshopper-921422.hostingersite.com\/?post_type=product&#038;p=13872"},"modified":"2026-01-19T22:07:06","modified_gmt":"2026-01-19T14:07:06","slug":"cuffie-airmez-xbeat-40k-puffs-vape","status":"publish","type":"product","link":"https:\/\/agoravape.com\/it\/product\/airmez-xbeat-40k-puffs-vape-headphones\/","title":{"rendered":"Airmez Xbeat 40K Puffs Vape con cuffie Hi-Fi | Grandi tiri e audio integrato"},"content":{"rendered":"<h2 data-v-md-heading=\"what-are-the-advantages-of-using-airmez-xbeat-40k-to-smoke-vapes-and-pairing-it-with-hi-fi-headphones\" data-v-md-line=\"3\"><img loading=\"lazy\" decoding=\"async\" class=\"aligncenter size-full wp-image-13901\" src=\"https:\/\/agoravape.com\/wp-content\/uploads\/2025\/10\/Airmez-Xbeat-40K-Puffs-Vape-with-Hi-Fi-Headphones-SUMMER-DREAM_Agora_vape-16.webp\" alt=\"\" width=\"2080\" height=\"2080\" srcset=\"https:\/\/agoravape.com\/wp-content\/uploads\/2025\/10\/Airmez-Xbeat-40K-Puffs-Vape-with-Hi-Fi-Headphones-SUMMER-DREAM_Agora_vape-16.webp 2080w, https:\/\/agoravape.com\/wp-content\/uploads\/2025\/10\/Airmez-Xbeat-40K-Puffs-Vape-with-Hi-Fi-Headphones-SUMMER-DREAM_Agora_vape-16-600x600.webp 600w, https:\/\/agoravape.com\/wp-content\/uploads\/2025\/10\/Airmez-Xbeat-40K-Puffs-Vape-with-Hi-Fi-Headphones-SUMMER-DREAM_Agora_vape-16-1200x1200.webp 1200w, https:\/\/agoravape.com\/wp-content\/uploads\/2025\/10\/Airmez-Xbeat-40K-Puffs-Vape-with-Hi-Fi-Headphones-SUMMER-DREAM_Agora_vape-16-300x300.webp 300w, https:\/\/agoravape.com\/wp-content\/uploads\/2025\/10\/Airmez-Xbeat-40K-Puffs-Vape-with-Hi-Fi-Headphones-SUMMER-DREAM_Agora_vape-16-1024x1024.webp 1024w, https:\/\/agoravape.com\/wp-content\/uploads\/2025\/10\/Airmez-Xbeat-40K-Puffs-Vape-with-Hi-Fi-Headphones-SUMMER-DREAM_Agora_vape-16-150x150.webp 150w, https:\/\/agoravape.com\/wp-content\/uploads\/2025\/10\/Airmez-Xbeat-40K-Puffs-Vape-with-Hi-Fi-Headphones-SUMMER-DREAM_Agora_vape-16-768x768.webp 768w, https:\/\/agoravape.com\/wp-content\/uploads\/2025\/10\/Airmez-Xbeat-40K-Puffs-Vape-with-Hi-Fi-Headphones-SUMMER-DREAM_Agora_vape-16-1536x1536.webp 1536w, https:\/\/agoravape.com\/wp-content\/uploads\/2025\/10\/Airmez-Xbeat-40K-Puffs-Vape-with-Hi-Fi-Headphones-SUMMER-DREAM_Agora_vape-16-2048x2048.webp 2048w\" sizes=\"auto, (max-width: 2080px) 100vw, 2080px\" \/><\/h2>\n<h2 data-v-md-heading=\"what-are-the-advantages-of-using-airmez-xbeat-40k-to-smoke-vapes-and-pairing-it-with-hi-fi-headphones\" data-v-md-line=\"3\">Quali sono i vantaggi dell'utilizzo di Airmez Xbeat 40K per fumare sigarette elettroniche e abbinarlo a cuffie Hi Fi?<\/h2>\n<p data-v-md-line=\"4\">Se non ti piace che le tue sigarette elettroniche si scarichino improvvisamente a met\u00e0 settimana, allora questo prodotto \u00e8 fatto su misura per te. Airmez Xbeat pu\u00f2 fornire fino a 40.000 porte di aspirazione ed \u00e8 dotato di audio Hi-Fi Bluetooth, che ti permette di ascoltare musica sempre e ovunque, anche in movimento.<\/p>\n<p data-v-md-line=\"6\">Se desideri uno svapo affidabile, saporito e senza pensieri, questo prodotto \u00e8 la scelta ideale. Ha un aspetto elegante, una sensazione di comfort e un design magnetico che mantiene tutto in ordine. La funzione audio non \u00e8 affatto opzionale. Supporta il Bluetooth 5.0 e si collega in modo fluido e pratico.<\/p>\n<h2 data-v-md-heading=\"excellent-performance-no-need-for-complex-operations\" data-v-md-line=\"8\">Prestazioni eccellenti, nessuna necessit\u00e0 di operazioni complesse<\/h2>\n<p data-v-md-line=\"9\">Il cuore di Xbeat \u00e8 la bobina mesh da 0,8 \u03a9 di seconda generazione, che garantisce un gusto costante dal primo all'ultimo boccone. Il design a doppia aspirazione ti aiuta a trovare lo stile di aspirazione pi\u00f9 adatto a te. Quando la batteria \u00e8 scarica, basta collegare il cavo dati Type-C per ricaricarla completamente. \u00c8 semplice. Potresti pensare che questi auricolari siano solo un espediente, ma il loro audio Hi-Fi utilizza la tecnologia Bluetooth 5.0 e il design \u00e8 davvero intelligente.<\/p>\n<h2 data-v-md-heading=\"specification-introduction\" data-v-md-line=\"11\">Introduzione alle specifiche<\/h2>\n<ul data-v-md-line=\"12\">\n<li>Frequenza di aspirazione: fino a 40000 volte<\/li>\n<li>Contenuto di nicotina: 5% (50 mg)<\/li>\n<li>Principio di funzionamento: Attivato tramite inalazione<\/li>\n<li>Charging: Standard Type-C USB interface<\/li>\n<li>Batteria: batteria ricaricabile da 1000 mAh<\/li>\n<li>E-liquid: 22 millilitri<\/li>\n<li>Volume di aspirazione: doppio regolabile<\/li>\n<li>Nucleo di atomizzazione: nucleo di atomizzazione a maglie di seconda generazione, 0,8 \u03a9<\/li>\n<li>Design: superficie verniciata liscia con componenti magnetici<\/li>\n<li>Stato: pronto all'uso dopo l'unboxing<\/li>\n<\/ul>\n<h2 data-v-md-heading=\"full-range-of-flavors\" data-v-md-line=\"23\">Full range of flavors<\/h2>\n<ul data-v-md-line=\"24\">\n<li>\n<div>\n<div>FRAGOLA ANGURIA UVA<\/div>\n<\/div>\n<\/li>\n<li>\n<div>\n<div>SOGNO D'ESTATE<\/div>\n<\/div>\n<\/li>\n<li>\n<div>\n<div>KIWI UVA LAMPONE<\/div>\n<\/div>\n<\/li>\n<li>\n<div>\n<div>Cola alla ciliegia gassata<\/div>\n<\/div>\n<\/li>\n<li>\n<div>\n<div>SIGNOR BLU<\/div>\n<\/div>\n<\/li>\n<li>\n<div>\n<div>FRAGOLA KIWI<\/div>\n<\/div>\n<\/li>\n<li>\n<div>\n<div>MIRTILLO E BANANA<\/div>\n<\/div>\n<\/li>\n<li>\n<div>\n<div>DOPPIA MELA<\/div>\n<\/div>\n<\/li>\n<li>\n<div>\n<div>GHIACCIO AL MIRTILLO<\/div>\n<\/div>\n<\/li>\n<li>\n<div>\n<div>GHIACCIO ALL'ANGURIA<\/div>\n<\/div>\n<\/li>\n<li>\n<div>\n<div>PUNCH TROPICALE<\/div>\n<\/div>\n<\/li>\n<li>\n<div>\n<div>PESCA SUCCOSA<\/div>\n<\/div>\n<\/li>\n<li>\n<div>\n<div>COME UNA Cola<\/div>\n<\/div>\n<\/li>\n<li>\n<div>GHIACCIO ALL'ANANAS<\/div>\n<\/li>\n<li>\n<div>\n<div>GHIACCIO AL MANGO<\/div>\n<\/div>\n<\/li>\n<\/ul>\n<h2 data-v-md-heading=\"for-you-for-your-business\" data-v-md-line=\"39\">Per te, per il tuo business<\/h2>\n<p data-v-md-line=\"40\">Puoi acquistare Airmez Xbeat 40K singolarmente o aggiungerlo al tuo negozio. L'espositore per la vendita al dettaglio contiene 5 unit\u00e0 per scatola, mentre la scatola pi\u00f9 grande pu\u00f2 contenerne 200. Offriamo servizi di consegna sdoganata (DDP) tramite partner affidabili come UPS, DPD e DHL, in modo che gli ordini possano essere consegnati in dogana, evitando imprevisti alla dogana. Se necessario, effettueremo la verifica dell'et\u00e0 durante il checkout e la consegna.<\/p>\n<h2 data-v-md-heading=\"why-do-you-like-it\" data-v-md-line=\"42\">Perch\u00e9 ti piace?<\/h2>\n<ul data-v-md-line=\"43\">\n<li>Pi\u00f9 tiri: resistenti e duraturi, non c'\u00e8 bisogno di acquistare frequentemente nuove sigarette.<\/li>\n<li>5% di nicotina: per chi preferisce sapori pi\u00f9 forti, pu\u00f2 offrire un'esperienza intensa e soddisfacente.<\/li>\n<li>Interfaccia Type-C ricaricabile: puoi utilizzare tutto l'e-liquid acquistato e caricarlo utilizzando lo stesso cavo dati del tuo telefono.<\/li>\n<li>Atomizzatore a rete di seconda generazione: gusto costante, aspirazione fluida e senza ostacoli ogni volta.<\/li>\n<li>Doppia aspirazione: puoi regolare il metodo di aspirazione che preferisci, sia che tu preferisca la tenuta o la traspirabilit\u00e0.<\/li>\n<li>Audio Hi Fi Bluetooth 5.0: ascolto comodo sempre e ovunque.<\/li>\n<\/ul>\n<h2 data-v-md-heading=\"why-choose-agoravape\" data-v-md-line=\"50\">Perch\u00e9 scegliere AgoraVape?<\/h2>\n<p data-v-md-line=\"51\">Siamo uno dei distributori di sigarette elettroniche pi\u00f9 affidabili in Europa e offriamo solo prodotti originali al 100%. Gli acquirenti aziendali che acquistano le sigarette elettroniche Airmez Xbeat 40K (con auricolari Hi-Fi) possono usufruire di prezzi all'ingrosso scontati, assistenza affidabile e servizi di consegna DDP rapidi e affidabili. Contatta il nostro team per preparare un prodotto che i tuoi clienti siano disposti a riacquistare.<\/p>","protected":false},"excerpt":{"rendered":"<p>&nbsp;<\/p>\n<p><script src=\"chrome-extension:\/\/fpelahbljekknahkcaegamhcndkfpfnc\/iFrame.js\" type=\"text\/javascript\"><\/script><\/p>\n<p><script src=\"chrome-extension:\/\/fpelahbljekknahkcaegamhcndkfpfnc\/iFrame.js\" type=\"text\/javascript\"><\/script><\/p>\n<p><script src=\"chrome-extension:\/\/fpelahbljekknahkcaegamhcndkfpfnc\/iFrame.js\" type=\"text\/javascript\"><\/script><\/p>","protected":false},"featured_media":13900,"comment_status":"open","ping_status":"closed","template":"","meta":[],"product_brand":[210],"product_cat":[124,185,189,137,177,174,175,193,191,179,173,186,180,190],"product_tag":[],"class_list":{"0":"post-13872","1":"product","2":"type-product","3":"status-publish","4":"has-post-thumbnail","6":"product_brand-airmez","7":"product_cat-vape-by-brand","8":"product_cat-10000-puffs-high-capacity","9":"product_cat-20mg-standard-nicotine-vapes","10":"product_cat-airmez","11":"product_cat-dessert-sweets","12":"product_cat-fruit-flavors","13":"product_cat-icy-mint","14":"product_cat-mesh-coil","15":"product_cat-rechargeable-disposables","16":"product_cat-unique-blends","17":"product_cat-vape-by-flavor-profile","18":"product_cat-vape-by-nicotine-strength","19":"product_cat-vape-by-puff-count","20":"product_cat-vape-by-feature-or-type","22":"first","23":"onbackorder","24":"shipping-taxable","25":"purchasable","26":"product-type-variable","27":"has-default-attributes"},"tiered_pricing_type":"percentage","tiered_pricing_fixed_rules":[],"tiered_pricing_product_settings":{"layout":"default","base_unit_name":{"singular":null,"plural":null},"default_variation":null},"tiered_pricing_minimum_quantity":10,"tiered_pricing_roles_data":[],"tiered_pricing_percentage_rules":{"30":"29","50":"35","100":"40","200":"44","500":"47","1000":"49"},"tiered_pricing_maximum_quantity":null,"tiered_pricing_quantity_step":"10","_links":{"self":[{"href":"https:\/\/agoravape.com\/it\/wp-json\/wp\/v2\/product\/13872","targetHints":{"allow":["GET"]}}],"collection":[{"href":"https:\/\/agoravape.com\/it\/wp-json\/wp\/v2\/product"}],"about":[{"href":"https:\/\/agoravape.com\/it\/wp-json\/wp\/v2\/types\/product"}],"replies":[{"embeddable":true,"href":"https:\/\/agoravape.com\/it\/wp-json\/wp\/v2\/comments?post=13872"}],"version-history":[{"count":0,"href":"https:\/\/agoravape.com\/it\/wp-json\/wp\/v2\/product\/13872\/revisions"}],"wp:featuredmedia":[{"embeddable":true,"href":"https:\/\/agoravape.com\/it\/wp-json\/wp\/v2\/media\/13900"}],"wp:attachment":[{"href":"https:\/\/agoravape.com\/it\/wp-json\/wp\/v2\/media?parent=13872"}],"wp:term":[{"taxonomy":"product_brand","embeddable":true,"href":"https:\/\/agoravape.com\/it\/wp-json\/wp\/v2\/product_brand?post=13872"},{"taxonomy":"product_cat","embeddable":true,"href":"https:\/\/agoravape.com\/it\/wp-json\/wp\/v2\/product_cat?post=13872"},{"taxonomy":"product_tag","embeddable":true,"href":"https:\/\/agoravape.com\/it\/wp-json\/wp\/v2\/product_tag?post=13872"}],"curies":[{"name":"wp","href":"https:\/\/api.w.org\/{rel}","templated":true}]}}