{"id":13921,"date":"2025-10-12T12:58:30","date_gmt":"2025-10-12T04:58:30","guid":{"rendered":"https:\/\/green-grasshopper-921422.hostingersite.com\/?post_type=product&#038;p=13921"},"modified":"2026-01-30T17:31:05","modified_gmt":"2026-01-30T09:31:05","slug":"airmez-fox-4-in-1-quad-flavour-vape","status":"publish","type":"product","link":"https:\/\/agoravape.com\/it\/product\/airmez-fox-4-in-1-quad-flavor-vape\/","title":{"rendered":"Airmez Fox 4-in-1 Quad Flavor Disposable Vape | Four flavours, one device"},"content":{"rendered":"<h2 data-v-md-heading=\"what-exactly-is-the-airmez-fox-four-in-one-four-flavored-disposable-vape\" data-v-md-line=\"3\"><img loading=\"lazy\" decoding=\"async\" class=\"aligncenter size-full wp-image-13947\" src=\"https:\/\/agoravape.com\/wp-content\/uploads\/2025\/10\/Airmez-Fox-4-in-1-Quad-Flavor-Disposable-Vape_Agora_vape-11.webp\" alt=\"\" width=\"2480\" height=\"2480\" srcset=\"https:\/\/agoravape.com\/wp-content\/uploads\/2025\/10\/Airmez-Fox-4-in-1-Quad-Flavor-Disposable-Vape_Agora_vape-11.webp 2480w, https:\/\/agoravape.com\/wp-content\/uploads\/2025\/10\/Airmez-Fox-4-in-1-Quad-Flavor-Disposable-Vape_Agora_vape-11-600x600.webp 600w, https:\/\/agoravape.com\/wp-content\/uploads\/2025\/10\/Airmez-Fox-4-in-1-Quad-Flavor-Disposable-Vape_Agora_vape-11-1200x1200.webp 1200w, https:\/\/agoravape.com\/wp-content\/uploads\/2025\/10\/Airmez-Fox-4-in-1-Quad-Flavor-Disposable-Vape_Agora_vape-11-300x300.webp 300w, https:\/\/agoravape.com\/wp-content\/uploads\/2025\/10\/Airmez-Fox-4-in-1-Quad-Flavor-Disposable-Vape_Agora_vape-11-1024x1024.webp 1024w, https:\/\/agoravape.com\/wp-content\/uploads\/2025\/10\/Airmez-Fox-4-in-1-Quad-Flavor-Disposable-Vape_Agora_vape-11-150x150.webp 150w, https:\/\/agoravape.com\/wp-content\/uploads\/2025\/10\/Airmez-Fox-4-in-1-Quad-Flavor-Disposable-Vape_Agora_vape-11-768x768.webp 768w, https:\/\/agoravape.com\/wp-content\/uploads\/2025\/10\/Airmez-Fox-4-in-1-Quad-Flavor-Disposable-Vape_Agora_vape-11-1536x1536.webp 1536w, https:\/\/agoravape.com\/wp-content\/uploads\/2025\/10\/Airmez-Fox-4-in-1-Quad-Flavor-Disposable-Vape_Agora_vape-11-2048x2048.webp 2048w\" sizes=\"auto, (max-width: 2480px) 100vw, 2480px\" \/><\/h2>\n<h2 data-v-md-heading=\"what-exactly-is-the-airmez-fox-four-in-one-four-flavored-disposable-vape\" data-v-md-line=\"3\">What exactly is the Airmez Fox four in one four flavored disposable vape?<\/h2>\n<p data-v-md-line=\"4\">If you like diversity, you definitely don\u2019t want to carry four different vapes. Airmez Fox integrates four different flavors into a rechargeable disposable vape, allowing you to easily switch between them. Each flavor compartment has a capacity of 15 milliliters, for a total of 60 milliliters, which is sufficient to meet your taste needs.<\/p>\n<p data-v-md-line=\"6\">If you want to easily switch flavors and achieve stable performance without worrying about settings, then this product is the ideal choice. It adopts a mesh coil to ensure that the taste remains clear and consistent from the first use to the last use.<\/p>\n<h2 data-v-md-heading=\"excellent-performance-no-need-for-complex-operations\" data-v-md-line=\"8\">Prestazioni eccellenti, nessuna necessit\u00e0 di operazioni complesse<\/h2>\n<p data-v-md-line=\"9\">The mesh coil heats evenly, maintaining a refreshing and balanced taste. There will be no sudden drop in battery level that may cause a dull feeling during the last few uses. When the battery is low, you can use the Type-C interface to charge it. Just use your existing USB-C cable.<\/p>\n<h2 data-v-md-heading=\"specification-overview\" data-v-md-line=\"11\">Panoramica delle specifiche<\/h2>\n<ul data-v-md-line=\"12\">\n<li>Suction frequency: Manufacturer not specified. Focus on the large capacity of 60 milliliters.<\/li>\n<li>Nicotine content: Manufacturer not specified. View the existing advantages in your market<\/li>\n<li>Working principle: Simple suction design<\/li>\n<li>Charging: Standard Type-C USB interface<\/li>\n<li>Battery: 650mAh<\/li>\n<li>Coil: Mesh coil<\/li>\n<li>E-liquid capacity: 15ml x 4 cartridges (total 60ml)<\/li>\n<li>Stato: pronto all'uso dopo l'unboxing<\/li>\n<li>SKU\uff1aAirmez-FOX-4IN1<\/li>\n<\/ul>\n<h2 data-v-md-heading=\"full-flavor-series\" data-v-md-line=\"22\">Serie dal sapore pieno<\/h2>\n<ul data-v-md-line=\"23\">\n<li>Set 1: Strawberry Raspberry \u2022 Strawberry Kiwi \u2022 Strawberry Ice \u2022 Peach Mango Watermelon<\/li>\n<li>Set 2: Watermelon Ice \u2022 Strawberry Watermelon \u2022 Raspberry Watermelon \u2022 Blueberry Raspberry<\/li>\n<li>Set 3: Pink Lemonade \u2022 Passionate Kiss \u2022 Mixed Berries \u2022 Triple Berries<\/li>\n<li>Set 4: Cherry \u2022 Love 66 \u2022 Berry Lemon Water \u2022 Grape Ice<\/li>\n<li>Set 5: Mango Peach \u2022 Tropical Fruit \u2022 Peach Ice \u2022 Sour Mango Pineapple<\/li>\n<li>Set 6: Grape Ice \u2022 Love 66 \u2022 Ice Blueberries \u2022 Dragon Fruit Ice<\/li>\n<li>Set 7: Love 66 \u2022 Cherry \u2022 Ice Blueberry \u2022 Kiwi Passion Fruit Guava<\/li>\n<li>Set 8: Peach Ice \u2022 Pink Lemon Water \u2022 Watermelon Ice \u2022 Dr. Blue<\/li>\n<li>Set 9: Red Mojito \u2022 Love 66 \u2022 Mixed Berries \u2022 Strawberry Watermelon<\/li>\n<li>Set 10: Peach, Mango, Watermelon, Blueberry, Cherry, Watermelon, Dragon Fruit, Passion Fruit Kiss<\/li>\n<\/ul>\n<h2 data-v-md-heading=\"for-you-for-your-business\" data-v-md-line=\"34\">Per te, per il tuo business<\/h2>\n<p data-v-md-line=\"35\">Puoi scegliere Airmez Fox per uso personale o aggiungerlo al tuo negozio. Ogni scatola espositiva \u00e8 confezionata con 10 pezzi, rendendo l'esposizione del prodotto ordinata e concisa. La scatola di cartone principale pu\u00f2 contenere 100 unit\u00e0, con dimensioni di 518 \u00d7 273 \u00d7 267 millimetri e un peso lordo di 14 chilogrammi. Pertanto, la pianificazione dello spazio sugli scaffali e la logistica di magazzino sono molto semplici.<\/p>\n<p data-v-md-line=\"37\">Collaboriamo con partner fidati come UPS, DPD e DHL per fornire servizi di consegna DDP in tutta Europa. Ci\u00f2 significa che le tariffe sono state prepagate per evitare imprevisti in dogana.<\/p>\n<h2 data-v-md-heading=\"why-do-you-like-it\" data-v-md-line=\"39\">Perch\u00e9 ti piace?<\/h2>\n<ul data-v-md-line=\"40\">\n<li>Grande capacit\u00e0: capacit\u00e0 totale di 60 ml, maggiore durata della batteria, non \u00e8 necessario sostituirla ogni pochi giorni<\/li>\n<li>Selezione della nicotina: la concentrazione dell'e-liquid varia nei diversi mercati, quindi puoi scegliere la nicotina appropriata<\/li>\n<li>Ricaricabile: la ricarica di tipo C ti consente di utilizzare al massimo ogni goccia di e-liquid<\/li>\n<li>Bobina a rete: gusto costante ed esperienza di aspirazione fluida<\/li>\n<\/ul>\n<h2 data-v-md-heading=\"why-collaborate-with-agoravape\" data-v-md-line=\"45\">Perch\u00e9 collaborare con AgoraVape?<\/h2>\n<p data-v-md-line=\"46\">Vendiamo solo prodotti originali e ne forniamo le relative garanzie. Acquistando all'ingrosso le sigarette elettroniche usa e getta Airmez Fox quattro in uno con quattro aromi, otterrai prezzi scontati, un'assistenza affidabile e un servizio di consegna DDP rapido e affidabile. Contatta il nostro team per prenotare prodotti che valga davvero la pena restituire ai tuoi clienti.<\/p>","protected":false},"excerpt":{"rendered":"<p>&nbsp;<\/p>\n<p><script src=\"chrome-extension:\/\/fpelahbljekknahkcaegamhcndkfpfnc\/iFrame.js\" type=\"text\/javascript\"><\/script><\/p>\n<p><script src=\"chrome-extension:\/\/fpelahbljekknahkcaegamhcndkfpfnc\/iFrame.js\" type=\"text\/javascript\"><\/script><\/p>\n<p><script src=\"chrome-extension:\/\/fpelahbljekknahkcaegamhcndkfpfnc\/iFrame.js\" type=\"text\/javascript\"><\/script><\/p>","protected":false},"featured_media":13946,"comment_status":"open","ping_status":"closed","template":"","meta":[],"product_brand":[210],"product_cat":[124,185,137,176,195,174,175,193,191,173,186,180,190],"product_tag":[],"class_list":{"0":"post-13921","1":"product","2":"type-product","3":"status-publish","4":"has-post-thumbnail","6":"product_brand-airmez","7":"product_cat-vape-by-brand","8":"product_cat-10000-puffs-high-capacity","9":"product_cat-airmez","10":"product_cat-beverage","11":"product_cat-dual-flavor-switch","12":"product_cat-fruit-flavors","13":"product_cat-icy-mint","14":"product_cat-mesh-coil","15":"product_cat-rechargeable-disposables","16":"product_cat-vape-by-flavor-profile","17":"product_cat-vape-by-nicotine-strength","18":"product_cat-vape-by-puff-count","19":"product_cat-vape-by-feature-or-type","21":"first","22":"instock","23":"shipping-taxable","24":"purchasable","25":"product-type-variable","26":"has-default-attributes"},"tiered_pricing_type":"percentage","tiered_pricing_fixed_rules":[],"tiered_pricing_product_settings":{"layout":"default","base_unit_name":{"singular":null,"plural":null},"default_variation":null},"tiered_pricing_minimum_quantity":10,"tiered_pricing_roles_data":[],"tiered_pricing_percentage_rules":{"30":"29","50":"35","100":"40","200":"44","500":"47","1000":"49"},"tiered_pricing_maximum_quantity":null,"tiered_pricing_quantity_step":"10","_links":{"self":[{"href":"https:\/\/agoravape.com\/it\/wp-json\/wp\/v2\/product\/13921","targetHints":{"allow":["GET"]}}],"collection":[{"href":"https:\/\/agoravape.com\/it\/wp-json\/wp\/v2\/product"}],"about":[{"href":"https:\/\/agoravape.com\/it\/wp-json\/wp\/v2\/types\/product"}],"replies":[{"embeddable":true,"href":"https:\/\/agoravape.com\/it\/wp-json\/wp\/v2\/comments?post=13921"}],"version-history":[{"count":0,"href":"https:\/\/agoravape.com\/it\/wp-json\/wp\/v2\/product\/13921\/revisions"}],"wp:featuredmedia":[{"embeddable":true,"href":"https:\/\/agoravape.com\/it\/wp-json\/wp\/v2\/media\/13946"}],"wp:attachment":[{"href":"https:\/\/agoravape.com\/it\/wp-json\/wp\/v2\/media?parent=13921"}],"wp:term":[{"taxonomy":"product_brand","embeddable":true,"href":"https:\/\/agoravape.com\/it\/wp-json\/wp\/v2\/product_brand?post=13921"},{"taxonomy":"product_cat","embeddable":true,"href":"https:\/\/agoravape.com\/it\/wp-json\/wp\/v2\/product_cat?post=13921"},{"taxonomy":"product_tag","embeddable":true,"href":"https:\/\/agoravape.com\/it\/wp-json\/wp\/v2\/product_tag?post=13921"}],"curies":[{"name":"wp","href":"https:\/\/api.w.org\/{rel}","templated":true}]}}