{"id":13996,"date":"2025-10-12T13:27:58","date_gmt":"2025-10-12T05:27:58","guid":{"rendered":"https:\/\/green-grasshopper-921422.hostingersite.com\/?post_type=product&#038;p=13996"},"modified":"2026-01-19T22:07:00","modified_gmt":"2026-01-19T14:07:00","slug":"fumud-12k-soffi-indicatore-di-potenza-vape","status":"publish","type":"product","link":"https:\/\/agoravape.com\/it\/product\/fumud-12k-puffs-power-indicator-vape\/","title":{"rendered":"Fumud 12K Puffs Vape monouso con indicatore di alimentazione | Gusto duraturo reso semplice"},"content":{"rendered":"<h2 data-v-md-heading=\"what-about-the-fumud-12k-disposable-vape-with-battery-indicator-light\" data-v-md-line=\"3\">What about the Fumud 12K disposable vape with battery indicator light?<\/h2>\n<p data-v-md-line=\"4\">If you are tired of disposable vapes that consume power quickly, then this product is worth a look. The Fumud 12K has a suction capacity of up to 12000 times and is equipped with clear battery and e-liquid indicator lights on the front, allowing you to stay informed of the current status at any time. No need to guess, and there will be no unexpected dry suction.<\/p>\n<p data-v-md-line=\"6\">It is suitable for anyone who wants a reliable, delicious, and effortless vape. Inhale to activate. Charging through Type-C interface. From the first bite to the last bite, you can enjoy the pure taste brought by the mesh coil. Simple and easy to understand.<\/p>\n<h2 data-v-md-heading=\"excellent-performance-without-any-complexity\" data-v-md-line=\"8\">Excellent performance without any complexity<\/h2>\n<p data-v-md-line=\"9\">The mesh coil is the core of Fumud 12K. That\u2019s why every bite brings a consistent and smooth taste. When the battery is low, you can use the Type-C data cable that you may already have to connect. The battery and fuel indicator lights on the screen will tell you when you need to charge and when the e-liquid is low. You may think that disposable large mouth cigarettes can be troublesome, but this product is very simple and easy to use.<\/p>\n<h2 data-v-md-heading=\"specification-introduction\" data-v-md-line=\"11\">Introduzione alle specifiche<\/h2>\n<ul data-v-md-line=\"12\">\n<li>Frequenza di aspirazione: fino a 12000 volte<\/li>\n<li>Nicotine content: 2% (20 mg\/mL), meets TPD standards<\/li>\n<li>Principio di funzionamento: Attivato tramite inalazione<\/li>\n<li>Charging: Standard Type-C USB interface<\/li>\n<li>Stato: pronto all'uso appena estratto dalla confezione<\/li>\n<li>Capacit\u00e0 del liquido elettronico: 20 millilitri<\/li>\n<li>Atomization Core: Mesh Atomization Core<\/li>\n<li>Battery: 500mAh rechargeable battery<\/li>\n<li>Indicator lights: screen battery level and e-liquid level<\/li>\n<li>Packaging: 10 pieces per display box, 200 pieces per box<\/li>\n<\/ul>\n<h2 data-v-md-heading=\"full-range-of-flavors\" data-v-md-line=\"23\">Full range of flavors<\/h2>\n<ul data-v-md-line=\"24\">\n<li>Strawberry and watermelon flavor<\/li>\n<li>Gusto acqua al mirtillo e limone<\/li>\n<li>Kiwi, passion fruit, guava flavor<\/li>\n<li>Iced blueberry flavor<\/li>\n<li>Grape Ice Flavor<\/li>\n<li>Gusto Coca-Cola alla ciliegia<\/li>\n<li>Watermelon ice flavor<\/li>\n<li>Gusto di frutti di bosco misti<\/li>\n<li>Pink lemon water flavor<\/li>\n<li>Gusto ghiaccio alla pesca<\/li>\n<li>Ice cream flavor<\/li>\n<li>Berry flavored lemon water<\/li>\n<li>Strawberry and Banana<\/li>\n<li>Dr. Lan<\/li>\n<li>Ciliegia<\/li>\n<li>Dragon Fruit Ice<\/li>\n<li>Amore 66<\/li>\n<li>Ghiaccio alla fragola<\/li>\n<li>Ghiaccio nero<\/li>\n<li>Vimto<\/li>\n<\/ul>\n<p data-v-md-line=\"45\">Quickly experience the taste. Blueberry lemon water brings a sweet and sour taste. Watermelon ice keeps fresh and cool, without being too strong. The mixed berry has a juicy and smooth taste.<\/p>\n<h2 data-v-md-heading=\"for-you-and-your-business\" data-v-md-line=\"47\">For you and your business<\/h2>\n<p data-v-md-line=\"48\">You can purchase a Fumud 12K disposable vape with a charge indicator separately for personal use. If you run a store, you can purchase a 10 pack display box or a 200 pack cardboard box. We provide tax paid delivery services within Europe through trusted carriers such as UPS, DPD, and DHL, ensuring that your order arrives after tax payment and avoiding customs accidents.<\/p>\n<p data-v-md-line=\"50\">We need a stable source of goods. We will help you plan restocking and constantly update flavors to keep your shelves fresh.<\/p>\n<h2 data-v-md-heading=\"why-do-you-like-it\" data-v-md-line=\"52\">Perch\u00e9 ti piace?<\/h2>\n<ul data-v-md-line=\"53\">\n<li>Large smoking capacity: longer battery life, no need to frequently purchase new cartridges.<\/li>\n<li>Clear battery indicator light: lets you know when to charge and reduces the risk of running out of battery.<\/li>\n<li>Ricaricabile: puoi utilizzare tutti gli e-liquidi acquistati.<\/li>\n<li>Bobina a rete: pu\u00f2 offrire un gusto stabile e ricco ogni volta.<\/li>\n<li>2% nicotine that meets TPD standards: This is a familiar attraction for adult vape users who prefer a stronger throat sensation.<\/li>\n<\/ul>\n<h2 data-v-md-heading=\"why-choose-to-collaborate-with-agoravape\" data-v-md-line=\"59\">Perch\u00e9 scegliere di collaborare con AgoraVape?<\/h2>\n<p data-v-md-line=\"60\">Vendiamo solo dispositivi Fumud originali al 100%. Puoi usufruire di prezzi all'ingrosso competitivi, termini e condizioni semplici e un supporto rapido. Gli ordini possono essere spediti rapidamente tramite DDP tramite UPS, DPD e DHL. Rispettiamo le normative UE, inclusi i controlli di et\u00e0 e i limiti di nicotina. Il pagamento \u00e8 sicuro e affidabile e la merce pu\u00f2 essere tracciata durante l'intero processo. Contatta il nostro team: i tuoi clienti che acquisteranno apprezzeranno davvero il tuo prodotto.<\/p>","protected":false},"excerpt":{"rendered":"<p>&nbsp;<\/p>\n<p><script src=\"chrome-extension:\/\/fpelahbljekknahkcaegamhcndkfpfnc\/iFrame.js\" type=\"text\/javascript\"><\/script><\/p>\n<p><script src=\"chrome-extension:\/\/fpelahbljekknahkcaegamhcndkfpfnc\/iFrame.js\" type=\"text\/javascript\"><\/script><\/p>\n<p><script src=\"chrome-extension:\/\/fpelahbljekknahkcaegamhcndkfpfnc\/iFrame.js\" type=\"text\/javascript\"><\/script><\/p>","protected":false},"featured_media":14026,"comment_status":"open","ping_status":"closed","template":"","meta":[],"product_brand":[210],"product_cat":[124,185,189,137,176,177,174,175,193,191,179,173,186,180,190,192],"product_tag":[],"class_list":{"0":"post-13996","1":"product","2":"type-product","3":"status-publish","4":"has-post-thumbnail","6":"product_brand-airmez","7":"product_cat-vape-by-brand","8":"product_cat-10000-puffs-high-capacity","9":"product_cat-20mg-standard-nicotine-vapes","10":"product_cat-airmez","11":"product_cat-beverage","12":"product_cat-dessert-sweets","13":"product_cat-fruit-flavors","14":"product_cat-icy-mint","15":"product_cat-mesh-coil","16":"product_cat-rechargeable-disposables","17":"product_cat-unique-blends","18":"product_cat-vape-by-flavor-profile","19":"product_cat-vape-by-nicotine-strength","20":"product_cat-vape-by-puff-count","21":"product_cat-vape-by-feature-or-type","22":"product_cat-vapes-with-screens","24":"first","25":"onbackorder","26":"shipping-taxable","27":"purchasable","28":"product-type-variable","29":"has-default-attributes"},"tiered_pricing_type":"percentage","tiered_pricing_fixed_rules":[],"tiered_pricing_product_settings":{"layout":"default","base_unit_name":{"singular":null,"plural":null},"default_variation":null},"tiered_pricing_minimum_quantity":10,"tiered_pricing_roles_data":[],"tiered_pricing_percentage_rules":{"30":"29","50":"35","100":"40","200":"44","500":"47","1000":"49"},"tiered_pricing_maximum_quantity":null,"tiered_pricing_quantity_step":"10","_links":{"self":[{"href":"https:\/\/agoravape.com\/it\/wp-json\/wp\/v2\/product\/13996","targetHints":{"allow":["GET"]}}],"collection":[{"href":"https:\/\/agoravape.com\/it\/wp-json\/wp\/v2\/product"}],"about":[{"href":"https:\/\/agoravape.com\/it\/wp-json\/wp\/v2\/types\/product"}],"replies":[{"embeddable":true,"href":"https:\/\/agoravape.com\/it\/wp-json\/wp\/v2\/comments?post=13996"}],"version-history":[{"count":0,"href":"https:\/\/agoravape.com\/it\/wp-json\/wp\/v2\/product\/13996\/revisions"}],"wp:featuredmedia":[{"embeddable":true,"href":"https:\/\/agoravape.com\/it\/wp-json\/wp\/v2\/media\/14026"}],"wp:attachment":[{"href":"https:\/\/agoravape.com\/it\/wp-json\/wp\/v2\/media?parent=13996"}],"wp:term":[{"taxonomy":"product_brand","embeddable":true,"href":"https:\/\/agoravape.com\/it\/wp-json\/wp\/v2\/product_brand?post=13996"},{"taxonomy":"product_cat","embeddable":true,"href":"https:\/\/agoravape.com\/it\/wp-json\/wp\/v2\/product_cat?post=13996"},{"taxonomy":"product_tag","embeddable":true,"href":"https:\/\/agoravape.com\/it\/wp-json\/wp\/v2\/product_tag?post=13996"}],"curies":[{"name":"wp","href":"https:\/\/api.w.org\/{rel}","templated":true}]}}