{"id":14104,"date":"2025-10-12T21:33:32","date_gmt":"2025-10-12T13:33:32","guid":{"rendered":"https:\/\/green-grasshopper-921422.hostingersite.com\/?post_type=product&#038;p=14104"},"modified":"2026-01-30T17:28:53","modified_gmt":"2026-01-30T09:28:53","slug":"aivono-aim-fatbear-80k-puff-3-in-1-vape","status":"publish","type":"product","link":"https:\/\/agoravape.com\/it\/product\/aivono-aim-fatbear-80k-puffs-3-in-1-vape\/","title":{"rendered":"Aivono Aim Fatbear 80K Puffs 3-in-1 Flavor Vape | Triple Flavour. Huge Lifespan"},"content":{"rendered":"<h2 data-v-md-heading=\"what-is-the-charm-of-aivono-aim-fatbear-80k-vaping-three-in-one\" data-v-md-line=\"3\">Qual \u00e8 il fascino di Aivono Aim Fatbear 80K, che svapa tre in uno?<\/h2>\n<p data-v-md-line=\"4\">Se sei stanco delle sigarette elettroniche usa e getta che si consumano in pochi giorni, potresti dare un'occhiata a questo prodotto. Aivono Aim Fatbear \u00e8 uno svapo con una batteria che dura fino a 80.000 tiri, che integra tre aromi in uno. Non c'\u00e8 bisogno di fare sforzi, basta prenderlo in mano e goderselo.<\/p>\n<p data-v-md-line=\"6\">\u00c8 adatto a chiunque voglia sperimentare facilmente diversi aromi e ha un'eccellente resistenza. Dall'inizio alla fine, potrai godere di un'esperienza di aspirazione fluida e di un gusto ricco. Potresti pensare che le sigarette elettroniche con cos\u00ec tanta capacit\u00e0 siano ingombranti, ma sono sorprendentemente piccole, misurano solo 40 x 40 x 115 millimetri e possono stare facilmente in tasca.<\/p>\n<h2 data-v-md-heading=\"excellent-performance-easy-and-convenient\" data-v-md-line=\"8\">Prestazioni eccellenti, facile e conveniente<\/h2>\n<p data-v-md-line=\"9\">La coil a doppia maglia da 0,8 \u03a9 ha la responsabilit\u00e0 di garantire un gusto puro e costante a ogni boccone. Assorbe rapidamente l'olio e ha una fragranza di lunga durata. Quando la batteria \u00e8 scarica, \u00e8 possibile ricaricarla tramite l'interfaccia Type-C e il cavo di ricarica pu\u00f2 essere lo stesso del telefono. La batteria da 650 mAh \u00e8 ricaricabile, quindi \u00e8 possibile utilizzare tutti i 58 millilitri di e-liquid. Il display a LED consente di visualizzare facilmente lo stato a colpo d'occhio.<\/p>\n<h2 data-v-md-heading=\"specification-introduction\" data-v-md-line=\"11\">Introduzione alle specifiche<\/h2>\n<ul data-v-md-line=\"12\">\n<li>Frequenza di aspirazione: fino a 80000 volte<\/li>\n<li>Contenuto di nicotina: 0%, 2%, 3%, 5%<\/li>\n<li>Working principle: Activate with just one puff<\/li>\n<li>Charging: Standard Type-C USB interface<\/li>\n<li>Stato: pronto all'uso appena estratto dalla confezione<\/li>\n<\/ul>\n<h2 data-v-md-heading=\"full-flavor-series\" data-v-md-line=\"18\">Serie dal sapore pieno<\/h2>\n<ul data-v-md-line=\"19\">\n<li>Mirtilli, lamponi, gelato al limone e gelato all'ananas<\/li>\n<li>Ghiaccio alla fragola + ghiaccio all'anguria + musica pop<\/li>\n<li>Ghiaccio al mango + ananas e cocco + ghiaccio alla pesca<\/li>\n<li>Ghiaccio alla ciliegia + ghiaccio alla Coca-Cola + ghiaccio al melone<\/li>\n<li>Gelato all'uva, alla menta e alla fragola<\/li>\n<li>Mela verde (aspra) + banana fragola + mango aspro e ananas<\/li>\n<li>Frutti di bosco misti + Kiwi e fragole + Anguria e fragole<\/li>\n<li>Kiwi Frutto della Passione+Amore 66+Ghiaccio al Mango<\/li>\n<li>Ghiaccio all'anguria + frutti di bosco alla pesca + cola alla ciliegia<\/li>\n<li>Red Bull Energy+Fragola Anguria+Zucchero Lampone<\/li>\n<\/ul>\n<h2 data-v-md-heading=\"for-you-and-for-your-business-as-well\" data-v-md-line=\"30\">Per te e anche per la tua attivit\u00e0<\/h2>\n<p data-v-md-line=\"31\">\u00c8 possibile acquistare Aivono Aim Fatbear 80K tre aromi in uno per uso personale o per il proprio negozio. Il prodotto all'ingrosso viene fornito sotto forma di 150 scatole di cartone, con dimensioni di imballaggio chiare per una facile manipolazione. Forniamo servizi di consegna DDP attraverso partner di fiducia come UPS, DPD e DHL per garantire che riceviate le vostre merci rapidamente e gestire i dazi doganali prima dell'arrivo. Prevenire gli incidenti doganali.<\/p>\n<p data-v-md-line=\"33\">Le normative variano da paese a paese. Se prevedete di importare grandi volumi di apparecchiature, consultate le normative locali. Vendiamo solo prodotti Aivono originali, cos\u00ec potete acquistare in tutta tranquillit\u00e0.<\/p>\n<h2 data-v-md-heading=\"the-reason-why-you-will-like-it\" data-v-md-line=\"35\">Il motivo per cui ti piacer\u00e0<\/h2>\n<ul data-v-md-line=\"36\">\n<li>Numero elevato di sigarette: resistenti e durevoli, non c'\u00e8 bisogno di acquistare frequentemente nuove sigarette.<\/li>\n<li>Selezione del contenuto di nicotina: scegli 0%, 2%, 3% o 5% in base alle tue abitudini.<\/li>\n<li>Ricaricabile: ogni goccia di e-liquid acquistata viene utilizzata completamente.<\/li>\n<li>Bobina a rete: garantisce sempre un gusto ricco e uniforme.<\/li>\n<li>Triplo in un unico gusto: goditi pi\u00f9 scelte senza dover portare con te pi\u00f9 dispositivi.<\/li>\n<\/ul>\n<h2 data-v-md-heading=\"why-collaborate-with-agoravape\" data-v-md-line=\"42\">Perch\u00e9 collaborare con AgoraVape?<\/h2>\n<p data-v-md-line=\"43\">Siamo uno dei distributori di sigarette elettroniche pi\u00f9 affidabili in Europa e vendiamo solo prodotti originali al 100%. Per gli acquirenti commerciali, questo significa che la sigaretta elettronica Aivono Aim Fatbear 80K con tre aromi in uno offre prezzi all'ingrosso scontati, un servizio clienti rapido e un servizio di consegna rapido con consegna a domicilio. Contattaci subito per acquistare questa sigaretta elettronica con tre aromi in uno e i tuoi clienti torneranno sicuramente.<\/p>","protected":false},"excerpt":{"rendered":"<p>&nbsp;<\/p>\n<p><script src=\"chrome-extension:\/\/fpelahbljekknahkcaegamhcndkfpfnc\/iFrame.js\" type=\"text\/javascript\"><\/script><\/p>\n<p><script src=\"chrome-extension:\/\/fpelahbljekknahkcaegamhcndkfpfnc\/iFrame.js\" type=\"text\/javascript\"><\/script><\/p>\n<p><script src=\"chrome-extension:\/\/fpelahbljekknahkcaegamhcndkfpfnc\/iFrame.js\" type=\"text\/javascript\"><\/script><\/p>\n<p><script src=\"chrome-extension:\/\/fpelahbljekknahkcaegamhcndkfpfnc\/iFrame.js\" type=\"text\/javascript\"><\/script><\/p>","protected":false},"featured_media":14131,"comment_status":"open","ping_status":"closed","template":"","meta":[],"product_brand":[211],"product_cat":[124,187,185,189,138,176,177,195,174,175,193,191,173,186,180,190,192],"product_tag":[],"class_list":{"0":"post-14104","1":"product","2":"type-product","3":"status-publish","4":"has-post-thumbnail","6":"product_brand-aivono","7":"product_cat-vape-by-brand","8":"product_cat-0mg-nicotine-free-vapes","9":"product_cat-10000-puffs-high-capacity","10":"product_cat-20mg-standard-nicotine-vapes","11":"product_cat-aivono","12":"product_cat-beverage","13":"product_cat-dessert-sweets","14":"product_cat-dual-flavor-switch","15":"product_cat-fruit-flavors","16":"product_cat-icy-mint","17":"product_cat-mesh-coil","18":"product_cat-rechargeable-disposables","19":"product_cat-vape-by-flavor-profile","20":"product_cat-vape-by-nicotine-strength","21":"product_cat-vape-by-puff-count","22":"product_cat-vape-by-feature-or-type","23":"product_cat-vapes-with-screens","25":"first","26":"instock","27":"shipping-taxable","28":"purchasable","29":"product-type-variable","30":"has-default-attributes"},"tiered_pricing_type":"percentage","tiered_pricing_fixed_rules":[],"tiered_pricing_product_settings":{"layout":"default","base_unit_name":{"singular":null,"plural":null},"default_variation":null},"tiered_pricing_minimum_quantity":10,"tiered_pricing_roles_data":[],"tiered_pricing_percentage_rules":{"30":"29","50":"35","100":"40","200":"44","500":"47","1000":"49"},"tiered_pricing_maximum_quantity":null,"tiered_pricing_quantity_step":"10","_links":{"self":[{"href":"https:\/\/agoravape.com\/it\/wp-json\/wp\/v2\/product\/14104","targetHints":{"allow":["GET"]}}],"collection":[{"href":"https:\/\/agoravape.com\/it\/wp-json\/wp\/v2\/product"}],"about":[{"href":"https:\/\/agoravape.com\/it\/wp-json\/wp\/v2\/types\/product"}],"replies":[{"embeddable":true,"href":"https:\/\/agoravape.com\/it\/wp-json\/wp\/v2\/comments?post=14104"}],"version-history":[{"count":0,"href":"https:\/\/agoravape.com\/it\/wp-json\/wp\/v2\/product\/14104\/revisions"}],"wp:featuredmedia":[{"embeddable":true,"href":"https:\/\/agoravape.com\/it\/wp-json\/wp\/v2\/media\/14131"}],"wp:attachment":[{"href":"https:\/\/agoravape.com\/it\/wp-json\/wp\/v2\/media?parent=14104"}],"wp:term":[{"taxonomy":"product_brand","embeddable":true,"href":"https:\/\/agoravape.com\/it\/wp-json\/wp\/v2\/product_brand?post=14104"},{"taxonomy":"product_cat","embeddable":true,"href":"https:\/\/agoravape.com\/it\/wp-json\/wp\/v2\/product_cat?post=14104"},{"taxonomy":"product_tag","embeddable":true,"href":"https:\/\/agoravape.com\/it\/wp-json\/wp\/v2\/product_tag?post=14104"}],"curies":[{"name":"wp","href":"https:\/\/api.w.org\/{rel}","templated":true}]}}