{"id":14291,"date":"2025-10-12T22:46:44","date_gmt":"2025-10-12T14:46:44","guid":{"rendered":"https:\/\/green-grasshopper-921422.hostingersite.com\/?post_type=product&#038;p=14291"},"modified":"2026-03-27T06:21:42","modified_gmt":"2026-03-27T05:21:42","slug":"aivono-aim-puffstar-6500-puffs-vape","status":"publish","type":"product","link":"https:\/\/agoravape.com\/it\/product\/aivono-aim-puffstar-6500-puffs-vape\/","title":{"rendered":"Aivono Aim Puffstar 6500 tiri, vaporizzatore compatto | Gusto duraturo. Tascabile."},"content":{"rendered":"<h2 data-v-md-heading=\"what-are-the-advantages-of-aivono-aim-puffstar-6500-compact-vapes\" data-v-md-line=\"3\"><img loading=\"lazy\" decoding=\"async\" class=\"aligncenter size-full wp-image-14290\" src=\"https:\/\/agoravape.com\/wp-content\/uploads\/2025\/10\/Aivono-Aim-Puffstar-6500-Puffs-Compact-Vape_Agora_vape-1.webp\" alt=\"\" width=\"1876\" height=\"1500\" srcset=\"https:\/\/agoravape.com\/wp-content\/uploads\/2025\/10\/Aivono-Aim-Puffstar-6500-Puffs-Compact-Vape_Agora_vape-1.webp 1876w, https:\/\/agoravape.com\/wp-content\/uploads\/2025\/10\/Aivono-Aim-Puffstar-6500-Puffs-Compact-Vape_Agora_vape-1-1200x959.webp 1200w, https:\/\/agoravape.com\/wp-content\/uploads\/2025\/10\/Aivono-Aim-Puffstar-6500-Puffs-Compact-Vape_Agora_vape-1-300x240.webp 300w, https:\/\/agoravape.com\/wp-content\/uploads\/2025\/10\/Aivono-Aim-Puffstar-6500-Puffs-Compact-Vape_Agora_vape-1-1024x819.webp 1024w, https:\/\/agoravape.com\/wp-content\/uploads\/2025\/10\/Aivono-Aim-Puffstar-6500-Puffs-Compact-Vape_Agora_vape-1-768x614.webp 768w, https:\/\/agoravape.com\/wp-content\/uploads\/2025\/10\/Aivono-Aim-Puffstar-6500-Puffs-Compact-Vape_Agora_vape-1-1536x1228.webp 1536w\" sizes=\"auto, (max-width: 1876px) 100vw, 1876px\" \/><\/h2>\n<h2 data-v-md-heading=\"what-are-the-advantages-of-aivono-aim-puffstar-6500-compact-vapes\" data-v-md-line=\"3\">Quali sono i vantaggi delle sigarette elettroniche compatte Aivono Aim Puffstar 6500?<\/h2>\n<p data-v-md-line=\"4\">Se sei stanco di sostituire le tue sigarette elettroniche usa e getta ogni pochi giorni, questo prodotto ti semplificher\u00e0 la vita. Aivono Aim Puffstar pu\u00f2 ospitare fino a 6500 persone, offrendo un'esperienza fluida e costante dall'inizio alla fine. \u00c8 compatto, circa 50 x 80 millimetri, e pu\u00f2 essere facilmente riposto in tasca o in borsa.<\/p>\n<p data-v-md-line=\"6\">Se cerchi uno svapo affidabile e saporito, che possa essere usato quotidianamente senza bisogno di imparare, allora \u00e8 la scelta ideale. Apri la confezione e puoi inalare. Non servono pulsanti, n\u00e9 menu, \u00e8 facile e pratico.<\/p>\n<h2 data-v-md-heading=\"excellent-performance-easy-and-convenient\" data-v-md-line=\"8\">Prestazioni eccellenti, facile e conveniente<\/h2>\n<p data-v-md-line=\"9\">Il cuore di Puffstar \u00e8 una coil mesh da 1,2 \u03a9, che mantiene un gusto intenso e uniforme. Ogni boccone \u00e8 morbido come l'esperienza iniziale. Supporta anche la ricarica, grazie alla batteria da 400 mAh e all'interfaccia Type-C, cos\u00ec puoi utilizzare lo stesso cavo dati del tuo telefono per ricaricare. Molti vaporizzatori sono solitamente ingombranti, ma questo \u00e8 leggero e portatile.<\/p>\n<h2 data-v-md-heading=\"specification-introduction\" data-v-md-line=\"11\">Introduzione alle specifiche<\/h2>\n<ul data-v-md-line=\"12\">\n<li>Numero di bocche: fino a 6500 bocche<\/li>\n<li>Contenuto di nicotina: 0%, 2% o 5%<\/li>\n<li>Principio di funzionamento: Attivato tramite inalazione<\/li>\n<li>Metodo di ricarica: interfaccia USB standard di tipo C<\/li>\n<li>Stato: pronto all'uso appena estratto dalla confezione<\/li>\n<li>Capacit\u00e0 del liquido elettronico: 13 millilitri<\/li>\n<li>Nucleo di atomizzazione: maglia da 1,2 \u03a9<\/li>\n<li>Batteria: batteria ricaricabile da 400 mAh<\/li>\n<li>Dimensioni e peso: circa 50 x 80 millimetri, 75 grammi<\/li>\n<\/ul>\n<h2 data-v-md-heading=\"full-range-of-flavors\" data-v-md-line=\"22\">Full range of flavors<\/h2>\n<ul data-v-md-line=\"23\">\n<li>Gusto di frutti di bosco misti<\/li>\n<li>Gusto menta<\/li>\n<li>Strano sapore di frutta alla fragola<\/li>\n<li>Gusto misto di mango<\/li>\n<li>Gusto anguria<\/li>\n<li>Gusto frullato alla fragola<\/li>\n<li>Gusto bevanda energetica<\/li>\n<li>Gusto mirtillo<\/li>\n<li>Gusto cocco e melone<\/li>\n<li>Gusto succo di pesca<\/li>\n<\/ul>\n<h2 data-v-md-heading=\"for-you-and-for-your-business-as-well\" data-v-md-line=\"34\">Per te e anche per la tua attivit\u00e0<\/h2>\n<p data-v-md-line=\"35\">Acquistalo per te, semplice e pratico. Scegli il tuo aroma preferito e la concentrazione di nicotina, e potrai gestirlo facilmente. Il design ricaricabile ti consente di utilizzare facilmente ogni goccia della cartuccia da 13 ml, risparmiando denaro e garantendoti la massima tranquillit\u00e0.<\/p>\n<p data-v-md-line=\"37\">Gestisci un negozio o una catena di negozi? Forniamo scatole di cartone all'ingrosso in confezioni da 200, con imballaggio uniforme ed etichette trasparenti. Collaboriamo con partner affidabili come UPS, DPD e DHL per fornire servizi di consegna DDP, garantendo una consegna rapida delle merci e una corretta gestione delle tasse doganali per evitare incidenti. Le normative variano da paese a paese, quindi ti preghiamo di scegliere la concentrazione di nicotina e le informazioni sul prodotto conformi alle normative locali.<\/p>\n<h2 data-v-md-heading=\"why-do-you-like-it\" data-v-md-line=\"39\">Perch\u00e9 ti piace?<\/h2>\n<ul data-v-md-line=\"40\">\n<li>Capacit\u00e0 estremamente elevata: fino a 6500 porte, il che significa tempi di sostituzione ridotti.<\/li>\n<li>Opzioni di contenuto di nicotina: 0%, 2% o 5%, puoi scegliere il contenuto di nicotina pi\u00f9 adatto.<\/li>\n<li>Ricaricabile: puoi utilizzare tutti gli e-liquidi acquistati.<\/li>\n<li>Bobina a rete: gusto uniforme e aspirazione fluida.<\/li>\n<li>Interfaccia di tipo C, comoda da usare: pu\u00f2 essere caricato quasi ovunque senza dover cercare cavi speciali.<\/li>\n<li>Portatile: compatto e portatile.<\/li>\n<\/ul>\n<h2 data-v-md-heading=\"why-choose-to-collaborate-with-agoravape\" data-v-md-line=\"47\">Perch\u00e9 scegliere di collaborare con AgoraVape?<\/h2>\n<p data-v-md-line=\"48\">Vendiamo solo prodotti originali al 100%, con specifiche trasparenti e fonti affidabili. I nostri clienti B2B possono usufruire di prezzi all'ingrosso scontati, un supporto tecnico reattivo e servizi di consegna rapida DDP per le sigarette elettroniche compatte Aivono Aim Puffstar 6500. Se desideri un prodotto stabile e affidabile che possa conquistare clienti abituali, contattaci.<\/p>","protected":false},"excerpt":{"rendered":"<p>Quali sono i vantaggi dei vapers compatti Aivono Aim Puffstar 6500? Se siete stanchi di sostituire i vaporizzatori usa e getta ogni pochi<\/p>","protected":false},"featured_media":14306,"comment_status":"open","ping_status":"closed","template":"","meta":[],"product_brand":[211],"product_cat":[124,187,189,184,138,176,174,175,193,191,173,186,180,190],"product_tag":[],"class_list":{"0":"post-14291","1":"product","2":"type-product","3":"status-publish","4":"has-post-thumbnail","6":"product_brand-aivono","7":"product_cat-vape-by-brand","8":"product_cat-0mg-nicotine-free-vapes","9":"product_cat-20mg-standard-nicotine-vapes","10":"product_cat-5000-8000-puffs","11":"product_cat-aivono","12":"product_cat-beverage","13":"product_cat-fruit-flavors","14":"product_cat-icy-mint","15":"product_cat-mesh-coil","16":"product_cat-rechargeable-disposables","17":"product_cat-vape-by-flavor-profile","18":"product_cat-vape-by-nicotine-strength","19":"product_cat-vape-by-puff-count","20":"product_cat-vape-by-feature-or-type","22":"first","23":"onbackorder","24":"shipping-taxable","25":"purchasable","26":"product-type-variable","27":"has-default-attributes"},"tiered_pricing_type":"percentage","tiered_pricing_fixed_rules":[],"tiered_pricing_product_settings":{"layout":"default","base_unit_name":{"singular":null,"plural":null},"default_variation":null},"tiered_pricing_minimum_quantity":10,"tiered_pricing_roles_data":[],"tiered_pricing_percentage_rules":{"30":"29","50":"35","100":"40","200":"44","500":"47","1000":"49"},"tiered_pricing_maximum_quantity":null,"tiered_pricing_quantity_step":"10","_links":{"self":[{"href":"https:\/\/agoravape.com\/it\/wp-json\/wp\/v2\/product\/14291","targetHints":{"allow":["GET"]}}],"collection":[{"href":"https:\/\/agoravape.com\/it\/wp-json\/wp\/v2\/product"}],"about":[{"href":"https:\/\/agoravape.com\/it\/wp-json\/wp\/v2\/types\/product"}],"replies":[{"embeddable":true,"href":"https:\/\/agoravape.com\/it\/wp-json\/wp\/v2\/comments?post=14291"}],"version-history":[{"count":1,"href":"https:\/\/agoravape.com\/it\/wp-json\/wp\/v2\/product\/14291\/revisions"}],"predecessor-version":[{"id":29826,"href":"https:\/\/agoravape.com\/it\/wp-json\/wp\/v2\/product\/14291\/revisions\/29826"}],"wp:featuredmedia":[{"embeddable":true,"href":"https:\/\/agoravape.com\/it\/wp-json\/wp\/v2\/media\/14306"}],"wp:attachment":[{"href":"https:\/\/agoravape.com\/it\/wp-json\/wp\/v2\/media?parent=14291"}],"wp:term":[{"taxonomy":"product_brand","embeddable":true,"href":"https:\/\/agoravape.com\/it\/wp-json\/wp\/v2\/product_brand?post=14291"},{"taxonomy":"product_cat","embeddable":true,"href":"https:\/\/agoravape.com\/it\/wp-json\/wp\/v2\/product_cat?post=14291"},{"taxonomy":"product_tag","embeddable":true,"href":"https:\/\/agoravape.com\/it\/wp-json\/wp\/v2\/product_tag?post=14291"}],"curies":[{"name":"wp","href":"https:\/\/api.w.org\/{rel}","templated":true}]}}