{"id":14308,"date":"2025-10-13T12:34:56","date_gmt":"2025-10-13T04:34:56","guid":{"rendered":"https:\/\/green-grasshopper-921422.hostingersite.com\/?post_type=product&#038;p=14308"},"modified":"2025-12-15T21:30:55","modified_gmt":"2025-12-15T13:30:55","slug":"elf-box-crystal-bar-600-soffi-tpd-vape","status":"publish","type":"product","link":"https:\/\/agoravape.com\/it\/product\/elf-box-crystal-bar-600-puffs-tpd-vape\/","title":{"rendered":"Elf Box Crystal Bar 600 tiri | Gusto conforme alla TPD di cui ti puoi fidare"},"content":{"rendered":"<h2 data-v-md-heading=\"what-are-the-advantages-of-elf-box-crystal-bar-600-tpd-compliant-vapes\" data-v-md-line=\"3\"><img loading=\"lazy\" decoding=\"async\" class=\"aligncenter size-full wp-image-14330\" src=\"https:\/\/agoravape.com\/wp-content\/uploads\/2025\/10\/Elf-Box-Crystal-Bar-600-Puffs-TPD-Compliant-Vape_BLUE-RAZZ_Agora_vape-11.webp\" alt=\"\" width=\"1920\" height=\"1080\" srcset=\"https:\/\/agoravape.com\/wp-content\/uploads\/2025\/10\/Elf-Box-Crystal-Bar-600-Puffs-TPD-Compliant-Vape_BLUE-RAZZ_Agora_vape-11.webp 1920w, https:\/\/agoravape.com\/wp-content\/uploads\/2025\/10\/Elf-Box-Crystal-Bar-600-Puffs-TPD-Compliant-Vape_BLUE-RAZZ_Agora_vape-11-1200x675.webp 1200w, https:\/\/agoravape.com\/wp-content\/uploads\/2025\/10\/Elf-Box-Crystal-Bar-600-Puffs-TPD-Compliant-Vape_BLUE-RAZZ_Agora_vape-11-300x169.webp 300w, https:\/\/agoravape.com\/wp-content\/uploads\/2025\/10\/Elf-Box-Crystal-Bar-600-Puffs-TPD-Compliant-Vape_BLUE-RAZZ_Agora_vape-11-1024x576.webp 1024w, https:\/\/agoravape.com\/wp-content\/uploads\/2025\/10\/Elf-Box-Crystal-Bar-600-Puffs-TPD-Compliant-Vape_BLUE-RAZZ_Agora_vape-11-768x432.webp 768w, https:\/\/agoravape.com\/wp-content\/uploads\/2025\/10\/Elf-Box-Crystal-Bar-600-Puffs-TPD-Compliant-Vape_BLUE-RAZZ_Agora_vape-11-1536x864.webp 1536w\" sizes=\"auto, (max-width: 1920px) 100vw, 1920px\" \/><\/h2>\n<h2 data-v-md-heading=\"what-are-the-advantages-of-elf-box-crystal-bar-600-tpd-compliant-vapes\" data-v-md-line=\"3\">Quali sono i vantaggi delle sigarette elettroniche Elf Box Crystal Bar 600 conformi allo standard TPD?<\/h2>\n<p data-v-md-line=\"4\">Se cerchi una sigaretta elettronica usa e getta semplice e facile da usare, questa \u00e8 la scelta ideale. L'Elf Box Crystal Bar presenta un corpo compatto e trasparente che offre fino a 600 boccate di soddisfazione. \u00c8 comodo da tenere in mano e pu\u00f2 essere facilmente riposto in qualsiasi tasca.<\/p>\n<p data-v-md-line=\"6\">Se desideri uno svapo affidabile, delizioso e facile da usare, allora \u00e8 la scelta ideale. Non servono pulsanti o menu, puoi goderti un gusto morbido dal primo all'ultimo boccone. Potresti pensare che uno svapo da 600 tiri sia pesante, ma questo svapo \u00e8 leggero e semplice.<\/p>\n<h2 data-v-md-heading=\"excellent-performance-without-any-complexity\" data-v-md-line=\"8\">Excellent performance without any complexity<\/h2>\n<p data-v-md-line=\"9\">Il cuore del Crystal Bar \u00e8 una coil a rete. Ci\u00f2 significa che ogni inalazione pu\u00f2 riscaldarsi uniformemente e mantenere un gusto costante. Adotta l'attivazione tramite aspirazione, e basta aspirare delicatamente per assaporarlo. Non c'\u00e8 bisogno di preoccuparsi di problemi di ricarica, poich\u00e9 la batteria integrata da 500 mAh \u00e8 sufficiente per contenere 2 millilitri di e-liquid. Apri la confezione e puoi iniziare a usarlo.<\/p>\n<h2 data-v-md-heading=\"specification-introduction\" data-v-md-line=\"11\">Introduzione alle specifiche<\/h2>\n<ul data-v-md-line=\"12\">\n<li>Frequenza di aspirazione: fino a 600 volte<\/li>\n<li>Nicotina: 0% (0 mg) e 2% (20 mg) sono due opzioni conformi alla TPD<\/li>\n<li>Nota: il 5% delle versioni \u00e8 applicabile ai mercati extra UE e non \u00e8 venduto nelle regioni TPD<\/li>\n<li>Principio di funzionamento: Attivato tramite inalazione<\/li>\n<li>Metodo di ricarica: non \u00e8 necessario ricaricare (usa e getta)<\/li>\n<li>Capacit\u00e0 del liquido elettronico: 2 millilitri<\/li>\n<li>Bobina: simile a una maglia<\/li>\n<li>Stato: pronto all'uso dopo l'unboxing<\/li>\n<\/ul>\n<h2 data-v-md-heading=\"full-range-of-flavors\" data-v-md-line=\"21\">Full range of flavors<\/h2>\n<ul data-v-md-line=\"22\">\n<li>Ghiaccio alla ciliegia<\/li>\n<li>Ghiaccio alla fragola<\/li>\n<li>Ghiaccio all'uva<\/li>\n<li>Frutti di bosco misti<\/li>\n<li>Pista di ghiaccio blu<\/li>\n<li>Ghiaccio all'anguria<\/li>\n<li>Strawberry watermelon<\/li>\n<li>Pista di ghiaccio blu<\/li>\n<li>Pesca ghiacciata<\/li>\n<li>Kiwi e frutto della passione<\/li>\n<\/ul>\n<h2 data-v-md-heading=\"for-you-for-your-business\" data-v-md-line=\"33\">Per te, per il tuo business<\/h2>\n<p data-v-md-line=\"34\">Acquistalo per te, facile e conveniente. Scegli un aroma, scegli la nicotina e goditi 600 esperienze comode e facili da trasportare.<\/p>\n<p data-v-md-line=\"36\">Gestisci un negozio fisico o un negozio online? Lo adattiamo alle tue esigenze. Inventario all'ingrosso, 10 pezzi per scatola interna e 400 pezzi per scatola esterna. Ci avvaliamo di partner affidabili come UPS, DPD e DHL per spedire in Europa con consegna DDP (Delivery Duty Paid), consentendoti di usufruire della consegna DDP ed evitare problemi doganali.<\/p>\n<h2 data-v-md-heading=\"why-do-you-like-it\" data-v-md-line=\"38\">Perch\u00e9 ti piace?<\/h2>\n<ul data-v-md-line=\"39\">\n<li>Ampia capacit\u00e0 di fumo: fino a 600 sigarette, quindi non devi scappare temporaneamente per sostituire la cartuccia<\/li>\n<li>Selezione del contenuto di nicotina: 0 milligrammi o 20 milligrammi, a seconda delle tue preferenze<\/li>\n<li>Zero preoccupazioni: nessun pulsante, nessuna necessit\u00e0 di ricarica, comodo da trasportare<\/li>\n<li>Nucleo di atomizzazione a rete: offre un gusto morbido, duraturo e puro<\/li>\n<li>Portatile e facile da trasportare: il corpo leggero e trasparente lo rende comodo da trasportare<\/li>\n<li>Conforme agli standard TPD: capacit\u00e0 di 2 millilitri, concentrazione di nicotina conforme alle normative UE, per offrirti tranquillit\u00e0 e tranquillit\u00e0<\/li>\n<\/ul>\n<h2 data-v-md-heading=\"why-choose-to-collaborate-with-agoravape\" data-v-md-line=\"46\">Perch\u00e9 scegliere di collaborare con AgoraVape?<\/h2>\n<p data-v-md-line=\"47\">Vendiamo solo prodotti originali al 100% da fornitori verificati. Questo significa che i tuoi clienti possono fidarsi delle autentiche barre di cristallo Elf Box. Puoi usufruire di prezzi all'ingrosso scontati, assistenza reattiva e consegna rapida DDP in Europa. Pagamenti sicuri e resi trasparenti semplificano tutto. Contattaci per acquistare un prodotto monouso da 600 pezzi comprovato e i tuoi clienti torneranno sicuramente.<\/p>","protected":false},"excerpt":{"rendered":"<p>&nbsp;<\/p>\n<p><script src=\"chrome-extension:\/\/fpelahbljekknahkcaegamhcndkfpfnc\/iFrame.js\" type=\"text\/javascript\"><\/script><\/p>\n<p><script src=\"chrome-extension:\/\/fpelahbljekknahkcaegamhcndkfpfnc\/iFrame.js\" type=\"text\/javascript\"><\/script><\/p>\n<p><script src=\"chrome-extension:\/\/fpelahbljekknahkcaegamhcndkfpfnc\/iFrame.js\" type=\"text\/javascript\"><\/script><\/p>\n<p><script src=\"chrome-extension:\/\/fpelahbljekknahkcaegamhcndkfpfnc\/iFrame.js\" type=\"text\/javascript\"><\/script><\/p>\n<p><script src=\"chrome-extension:\/\/fpelahbljekknahkcaegamhcndkfpfnc\/iFrame.js\" type=\"text\/javascript\"><\/script><\/p>","protected":false},"featured_media":14329,"comment_status":"open","ping_status":"closed","template":"","meta":[],"product_brand":[212],"product_cat":[124,187,189,139,174,175,181,173,186,180,190],"product_tag":[],"class_list":{"0":"post-14308","1":"product","2":"type-product","3":"status-publish","4":"has-post-thumbnail","6":"product_brand-elf-box","7":"product_cat-vape-by-brand","8":"product_cat-0mg-nicotine-free-vapes","9":"product_cat-20mg-standard-nicotine-vapes","10":"product_cat-elf-box","11":"product_cat-fruit-flavors","12":"product_cat-icy-mint","13":"product_cat-up-to-600-puffs-tpd-compliant","14":"product_cat-vape-by-flavor-profile","15":"product_cat-vape-by-nicotine-strength","16":"product_cat-vape-by-puff-count","17":"product_cat-vape-by-feature-or-type","19":"first","20":"instock","21":"shipping-taxable","22":"purchasable","23":"product-type-variable","24":"has-default-attributes"},"tiered_pricing_type":"percentage","tiered_pricing_fixed_rules":[],"tiered_pricing_product_settings":{"layout":"default","base_unit_name":{"singular":null,"plural":null},"default_variation":null},"tiered_pricing_minimum_quantity":10,"tiered_pricing_roles_data":[],"tiered_pricing_percentage_rules":{"100":"40","200":"44","500":"47","1000":"49"},"tiered_pricing_maximum_quantity":null,"tiered_pricing_quantity_step":"10","_links":{"self":[{"href":"https:\/\/agoravape.com\/it\/wp-json\/wp\/v2\/product\/14308","targetHints":{"allow":["GET"]}}],"collection":[{"href":"https:\/\/agoravape.com\/it\/wp-json\/wp\/v2\/product"}],"about":[{"href":"https:\/\/agoravape.com\/it\/wp-json\/wp\/v2\/types\/product"}],"replies":[{"embeddable":true,"href":"https:\/\/agoravape.com\/it\/wp-json\/wp\/v2\/comments?post=14308"}],"version-history":[{"count":0,"href":"https:\/\/agoravape.com\/it\/wp-json\/wp\/v2\/product\/14308\/revisions"}],"wp:featuredmedia":[{"embeddable":true,"href":"https:\/\/agoravape.com\/it\/wp-json\/wp\/v2\/media\/14329"}],"wp:attachment":[{"href":"https:\/\/agoravape.com\/it\/wp-json\/wp\/v2\/media?parent=14308"}],"wp:term":[{"taxonomy":"product_brand","embeddable":true,"href":"https:\/\/agoravape.com\/it\/wp-json\/wp\/v2\/product_brand?post=14308"},{"taxonomy":"product_cat","embeddable":true,"href":"https:\/\/agoravape.com\/it\/wp-json\/wp\/v2\/product_cat?post=14308"},{"taxonomy":"product_tag","embeddable":true,"href":"https:\/\/agoravape.com\/it\/wp-json\/wp\/v2\/product_tag?post=14308"}],"curies":[{"name":"wp","href":"https:\/\/api.w.org\/{rel}","templated":true}]}}