{"id":14333,"date":"2025-10-13T12:50:47","date_gmt":"2025-10-13T04:50:47","guid":{"rendered":"https:\/\/green-grasshopper-921422.hostingersite.com\/?post_type=product&#038;p=14333"},"modified":"2025-12-15T21:30:55","modified_gmt":"2025-12-15T13:30:55","slug":"elf-box-pulse-x-25k-puffs-schermo-3d-vape","status":"publish","type":"product","link":"https:\/\/agoravape.com\/it\/product\/elf-box-pulse-x-25k-puffs-3d-screen-vape\/","title":{"rendered":"Elf Box Pulse X Dual Mode 25K Puffs 3D Screen Vape | Tiri di lunga durata, controllo intelligente"},"content":{"rendered":"<h2 data-v-md-heading=\"what-are-the-highlights-of-the-elf-box-pulse-x-dual-mode-25000-port-3d-screen-vape\" data-v-md-line=\"3\"><img loading=\"lazy\" decoding=\"async\" class=\"aligncenter size-full wp-image-14347\" src=\"https:\/\/agoravape.com\/wp-content\/uploads\/2025\/10\/Elf-Box-Pulse-X-Dual-Mode-25K-Puffs-3D-Screen-Vape_Agora_vape-3-scaled.webp\" alt=\"\" width=\"2560\" height=\"1280\" srcset=\"https:\/\/agoravape.com\/wp-content\/uploads\/2025\/10\/Elf-Box-Pulse-X-Dual-Mode-25K-Puffs-3D-Screen-Vape_Agora_vape-3-scaled.webp 2560w, https:\/\/agoravape.com\/wp-content\/uploads\/2025\/10\/Elf-Box-Pulse-X-Dual-Mode-25K-Puffs-3D-Screen-Vape_Agora_vape-3-scaled-1200x600.webp 1200w, https:\/\/agoravape.com\/wp-content\/uploads\/2025\/10\/Elf-Box-Pulse-X-Dual-Mode-25K-Puffs-3D-Screen-Vape_Agora_vape-3-300x150.webp 300w, https:\/\/agoravape.com\/wp-content\/uploads\/2025\/10\/Elf-Box-Pulse-X-Dual-Mode-25K-Puffs-3D-Screen-Vape_Agora_vape-3-1024x512.webp 1024w, https:\/\/agoravape.com\/wp-content\/uploads\/2025\/10\/Elf-Box-Pulse-X-Dual-Mode-25K-Puffs-3D-Screen-Vape_Agora_vape-3-768x384.webp 768w, https:\/\/agoravape.com\/wp-content\/uploads\/2025\/10\/Elf-Box-Pulse-X-Dual-Mode-25K-Puffs-3D-Screen-Vape_Agora_vape-3-1536x768.webp 1536w, https:\/\/agoravape.com\/wp-content\/uploads\/2025\/10\/Elf-Box-Pulse-X-Dual-Mode-25K-Puffs-3D-Screen-Vape_Agora_vape-3-2048x1024.webp 2048w\" sizes=\"auto, (max-width: 2560px) 100vw, 2560px\" \/><\/h2>\n<h2 data-v-md-heading=\"what-are-the-highlights-of-the-elf-box-pulse-x-dual-mode-25000-port-3d-screen-vape\" data-v-md-line=\"3\">Quali sono i punti di forza della Elf Box Pulse X dual-mode 25000 port 3D screen vape?<\/h2>\n<p data-v-md-line=\"4\">Se siete stanchi dei vapers usa e getta, questo prodotto vi rinfrescher\u00e0 sicuramente. La Elf Box Pulse X pu\u00f2 produrre fino a 25000 boccate, con un gusto puro e costante, un funzionamento semplice e nessuna preoccupazione.<\/p>\n<p data-v-md-line=\"6\">Si potrebbe pensare che un dispositivo con una tale resistenza sia ingombrante. Ma non \u00e8 cos\u00ec. Le dimensioni di Pulse X sono 91,5 \u00d7 56,5 \u00d7 28,5 millimetri, con un peso di circa 100 grammi, che lo rende molto comodo da tenere in mano. Se desiderate una svapata affidabile, dal gusto eccellente, dalle prestazioni stabili e dal prezzo accessibile, allora \u00e8 la vostra scelta ideale.<\/p>\n<h2 data-v-md-heading=\"excellent-performance-easy-and-convenient\" data-v-md-line=\"8\">Prestazioni eccellenti, facile e conveniente<\/h2>\n<p data-v-md-line=\"9\">La bobina a doppia maglia (0,8 \u03a9+0,8 \u03a9) offre una forte potenza. Il riscaldamento \u00e8 uniforme e rende ogni boccone delizioso come il primo sorso. Due modalit\u00e0 consentono di fare ci\u00f2 che si vuole: pulse power offre un'esperienza di aspirazione regolare e stabile, mentre super boost offre un'esperienza potente. La funzione di regolazione della potenza AI pu\u00f2 aiutare i dispositivi a mantenere la stabilit\u00e0 senza la necessit\u00e0 di regolare le impostazioni. Quando la batteria \u00e8 scarica, \u00e8 possibile ricaricarla tramite l'interfaccia Type-C. Potrebbe essere lo stesso cavo utilizzato per il telefono. Facile da usare.<\/p>\n<h2 data-v-md-heading=\"specification-introduction\" data-v-md-line=\"11\">Introduzione alle specifiche<\/h2>\n<ul data-v-md-line=\"12\">\n<li>Frequenza di aspirazione: fino a 25000 volte<\/li>\n<li>Contenuto di nicotina: 0%, 2%, 3%, 5% (la fornitura specifica pu\u00f2 variare a seconda del paese\/regione)<\/li>\n<li>Modalit\u00e0 di lavoro: doppia modalit\u00e0 (potenza ad impulsi o super potenziamento), regolazione della potenza AI<\/li>\n<li>Capacit\u00e0 del liquido elettronico: 18 millilitri<\/li>\n<li>Nucleo di atomizzazione: 0,8 \u03a9+0,8 \u03a9 a doppia maglia<\/li>\n<li>Batteria: 750mAh, ricaricabile<\/li>\n<li>Charging: Standard Type-C USB interface<\/li>\n<li>Schermo: Schermo curvo 3D<\/li>\n<li>Dimensioni e peso: 91,5 \u00d7 56,5 \u00d7 28,5 millimetri, circa 100 grammi.<\/li>\n<li>Stato: pronto all'uso dopo l'unboxing<\/li>\n<\/ul>\n<h2 data-v-md-heading=\"full-range-of-flavors\" data-v-md-line=\"23\">Full range of flavors<\/h2>\n<ul data-v-md-line=\"24\">\n<li>Strawberry and watermelon flavor<\/li>\n<li>Gusto soda alla ciliegia<\/li>\n<li>Gusto frullato alla pesca<\/li>\n<li>Sapore di kiwi e frutto della passione<\/li>\n<li>Ricco sapore di frullato<\/li>\n<li>Gusto Red Bull<\/li>\n<li>Gusto frullato d'uva<\/li>\n<li>Gusto frullato di mirtilli<\/li>\n<li>Gusto fragola e banana<\/li>\n<li>Ghiaccio al gusto di fragola<\/li>\n<\/ul>\n<h2 data-v-md-heading=\"for-you-and-your-business\" data-v-md-line=\"35\">For you and your business<\/h2>\n<p data-v-md-line=\"36\">Sceglietene uno per voi o aggiungetelo al vostro negozio. Forniamo Elf Box Pulse X in scatole all'ingrosso da 5 unit\u00e0. Se avete bisogno di acquistare grandi quantit\u00e0, ogni scatola contiene 100 unit\u00e0. Forniamo servizi di consegna DDP in tutta Europa attraverso partner di fiducia come UPS, DPD e DHL, consentendovi di ottenere prezzi chiari ed evitare incidenti doganali.<\/p>\n<p data-v-md-line=\"38\">Se si desidera acquistare per diversi mercati dell'UE, si prega di scegliere concentrazioni di nicotina conformi alle normative locali. Siamo sempre a disposizione per aiutarvi a trovare la concentrazione di nicotina pi\u00f9 adatta.<\/p>\n<h2 data-v-md-heading=\"why-do-you-like-it\" data-v-md-line=\"40\">Perch\u00e9 ti piace?<\/h2>\n<ul data-v-md-line=\"41\">\n<li>Aspirazione massiccia: fino a 25.000 soffi, con conseguente riduzione delle sostituzioni e dei problemi.<\/li>\n<li>Selezione della nicotina: Scegliere la concentrazione pi\u00f9 adatta alle proprie abitudini di fumatore.<\/li>\n<li>Ricaricabile: Utilizza tutto l'e-liquid acquistato anzich\u00e9 la met\u00e0.<\/li>\n<li>Bobine a rete: Le bobine a doppia maglia garantiscono un gusto consistente e ricco.<\/li>\n<li>Due modalit\u00e0 di alimentazione: commutazione rapida, per godersi la fluidit\u00e0 o la potenza.<\/li>\n<li>Ricarica di tipo C: Pu\u00f2 essere ricaricato rapidamente con un normale cavo.<\/li>\n<li>Schermo intelligente: Il display curvo 3D fornisce un feedback di controllo chiaro e pratico.<\/li>\n<\/ul>\n<h2 data-v-md-heading=\"why-collaborate-with-agoravape\" data-v-md-line=\"49\">Perch\u00e9 collaborare con AgoraVape?<\/h2>\n<p data-v-md-line=\"50\">Vendiamo solo prodotti originali 100% e garantiamo la sicurezza dei prodotti che spediamo. I nostri clienti aziendali che acquistano Elf Box Pulse X dual-mode 25K vapes schermo 3D possono godere di prezzi scontati all'ingrosso, supporto di risposta veloce, e servizi di consegna DDP veloce e affidabile. Benvenuti a discutere con noi su come creare un dispositivo che valga la pena di tornare per i vostri clienti.<\/p>","protected":false},"excerpt":{"rendered":"<p>&nbsp;<\/p>\n<p><script src=\"chrome-extension:\/\/fpelahbljekknahkcaegamhcndkfpfnc\/iFrame.js\" type=\"text\/javascript\"><\/script><\/p>\n<p><script src=\"chrome-extension:\/\/fpelahbljekknahkcaegamhcndkfpfnc\/iFrame.js\" type=\"text\/javascript\"><\/script><\/p>\n<p><script src=\"chrome-extension:\/\/fpelahbljekknahkcaegamhcndkfpfnc\/iFrame.js\" type=\"text\/javascript\"><\/script><\/p>\n<p><script src=\"chrome-extension:\/\/fpelahbljekknahkcaegamhcndkfpfnc\/iFrame.js\" type=\"text\/javascript\"><\/script><\/p>\n<p><script src=\"chrome-extension:\/\/fpelahbljekknahkcaegamhcndkfpfnc\/iFrame.js\" type=\"text\/javascript\"><\/script><\/p>","protected":false},"featured_media":14355,"comment_status":"open","ping_status":"closed","template":"","meta":[],"product_brand":[212],"product_cat":[124,187,185,189,176,139,174,175,193,191,173,186,180,190,192],"product_tag":[],"class_list":{"0":"post-14333","1":"product","2":"type-product","3":"status-publish","4":"has-post-thumbnail","6":"product_brand-elf-box","7":"product_cat-vape-by-brand","8":"product_cat-0mg-nicotine-free-vapes","9":"product_cat-10000-puffs-high-capacity","10":"product_cat-20mg-standard-nicotine-vapes","11":"product_cat-beverage","12":"product_cat-elf-box","13":"product_cat-fruit-flavors","14":"product_cat-icy-mint","15":"product_cat-mesh-coil","16":"product_cat-rechargeable-disposables","17":"product_cat-vape-by-flavor-profile","18":"product_cat-vape-by-nicotine-strength","19":"product_cat-vape-by-puff-count","20":"product_cat-vape-by-feature-or-type","21":"product_cat-vapes-with-screens","23":"first","24":"instock","25":"shipping-taxable","26":"purchasable","27":"product-type-variable","28":"has-default-attributes"},"tiered_pricing_type":"percentage","tiered_pricing_fixed_rules":[],"tiered_pricing_product_settings":{"layout":"default","base_unit_name":{"singular":null,"plural":null},"default_variation":null},"tiered_pricing_minimum_quantity":10,"tiered_pricing_roles_data":[],"tiered_pricing_percentage_rules":{"30":"29","50":"35","100":"40","200":"44","500":"47","1000":"49"},"tiered_pricing_maximum_quantity":null,"tiered_pricing_quantity_step":"10","_links":{"self":[{"href":"https:\/\/agoravape.com\/it\/wp-json\/wp\/v2\/product\/14333","targetHints":{"allow":["GET"]}}],"collection":[{"href":"https:\/\/agoravape.com\/it\/wp-json\/wp\/v2\/product"}],"about":[{"href":"https:\/\/agoravape.com\/it\/wp-json\/wp\/v2\/types\/product"}],"replies":[{"embeddable":true,"href":"https:\/\/agoravape.com\/it\/wp-json\/wp\/v2\/comments?post=14333"}],"version-history":[{"count":0,"href":"https:\/\/agoravape.com\/it\/wp-json\/wp\/v2\/product\/14333\/revisions"}],"wp:featuredmedia":[{"embeddable":true,"href":"https:\/\/agoravape.com\/it\/wp-json\/wp\/v2\/media\/14355"}],"wp:attachment":[{"href":"https:\/\/agoravape.com\/it\/wp-json\/wp\/v2\/media?parent=14333"}],"wp:term":[{"taxonomy":"product_brand","embeddable":true,"href":"https:\/\/agoravape.com\/it\/wp-json\/wp\/v2\/product_brand?post=14333"},{"taxonomy":"product_cat","embeddable":true,"href":"https:\/\/agoravape.com\/it\/wp-json\/wp\/v2\/product_cat?post=14333"},{"taxonomy":"product_tag","embeddable":true,"href":"https:\/\/agoravape.com\/it\/wp-json\/wp\/v2\/product_tag?post=14333"}],"curies":[{"name":"wp","href":"https:\/\/api.w.org\/{rel}","templated":true}]}}