{"id":14357,"date":"2025-10-13T13:03:00","date_gmt":"2025-10-13T05:03:00","guid":{"rendered":"https:\/\/green-grasshopper-921422.hostingersite.com\/?post_type=product&#038;p=14357"},"modified":"2025-12-15T21:30:55","modified_gmt":"2025-12-15T13:30:55","slug":"elf-box-rgb14000-pro-14k-puff-led-vape","status":"publish","type":"product","link":"https:\/\/agoravape.com\/it\/product\/elf-box-rgb14000-pro-14k-puffs-led-vape\/","title":{"rendered":"Elf Box RGB14000 Pro 14K Puffs Display LED Vape | Aroma di lunga durata con facile ricarica"},"content":{"rendered":"<h2 data-v-md-heading=\"what-about-the-elf-box-rgb14000-pro-14k-suction-led-display-vape\" data-v-md-line=\"3\"><img loading=\"lazy\" decoding=\"async\" class=\"aligncenter size-full wp-image-14369\" src=\"https:\/\/agoravape.com\/wp-content\/uploads\/2025\/10\/Elf-Box-RGB14000-Pro-14K-Puffs-LED-Display-Vape_Agora_vape-1-scaled.webp\" alt=\"\" width=\"2560\" height=\"1553\" srcset=\"https:\/\/agoravape.com\/wp-content\/uploads\/2025\/10\/Elf-Box-RGB14000-Pro-14K-Puffs-LED-Display-Vape_Agora_vape-1-scaled.webp 2560w, https:\/\/agoravape.com\/wp-content\/uploads\/2025\/10\/Elf-Box-RGB14000-Pro-14K-Puffs-LED-Display-Vape_Agora_vape-1-scaled-1200x728.webp 1200w, https:\/\/agoravape.com\/wp-content\/uploads\/2025\/10\/Elf-Box-RGB14000-Pro-14K-Puffs-LED-Display-Vape_Agora_vape-1-300x182.webp 300w, https:\/\/agoravape.com\/wp-content\/uploads\/2025\/10\/Elf-Box-RGB14000-Pro-14K-Puffs-LED-Display-Vape_Agora_vape-1-1024x621.webp 1024w, https:\/\/agoravape.com\/wp-content\/uploads\/2025\/10\/Elf-Box-RGB14000-Pro-14K-Puffs-LED-Display-Vape_Agora_vape-1-768x466.webp 768w, https:\/\/agoravape.com\/wp-content\/uploads\/2025\/10\/Elf-Box-RGB14000-Pro-14K-Puffs-LED-Display-Vape_Agora_vape-1-1536x932.webp 1536w, https:\/\/agoravape.com\/wp-content\/uploads\/2025\/10\/Elf-Box-RGB14000-Pro-14K-Puffs-LED-Display-Vape_Agora_vape-1-2048x1243.webp 2048w\" sizes=\"auto, (max-width: 2560px) 100vw, 2560px\" \/><\/h2>\n<h2 data-v-md-heading=\"what-about-the-elf-box-rgb14000-pro-14k-suction-led-display-vape\" data-v-md-line=\"3\">Che dire del vaporizzatore con display LED ad aspirazione Elf Box RGB14000 Pro 14K?<\/h2>\n<p data-v-md-line=\"4\">Se sei stanco di sostituire le cartucce delle sigarette usa e getta ogni pochi giorni, questo prodotto ti semplificher\u00e0 la vita. L'Elf Box RGB14000 Pro ha una capacit\u00e0 di aspirazione fino a 14.000, \u00e8 dotato di un chiaro display LED e di una comoda interfaccia di ricarica Type-C, che ti consente di estrarre facilmente ogni goccia di olio da un serbatoio da 25 millilitri.<\/p>\n<p data-v-md-line=\"6\">Potresti pensare che fare cos\u00ec tante boccate di vapore sia ingombrante, ma la sua portabilit\u00e0 ti sorprender\u00e0. Il corpo opaco \u00e8 molto comodo da tenere in mano e l'illuminazione RGB aggiunge personalit\u00e0. Il cordino incluso lo rende facile da trasportare.<\/p>\n<h2 data-v-md-heading=\"excellent-performance-and-easy-operation\" data-v-md-line=\"8\">Prestazioni eccellenti e facilit\u00e0 d'uso<\/h2>\n<p data-v-md-line=\"9\">La bobina a rete \u00e8 posizionata al centro del dispositivo, garantendo che ogni boccone sia delizioso come il primo sorso. Non ci saranno interruzioni di corrente o bruciature. Quando la batteria \u00e8 scarica, \u00e8 sufficiente utilizzare il cavo dati Type-C standard per caricarla. Il display a LED \u00e8 chiaro a colpo d'occhio, senza bisogno di indovinare quando \u00e8 necessario ricaricarlo.<\/p>\n<h2 data-v-md-heading=\"specification-introduction\" data-v-md-line=\"11\">Introduzione alle specifiche<\/h2>\n<ul data-v-md-line=\"12\">\n<li>Frequenza di aspirazione: fino a 14000 volte<\/li>\n<li>Contenuto di nicotina: 0%, 2%, 3%, 5%<\/li>\n<li>Working principle: Activate with just one puff<\/li>\n<li>Charging: Standard Type-C USB interface<\/li>\n<li>Stato: pronto all'uso appena estratto dalla confezione<\/li>\n<\/ul>\n<h2 data-v-md-heading=\"full-range-of-flavors\" data-v-md-line=\"18\">Full range of flavors<\/h2>\n<ul data-v-md-line=\"19\">\n<li>Strawberry and watermelon flavor<\/li>\n<li>Gusto frullato di mirtilli<\/li>\n<li>Gusto frullato alla fragola<\/li>\n<li>Gusto frullato d'uva<\/li>\n<li>Gusto frullato alla menta<\/li>\n<li>Gusto Red Bull<\/li>\n<li>Doppio sapore di mela<\/li>\n<li>Odore di frullato ubriaco<\/li>\n<li>Gusto pesca e mango<\/li>\n<li>Gusto soda alla ciliegia<\/li>\n<\/ul>\n<h2 data-v-md-heading=\"for-you-for-your-business\" data-v-md-line=\"30\">Per te, per il tuo business<\/h2>\n<p data-v-md-line=\"31\">Puoi acquistarne uno per te o farne scorta per il tuo negozio. Se devi effettuare un ordine all'ingrosso, offriamo scatole all'ingrosso per 10 unit\u00e0 e scatole esterne per 200 unit\u00e0. Utilizziamo il metodo di spedizione DDP e collaboriamo con partner affidabili come UPS, DPD e DHL, quindi tasse e commissioni saranno elaborate in anticipo e non ci saranno imprevisti alla dogana.<\/p>\n<p data-v-md-line=\"33\">Se stai creando una serie che vale la pena riutilizzare, allora questo prodotto soddisfa sicuramente i tuoi requisiti in termini di durata, gusto costante e praticit\u00e0 d'uso quotidiano.<\/p>\n<h2 data-v-md-heading=\"why-do-you-like-it\" data-v-md-line=\"35\">Perch\u00e9 ti piace?<\/h2>\n<ul data-v-md-line=\"36\">\n<li>Grande capacit\u00e0: durevole e duraturo, non c'\u00e8 bisogno di acquistare frequentemente nuovo e-liquid.<\/li>\n<li>Selezione del contenuto di nicotina: scegli 0%, 2%, 3% o 5% in base ai tuoi gusti.<\/li>\n<li>Ricaricabile: utilizza tutti i liquidi elettronici che acquisti.<\/li>\n<li>Bobina a rete: garantisce sempre un gusto ricco e uniforme.<\/li>\n<li>Schermo LED e luci RGB: un aspetto semplice e moderno che mostra lo stato a colpo d'occhio.<\/li>\n<li>Dotato di cordino: comodo da portare con s\u00e9 quando si esce.<\/li>\n<\/ul>\n<h2 data-v-md-heading=\"why-choose-to-collaborate-with-agoravape\" data-v-md-line=\"43\">Perch\u00e9 scegliere di collaborare con AgoraVape?<\/h2>\n<p data-v-md-line=\"44\">Vendiamo solo prodotti originali al 100% e non abbiamo dubbi al riguardo. I clienti aziendali che acquistano le sigarette elettroniche con display LED Elf Box RGB14000 Pro 14K possono usufruire di prezzi all'ingrosso scontati, assistenza rapida e servizi di pagamento e consegna rapidi. Se desiderate una continua circolazione dell'inventario e clienti abituali, contattateci.<\/p>","protected":false},"excerpt":{"rendered":"<p>&nbsp;<\/p>\n<p><script src=\"chrome-extension:\/\/fpelahbljekknahkcaegamhcndkfpfnc\/iFrame.js\" type=\"text\/javascript\"><\/script><\/p>\n<p><script src=\"chrome-extension:\/\/fpelahbljekknahkcaegamhcndkfpfnc\/iFrame.js\" type=\"text\/javascript\"><\/script><\/p>\n<p><script src=\"chrome-extension:\/\/fpelahbljekknahkcaegamhcndkfpfnc\/iFrame.js\" type=\"text\/javascript\"><\/script><\/p>\n<p><script src=\"chrome-extension:\/\/fpelahbljekknahkcaegamhcndkfpfnc\/iFrame.js\" type=\"text\/javascript\"><\/script><\/p>\n<p><script src=\"chrome-extension:\/\/fpelahbljekknahkcaegamhcndkfpfnc\/iFrame.js\" type=\"text\/javascript\"><\/script><\/p>","protected":false},"featured_media":14379,"comment_status":"open","ping_status":"closed","template":"","meta":[],"product_brand":[212],"product_cat":[124,187,185,189,176,139,174,175,193,191,173,186,180,190,192],"product_tag":[],"class_list":{"0":"post-14357","1":"product","2":"type-product","3":"status-publish","4":"has-post-thumbnail","6":"product_brand-elf-box","7":"product_cat-vape-by-brand","8":"product_cat-0mg-nicotine-free-vapes","9":"product_cat-10000-puffs-high-capacity","10":"product_cat-20mg-standard-nicotine-vapes","11":"product_cat-beverage","12":"product_cat-elf-box","13":"product_cat-fruit-flavors","14":"product_cat-icy-mint","15":"product_cat-mesh-coil","16":"product_cat-rechargeable-disposables","17":"product_cat-vape-by-flavor-profile","18":"product_cat-vape-by-nicotine-strength","19":"product_cat-vape-by-puff-count","20":"product_cat-vape-by-feature-or-type","21":"product_cat-vapes-with-screens","23":"first","24":"instock","25":"shipping-taxable","26":"purchasable","27":"product-type-variable","28":"has-default-attributes"},"tiered_pricing_type":"percentage","tiered_pricing_fixed_rules":[],"tiered_pricing_product_settings":{"layout":"default","base_unit_name":{"singular":null,"plural":null},"default_variation":null},"tiered_pricing_minimum_quantity":10,"tiered_pricing_roles_data":[],"tiered_pricing_percentage_rules":{"30":"29","50":"35","100":"40","200":"44","500":"47","1000":"49"},"tiered_pricing_maximum_quantity":null,"tiered_pricing_quantity_step":"10","_links":{"self":[{"href":"https:\/\/agoravape.com\/it\/wp-json\/wp\/v2\/product\/14357","targetHints":{"allow":["GET"]}}],"collection":[{"href":"https:\/\/agoravape.com\/it\/wp-json\/wp\/v2\/product"}],"about":[{"href":"https:\/\/agoravape.com\/it\/wp-json\/wp\/v2\/types\/product"}],"replies":[{"embeddable":true,"href":"https:\/\/agoravape.com\/it\/wp-json\/wp\/v2\/comments?post=14357"}],"version-history":[{"count":0,"href":"https:\/\/agoravape.com\/it\/wp-json\/wp\/v2\/product\/14357\/revisions"}],"wp:featuredmedia":[{"embeddable":true,"href":"https:\/\/agoravape.com\/it\/wp-json\/wp\/v2\/media\/14379"}],"wp:attachment":[{"href":"https:\/\/agoravape.com\/it\/wp-json\/wp\/v2\/media?parent=14357"}],"wp:term":[{"taxonomy":"product_brand","embeddable":true,"href":"https:\/\/agoravape.com\/it\/wp-json\/wp\/v2\/product_brand?post=14357"},{"taxonomy":"product_cat","embeddable":true,"href":"https:\/\/agoravape.com\/it\/wp-json\/wp\/v2\/product_cat?post=14357"},{"taxonomy":"product_tag","embeddable":true,"href":"https:\/\/agoravape.com\/it\/wp-json\/wp\/v2\/product_tag?post=14357"}],"curies":[{"name":"wp","href":"https:\/\/api.w.org\/{rel}","templated":true}]}}