{"id":14426,"date":"2025-10-13T13:40:04","date_gmt":"2025-10-13T05:40:04","guid":{"rendered":"https:\/\/green-grasshopper-921422.hostingersite.com\/?post_type=product&#038;p=14426"},"modified":"2026-01-19T22:06:35","modified_gmt":"2026-01-19T14:06:35","slug":"vopk-triple-pro-75000-soffi-3-in-1-vape","status":"publish","type":"product","link":"https:\/\/agoravape.com\/it\/product\/vopk-triple-pro-75000-puffs-3-in-1-vape\/","title":{"rendered":"VOPK Triple Pro 75000 tiri 3 in 1 Flavor Vape | Tre aromi in uno, costruiti per durare"},"content":{"rendered":"<h2 data-v-md-heading=\"what-is-the-charm-of-vopk-triple-pro-75000-three-in-one-vape\" data-v-md-line=\"3\">Qual \u00e8 il fascino di VOPK Triple Pro 75000 tre in uno?<\/h2>\n<p data-v-md-line=\"4\">Se siete stanchi di cambiare dispositivo ogni pochi giorni, questo prodotto attirer\u00e0 sicuramente la vostra attenzione. VOPK Triple Pro pu\u00f2 ospitare fino a 75000 dosi di tre gusti in un unico dispositivo, eliminando la necessit\u00e0 di dover lottare. Potrete cambiare gusto in base ai vostri cambiamenti di umore durante la giornata e godervi facilmente il divertimento offerto dalla svapo.<\/p>\n<p data-v-md-line=\"6\">Se desiderate una batteria di lunga durata, un funzionamento semplice e un gusto ricco, questo prodotto \u00e8 la scelta ideale. Non c'\u00e8 un menu complicato, non c'\u00e8 bisogno di indovinare. Solo un'aspirazione fluida e una facile selezione del gusto, con batterie ricaricabili e un chiaro display del dispositivo.<\/p>\n<h2 data-v-md-heading=\"excellent-performance-easy-and-convenient\" data-v-md-line=\"8\">Prestazioni eccellenti, facile e conveniente<\/h2>\n<p data-v-md-line=\"9\">Il nucleo atomizzatore a tripla maglia da 0,9 \u03a9 assicura un flusso di fumo uniforme e un gusto costante dalla prima all'ultima boccata. Il doppio schermo visualizza i livelli di batteria e di e-liquid di ciascun serbatoio, consentendo di tenere sotto controllo lo stato in qualsiasi momento. Quando la batteria \u00e8 scarica, \u00e8 possibile utilizzare un cavo dati Type-C per ricaricarla, che probabilmente \u00e8 il cavo di ricarica del telefono. Semplice e conveniente.<\/p>\n<h2 data-v-md-heading=\"specification-overview\" data-v-md-line=\"11\">Panoramica delle specifiche<\/h2>\n<ul data-v-md-line=\"12\">\n<li>Frequenza di aspirazione: fino a 75000 volte<\/li>\n<li>Contenuto di nicotina: L'offerta varia a seconda del mercato. Consultate le opzioni locali o consultate il nostro team<\/li>\n<li>Principio di funzionamento: Attivazione tramite inalazione<\/li>\n<li>Ricarica: Porta USB standard Tipo-C<\/li>\n<li>Stato: pronto all'uso appena estratto dalla confezione<\/li>\n<\/ul>\n<h2 data-v-md-heading=\"full-flavor-series\" data-v-md-line=\"18\">Serie dal sapore pieno<\/h2>\n<ul data-v-md-line=\"19\">\n<li>Ghiaccio all'anguria\/Ghiaccio al mirtillo\/Ghiaccio al kiwi e fragola<\/li>\n<li>Ghiaccio al lampone e mirtillo\/Ghiaccio al drago nero\/Ghiaccio alla soda e ciliegia<\/li>\n<li>Ghiaccio all'uva\/ lampone ciliegia\/ lampone ciliegia\/ cocomero ghiaccio<\/li>\n<li>Ananas, mango, pesca, frutti di bosco, limone e lime.<\/li>\n<li>Triplo Melone Ghiacciato\/Caramelle Orsetto\/Caramelle Mirtillo<\/li>\n<li>Ghiaccio alla fragola, alla banana, all'ananas, al cocco e alla frutta tropicale<\/li>\n<li>Doppio ghiaccio alla mela\/zucchero a velo\/zucchero alla ciliegia<\/li>\n<li>Mango fragola\/anguria Red Bull\/Ghiaccio all'anguria lampone<\/li>\n<li>Love 66\/Caramelle marshmallow al mirtillo\/caramelle al lampone e fragola<\/li>\n<li>Cola alla fragola e alla vaniglia\/ciliegia ghiacciata\/cola alla fragola<\/li>\n<\/ul>\n<h2 data-v-md-heading=\"for-you-and-your-business\" data-v-md-line=\"30\">For you and your business<\/h2>\n<p data-v-md-line=\"31\">\u00c8 possibile acquistare il VOPK Triple Pro per uso personale o per rifornire il proprio negozio. La confezione all'ingrosso contiene 10 pezzi per scatola e la scatola esterna contiene 160 pezzi per scatola. In questo modo \u00e8 facile pianificare lo spazio sugli scaffali e il riordino.<\/p>\n<p data-v-md-line=\"33\">Forniamo servizi di consegna DDP in tutta Europa attraverso partner fidati come UPS, DPD e DHL, in modo che le tariffe possano essere elaborate in anticipo per evitare situazioni doganali impreviste. Potrete godere di consegne rapide e tranquillit\u00e0.<\/p>\n<h2 data-v-md-heading=\"why-do-you-like-it\" data-v-md-line=\"35\">Perch\u00e9 ti piace?<\/h2>\n<ul data-v-md-line=\"36\">\n<li>Fumo massiccio: resistente e duraturo, non \u00e8 necessario acquistare frequentemente nuove sigarette<\/li>\n<li>Selezione della nicotina: Scegliete la concentrazione pi\u00f9 adatta al vostro mercato o alle vostre preferenze.<\/li>\n<li>Ricaricabile: Si possono utilizzare tutti gli e-liquid acquistati.<\/li>\n<li>Bobina a rete: Gusto costante ad ogni aspirazione<\/li>\n<\/ul>\n<h2 data-v-md-heading=\"why-choose-agoravape\" data-v-md-line=\"41\">Perch\u00e9 scegliere AgoraVape?<\/h2>\n<p data-v-md-line=\"42\">Vendiamo solo prodotti originali 100%, offrendo prezzi scontati all'ingrosso e un supporto affidabile. Come uno dei distributori di vape di fiducia in Europa, acquistiamo rapidamente e spediamo in modo affidabile. Aggiungete VOPK Triple Pro 75000 Puffs 3-in-1 flavor vape alla vostra linea di prodotti e offrite prodotti che i clienti torneranno ad acquistare.<\/p>","protected":false},"excerpt":{"rendered":"<p>&nbsp;<\/p>\n<p><script src=\"chrome-extension:\/\/fpelahbljekknahkcaegamhcndkfpfnc\/iFrame.js\" type=\"text\/javascript\"><\/script><\/p>\n<p><script src=\"chrome-extension:\/\/fpelahbljekknahkcaegamhcndkfpfnc\/iFrame.js\" type=\"text\/javascript\"><\/script><\/p>\n<p><script src=\"chrome-extension:\/\/fpelahbljekknahkcaegamhcndkfpfnc\/iFrame.js\" type=\"text\/javascript\"><\/script><\/p>\n<p><script src=\"chrome-extension:\/\/fpelahbljekknahkcaegamhcndkfpfnc\/iFrame.js\" type=\"text\/javascript\"><\/script><\/p>\n<p><script src=\"chrome-extension:\/\/fpelahbljekknahkcaegamhcndkfpfnc\/iFrame.js\" type=\"text\/javascript\"><\/script><\/p>","protected":false},"featured_media":14447,"comment_status":"open","ping_status":"closed","template":"","meta":[],"product_brand":[213],"product_cat":[124,187,185,189,176,177,195,174,175,193,191,173,186,180,190,192,140],"product_tag":[],"class_list":{"0":"post-14426","1":"product","2":"type-product","3":"status-publish","4":"has-post-thumbnail","6":"product_brand-vopk","7":"product_cat-vape-by-brand","8":"product_cat-0mg-nicotine-free-vapes","9":"product_cat-10000-puffs-high-capacity","10":"product_cat-20mg-standard-nicotine-vapes","11":"product_cat-beverage","12":"product_cat-dessert-sweets","13":"product_cat-dual-flavor-switch","14":"product_cat-fruit-flavors","15":"product_cat-icy-mint","16":"product_cat-mesh-coil","17":"product_cat-rechargeable-disposables","18":"product_cat-vape-by-flavor-profile","19":"product_cat-vape-by-nicotine-strength","20":"product_cat-vape-by-puff-count","21":"product_cat-vape-by-feature-or-type","22":"product_cat-vapes-with-screens","23":"product_cat-vopk","25":"first","26":"onbackorder","27":"shipping-taxable","28":"purchasable","29":"product-type-variable","30":"has-default-attributes"},"tiered_pricing_type":"percentage","tiered_pricing_fixed_rules":[],"tiered_pricing_product_settings":{"layout":"default","base_unit_name":{"singular":null,"plural":null},"default_variation":null},"tiered_pricing_minimum_quantity":10,"tiered_pricing_roles_data":[],"tiered_pricing_percentage_rules":{"30":"29","50":"35","100":"40","200":"44","500":"47","1000":"49"},"tiered_pricing_maximum_quantity":null,"tiered_pricing_quantity_step":"10","_links":{"self":[{"href":"https:\/\/agoravape.com\/it\/wp-json\/wp\/v2\/product\/14426","targetHints":{"allow":["GET"]}}],"collection":[{"href":"https:\/\/agoravape.com\/it\/wp-json\/wp\/v2\/product"}],"about":[{"href":"https:\/\/agoravape.com\/it\/wp-json\/wp\/v2\/types\/product"}],"replies":[{"embeddable":true,"href":"https:\/\/agoravape.com\/it\/wp-json\/wp\/v2\/comments?post=14426"}],"version-history":[{"count":0,"href":"https:\/\/agoravape.com\/it\/wp-json\/wp\/v2\/product\/14426\/revisions"}],"wp:featuredmedia":[{"embeddable":true,"href":"https:\/\/agoravape.com\/it\/wp-json\/wp\/v2\/media\/14447"}],"wp:attachment":[{"href":"https:\/\/agoravape.com\/it\/wp-json\/wp\/v2\/media?parent=14426"}],"wp:term":[{"taxonomy":"product_brand","embeddable":true,"href":"https:\/\/agoravape.com\/it\/wp-json\/wp\/v2\/product_brand?post=14426"},{"taxonomy":"product_cat","embeddable":true,"href":"https:\/\/agoravape.com\/it\/wp-json\/wp\/v2\/product_cat?post=14426"},{"taxonomy":"product_tag","embeddable":true,"href":"https:\/\/agoravape.com\/it\/wp-json\/wp\/v2\/product_tag?post=14426"}],"curies":[{"name":"wp","href":"https:\/\/api.w.org\/{rel}","templated":true}]}}