{"id":14450,"date":"2025-10-13T15:16:48","date_gmt":"2025-10-13T07:16:48","guid":{"rendered":"https:\/\/green-grasshopper-921422.hostingersite.com\/?post_type=product&#038;p=14450"},"modified":"2026-01-13T01:12:10","modified_gmt":"2026-01-12T17:12:10","slug":"vopk-trippa-60000-soffi-triplo-sapore-vape","status":"publish","type":"product","link":"https:\/\/agoravape.com\/it\/product\/vopk-tripe-60000-puffs-triple-flavor-vape\/","title":{"rendered":"VOPK Tripe 60000 Puffs Monouso Triplo Gusto | Scelta Triplo Gusto. Semplici da Usare."},"content":{"rendered":"<h2 data-v-md-heading=\"what-are-the-advantages-of-vopk-tripe-60000-triple-flavored-disposable-vapes\" data-v-md-line=\"3\"><img loading=\"lazy\" decoding=\"async\" class=\"aligncenter size-full wp-image-14464\" src=\"https:\/\/agoravape.com\/wp-content\/uploads\/2025\/10\/VOPK-Tripe-60000-Puffs-Triple-Flavor-Disposable_Agora_vape-3-scaled.webp\" alt=\"\" width=\"2560\" height=\"1598\" srcset=\"https:\/\/agoravape.com\/wp-content\/uploads\/2025\/10\/VOPK-Tripe-60000-Puffs-Triple-Flavor-Disposable_Agora_vape-3-scaled.webp 2560w, https:\/\/agoravape.com\/wp-content\/uploads\/2025\/10\/VOPK-Tripe-60000-Puffs-Triple-Flavor-Disposable_Agora_vape-3-scaled-1200x749.webp 1200w, https:\/\/agoravape.com\/wp-content\/uploads\/2025\/10\/VOPK-Tripe-60000-Puffs-Triple-Flavor-Disposable_Agora_vape-3-300x187.webp 300w, https:\/\/agoravape.com\/wp-content\/uploads\/2025\/10\/VOPK-Tripe-60000-Puffs-Triple-Flavor-Disposable_Agora_vape-3-1024x639.webp 1024w, https:\/\/agoravape.com\/wp-content\/uploads\/2025\/10\/VOPK-Tripe-60000-Puffs-Triple-Flavor-Disposable_Agora_vape-3-768x479.webp 768w, https:\/\/agoravape.com\/wp-content\/uploads\/2025\/10\/VOPK-Tripe-60000-Puffs-Triple-Flavor-Disposable_Agora_vape-3-1536x959.webp 1536w, https:\/\/agoravape.com\/wp-content\/uploads\/2025\/10\/VOPK-Tripe-60000-Puffs-Triple-Flavor-Disposable_Agora_vape-3-2048x1279.webp 2048w\" sizes=\"auto, (max-width: 2560px) 100vw, 2560px\" \/><\/h2>\n<h2 data-v-md-heading=\"what-are-the-advantages-of-vopk-tripe-60000-triple-flavored-disposable-vapes\" data-v-md-line=\"3\">Quali sono i vantaggi di VOPK Tripe 60000, vapes monouso a triplo aroma?<\/h2>\n<p data-v-md-line=\"4\">Se preferite scelte diversificate facili e convenienti, questo prodotto \u00e8 sicuramente adatto a voi. VOPK Tripe combina tre gusti in uno, permettendovi di cambiare in qualsiasi momento. Non c'\u00e8 bisogno di menu, n\u00e9 di applicazioni. \u00c8 sufficiente sollevare e ruotare il prodotto per cambiare gusto e gustarlo a piacimento.<\/p>\n<p data-v-md-line=\"6\">\u00c8 stata progettata per gli appassionati di svapo che desiderano una batteria di lunga durata e una facile ricarica. \u00c8 dotata di display per e-liquid e batteria, che consente di tenere sotto controllo lo stato attuale in qualsiasi momento. La capacit\u00e0 nominale di 60000 porte \u00e8 fornita dal produttore, quindi la durata effettiva della batteria pu\u00f2 variare a seconda dell'utilizzo.<\/p>\n<h2 data-v-md-heading=\"excellent-performance-easy-and-convenient\" data-v-md-line=\"8\">Prestazioni eccellenti, facile e conveniente<\/h2>\n<p data-v-md-line=\"9\">Tre bobine a rete da 0,9 \u03a9 sono responsabili del compito principale, assicurando che ogni inalazione porti un gusto puro e costante. La bobina a rete si riscalda rapidamente, mantenendo il gusto brillante e omogeneo. Quando la batteria \u00e8 esaurita, \u00e8 possibile utilizzare un cavo dati Type-C per ricaricarla. Potrebbe essere lo stesso che si usa per il telefono. I tre aromi possono rendere l'operazione macchinosa, ma il design dell'interruttore rotante rende l'operazione molto semplice.<\/p>\n<h2 data-v-md-heading=\"specification-overview\" data-v-md-line=\"11\">Panoramica delle specifiche<\/h2>\n<ul data-v-md-line=\"12\">\n<li>Frequenza di aspirazione: fino a 60000 volte (valore nominale del produttore)<\/li>\n<li>Contenuto di nicotina: non specificato dal produttore. Consultateci per conoscere le opzioni esistenti sul vostro mercato<\/li>\n<li>Principio di funzionamento: Attivazione tramite inalazione<\/li>\n<li>Charging: Standard Type-C USB interface<\/li>\n<li>Stato: pronto all'uso appena estratto dalla confezione<\/li>\n<li>Capacit\u00e0 e-liquid: Tre scompartimenti con una capacit\u00e0 totale di 54 millilitri<\/li>\n<li>Batteria: batteria ricaricabile da 650 mAh<\/li>\n<li>Bobina: 0,9 \u03a9\u00d7 3 spire di rete<\/li>\n<li>Schermata di stato: indicatori del livello di e-liquid e di batteria per tre serbatoi di stoccaggio<\/li>\n<li>Interruttore del gusto: tipo a sollevamento e a rotazione<\/li>\n<\/ul>\n<h2 data-v-md-heading=\"full-range-of-flavors\" data-v-md-line=\"23\">Full range of flavors<\/h2>\n<ul data-v-md-line=\"24\">\n<li>Gelato all'anguria\/gelato al triplo melone\/gelato alla fragola<\/li>\n<li>Fragola, banana, lampone, anguria, ananas, cocco...<\/li>\n<li>Bacca di pesca\/bluberry ice\/pesca d'acqua e mango<\/li>\n<li>Ananas acida\/Red Bull Fragola\/ Ribes nero ghiacciato<\/li>\n<li>Kiwi Frutto della Passione\/Ciliegia Fragola\/Amore 66<\/li>\n<li>Doppia mela ghiacciata\/frutta tropicale\/fragola anguria bubblegum<\/li>\n<li>Ghiaccio all'uva\/ Kiwi alla fragola\/ Red Bull al cocomero<\/li>\n<li>Anguria fragola\/ lampone mirtillo\/ limone lime<\/li>\n<li>Ananas alla banana\/Red Bull Ice\/Mango alla fragola<\/li>\n<li>Gomme all'orsetto\/ cola alla fragola e vaniglia\/ marshmallow al mirtillo<\/li>\n<\/ul>\n<h2 data-v-md-heading=\"for-you-and-for-your-business-as-well\" data-v-md-line=\"35\">Per te e anche per la tua attivit\u00e0<\/h2>\n<p data-v-md-line=\"36\">Potete sceglierne uno per uso personale o per fare una scorta per il vostro negozio. La scatola all'ingrosso contiene 10 pezzi e la scatola grande 160 pezzi. Facile da vendere. I ganci di tre gusti sono pi\u00f9 facili da vendere.<\/p>\n<p data-v-md-line=\"38\">Spediamo tramite partner di fiducia come UPS, DPD e DHL in DDP in tutta Europa, in modo che le tariffe possano essere elaborate in anticipo. Non ci saranno incidenti alla dogana. A causa delle normative locali, la situazione di fornitura e le opzioni di nicotina possono variare in diversi paesi\/regioni. Se non siete sicuri, contattateci.<\/p>\n<h2 data-v-md-heading=\"why-do-you-like-it\" data-v-md-line=\"40\">Perch\u00e9 ti piace?<\/h2>\n<ul data-v-md-line=\"41\">\n<li>Frequenza di aspirazione: Durevole e riduce il numero di acquisti<\/li>\n<li>Selezione del gusto: Tre dispositivi in uno, per mantenere la freschezza<\/li>\n<li>Selezione della nicotina: Scegliere la concentrazione di nicotina appropriata sul mercato.<\/li>\n<li>Ricaricabile: Ricarica di tipo C, per consumare tutto l'e-liquid.<\/li>\n<li>Bobina a rete: mantiene il gusto costante dal primo all'ultimo morso<\/li>\n<li>Schermo chiaro: Visualizzazione chiara dei livelli di e-liquid e di batteria rimanenti con un solo colpo d'occhio<\/li>\n<li>Facile commutazione: sollevare e ruotare per passare da un gusto all'altro<\/li>\n<\/ul>\n<h2 data-v-md-heading=\"why-choose-agoravape\" data-v-md-line=\"49\">Perch\u00e9 scegliere AgoraVape?<\/h2>\n<p data-v-md-line=\"50\">Acquistiamo l'inventario genuino 100% e vi forniamo assistenza a prezzi scontati all'ingrosso e servizi di consegna rapida DDP. Il nostro team conosce bene il mercato europeo, per cui \u00e8 possibile ottenere una risposta chiara e un adempimento affidabile per gli e-liquid monouso a triplo aroma VOPK Tripe 60000. Se desiderate un dispositivo a triplo aroma che faccia davvero tornare i vostri clienti, contattateci.<\/p>","protected":false},"excerpt":{"rendered":"<p>&nbsp;<\/p>\n<p><script src=\"chrome-extension:\/\/fpelahbljekknahkcaegamhcndkfpfnc\/iFrame.js\" type=\"text\/javascript\"><\/script><\/p>\n<p><script src=\"chrome-extension:\/\/fpelahbljekknahkcaegamhcndkfpfnc\/iFrame.js\" type=\"text\/javascript\"><\/script><\/p>\n<p><script src=\"chrome-extension:\/\/fpelahbljekknahkcaegamhcndkfpfnc\/iFrame.js\" type=\"text\/javascript\"><\/script><\/p>\n<p><script src=\"chrome-extension:\/\/fpelahbljekknahkcaegamhcndkfpfnc\/iFrame.js\" type=\"text\/javascript\"><\/script><\/p>\n<p><script src=\"chrome-extension:\/\/fpelahbljekknahkcaegamhcndkfpfnc\/iFrame.js\" type=\"text\/javascript\"><\/script><\/p>","protected":false},"featured_media":14472,"comment_status":"open","ping_status":"closed","template":"","meta":[],"product_brand":[213],"product_cat":[124,187,185,189,1642,176,177,195,174,175,193,191,173,186,180,190,140],"product_tag":[],"class_list":{"0":"post-14450","1":"product","2":"type-product","3":"status-publish","4":"has-post-thumbnail","6":"product_brand-vopk","7":"product_cat-vape-by-brand","8":"product_cat-0mg-nicotine-free-vapes","9":"product_cat-10000-puffs-high-capacity","10":"product_cat-20mg-standard-nicotine-vapes","11":"product_cat-60000-puffs","12":"product_cat-beverage","13":"product_cat-dessert-sweets","14":"product_cat-dual-flavor-switch","15":"product_cat-fruit-flavors","16":"product_cat-icy-mint","17":"product_cat-mesh-coil","18":"product_cat-rechargeable-disposables","19":"product_cat-vape-by-flavor-profile","20":"product_cat-vape-by-nicotine-strength","21":"product_cat-vape-by-puff-count","22":"product_cat-vape-by-feature-or-type","23":"product_cat-vopk","25":"first","26":"instock","27":"shipping-taxable","28":"purchasable","29":"product-type-variable","30":"has-default-attributes"},"tiered_pricing_type":"percentage","tiered_pricing_fixed_rules":[],"tiered_pricing_product_settings":{"layout":"default","base_unit_name":{"singular":null,"plural":null},"default_variation":null},"tiered_pricing_minimum_quantity":10,"tiered_pricing_roles_data":[],"tiered_pricing_percentage_rules":{"30":"29","50":"35","100":"40","200":"44","500":"47","1000":"49"},"tiered_pricing_maximum_quantity":null,"tiered_pricing_quantity_step":"10","_links":{"self":[{"href":"https:\/\/agoravape.com\/it\/wp-json\/wp\/v2\/product\/14450","targetHints":{"allow":["GET"]}}],"collection":[{"href":"https:\/\/agoravape.com\/it\/wp-json\/wp\/v2\/product"}],"about":[{"href":"https:\/\/agoravape.com\/it\/wp-json\/wp\/v2\/types\/product"}],"replies":[{"embeddable":true,"href":"https:\/\/agoravape.com\/it\/wp-json\/wp\/v2\/comments?post=14450"}],"version-history":[{"count":0,"href":"https:\/\/agoravape.com\/it\/wp-json\/wp\/v2\/product\/14450\/revisions"}],"wp:featuredmedia":[{"embeddable":true,"href":"https:\/\/agoravape.com\/it\/wp-json\/wp\/v2\/media\/14472"}],"wp:attachment":[{"href":"https:\/\/agoravape.com\/it\/wp-json\/wp\/v2\/media?parent=14450"}],"wp:term":[{"taxonomy":"product_brand","embeddable":true,"href":"https:\/\/agoravape.com\/it\/wp-json\/wp\/v2\/product_brand?post=14450"},{"taxonomy":"product_cat","embeddable":true,"href":"https:\/\/agoravape.com\/it\/wp-json\/wp\/v2\/product_cat?post=14450"},{"taxonomy":"product_tag","embeddable":true,"href":"https:\/\/agoravape.com\/it\/wp-json\/wp\/v2\/product_tag?post=14450"}],"curies":[{"name":"wp","href":"https:\/\/api.w.org\/{rel}","templated":true}]}}