{"id":14498,"date":"2025-10-13T15:42:26","date_gmt":"2025-10-13T07:42:26","guid":{"rendered":"https:\/\/green-grasshopper-921422.hostingersite.com\/?post_type=product&#038;p=14498"},"modified":"2026-03-26T13:22:24","modified_gmt":"2026-03-26T12:22:24","slug":"vopk-shisha-bar-20000-soffi-dtl-vape","status":"publish","type":"product","link":"https:\/\/agoravape.com\/it\/product\/vopk-shisha-bar-20000-puffs-dtl-vape\/","title":{"rendered":"VOPK Shisha Bar 20000 tiri DTL Hookah Vape | Aroma DTL di lunga durata con facile ricarica Type-C"},"content":{"rendered":"<h2 data-v-md-heading=\"what-are-the-advantages-of-vopk-shisha-bar-20000-dtl-hookah-vapes\" data-v-md-line=\"3\">Quali sono i vantaggi di VOPK Shisha Bar 20000 DTL hookah vapes?<\/h2>\n<p data-v-md-line=\"4\">Se desiderate una svapata monouso a bocca larga in grado di mantenere il suo gusto per lungo tempo, questo prodotto pu\u00f2 semplificarvi la vita. VOPK Shisha Bar offre una vera e propria esperienza di fumo DTL, con un fumo morbido e un gusto puro dal primo all'ultimo sorso.<\/p>\n<p data-v-md-line=\"6\">\u00c8 adatto a tutti coloro che vogliono provare facilmente un'esperienza di inalazione in stile narghil\u00e8. Non \u00e8 richiesto alcun menu e non \u00e8 necessario sostituire le bobine. La chiara visualizzazione sullo schermo dei livelli della batteria e dell'e-liquid consente di tenere sotto controllo lo stato in qualsiasi momento.<\/p>\n<h2 data-v-md-heading=\"excellent-performance-easy-and-convenient\" data-v-md-line=\"8\">Prestazioni eccellenti, facile e conveniente<\/h2>\n<p data-v-md-line=\"9\">Il cuore di VOPK Shisha Bar \u00e8 una bobina a maglie da 0,6 \u03a9, in modo che ogni boccone possa mantenere un gusto costante, non solo i primi. La batteria di grande capacit\u00e0 consente un utilizzo piacevole, mentre il display laterale mostra chiaramente i livelli di batteria e di e-liquid rimanenti. Quando \u00e8 necessario ricaricare, \u00e8 sufficiente collegare il cavo dati Type-C per continuare a utilizzarla. Semplice e conveniente.<\/p>\n<h2 data-v-md-heading=\"specification-overview\" data-v-md-line=\"11\">Panoramica delle specifiche<\/h2>\n<ul data-v-md-line=\"12\">\n<li>Suction frequency: up to 20000 times<\/li>\n<li>Nicotina: Le opzioni possono variare a seconda del mercato. Verificare la concentrazione di nicotina disponibile al momento del pagamento.<\/li>\n<li>Principio di funzionamento: Attivato tramite inalazione<\/li>\n<li>Ricarica: Porta USB standard Tipo-C<\/li>\n<li>Stato: pronto all'uso dopo l'unboxing<\/li>\n<\/ul>\n<h2 data-v-md-heading=\"full-range-of-flavors\" data-v-md-line=\"18\">Full range of flavors<\/h2>\n<ul data-v-md-line=\"19\">\n<li>Blueberry smoothie<\/li>\n<li>Kiwi alla fragola<\/li>\n<li>Frutti di bosco misti<\/li>\n<li>Strawberry watermelon<\/li>\n<li>Watermelon smoothie<\/li>\n<li>Pesca Mang Ananas<\/li>\n<li>Mirtilli e lamponi<\/li>\n<li>Caramelle alla fragola e al lampone<\/li>\n<li>Ciliegia all'anguria<\/li>\n<li>Frullato di ribes nero<\/li>\n<\/ul>\n<h2 data-v-md-heading=\"for-you-and-your-business\" data-v-md-line=\"30\">For you and your business<\/h2>\n<p data-v-md-line=\"31\">Sceglietene uno per voi o acquistate una gamma completa di prodotti per il vostro negozio. Forniamo VOPK Shisha Bar 20000 DTL hookah vapes, con una confezione all'ingrosso di 10 unit\u00e0 per scatola. Gli ordini in blocco saranno spediti sotto forma di 200 unit\u00e0 per scatola.<\/p>\n<p data-v-md-line=\"33\">Forniamo servizi di consegna DDP in Europa attraverso partner fidati come UPS, DPD e DHL, in modo che possiate ottenere prezzi chiari senza pagare ulteriori tasse doganali. Dovete solo effettuare un ordine, il resto lo lasciamo a noi.<\/p>\n<h2 data-v-md-heading=\"why-do-you-like-it\" data-v-md-line=\"35\">Perch\u00e9 ti piace?<\/h2>\n<ul data-v-md-line=\"36\">\n<li>Grande capacit\u00e0: fino a 20000 porte, con conseguente riduzione dei tempi di sostituzione e dei problemi.<\/li>\n<li>Selezione della concentrazione di nicotina: Scegliete la concentrazione di nicotina pi\u00f9 adatta alle vostre abitudini quotidiane e al mercato.<\/li>\n<li>Ricaricabile: Ricarica di tipo C, che consente di consumare ogni singola goccia<\/li>\n<li>Nucleo dell'atomizzatore a rete: il nucleo dell'atomizzatore a rete da 0,6 \u03a9 garantisce un gusto stabile e un fumo omogeneo.<\/li>\n<li>Capire il livello residuo della batteria: L'ampio schermo laterale visualizza il livello della batteria e del liquido in un colpo d'occhio.<\/li>\n<\/ul>\n<h2 data-v-md-heading=\"why-choose-agoravape\" data-v-md-line=\"42\">Perch\u00e9 scegliere AgoraVape?<\/h2>\n<p data-v-md-line=\"43\">Forniamo solo prodotti originali 100% e siamo responsabili della loro qualit\u00e0. I nostri clienti commerciali possono godere di prezzi scontati all'ingrosso, un attento supporto clienti e servizi di consegna veloce DDP acquistando VOPK Shisha Bar 20000 vapes narghil\u00e8 DTL. Se volete un narghil\u00e8 monouso DTL affidabile e conquistare il favore dei clienti, non esitate a contattarci in qualsiasi momento.<\/p>","protected":false},"excerpt":{"rendered":"<p>&nbsp;<\/p>\n<p><script src=\"chrome-extension:\/\/fpelahbljekknahkcaegamhcndkfpfnc\/iFrame.js\" type=\"text\/javascript\"><\/script><\/p>\n<p><script src=\"chrome-extension:\/\/fpelahbljekknahkcaegamhcndkfpfnc\/iFrame.js\" type=\"text\/javascript\"><\/script><\/p>\n<p><script src=\"chrome-extension:\/\/fpelahbljekknahkcaegamhcndkfpfnc\/iFrame.js\" type=\"text\/javascript\"><\/script><\/p>\n<p><script src=\"chrome-extension:\/\/fpelahbljekknahkcaegamhcndkfpfnc\/iFrame.js\" type=\"text\/javascript\"><\/script><\/p>\n<p><script src=\"chrome-extension:\/\/fpelahbljekknahkcaegamhcndkfpfnc\/iFrame.js\" type=\"text\/javascript\"><\/script><\/p>","protected":false},"featured_media":14519,"comment_status":"open","ping_status":"closed","template":"","meta":[],"product_brand":[213],"product_cat":[124,187,185,1636,189,174,175,193,191,173,186,180,190,192,140],"product_tag":[],"class_list":{"0":"post-14498","1":"product","2":"type-product","3":"status-publish","4":"has-post-thumbnail","6":"product_brand-vopk","7":"product_cat-vape-by-brand","8":"product_cat-0mg-nicotine-free-vapes","9":"product_cat-10000-puffs-high-capacity","10":"product_cat-20000-puffs","11":"product_cat-20mg-standard-nicotine-vapes","12":"product_cat-fruit-flavors","13":"product_cat-icy-mint","14":"product_cat-mesh-coil","15":"product_cat-rechargeable-disposables","16":"product_cat-vape-by-flavor-profile","17":"product_cat-vape-by-nicotine-strength","18":"product_cat-vape-by-puff-count","19":"product_cat-vape-by-feature-or-type","20":"product_cat-vapes-with-screens","21":"product_cat-vopk","23":"first","24":"onbackorder","25":"shipping-taxable","26":"purchasable","27":"product-type-variable","28":"has-default-attributes"},"tiered_pricing_type":"percentage","tiered_pricing_fixed_rules":[],"tiered_pricing_product_settings":{"layout":"default","base_unit_name":{"singular":null,"plural":null},"default_variation":null},"tiered_pricing_minimum_quantity":10,"tiered_pricing_roles_data":[],"tiered_pricing_percentage_rules":{"30":"29","50":"35","100":"40","200":"44","500":"47","1000":"49"},"tiered_pricing_maximum_quantity":null,"tiered_pricing_quantity_step":"10","_links":{"self":[{"href":"https:\/\/agoravape.com\/it\/wp-json\/wp\/v2\/product\/14498","targetHints":{"allow":["GET"]}}],"collection":[{"href":"https:\/\/agoravape.com\/it\/wp-json\/wp\/v2\/product"}],"about":[{"href":"https:\/\/agoravape.com\/it\/wp-json\/wp\/v2\/types\/product"}],"replies":[{"embeddable":true,"href":"https:\/\/agoravape.com\/it\/wp-json\/wp\/v2\/comments?post=14498"}],"version-history":[{"count":0,"href":"https:\/\/agoravape.com\/it\/wp-json\/wp\/v2\/product\/14498\/revisions"}],"wp:featuredmedia":[{"embeddable":true,"href":"https:\/\/agoravape.com\/it\/wp-json\/wp\/v2\/media\/14519"}],"wp:attachment":[{"href":"https:\/\/agoravape.com\/it\/wp-json\/wp\/v2\/media?parent=14498"}],"wp:term":[{"taxonomy":"product_brand","embeddable":true,"href":"https:\/\/agoravape.com\/it\/wp-json\/wp\/v2\/product_brand?post=14498"},{"taxonomy":"product_cat","embeddable":true,"href":"https:\/\/agoravape.com\/it\/wp-json\/wp\/v2\/product_cat?post=14498"},{"taxonomy":"product_tag","embeddable":true,"href":"https:\/\/agoravape.com\/it\/wp-json\/wp\/v2\/product_tag?post=14498"}],"curies":[{"name":"wp","href":"https:\/\/api.w.org\/{rel}","templated":true}]}}