{"id":14522,"date":"2025-10-13T15:56:09","date_gmt":"2025-10-13T07:56:09","guid":{"rendered":"https:\/\/green-grasshopper-921422.hostingersite.com\/?post_type=product&#038;p=14522"},"modified":"2026-03-26T13:22:24","modified_gmt":"2026-03-26T12:22:24","slug":"vopk-shisha-narghile-15000-soffi-vape","status":"publish","type":"product","link":"https:\/\/agoravape.com\/it\/product\/vopk-shisha-hookah-15000-puffs-vape\/","title":{"rendered":"VOPK Shisha Narghil\u00e8 15000 Soffi Flusso d'Aria Regolabile | Grandi Soffi, Controllo Semplice"},"content":{"rendered":"<h2 data-v-md-heading=\"how-about-the-vopk-hookah-with-15000-adjustable-air-volumes\" data-v-md-line=\"3\"><img loading=\"lazy\" decoding=\"async\" class=\"aligncenter size-full wp-image-14543\" src=\"https:\/\/agoravape.com\/wp-content\/uploads\/2025\/10\/VOPK-Shisha-Hookah-15000-Puffs-Adjustable-Airflow_Agora_vape-11-scaled.webp\" alt=\"\" width=\"2560\" height=\"2560\" srcset=\"https:\/\/agoravape.com\/wp-content\/uploads\/2025\/10\/VOPK-Shisha-Hookah-15000-Puffs-Adjustable-Airflow_Agora_vape-11-scaled.webp 2560w, https:\/\/agoravape.com\/wp-content\/uploads\/2025\/10\/VOPK-Shisha-Hookah-15000-Puffs-Adjustable-Airflow_Agora_vape-11-scaled-600x600.webp 600w, https:\/\/agoravape.com\/wp-content\/uploads\/2025\/10\/VOPK-Shisha-Hookah-15000-Puffs-Adjustable-Airflow_Agora_vape-11-scaled-1200x1200.webp 1200w, https:\/\/agoravape.com\/wp-content\/uploads\/2025\/10\/VOPK-Shisha-Hookah-15000-Puffs-Adjustable-Airflow_Agora_vape-11-300x300.webp 300w, https:\/\/agoravape.com\/wp-content\/uploads\/2025\/10\/VOPK-Shisha-Hookah-15000-Puffs-Adjustable-Airflow_Agora_vape-11-1024x1024.webp 1024w, https:\/\/agoravape.com\/wp-content\/uploads\/2025\/10\/VOPK-Shisha-Hookah-15000-Puffs-Adjustable-Airflow_Agora_vape-11-150x150.webp 150w, https:\/\/agoravape.com\/wp-content\/uploads\/2025\/10\/VOPK-Shisha-Hookah-15000-Puffs-Adjustable-Airflow_Agora_vape-11-768x768.webp 768w, https:\/\/agoravape.com\/wp-content\/uploads\/2025\/10\/VOPK-Shisha-Hookah-15000-Puffs-Adjustable-Airflow_Agora_vape-11-1536x1536.webp 1536w, https:\/\/agoravape.com\/wp-content\/uploads\/2025\/10\/VOPK-Shisha-Hookah-15000-Puffs-Adjustable-Airflow_Agora_vape-11-2048x2048.webp 2048w\" sizes=\"auto, (max-width: 2560px) 100vw, 2560px\" \/><\/h2>\n<h2 data-v-md-heading=\"how-about-the-vopk-hookah-with-15000-adjustable-air-volumes\" data-v-md-line=\"3\">Che ne dite del narghil\u00e8 VOPK con 15000 volumi d'aria regolabili?<\/h2>\n<p data-v-md-line=\"4\">Se siete stanchi di cambiare i mozziconi di sigaretta usa e getta ogni pochi giorni, questo prodotto vi semplificher\u00e0 la vita. Il narghil\u00e8 VOPK ha una capacit\u00e0 fino a 15000 soffi ed \u00e8 dotato di volume d'aria regolabile, che consente di regolare facilmente la tenuta.<\/p>\n<p data-v-md-line=\"6\">\u00c8 adatto a tutti coloro che desiderano un gusto duraturo e un'esperienza di aspirazione polmonare omogenea. \u00c8 necessario un prodotto di alta qualit\u00e0 che possa funzionare in modo continuativo, e questo \u00e8 esattamente l'obiettivo di questo prodotto.<\/p>\n<h2 data-v-md-heading=\"excellent-performance-without-any-complexity\" data-v-md-line=\"8\">Excellent performance without any complexity<\/h2>\n<p data-v-md-line=\"9\">La bobina a maglie da 0,6 \u03a9 si trova al centro del dispositivo, in modo che ogni aspirazione possa garantire un gusto pieno e costante. La bobina a rete si riscalda in modo uniforme, mantenendo efficacemente un gusto costante. Quando la batteria \u00e8 scarica, \u00e8 possibile caricarla tramite l'interfaccia Type-C comunemente utilizzata sulla maggior parte dei dispositivi elettronici. \u00c8 semplice.<\/p>\n<h2 data-v-md-heading=\"specification-overview\" data-v-md-line=\"11\">Panoramica delle specifiche<\/h2>\n<ul data-v-md-line=\"12\">\n<li>Frequenza di aspirazione: fino a 15000 volte<\/li>\n<li>Nicotina: Verificare le concentrazioni disponibili nel proprio paese o regione.<\/li>\n<li>Principio di funzionamento: Flusso d'aria regolabile per un'esperienza di aspirazione DTL senza intoppi<\/li>\n<li>Charging: Standard Type-C USB interface<\/li>\n<li>Stato: pronto all'uso appena estratto dalla confezione<\/li>\n<li>Capacit\u00e0 del liquido elettronico: 20 millilitri<\/li>\n<li>Coil: 0.6 \u03a9 mesh coil<\/li>\n<li>Battery: 600 mAh rechargeable battery<\/li>\n<\/ul>\n<p data-v-md-line=\"21\">Attenzione: A causa delle normative locali, la concentrazione e la fornitura di nicotina possono variare a seconda del mercato. Si prega di verificare le opzioni del prodotto nella propria regione.<\/p>\n<h2 data-v-md-heading=\"for-you-and-your-business\" data-v-md-line=\"23\">For you and your business<\/h2>\n<p data-v-md-line=\"24\">Acquistare prodotti per voi stessi \u00e8 molto semplice, potete aggiungere alcuni prodotti al vostro carrello senza esitazione. Se gestite un negozio fisico o online, possiamo anche soddisfare le vostre esigenze. VOPK Shisha Hookah 15000 scatola all'ingrosso, 10 pezzi per scatola, 200 pezzi in scatola esterna. Il team del magazzino ha fornito le specifiche della scatola di cartone: 434 \u00d7 378 \u00d7 312 millimetri, con un peso lordo di 21,2 chilogrammi.<\/p>\n<p data-v-md-line=\"26\">Spediamo tramite partner di fiducia come UPS, DPD e DHL in tutta Europa, quindi le tariffe e le tasse sono state elaborate in anticipo. Il negozio non ha spese impreviste e pu\u00f2 essere completamente tracciato dal nostro hub alla vostra destinazione.<\/p>\n<h2 data-v-md-heading=\"why-do-you-like-it\" data-v-md-line=\"28\">Perch\u00e9 ti piace?<\/h2>\n<ul data-v-md-line=\"29\">\n<li>Aspirazione massiccia: fino a 15.000 unit\u00e0 significa meno ordini ripetuti e cambi a met\u00e0 settimana.<\/li>\n<li>Aspirazione regolabile: Impostare il metodo di aspirazione in base alle proprie preferenze per creare un'esperienza pi\u00f9 personalizzata.<\/li>\n<li>Interfaccia ricaricabile Type-C: Utilizza tutto l'e-liquid acquistato senza sprecarlo.<\/li>\n<li>Bobina a rete: Il riscaldamento uniforme aiuta a mantenere un gusto stabile dal primo all'ultimo morso.<\/li>\n<li>Comfort DTL: Prestazioni di aspirazione fluide e lineari, che soddisfano facilmente le esigenze di utilizzo per tutto il giorno.<\/li>\n<\/ul>\n<h2 data-v-md-heading=\"why-choose-agoravape\" data-v-md-line=\"35\">Perch\u00e9 scegliere AgoraVape?<\/h2>\n<p data-v-md-line=\"36\">Forniamo solo prodotti originali 100% e ne garantiamo la sicurezza e l'affidabilit\u00e0. Le bottiglie per narghil\u00e8 ad aspirazione regolabile VOPK 15000 offrono prezzi all'ingrosso scontati, assistenza tecnica rapida e servizi di consegna DDP veloci in tutta Europa. Avete bisogno di assistenza per la conformit\u00e0 regionale o la pianificazione dell'inventario? Non esitate a contattarci, ci dedicheremo a servirvi. I vostri clienti hanno bisogno di prodotti affidabili, durevoli e gustosi, e questo prodotto \u00e8 esattamente ci\u00f2 di cui avete bisogno.<\/p>\n<p><script src=\"chrome-extension:\/\/fpelahbljekknahkcaegamhcndkfpfnc\/iFrame.js\" type=\"text\/javascript\"><\/script><\/p>","protected":false},"excerpt":{"rendered":"<p>&nbsp;<\/p>\n<p><script src=\"chrome-extension:\/\/fpelahbljekknahkcaegamhcndkfpfnc\/iFrame.js\" type=\"text\/javascript\"><\/script><\/p>\n<p><script src=\"chrome-extension:\/\/fpelahbljekknahkcaegamhcndkfpfnc\/iFrame.js\" type=\"text\/javascript\"><\/script><\/p>\n<p><script src=\"chrome-extension:\/\/fpelahbljekknahkcaegamhcndkfpfnc\/iFrame.js\" type=\"text\/javascript\"><\/script><\/p>\n<p><script src=\"chrome-extension:\/\/fpelahbljekknahkcaegamhcndkfpfnc\/iFrame.js\" type=\"text\/javascript\"><\/script><\/p>\n<p><script src=\"chrome-extension:\/\/fpelahbljekknahkcaegamhcndkfpfnc\/iFrame.js\" type=\"text\/javascript\"><\/script><\/p>","protected":false},"featured_media":14542,"comment_status":"open","ping_status":"closed","template":"","meta":[],"product_brand":[213],"product_cat":[124,187,185,1635,189,194,174,175,193,191,179,173,186,180,190,192,140],"product_tag":[],"class_list":{"0":"post-14522","1":"product","2":"type-product","3":"status-publish","4":"has-post-thumbnail","6":"product_brand-vopk","7":"product_cat-vape-by-brand","8":"product_cat-0mg-nicotine-free-vapes","9":"product_cat-10000-puffs-high-capacity","10":"product_cat-15000-puffs","11":"product_cat-20mg-standard-nicotine-vapes","12":"product_cat-adjustable-airflow","13":"product_cat-fruit-flavors","14":"product_cat-icy-mint","15":"product_cat-mesh-coil","16":"product_cat-rechargeable-disposables","17":"product_cat-unique-blends","18":"product_cat-vape-by-flavor-profile","19":"product_cat-vape-by-nicotine-strength","20":"product_cat-vape-by-puff-count","21":"product_cat-vape-by-feature-or-type","22":"product_cat-vapes-with-screens","23":"product_cat-vopk","25":"first","26":"onbackorder","27":"shipping-taxable","28":"purchasable","29":"product-type-variable","30":"has-default-attributes"},"tiered_pricing_type":"percentage","tiered_pricing_fixed_rules":[],"tiered_pricing_product_settings":{"layout":"default","base_unit_name":{"singular":null,"plural":null},"default_variation":null},"tiered_pricing_minimum_quantity":10,"tiered_pricing_roles_data":[],"tiered_pricing_percentage_rules":{"30":"29","50":"35","100":"40","200":"44","500":"47","1000":"49"},"tiered_pricing_maximum_quantity":null,"tiered_pricing_quantity_step":"10","_links":{"self":[{"href":"https:\/\/agoravape.com\/it\/wp-json\/wp\/v2\/product\/14522","targetHints":{"allow":["GET"]}}],"collection":[{"href":"https:\/\/agoravape.com\/it\/wp-json\/wp\/v2\/product"}],"about":[{"href":"https:\/\/agoravape.com\/it\/wp-json\/wp\/v2\/types\/product"}],"replies":[{"embeddable":true,"href":"https:\/\/agoravape.com\/it\/wp-json\/wp\/v2\/comments?post=14522"}],"version-history":[{"count":0,"href":"https:\/\/agoravape.com\/it\/wp-json\/wp\/v2\/product\/14522\/revisions"}],"wp:featuredmedia":[{"embeddable":true,"href":"https:\/\/agoravape.com\/it\/wp-json\/wp\/v2\/media\/14542"}],"wp:attachment":[{"href":"https:\/\/agoravape.com\/it\/wp-json\/wp\/v2\/media?parent=14522"}],"wp:term":[{"taxonomy":"product_brand","embeddable":true,"href":"https:\/\/agoravape.com\/it\/wp-json\/wp\/v2\/product_brand?post=14522"},{"taxonomy":"product_cat","embeddable":true,"href":"https:\/\/agoravape.com\/it\/wp-json\/wp\/v2\/product_cat?post=14522"},{"taxonomy":"product_tag","embeddable":true,"href":"https:\/\/agoravape.com\/it\/wp-json\/wp\/v2\/product_tag?post=14522"}],"curies":[{"name":"wp","href":"https:\/\/api.w.org\/{rel}","templated":true}]}}