{"id":14570,"date":"2025-10-13T16:23:37","date_gmt":"2025-10-13T08:23:37","guid":{"rendered":"https:\/\/green-grasshopper-921422.hostingersite.com\/?post_type=product&#038;p=14570"},"modified":"2026-01-19T22:06:15","modified_gmt":"2026-01-19T14:06:15","slug":"vopk-tornado-15000-soffi-display-vape","status":"publish","type":"product","link":"https:\/\/agoravape.com\/it\/product\/vopk-tornado-15000-puffs-display-vape\/","title":{"rendered":"VOPK Tornado 15000 Puffs Dual Display Vape | Aroma di lunga durata con lettura intelligente del succo e della batteria"},"content":{"rendered":"<h2 data-v-md-heading=\"what-are-the-highlights-of-vopk-tornado-15000-dual-screen-vapes\" data-v-md-line=\"3\">Quali sono i punti di forza di VOPK Tornado 15000 dual screen vapes?<\/h2>\n<p data-v-md-line=\"4\">Se siete stanchi di usare e-liquid usa e getta nei giorni feriali, questo prodotto merita sicuramente un'occhiata. VOPK Tornado 15000 \u00e8 progettato per un uso prolungato, dotato di 25 ml di e-liquid preinstallato e di una batteria ricaricabile da 850 mAh, in grado di garantire un uso continuo fino a 15000 porte.<\/p>\n<p data-v-md-line=\"6\">Doppio schermo per la visualizzazione dei livelli di batteria e di e-liquid, che consente di capire chiaramente la potenza residua. Per l'utilizzo \u00e8 sufficiente una leggera aspirazione, senza bisogno di pulsanti o menu complicati. La bobina a maglia da 1,0 \u03a9 offre una consistenza omogenea. Si potrebbe pensare che avere cos\u00ec tante boccate di vapes sia ingombrante, ma possono entrare facilmente in una tasca e sono comode da trasportare.<\/p>\n<h2 data-v-md-heading=\"excellent-performance-easy-and-convenient\" data-v-md-line=\"8\">Prestazioni eccellenti, facile e conveniente<\/h2>\n<p data-v-md-line=\"9\">Il nucleo atomizzatore a maglia da 1,0 \u03a9 garantisce un'aspirazione costante e pulita ogni volta, assicurando che il gusto non scompaia a met\u00e0 strada. La base \u00e8 dotata di un'interfaccia Type-C per una comoda ricarica, utilizzando lo stesso cavo dati del cavo di ricarica del telefono. Adottando un design di aspirazione, pu\u00f2 essere utilizzato con una semplice aspirazione.<\/p>\n<h2 data-v-md-heading=\"specification-overview\" data-v-md-line=\"11\">Panoramica delle specifiche<\/h2>\n<ul data-v-md-line=\"12\">\n<li>Frequenza di aspirazione: fino a 15000 volte<\/li>\n<li>Nicotina: Le concentrazioni disponibili variano a seconda del mercato e delle normative locali. Contattateci per conoscere le opzioni attuali<\/li>\n<li>Principio di funzionamento: Attivazione tramite inalazione<\/li>\n<li>Charging: Standard Type-C USB interface<\/li>\n<li>Schermo del display: doppia visualizzazione della batteria e della quantit\u00e0 di e-liquid<\/li>\n<li>Coil: 1.0 \u03a9 mesh coil<\/li>\n<li>Batteria: 17350 850mAh ricaricabile<\/li>\n<li>Capacit\u00e0 e-liquid: 25ml preinstallato<\/li>\n<li>Stato: pronto all'uso dopo l'unboxing<\/li>\n<\/ul>\n<h2 data-v-md-heading=\"full-range-of-flavors\" data-v-md-line=\"22\">Full range of flavors<\/h2>\n<ul data-v-md-line=\"23\">\n<li>Fragola Lampone<\/li>\n<li>Strawberry watermelon<\/li>\n<li>Ghiaccio all'anguria<\/li>\n<li>Mirtilli e lamponi<\/li>\n<li>Acqua al limone e mirtilli<\/li>\n<li>Kiwi, passion fruit, guava<\/li>\n<li>Frutti di bosco misti<\/li>\n<li>Pink Lemon Water<\/li>\n<li>Peach and Mango<\/li>\n<li>Mele acide<\/li>\n<\/ul>\n<h2 data-v-md-heading=\"for-you-and-your-business\" data-v-md-line=\"34\">For you and your business<\/h2>\n<p data-v-md-line=\"35\">\u00c8 possibile acquistare VOPK Tornado 15000 dual display vapes per uso personale o come acquisto per il vostro negozio. La confezione all'ingrosso \u00e8 di 10 pezzi per scatola e 200 pezzi per scatola. Il peso della scatola di cartone \u00e8 di circa 21,5 kg e la dimensione \u00e8 di circa 450 \u00d7 374 \u00d7 330 millimetri, comoda per la pianificazione e la conservazione.<\/p>\n<p data-v-md-line=\"37\">Forniamo servizi di consegna DDP in tutta Europa attraverso partner di fiducia come UPS, DPD e DHL, in modo che i documenti doganali e le tariffe possano essere elaborati in anticipo. Evitare incidenti durante la consegna a domicilio. Per quanto riguarda la conformit\u00e0, si prega di notare che questo dispositivo viene fornito preinstallato con 25 millilitri di e-liquid, che superano il limite di 2 millilitri stabilito dalle normative EU TPD e UK TRPR. Pertanto, si prega di verificare le normative locali prima della vendita al dettaglio.<\/p>\n<h2 data-v-md-heading=\"why-do-you-like-it\" data-v-md-line=\"39\">Perch\u00e9 ti piace?<\/h2>\n<ul data-v-md-line=\"40\">\n<li>Pi\u00f9 boccate: maggiore durata della batteria, nessuna necessit\u00e0 di acquistare frequentemente nuove sigarette<\/li>\n<li>Selezione della concentrazione di nicotina: Scegliere la concentrazione pi\u00f9 adatta alle proprie esigenze (se disponibile).<\/li>\n<li>Ricaricabile: puoi utilizzare tutti gli e-liquidi acquistati<\/li>\n<li>Nucleo di atomizzazione a rete: per un'esperienza sempre stabile e deliziosa<\/li>\n<li>Display a doppio schermo: i livelli della batteria e dell'e-liquid sono chiari a colpo d'occhio<\/li>\n<li>Ricarica di tipo-C: ricarica veloce con un normale cavo dati<\/li>\n<\/ul>\n<h2 data-v-md-heading=\"why-choose-agoravape\" data-v-md-line=\"47\">Perch\u00e9 scegliere AgoraVape?<\/h2>\n<p data-v-md-line=\"48\">Vendiamo solo prodotti originali 100% per assicurarvi una qualit\u00e0 affidabile e prestazioni costanti. VOPK Tornado 15000 vapes doppio schermo, i nostri clienti commerciali possono godere di prezzi scontati all'ingrosso, forte supporto, e la consegna veloce pagamento delle tasse. Benvenuti a contattarci, acquistando un dispositivo che i vostri clienti apprezzeranno veramente.<\/p>","protected":false},"excerpt":{"rendered":"<p>&nbsp;<\/p>\n<p><script src=\"chrome-extension:\/\/fpelahbljekknahkcaegamhcndkfpfnc\/iFrame.js\" type=\"text\/javascript\"><\/script><\/p>\n<p><script src=\"chrome-extension:\/\/fpelahbljekknahkcaegamhcndkfpfnc\/iFrame.js\" type=\"text\/javascript\"><\/script><\/p>\n<p><script src=\"chrome-extension:\/\/fpelahbljekknahkcaegamhcndkfpfnc\/iFrame.js\" type=\"text\/javascript\"><\/script><\/p>\n<p><script src=\"chrome-extension:\/\/fpelahbljekknahkcaegamhcndkfpfnc\/iFrame.js\" type=\"text\/javascript\"><\/script><\/p>\n<p><script src=\"chrome-extension:\/\/fpelahbljekknahkcaegamhcndkfpfnc\/iFrame.js\" type=\"text\/javascript\"><\/script><\/p>","protected":false},"featured_media":14589,"comment_status":"open","ping_status":"closed","template":"","meta":[],"product_brand":[213],"product_cat":[124,187,185,1635,189,174,175,193,191,173,186,180,190,192,140],"product_tag":[],"class_list":{"0":"post-14570","1":"product","2":"type-product","3":"status-publish","4":"has-post-thumbnail","6":"product_brand-vopk","7":"product_cat-vape-by-brand","8":"product_cat-0mg-nicotine-free-vapes","9":"product_cat-10000-puffs-high-capacity","10":"product_cat-15000-puffs","11":"product_cat-20mg-standard-nicotine-vapes","12":"product_cat-fruit-flavors","13":"product_cat-icy-mint","14":"product_cat-mesh-coil","15":"product_cat-rechargeable-disposables","16":"product_cat-vape-by-flavor-profile","17":"product_cat-vape-by-nicotine-strength","18":"product_cat-vape-by-puff-count","19":"product_cat-vape-by-feature-or-type","20":"product_cat-vapes-with-screens","21":"product_cat-vopk","23":"first","24":"onbackorder","25":"shipping-taxable","26":"purchasable","27":"product-type-variable","28":"has-default-attributes"},"tiered_pricing_type":"percentage","tiered_pricing_fixed_rules":[],"tiered_pricing_product_settings":{"layout":"default","base_unit_name":{"singular":null,"plural":null},"default_variation":null},"tiered_pricing_minimum_quantity":10,"tiered_pricing_roles_data":[],"tiered_pricing_percentage_rules":{"30":"29","50":"35","100":"40","200":"44","500":"47","1000":"49"},"tiered_pricing_maximum_quantity":null,"tiered_pricing_quantity_step":"10","_links":{"self":[{"href":"https:\/\/agoravape.com\/it\/wp-json\/wp\/v2\/product\/14570","targetHints":{"allow":["GET"]}}],"collection":[{"href":"https:\/\/agoravape.com\/it\/wp-json\/wp\/v2\/product"}],"about":[{"href":"https:\/\/agoravape.com\/it\/wp-json\/wp\/v2\/types\/product"}],"replies":[{"embeddable":true,"href":"https:\/\/agoravape.com\/it\/wp-json\/wp\/v2\/comments?post=14570"}],"version-history":[{"count":0,"href":"https:\/\/agoravape.com\/it\/wp-json\/wp\/v2\/product\/14570\/revisions"}],"wp:featuredmedia":[{"embeddable":true,"href":"https:\/\/agoravape.com\/it\/wp-json\/wp\/v2\/media\/14589"}],"wp:attachment":[{"href":"https:\/\/agoravape.com\/it\/wp-json\/wp\/v2\/media?parent=14570"}],"wp:term":[{"taxonomy":"product_brand","embeddable":true,"href":"https:\/\/agoravape.com\/it\/wp-json\/wp\/v2\/product_brand?post=14570"},{"taxonomy":"product_cat","embeddable":true,"href":"https:\/\/agoravape.com\/it\/wp-json\/wp\/v2\/product_cat?post=14570"},{"taxonomy":"product_tag","embeddable":true,"href":"https:\/\/agoravape.com\/it\/wp-json\/wp\/v2\/product_tag?post=14570"}],"curies":[{"name":"wp","href":"https:\/\/api.w.org\/{rel}","templated":true}]}}