{"id":14615,"date":"2025-10-13T22:16:15","date_gmt":"2025-10-13T14:16:15","guid":{"rendered":"https:\/\/green-grasshopper-921422.hostingersite.com\/?post_type=product&#038;p=14615"},"modified":"2026-01-19T22:06:02","modified_gmt":"2026-01-19T14:06:02","slug":"vapen-quad-box-20k-soffi-a-schermo-intero-vape","status":"publish","type":"product","link":"https:\/\/agoravape.com\/it\/product\/vapen-quad-box-20k-puffs-full-screen-vape\/","title":{"rendered":"Vapen Quad Box 20K Puffs 4-Mode Full Screen Vape | Potenza di lunga durata con controllo intelligente"},"content":{"rendered":"<h2 data-v-md-heading=\"vapen-quad-box-20-what-are-the-special-features-of-a-full-screen-vape-with-a-capacity-of-000-and-4-modes\" data-v-md-line=\"3\"><img loading=\"lazy\" decoding=\"async\" class=\"aligncenter size-full wp-image-14639\" src=\"https:\/\/agoravape.com\/wp-content\/uploads\/2025\/10\/Vapen-Quad-Box-20K-Puffs-4-Mode-Full-Screen-Vape_Agora_vape-13.webp\" alt=\"\" width=\"1000\" height=\"1000\" srcset=\"https:\/\/agoravape.com\/wp-content\/uploads\/2025\/10\/Vapen-Quad-Box-20K-Puffs-4-Mode-Full-Screen-Vape_Agora_vape-13.webp 1000w, https:\/\/agoravape.com\/wp-content\/uploads\/2025\/10\/Vapen-Quad-Box-20K-Puffs-4-Mode-Full-Screen-Vape_Agora_vape-13-600x600.webp 600w, https:\/\/agoravape.com\/wp-content\/uploads\/2025\/10\/Vapen-Quad-Box-20K-Puffs-4-Mode-Full-Screen-Vape_Agora_vape-13-300x300.webp 300w, https:\/\/agoravape.com\/wp-content\/uploads\/2025\/10\/Vapen-Quad-Box-20K-Puffs-4-Mode-Full-Screen-Vape_Agora_vape-13-150x150.webp 150w, https:\/\/agoravape.com\/wp-content\/uploads\/2025\/10\/Vapen-Quad-Box-20K-Puffs-4-Mode-Full-Screen-Vape_Agora_vape-13-768x768.webp 768w\" sizes=\"auto, (max-width: 1000px) 100vw, 1000px\" \/><\/h2>\n<h2 data-v-md-heading=\"vapen-quad-box-20-what-are-the-special-features-of-a-full-screen-vape-with-a-capacity-of-000-and-4-modes\" data-v-md-line=\"3\">Qual \u00e8 il problema della Vapen Quad Box 20K Puffs 4-Mode Full Screen Vape?<\/h2>\n<p data-v-md-line=\"4\">Se siete stanchi di quei vapers che si fermano a met\u00e0 strada durante i giorni feriali, potreste voler provare questo prodotto. La Vapen Quad Box \u00e8 dotata di una batteria ricaricabile e di un display a schermo intero che mostra con precisione lo stato attuale senza tirare a indovinare. \u00c8 possibile controllare istantaneamente la quantit\u00e0 di e-liquid, il livello della batteria e persino la durata del fumo.<\/p>\n<p data-v-md-line=\"6\">\u00c8 adatto a tutti gli utenti che desiderano una svapata affidabile, personalizzabile e facile da usare. Si potrebbe pensare che un dispositivo con un volume di fumo cos\u00ec elevato sia ingombrante, ma \u00e8 pi\u00f9 leggero di quanto si immagini, solo circa 80 grammi, e molto comodo da trasportare.<\/p>\n<h2 data-v-md-heading=\"excellent-performance-easy-and-convenient\" data-v-md-line=\"8\">Prestazioni eccellenti, facile e conveniente<\/h2>\n<p data-v-md-line=\"9\">Il doppio filo caldo e le quattro modalit\u00e0 di riscaldamento consentono di mantenere un gusto stabile e di regolare la temperatura a proprio piacimento. Il flusso d'aria regolabile consente di regolare facilmente l'aspirazione da stretta a trasparente. Quando la batteria \u00e8 scarica, \u00e8 sufficiente utilizzare il cavo dati Type-C eventualmente utilizzato sul telefono per ricaricarla. Semplice e conveniente.<\/p>\n<h2 data-v-md-heading=\"specification-overview\" data-v-md-line=\"11\">Panoramica delle specifiche<\/h2>\n<ul data-v-md-line=\"12\">\n<li>Suction frequency: up to 20000 times<\/li>\n<li>Nicotina: 2% e 5% opzionali (la fornitura pu\u00f2 variare a seconda del paese\/regione)<\/li>\n<li>Modalit\u00e0 di lavoro: Quattro modalit\u00e0 di riscaldamento, visualizzazione dello stato sullo schermo<\/li>\n<li>Charging: Type-C USB interface<\/li>\n<li>Schermo di visualizzazione: Visualizzazione a schermo intero delle spie dell'e-liquid e della batteria, nonch\u00e9 della durata dell'aspirazione.<\/li>\n<li>Flusso d'aria: regolabile<\/li>\n<li>Batteria: batteria ricaricabile da 650 mAh<\/li>\n<li>Capacit\u00e0 del liquido elettronico: 28 millilitri<\/li>\n<li>Stato: pronto all'uso dopo l'unboxing<\/li>\n<\/ul>\n<h2 data-v-md-heading=\"multiple-flavor-options\" data-v-md-line=\"22\">Multiple flavor options<\/h2>\n<ul data-v-md-line=\"23\">\n<li>Strawberry and watermelon flavor<\/li>\n<li>Gusto pesca, mango, ananas<\/li>\n<li>Gusto fragrante e rinfrescante<\/li>\n<li>Sapore di frutti di bosco<\/li>\n<li>Strano sapore di frutta alla fragola<\/li>\n<li>sapore hawaiano<\/li>\n<li>Gusto rinfrescante al mirtillo<\/li>\n<li>Aroma d'uva<\/li>\n<li>Gusto acqua al mirtillo e limone<\/li>\n<li>Gusto menta di Miami<\/li>\n<li>Gusto ghiaccio nero<\/li>\n<li>Gusto Tiffany (kiwi, anguria)<\/li>\n<\/ul>\n<h2 data-v-md-heading=\"to-create-for-you-and-your-business\" data-v-md-line=\"36\">Per creare per te e per la tua attivit\u00e0<\/h2>\n<p data-v-md-line=\"37\">Potete sceglierne una per uso personale o come imballaggio all'ingrosso per il vostro inventario. La scatola interna pu\u00f2 contenere 10 pezzi e quella esterna 200, il che la rende perfetta per l'espansione dalla vendita al dettaglio alle operazioni su larga scala. Il peso di un singolo pezzo \u00e8 di circa 80 grammi, mentre una confezione da 10 pesa circa 840 grammi. Le dimensioni della scatola esterna sono 51 \u00d7 29,3 \u00d7 26 centimetri, con un peso lordo di circa 17,8 chilogrammi.<\/p>\n<p data-v-md-line=\"39\">Spediamo attraverso partner di fiducia come UPS, DPD e DHL su base Delivered Duty Paid (DDP) per garantire che non si verifichino incidenti alla dogana. Il mercato TPD richiede una tariffa di 2%, mentre le regioni che consentono la TPD richiedono una tariffa di 5%. Possiamo guidarvi nella scelta di un piano di conformit\u00e0 adatto a ciascun Paese\/regione.<\/p>\n<h2 data-v-md-heading=\"why-do-you-like-it\" data-v-md-line=\"41\">Perch\u00e9 ti piace?<\/h2>\n<ul data-v-md-line=\"42\">\n<li>Aspirazione massiccia: tempo di utilizzo pi\u00f9 lungo, per cui non \u00e8 necessario sostituire frequentemente il dispositivo.<\/li>\n<li>Selezione del contenuto di nicotina: Scegliere un contenuto di nicotina di 2% o 5% in base ai propri gusti e alle normative locali.<\/li>\n<li>Ricaricabile: la ricarica di tipo C consente di utilizzare al massimo ogni goccia di e-liquid.<\/li>\n<li>Quattro modalit\u00e0 di riscaldamento: regolazione della temperatura in base ai propri gusti.<\/li>\n<li>Doppia seta calda: mantiene il gusto costante dal primo all'ultimo morso.<\/li>\n<li>Display a schermo intero: Per avere una chiara visione del livello dell'e-liquid e della batteria in un colpo d'occhio.<\/li>\n<li>Aspirazione regolabile: Impostare il metodo di aspirazione in base alle proprie preferenze.<\/li>\n<\/ul>\n<h2 data-v-md-heading=\"why-choose-to-collaborate-with-agoravape\" data-v-md-line=\"50\">Perch\u00e9 scegliere di collaborare con AgoraVape?<\/h2>\n<p data-v-md-line=\"51\">Vendiamo solo prodotti originali 100% e non abbiamo dubbi in merito. Vapen Quad Box 20K 4-Mode Full Screen vapes, dove si pu\u00f2 godere di prezzi scontati all'ingrosso, il supporto tecnico conveniente, e veloce e affidabile DDP servizi di consegna in Europa. Benvenuti a discutere con noi di inventario, pagamento e conformit\u00e0. Vi aiuteremo a creare un prodotto straordinario.<\/p>","protected":false},"excerpt":{"rendered":"<p>Qual \u00e8 il problema della Vapen Quad Box 20K Puffs 4-Mode Full Screen Vape? Se siete stanchi di quelle<\/p>","protected":false},"featured_media":14638,"comment_status":"open","ping_status":"closed","template":"","meta":[],"product_brand":[214],"product_cat":[124,185,189,194,174,175,193,191,179,173,186,180,190,141,192],"product_tag":[],"class_list":{"0":"post-14615","1":"product","2":"type-product","3":"status-publish","4":"has-post-thumbnail","6":"product_brand-vapen","7":"product_cat-vape-by-brand","8":"product_cat-10000-puffs-high-capacity","9":"product_cat-20mg-standard-nicotine-vapes","10":"product_cat-adjustable-airflow","11":"product_cat-fruit-flavors","12":"product_cat-icy-mint","13":"product_cat-mesh-coil","14":"product_cat-rechargeable-disposables","15":"product_cat-unique-blends","16":"product_cat-vape-by-flavor-profile","17":"product_cat-vape-by-nicotine-strength","18":"product_cat-vape-by-puff-count","19":"product_cat-vape-by-feature-or-type","20":"product_cat-vapen","21":"product_cat-vapes-with-screens","23":"first","24":"onbackorder","25":"shipping-taxable","26":"purchasable","27":"product-type-variable","28":"has-default-attributes"},"tiered_pricing_type":"percentage","tiered_pricing_fixed_rules":[],"tiered_pricing_product_settings":{"layout":"default","base_unit_name":{"singular":null,"plural":null},"default_variation":null},"tiered_pricing_minimum_quantity":10,"tiered_pricing_roles_data":[],"tiered_pricing_percentage_rules":{"50":"35","100":"40","200":"44","500":"47","1000":"49"},"tiered_pricing_maximum_quantity":null,"tiered_pricing_quantity_step":"10","_links":{"self":[{"href":"https:\/\/agoravape.com\/it\/wp-json\/wp\/v2\/product\/14615","targetHints":{"allow":["GET"]}}],"collection":[{"href":"https:\/\/agoravape.com\/it\/wp-json\/wp\/v2\/product"}],"about":[{"href":"https:\/\/agoravape.com\/it\/wp-json\/wp\/v2\/types\/product"}],"replies":[{"embeddable":true,"href":"https:\/\/agoravape.com\/it\/wp-json\/wp\/v2\/comments?post=14615"}],"version-history":[{"count":0,"href":"https:\/\/agoravape.com\/it\/wp-json\/wp\/v2\/product\/14615\/revisions"}],"wp:featuredmedia":[{"embeddable":true,"href":"https:\/\/agoravape.com\/it\/wp-json\/wp\/v2\/media\/14638"}],"wp:attachment":[{"href":"https:\/\/agoravape.com\/it\/wp-json\/wp\/v2\/media?parent=14615"}],"wp:term":[{"taxonomy":"product_brand","embeddable":true,"href":"https:\/\/agoravape.com\/it\/wp-json\/wp\/v2\/product_brand?post=14615"},{"taxonomy":"product_cat","embeddable":true,"href":"https:\/\/agoravape.com\/it\/wp-json\/wp\/v2\/product_cat?post=14615"},{"taxonomy":"product_tag","embeddable":true,"href":"https:\/\/agoravape.com\/it\/wp-json\/wp\/v2\/product_tag?post=14615"}],"curies":[{"name":"wp","href":"https:\/\/api.w.org\/{rel}","templated":true}]}}