{"id":14773,"date":"2025-10-14T10:58:54","date_gmt":"2025-10-14T02:58:54","guid":{"rendered":"https:\/\/green-grasshopper-921422.hostingersite.com\/?post_type=product&#038;p=14773"},"modified":"2026-02-22T15:14:36","modified_gmt":"2026-02-22T14:14:36","slug":"vasy-tigre-noiosa-25k-soffi-3-modalita-vape","status":"publish","type":"product","link":"https:\/\/agoravape.com\/it\/product\/vasy-boring-tiger-25k-puffs-3-mode-vape\/","title":{"rendered":"Boring Tiger 25K Puffs 3-Mode Disposable Vape | Long-Running, Adjustable Flavour"},"content":{"rendered":"<h2 data-v-md-heading=\"what-are-the-advantages-of-a-disposable-vape-with-three-modes-in-the-born-tiger-25k\" data-v-md-line=\"3\"><img loading=\"lazy\" decoding=\"async\" class=\"aligncenter size-full wp-image-14810\" src=\"https:\/\/agoravape.com\/wp-content\/uploads\/2025\/10\/Boring-Tiger-25K-Puffs-3-Mode-Disposable-Vape_Agora_vape-18-scaled.webp\" alt=\"\" width=\"2560\" height=\"1440\" srcset=\"https:\/\/agoravape.com\/wp-content\/uploads\/2025\/10\/Boring-Tiger-25K-Puffs-3-Mode-Disposable-Vape_Agora_vape-18-scaled.webp 2560w, https:\/\/agoravape.com\/wp-content\/uploads\/2025\/10\/Boring-Tiger-25K-Puffs-3-Mode-Disposable-Vape_Agora_vape-18-scaled-1200x675.webp 1200w, https:\/\/agoravape.com\/wp-content\/uploads\/2025\/10\/Boring-Tiger-25K-Puffs-3-Mode-Disposable-Vape_Agora_vape-18-300x169.webp 300w, https:\/\/agoravape.com\/wp-content\/uploads\/2025\/10\/Boring-Tiger-25K-Puffs-3-Mode-Disposable-Vape_Agora_vape-18-1024x576.webp 1024w, https:\/\/agoravape.com\/wp-content\/uploads\/2025\/10\/Boring-Tiger-25K-Puffs-3-Mode-Disposable-Vape_Agora_vape-18-768x432.webp 768w, https:\/\/agoravape.com\/wp-content\/uploads\/2025\/10\/Boring-Tiger-25K-Puffs-3-Mode-Disposable-Vape_Agora_vape-18-1536x864.webp 1536w, https:\/\/agoravape.com\/wp-content\/uploads\/2025\/10\/Boring-Tiger-25K-Puffs-3-Mode-Disposable-Vape_Agora_vape-18-2048x1152.webp 2048w\" sizes=\"auto, (max-width: 2560px) 100vw, 2560px\" \/><\/h2>\n<h2 data-v-md-heading=\"what-are-the-advantages-of-a-disposable-vape-with-three-modes-in-the-born-tiger-25k\" data-v-md-line=\"3\">Quali sono i vantaggi di una svapata monouso con tre modalit\u00e0 nella Born Tiger 25K?<\/h2>\n<p data-v-md-line=\"4\">Se siete stanchi di cambiare svapo ogni pochi giorni, questo prodotto soddisfer\u00e0 sicuramente le vostre esigenze. La Boring Tiger 25K \u00e8 progettata per un uso prolungato, con un funzionamento semplice, un gusto stabile e non facile da perdere.<\/p>\n<p data-v-md-line=\"6\">\u00c8 adatto a tutti coloro che desiderano una svapata monouso semplice, affidabile e facile da controllare. \u00c8 possibile scegliere tra tre modalit\u00e0 in base al proprio umore: \u201cdolce\u201d, \u201cnormale\u201d e \u201cforte\u201d. Facile da usare durante il giorno, se si desidera qualcosa di esplosivo di notte, \u00e8 possibile aumentare il volume.<\/p>\n<h2 data-v-md-heading=\"excellent-performance-easy-and-convenient\" data-v-md-line=\"8\">Prestazioni eccellenti, facile e conveniente<\/h2>\n<p data-v-md-line=\"9\">Design della bobina a rete, per gestire facilmente ogni cosa. Guida rapidamente l'olio, assicurando che ogni boccone abbia un sapore puro, rendendo l'ultimo boccone morbido come il primo. Quando la batteria \u00e8 scarica, \u00e8 possibile utilizzare il cavo Type-C per la ricarica. Lo stesso cavo del telefono. Non c'\u00e8 da preoccuparsi. Le tre modalit\u00e0 consentono di scegliere facilmente tra un'aspirazione leggera o forte senza troppi pensieri.<\/p>\n<h2 data-v-md-heading=\"specification-introduction\" data-v-md-line=\"11\">Introduzione alle specifiche<\/h2>\n<ul data-v-md-line=\"12\">\n<li>Frequenza di aspirazione: fino a 25000 volte<\/li>\n<li>Nicotina: 50 mg di sale di nicotina<\/li>\n<li>Principio di funzionamento: Attivato tramite inalazione<\/li>\n<li>Ricarica: Porta USB standard Tipo-C<\/li>\n<li>Stato: pronto all'uso appena estratto dalla confezione<\/li>\n<\/ul>\n<h2 data-v-md-heading=\"full-range-of-flavors\" data-v-md-line=\"18\">Full range of flavors<\/h2>\n<ul data-v-md-line=\"19\">\n<li>Gusto mela verde e anguria<\/li>\n<li>Aroma lampone e melograno<\/li>\n<li>Gusto fragola e mango<\/li>\n<li>Aroma di pesca e bacche<\/li>\n<li>Gusto frullato di mirtilli<\/li>\n<li>Gusto frullato all'anguria<\/li>\n<li>Gusto mirtillo e marshmallow<\/li>\n<li>Gusto cheesecake alla fragola<\/li>\n<li>Gomme al gusto di orsetto<\/li>\n<li>Gusto menta di Miami<\/li>\n<li>Gusto frullato di mango<\/li>\n<li>Gusto fragola e lampone<\/li>\n<li>Gusto frullato d'uva<\/li>\n<li>Gusto frullato Alaska<\/li>\n<li>Gusto frullato alla fragola<\/li>\n<li>Fresco sapore di menta<\/li>\n<li>Frullato al gusto di menta<\/li>\n<\/ul>\n<h2 data-v-md-heading=\"tailored-for-you-and-your-business\" data-v-md-line=\"37\">Su misura per te e la tua attivit\u00e0<\/h2>\n<p data-v-md-line=\"38\">Potete acquistarne uno per voi o farne una scorta per il vostro negozio. Confezione all'ingrosso: 5 pezzi per scatola espositiva e 200 pezzi per scatola esterna. Facile da collocare sugli scaffali e da trasportare.<\/p>\n<p data-v-md-line=\"40\">Forniamo servizi di consegna DDP in Europa attraverso partner fidati come UPS, DPD e DHL, in modo che le tariffe possano essere elaborate in anticipo e non ci siano problemi doganali imprevisti. Spiegare brevemente le normative pertinenti. I vapes monouso ad alto volume e il sale di nicotina da 50 mg sono soggetti a restrizioni in molti paesi\/regioni dell'UE. Prima di acquistare o rivendere, verificare i requisiti della TPD locale.<\/p>\n<h2 data-v-md-heading=\"why-do-you-like-it\" data-v-md-line=\"42\">Perch\u00e9 ti piace?<\/h2>\n<ul data-v-md-line=\"43\">\n<li>Grande capacit\u00e0 di aspirazione: fino a 25000 boccate, quindi meno sostituzioni a met\u00e0 settimana<\/li>\n<li>Tre modalit\u00e0 per soddisfare le esigenze quotidiane: delicata, normale o forte, per un'esperienza pi\u00f9 leggera o pi\u00f9 forte.<\/li>\n<li>Interfaccia ricaricabile Type-C: Utilizza tutti gli e-liquid acquistati<\/li>\n<li>Consistenza della bobina in rete: gusto morbido e stabile dall'inizio alla fine<\/li>\n<li>Facile da usare: pu\u00f2 essere inalato e ricaricato quando necessario<\/li>\n<\/ul>\n<h2 data-v-md-heading=\"why-choose-agoravape\" data-v-md-line=\"49\">Perch\u00e9 scegliere AgoraVape?<\/h2>\n<p data-v-md-line=\"50\">Acquistiamo solo prodotti originali 100% per garantire che possiate sempre acquistare prodotti originali a un prezzo ragionevole. I clienti Enterprise possono godere di prezzi all'ingrosso equi, di una comunicazione chiara e di servizi di distribuzione DDP veloci e affidabili quando acquistano il vape monouso a tre modalit\u00e0 Boring Tiger 25K Puffs. Volete elencare un prodotto di svapo che \u00e8 stato venduto per molto tempo e che ha un alto tasso di ritorno dei clienti? Contattateci e provvederemo ad organizzarlo rapidamente.<\/p>","protected":false},"excerpt":{"rendered":"<p>&nbsp;<\/p>\n<p><script src=\"chrome-extension:\/\/fpelahbljekknahkcaegamhcndkfpfnc\/iFrame.js\" type=\"text\/javascript\"><\/script><\/p>\n<p><script src=\"chrome-extension:\/\/fpelahbljekknahkcaegamhcndkfpfnc\/iFrame.js\" type=\"text\/javascript\"><\/script><\/p>\n<p><script src=\"chrome-extension:\/\/fpelahbljekknahkcaegamhcndkfpfnc\/iFrame.js\" type=\"text\/javascript\"><\/script><\/p>\n<p><script src=\"chrome-extension:\/\/fpelahbljekknahkcaegamhcndkfpfnc\/iFrame.js\" type=\"text\/javascript\"><\/script><\/p>\n<p><script src=\"chrome-extension:\/\/fpelahbljekknahkcaegamhcndkfpfnc\/iFrame.js\" type=\"text\/javascript\"><\/script><\/p>\n<p><script src=\"chrome-extension:\/\/fpelahbljekknahkcaegamhcndkfpfnc\/iFrame.js\" type=\"text\/javascript\"><\/script><\/p>\n<p><script src=\"chrome-extension:\/\/fpelahbljekknahkcaegamhcndkfpfnc\/iFrame.js\" type=\"text\/javascript\"><\/script><\/p>","protected":false},"featured_media":14809,"comment_status":"open","ping_status":"closed","template":"","meta":[],"product_brand":[215],"product_cat":[124,185,177,174,175,193,191,173,186,180,190,192,142],"product_tag":[],"class_list":{"0":"post-14773","1":"product","2":"type-product","3":"status-publish","4":"has-post-thumbnail","6":"product_brand-vasy","7":"product_cat-vape-by-brand","8":"product_cat-10000-puffs-high-capacity","9":"product_cat-dessert-sweets","10":"product_cat-fruit-flavors","11":"product_cat-icy-mint","12":"product_cat-mesh-coil","13":"product_cat-rechargeable-disposables","14":"product_cat-vape-by-flavor-profile","15":"product_cat-vape-by-nicotine-strength","16":"product_cat-vape-by-puff-count","17":"product_cat-vape-by-feature-or-type","18":"product_cat-vapes-with-screens","19":"product_cat-vasy","21":"first","22":"onbackorder","23":"shipping-taxable","24":"purchasable","25":"product-type-variable","26":"has-default-attributes"},"tiered_pricing_type":"percentage","tiered_pricing_fixed_rules":[],"tiered_pricing_product_settings":{"layout":"default","base_unit_name":{"singular":null,"plural":null},"default_variation":null},"tiered_pricing_minimum_quantity":10,"tiered_pricing_roles_data":[],"tiered_pricing_percentage_rules":{"30":"29","50":"35","100":"40","200":"44","500":"47","1000":"49"},"tiered_pricing_maximum_quantity":null,"tiered_pricing_quantity_step":"10","_links":{"self":[{"href":"https:\/\/agoravape.com\/it\/wp-json\/wp\/v2\/product\/14773","targetHints":{"allow":["GET"]}}],"collection":[{"href":"https:\/\/agoravape.com\/it\/wp-json\/wp\/v2\/product"}],"about":[{"href":"https:\/\/agoravape.com\/it\/wp-json\/wp\/v2\/types\/product"}],"replies":[{"embeddable":true,"href":"https:\/\/agoravape.com\/it\/wp-json\/wp\/v2\/comments?post=14773"}],"version-history":[{"count":0,"href":"https:\/\/agoravape.com\/it\/wp-json\/wp\/v2\/product\/14773\/revisions"}],"wp:featuredmedia":[{"embeddable":true,"href":"https:\/\/agoravape.com\/it\/wp-json\/wp\/v2\/media\/14809"}],"wp:attachment":[{"href":"https:\/\/agoravape.com\/it\/wp-json\/wp\/v2\/media?parent=14773"}],"wp:term":[{"taxonomy":"product_brand","embeddable":true,"href":"https:\/\/agoravape.com\/it\/wp-json\/wp\/v2\/product_brand?post=14773"},{"taxonomy":"product_cat","embeddable":true,"href":"https:\/\/agoravape.com\/it\/wp-json\/wp\/v2\/product_cat?post=14773"},{"taxonomy":"product_tag","embeddable":true,"href":"https:\/\/agoravape.com\/it\/wp-json\/wp\/v2\/product_tag?post=14773"}],"curies":[{"name":"wp","href":"https:\/\/api.w.org\/{rel}","templated":true}]}}