{"id":14887,"date":"2025-10-14T12:55:00","date_gmt":"2025-10-14T04:55:00","guid":{"rendered":"https:\/\/green-grasshopper-921422.hostingersite.com\/?post_type=product&#038;p=14887"},"modified":"2026-03-30T17:51:48","modified_gmt":"2026-03-30T15:51:48","slug":"arymi-k-stick-28000-puff-dual-pod-vape","status":"publish","type":"product","link":"https:\/\/agoravape.com\/it\/product\/arymi-k-stick-28000-puffs-dual-pod-vape\/","title":{"rendered":"Arymi K-Stick 28000 Puffs Dual Pod Disposable Vape | Big Capacity Made Simple"},"content":{"rendered":"<h2 data-v-md-heading=\"what-about-the-arymi-k-stick-28000-dual-cartridge-disposable-vape\" data-v-md-line=\"3\"><img loading=\"lazy\" decoding=\"async\" class=\"aligncenter size-full wp-image-14917\" src=\"https:\/\/agoravape.com\/wp-content\/uploads\/2025\/10\/1_Agora_vape.webp\" alt=\"\" width=\"1280\" height=\"1280\" srcset=\"https:\/\/agoravape.com\/wp-content\/uploads\/2025\/10\/1_Agora_vape.webp 1280w, https:\/\/agoravape.com\/wp-content\/uploads\/2025\/10\/1_Agora_vape-600x600.webp 600w, https:\/\/agoravape.com\/wp-content\/uploads\/2025\/10\/1_Agora_vape-1200x1200.webp 1200w, https:\/\/agoravape.com\/wp-content\/uploads\/2025\/10\/1_Agora_vape-300x300.webp 300w, https:\/\/agoravape.com\/wp-content\/uploads\/2025\/10\/1_Agora_vape-1024x1024.webp 1024w, https:\/\/agoravape.com\/wp-content\/uploads\/2025\/10\/1_Agora_vape-150x150.webp 150w, https:\/\/agoravape.com\/wp-content\/uploads\/2025\/10\/1_Agora_vape-768x768.webp 768w\" sizes=\"auto, (max-width: 1280px) 100vw, 1280px\" \/><\/h2>\n<h2 data-v-md-heading=\"what-about-the-arymi-k-stick-28000-dual-cartridge-disposable-vape\" data-v-md-line=\"3\">Che ne dite del vape monouso a doppia cartuccia Arymi K-Stick 28000?<\/h2>\n<p data-v-md-line=\"4\">Se siete stanchi dei vapers usa e getta che si esauriscono in pochi giorni, allora questo prodotto attirer\u00e0 sicuramente la vostra attenzione. La Arymi K-Stick ha una capacit\u00e0 super grande di 28000 puff e presenta un design a doppia cartuccia, specificamente progettato per un uso a lungo termine e un gusto stabile.<\/p>\n<p data-v-md-line=\"6\">Se volete una svapata affidabile e conveniente, questa \u00e8 la scelta ideale. Nessun menu, nessun pulsante, basta prenderlo e aspirare. Si potrebbe pensare che questa svapata con una bocca cos\u00ec grande sia ingombrante, ma sorprendentemente \u00e8 molto facile da trasportare, con un'altezza di 137 millimetri e un diametro di 28 millimetri. Ha una sensazione di solidit\u00e0 e pesa solo 122 grammi, il che lo rende facile da trasportare.<\/p>\n<h2 data-v-md-heading=\"excellent-performance-easy-and-convenient\" data-v-md-line=\"8\">Prestazioni eccellenti, facile e conveniente<\/h2>\n<p data-v-md-line=\"9\">K-Stick utilizza bobine a doppia maglia per garantire un gusto costante dal primo all'ultimo morso. Il design a doppia cartuccia e la tecnologia di separazione delle bobine del liquido si completano a vicenda, contribuendo a mantenere fresco l'e-liquid e a ridurre la possibilit\u00e0 di perdite di olio durante la conservazione o il viaggio. Inoltre, \u00e8 dotata di ugelli commutabili che possono essere facilmente scambiati tra le cartucce con una leggera rotazione, mantenendo un gusto fresco.<\/p>\n<h2 data-v-md-heading=\"specification-overview\" data-v-md-line=\"11\">Panoramica delle specifiche<\/h2>\n<p data-v-md-line=\"12\"><strong>Suction frequency<\/strong>fino a 28000 volte<br \/>\n<strong>Nicotine content<\/strong>: 5% (50 milligrammi)<br \/>\n<strong>Principio di funzionamento<\/strong>: Attivato per inalazione<br \/>\n<strong>Metodo di ricarica<\/strong>: Produttore non specificato<br \/>\n<strong>Stato<\/strong>: Pronto all'uso dopo averlo disimballato<br \/>\n<strong>Misurare<\/strong>\u03c6 28 \u00d7 137 millimetri<br \/>\n<strong>Peso singolo<\/strong>: 122 grammi<\/p>\n<h2 data-v-md-heading=\"for-you-for-your-business\" data-v-md-line=\"20\">Per te, per il tuo business<\/h2>\n<p data-v-md-line=\"21\">\u00c8 possibile utilizzare il <a class=\"wpil_keyword_link\" href=\"https:\/\/agoravape.com\/it\/svapare-per-marca\/arymi\/\" target=\"_blank\" rel=\"noopener\" title=\"ARYMI\" data-wpil-keyword-link=\"linked\" data-wpil-monitor-id=\"7172\">Arymi<\/a> K-Stick per uso personale o per l'acquisto nel tuo negozio. Il confezionamento all'ingrosso \u00e8 semplice e intuitivo. La scatola interna pu\u00f2 contenere 10 pezzi. La scatola esterna pu\u00f2 contenere 15 scatole interne, per un totale di 150 pezzi. Ci\u00f2 semplifica la previsione e la pianificazione degli scaffali.<\/p>\n<p data-v-md-line=\"23\">Spediamo i vostri ordini attraverso partner di fiducia come UPS, DPD e DHL con modalit\u00e0 DDP a pagamento in tutta Europa per garantire uno sdoganamento senza problemi. La situazione delle forniture e le opzioni di nicotina possono variare in diversi paesi\/regioni, pertanto si prega di verificare le normative locali prima di effettuare un ordine.<\/p>\n<h2 data-v-md-heading=\"why-do-you-like-it\" data-v-md-line=\"25\">Perch\u00e9 ti piace?<\/h2>\n<p data-v-md-line=\"26\"><strong>Conteggio delle bocche grandi<\/strong>: tempo di utilizzo pi\u00f9 lungo, nessuna necessit\u00e0 di sostituire frequentemente le apparecchiature.<br \/>\n<strong>Contenuto di nicotina pi\u00f9 elevato<\/strong>: Un contenuto di nicotina di 5% \u00e8 adatto agli utenti che preferiscono un gusto pi\u00f9 forte.<br \/>\n<strong>Design a doppia cartuccia<\/strong>: Capacit\u00e0 maggiore, facile da cambiare, gusto fresco.<br \/>\n<strong>Bobine a doppia maglia<\/strong>: Gusto costante e aspirazione fluida.<br \/>\n<strong>Separazione del nucleo di atomizzazione dell'olio<\/strong>: Aiuta a mantenere fresco l'e-liquid e a ridurre le perdite di olio.<\/p>\n<h2 data-v-md-heading=\"why-choose-to-collaborate-with-agoravape\" data-v-md-line=\"32\">Perch\u00e9 scegliere di collaborare con AgoraVape?<\/h2>\n<p data-v-md-line=\"33\">Vendiamo solo prodotti originali 100% con specifiche chiare e affidabili. Per i clienti commerciali, ci\u00f2 significa che la confezione di Arymi K-Stick 28000 vape usa e getta con cartucce doppie offre prezzi all'ingrosso competitivi, assistenza rapida e consegna DDP veloce. Volete prenotare un dispositivo che i clienti torneranno ad acquistare? Contattateci e ci metteremo d'accordo con voi.<\/p>","protected":false},"excerpt":{"rendered":"<p>What about the Arymi K-Stick 28000 dual cartridge disposable vape? If you are tired of disposable vapes that can be<\/p>","protected":false},"featured_media":14916,"comment_status":"open","ping_status":"closed","template":"","meta":[],"product_brand":[216],"product_cat":[124,185,143,177,195,174,175,193,191,178,173,186,180,190],"product_tag":[],"class_list":{"0":"post-14887","1":"product","2":"type-product","3":"status-publish","4":"has-post-thumbnail","6":"product_brand-arymi","7":"product_cat-vape-by-brand","8":"product_cat-10000-puffs-high-capacity","9":"product_cat-arymi","10":"product_cat-dessert-sweets","11":"product_cat-dual-flavor-switch","12":"product_cat-fruit-flavors","13":"product_cat-icy-mint","14":"product_cat-mesh-coil","15":"product_cat-rechargeable-disposables","16":"product_cat-tobacco","17":"product_cat-vape-by-flavor-profile","18":"product_cat-vape-by-nicotine-strength","19":"product_cat-vape-by-puff-count","20":"product_cat-vape-by-feature-or-type","22":"first","23":"onbackorder","24":"shipping-taxable","25":"purchasable","26":"product-type-variable","27":"has-default-attributes"},"tiered_pricing_type":"percentage","tiered_pricing_fixed_rules":[],"tiered_pricing_product_settings":{"layout":"default","base_unit_name":{"singular":null,"plural":null},"default_variation":null},"tiered_pricing_minimum_quantity":10,"tiered_pricing_roles_data":[],"tiered_pricing_percentage_rules":{"30":"29","50":"35","100":"40","200":"44","500":"47","1000":"49"},"tiered_pricing_maximum_quantity":null,"tiered_pricing_quantity_step":"10","_links":{"self":[{"href":"https:\/\/agoravape.com\/it\/wp-json\/wp\/v2\/product\/14887","targetHints":{"allow":["GET"]}}],"collection":[{"href":"https:\/\/agoravape.com\/it\/wp-json\/wp\/v2\/product"}],"about":[{"href":"https:\/\/agoravape.com\/it\/wp-json\/wp\/v2\/types\/product"}],"replies":[{"embeddable":true,"href":"https:\/\/agoravape.com\/it\/wp-json\/wp\/v2\/comments?post=14887"}],"version-history":[{"count":1,"href":"https:\/\/agoravape.com\/it\/wp-json\/wp\/v2\/product\/14887\/revisions"}],"predecessor-version":[{"id":29824,"href":"https:\/\/agoravape.com\/it\/wp-json\/wp\/v2\/product\/14887\/revisions\/29824"}],"wp:featuredmedia":[{"embeddable":true,"href":"https:\/\/agoravape.com\/it\/wp-json\/wp\/v2\/media\/14916"}],"wp:attachment":[{"href":"https:\/\/agoravape.com\/it\/wp-json\/wp\/v2\/media?parent=14887"}],"wp:term":[{"taxonomy":"product_brand","embeddable":true,"href":"https:\/\/agoravape.com\/it\/wp-json\/wp\/v2\/product_brand?post=14887"},{"taxonomy":"product_cat","embeddable":true,"href":"https:\/\/agoravape.com\/it\/wp-json\/wp\/v2\/product_cat?post=14887"},{"taxonomy":"product_tag","embeddable":true,"href":"https:\/\/agoravape.com\/it\/wp-json\/wp\/v2\/product_tag?post=14887"}],"curies":[{"name":"wp","href":"https:\/\/api.w.org\/{rel}","templated":true}]}}