{"id":15127,"date":"2025-10-14T14:14:37","date_gmt":"2025-10-14T06:14:37","guid":{"rendered":"https:\/\/green-grasshopper-921422.hostingersite.com\/?post_type=product&#038;p=15127"},"modified":"2026-01-19T22:05:05","modified_gmt":"2026-01-19T14:05:05","slug":"grativape-ipanda-15k-soffi-display-vape","status":"publish","type":"product","link":"https:\/\/agoravape.com\/it\/product\/grativape-ipanda-15k-puffs-display-vape\/","title":{"rendered":"Grativape iPanda 15K Puffs Vape with Display Screen | Long\u2011lasting flavour with a smart display"},"content":{"rendered":"<h2 data-v-md-heading=\"what-is-the-grativape-ipanda-15000-mouth-vape-with-a-display-screen-like\" data-v-md-line=\"3\"><img loading=\"lazy\" decoding=\"async\" class=\"aligncenter size-full wp-image-15139\" src=\"https:\/\/agoravape.com\/wp-content\/uploads\/2025\/10\/Grativape-iPanda-15K-Puffs-Vape-with-Display-Screen_Agora_vape-1-scaled.webp\" alt=\"\" width=\"2560\" height=\"1121\" srcset=\"https:\/\/agoravape.com\/wp-content\/uploads\/2025\/10\/Grativape-iPanda-15K-Puffs-Vape-with-Display-Screen_Agora_vape-1-scaled.webp 2560w, https:\/\/agoravape.com\/wp-content\/uploads\/2025\/10\/Grativape-iPanda-15K-Puffs-Vape-with-Display-Screen_Agora_vape-1-scaled-1200x525.webp 1200w, https:\/\/agoravape.com\/wp-content\/uploads\/2025\/10\/Grativape-iPanda-15K-Puffs-Vape-with-Display-Screen_Agora_vape-1-300x131.webp 300w, https:\/\/agoravape.com\/wp-content\/uploads\/2025\/10\/Grativape-iPanda-15K-Puffs-Vape-with-Display-Screen_Agora_vape-1-1024x448.webp 1024w, https:\/\/agoravape.com\/wp-content\/uploads\/2025\/10\/Grativape-iPanda-15K-Puffs-Vape-with-Display-Screen_Agora_vape-1-768x336.webp 768w, https:\/\/agoravape.com\/wp-content\/uploads\/2025\/10\/Grativape-iPanda-15K-Puffs-Vape-with-Display-Screen_Agora_vape-1-1536x673.webp 1536w, https:\/\/agoravape.com\/wp-content\/uploads\/2025\/10\/Grativape-iPanda-15K-Puffs-Vape-with-Display-Screen_Agora_vape-1-2048x897.webp 2048w\" sizes=\"auto, (max-width: 2560px) 100vw, 2560px\" \/><\/h2>\n<h2 data-v-md-heading=\"what-is-the-grativape-ipanda-15000-mouth-vape-with-a-display-screen-like\" data-v-md-line=\"3\">Com'\u00e8 il vaporizzatore da bocca Grativape iPanda 15000 con schermo?<\/h2>\n<p data-v-md-line=\"4\">Se siete stanchi di usare vapori usa e getta prima del weekend, potreste dare un'occhiata a questo prodotto. La Grativape iPanda ha una capacit\u00e0 fino a 15000 porte ed \u00e8 dotata di uno schermo chiaro che pu\u00f2 mostrare contemporaneamente i livelli della batteria e dell'e-liquid. Non c'\u00e8 bisogno di tirare a indovinare e non ci saranno aspirazioni a secco.<\/p>\n<p data-v-md-line=\"6\">\u00c8 adatta a tutti gli utenti che desiderano semplicit\u00e0, affidabilit\u00e0 e gusto costante. Potrete godere di un'esperienza di fumo confortevole e di un comodo schermo che indica con precisione quando \u00e8 necessario ricaricare o quando l'e-liquid \u00e8 in esaurimento. Si potrebbe pensare che una vape di cos\u00ec grande capacit\u00e0 sia ingombrante, ma la sua portabilit\u00e0 vi sorprender\u00e0.<\/p>\n<h2 data-v-md-heading=\"excellent-performance-easy-and-convenient\" data-v-md-line=\"8\">Prestazioni eccellenti, facile e conveniente<\/h2>\n<p data-v-md-line=\"9\">Il cuore di iPanda \u00e8 un nucleo di atomizzazione a maglia da 1,0 \u03a9, che garantisce che ogni boccone sia delizioso come la prima boccata. La batteria ricaricabile da 650 mAh garantisce prestazioni stabili del nucleo di atomizzazione. La capacit\u00e0 di 18 ml di e-liquid supporta l'aspirazione a lungo termine e lo schermo del display pu\u00f2 mostrare lo stato della batteria e dell'e-liquid, consentendo di controllare tutto. Quando la batteria \u00e8 scarica, \u00e8 sufficiente utilizzare un cavo dati Type-C per la connessione. Semplice e conveniente.<\/p>\n<h2 data-v-md-heading=\"specification-introduction\" data-v-md-line=\"11\">Introduzione alle specifiche<\/h2>\n<ul data-v-md-line=\"12\">\n<li>Frequenza di aspirazione: fino a 15000 volte<\/li>\n<li>Contenuto di nicotina: 0%, 2%, 3%, e 5%<\/li>\n<li>Working principle: Activate with just one puff<\/li>\n<li>Charging: Standard Type-C USB interface<\/li>\n<li>Stato: pronto all'uso appena estratto dalla confezione<\/li>\n<\/ul>\n<h2 data-v-md-heading=\"full-range-of-flavors\" data-v-md-line=\"18\">Full range of flavors<\/h2>\n<ul data-v-md-line=\"19\">\n<li>Ghiaccio al lampone<\/li>\n<li>Ghiaccio al mango e alla banana<\/li>\n<li>Ghiaccio al mango<\/li>\n<li>Tabacco<\/li>\n<li>Ghiaccio al litchi e anguria<\/li>\n<\/ul>\n<h2 data-v-md-heading=\"for-you-and-your-business\" data-v-md-line=\"25\">For you and your business<\/h2>\n<p data-v-md-line=\"26\">Potete scegliere un dispositivo per l'uso quotidiano o una scorta per il vostro negozio. Offriamo ordini individuali e opzioni di vendita all'ingrosso, consentendovi di scegliere i prodotti pi\u00f9 adatti. Forniamo servizi di consegna DDP all'interno dell'Unione Europea con partner di fiducia come UPS, DPD e DHL, garantendo la corretta gestione delle tariffe ed evitando situazioni impreviste alla dogana.<\/p>\n<p data-v-md-line=\"28\">Se siete acquirenti al dettaglio, contattateci per conoscere i prezzi dei prodotti sfusi e dei gusti misti trasportabili. Manteniamo la trasparenza per consentirvi di conoscere con precisione i prodotti ordinati.<\/p>\n<h2 data-v-md-heading=\"why-do-you-like-it\" data-v-md-line=\"30\">Perch\u00e9 ti piace?<\/h2>\n<ul data-v-md-line=\"31\">\n<li>Grande capacit\u00e0 di fumare: maggiore durata della batteria, nessuna necessit\u00e0 di sostituire frequentemente i vaporizzatori.<\/li>\n<li>Selezione della concentrazione di nicotina: Scegliete la concentrazione di nicotina pi\u00f9 adatta ai vostri gusti.<\/li>\n<li>Ricaricabile: 18 millilitri di e-liquid possono essere utilizzati senza sprechi.<\/li>\n<li>Nucleo di atomizzazione a rete: garantisce un gusto stabile e duraturo ogni volta.<\/li>\n<li>Schermo intelligente: Il livello della batteria e quello dell'e-liquid sono chiari a colpo d'occhio, consentendo di essere pronti in qualsiasi momento.<\/li>\n<\/ul>\n<h2 data-v-md-heading=\"why-choose-agoravape\" data-v-md-line=\"37\">Perch\u00e9 scegliere AgoraVape?<\/h2>\n<p data-v-md-line=\"38\">Vendiamo solo prodotti originali e garantiamo la qualit\u00e0 dei prodotti che spediamo. Per i clienti commerciali, questo significa che la capacit\u00e0 di vaping Grativape iPanda 15K con display offrir\u00e0 prezzi all'ingrosso competitivi, un supporto tecnico reattivo e una consegna rapida nell'UE. Contattateci per prenotare un dispositivo affidabile per i vostri clienti.<\/p>","protected":false},"excerpt":{"rendered":"<p>&nbsp;<\/p>\n<p><script src=\"chrome-extension:\/\/fpelahbljekknahkcaegamhcndkfpfnc\/iFrame.js\" type=\"text\/javascript\"><\/script><\/p>\n<p><script src=\"chrome-extension:\/\/fpelahbljekknahkcaegamhcndkfpfnc\/iFrame.js\" type=\"text\/javascript\"><\/script><\/p>\n<p><script src=\"chrome-extension:\/\/fpelahbljekknahkcaegamhcndkfpfnc\/iFrame.js\" type=\"text\/javascript\"><\/script><\/p>\n<p><script src=\"chrome-extension:\/\/fpelahbljekknahkcaegamhcndkfpfnc\/iFrame.js\" type=\"text\/javascript\"><\/script><\/p>\n<p><script src=\"chrome-extension:\/\/fpelahbljekknahkcaegamhcndkfpfnc\/iFrame.js\" type=\"text\/javascript\"><\/script><\/p>\n<p><script src=\"chrome-extension:\/\/fpelahbljekknahkcaegamhcndkfpfnc\/iFrame.js\" type=\"text\/javascript\"><\/script><\/p>\n<p><script src=\"chrome-extension:\/\/fpelahbljekknahkcaegamhcndkfpfnc\/iFrame.js\" type=\"text\/javascript\"><\/script><\/p>","protected":false},"featured_media":15143,"comment_status":"open","ping_status":"closed","template":"","meta":[],"product_brand":[217],"product_cat":[124,187,185,1635,189,174,144,175,193,191,178,173,186,180,190,192],"product_tag":[],"class_list":{"0":"post-15127","1":"product","2":"type-product","3":"status-publish","4":"has-post-thumbnail","6":"product_brand-grativape","7":"product_cat-vape-by-brand","8":"product_cat-0mg-nicotine-free-vapes","9":"product_cat-10000-puffs-high-capacity","10":"product_cat-15000-puffs","11":"product_cat-20mg-standard-nicotine-vapes","12":"product_cat-fruit-flavors","13":"product_cat-grativape","14":"product_cat-icy-mint","15":"product_cat-mesh-coil","16":"product_cat-rechargeable-disposables","17":"product_cat-tobacco","18":"product_cat-vape-by-flavor-profile","19":"product_cat-vape-by-nicotine-strength","20":"product_cat-vape-by-puff-count","21":"product_cat-vape-by-feature-or-type","22":"product_cat-vapes-with-screens","24":"first","25":"onbackorder","26":"shipping-taxable","27":"purchasable","28":"product-type-variable","29":"has-default-attributes"},"tiered_pricing_type":"percentage","tiered_pricing_fixed_rules":[],"tiered_pricing_product_settings":{"layout":"default","base_unit_name":{"singular":null,"plural":null},"default_variation":null},"tiered_pricing_minimum_quantity":10,"tiered_pricing_roles_data":[],"tiered_pricing_percentage_rules":{"50":"35","100":"40","200":"44","500":"47","1000":"49"},"tiered_pricing_maximum_quantity":null,"tiered_pricing_quantity_step":"10","_links":{"self":[{"href":"https:\/\/agoravape.com\/it\/wp-json\/wp\/v2\/product\/15127","targetHints":{"allow":["GET"]}}],"collection":[{"href":"https:\/\/agoravape.com\/it\/wp-json\/wp\/v2\/product"}],"about":[{"href":"https:\/\/agoravape.com\/it\/wp-json\/wp\/v2\/types\/product"}],"replies":[{"embeddable":true,"href":"https:\/\/agoravape.com\/it\/wp-json\/wp\/v2\/comments?post=15127"}],"version-history":[{"count":0,"href":"https:\/\/agoravape.com\/it\/wp-json\/wp\/v2\/product\/15127\/revisions"}],"wp:featuredmedia":[{"embeddable":true,"href":"https:\/\/agoravape.com\/it\/wp-json\/wp\/v2\/media\/15143"}],"wp:attachment":[{"href":"https:\/\/agoravape.com\/it\/wp-json\/wp\/v2\/media?parent=15127"}],"wp:term":[{"taxonomy":"product_brand","embeddable":true,"href":"https:\/\/agoravape.com\/it\/wp-json\/wp\/v2\/product_brand?post=15127"},{"taxonomy":"product_cat","embeddable":true,"href":"https:\/\/agoravape.com\/it\/wp-json\/wp\/v2\/product_cat?post=15127"},{"taxonomy":"product_tag","embeddable":true,"href":"https:\/\/agoravape.com\/it\/wp-json\/wp\/v2\/product_tag?post=15127"}],"curies":[{"name":"wp","href":"https:\/\/api.w.org\/{rel}","templated":true}]}}