{"id":15154,"date":"2025-10-16T08:21:03","date_gmt":"2025-10-16T00:21:03","guid":{"rendered":"https:\/\/green-grasshopper-921422.hostingersite.com\/?post_type=product&#038;p=15154"},"modified":"2026-01-19T22:04:38","modified_gmt":"2026-01-19T14:04:38","slug":"vecchia-scuola-12k-puffs-leather-vape","status":"publish","type":"product","link":"https:\/\/agoravape.com\/it\/product\/old-school-12k-puffs-leather-vape\/","title":{"rendered":"Vape in pelle Old School 12K Puffs con doppio display e letture chiare e durature"},"content":{"rendered":"<h2 data-v-md-heading=\"what-is-special-about-the-old-school-12k-dual-screen-genuine-leather-vape\" data-v-md-line=\"3\">Cosa c'\u00e8 di speciale nel vape Old School 12K a doppio schermo in vera pelle?<\/h2>\n<p data-v-md-line=\"4\">Se siete stanchi di vapers usa e getta che si esauriscono ogni volta che ne avete bisogno, potreste dare un'occhiata a questo prodotto. La Old School 12K \u00e8 realizzata in pelle di alta qualit\u00e0 ed \u00e8 dotata di un comodo display a doppio schermo, che consente di visualizzare a colpo d'occhio i livelli della batteria e dell'e-liquid. Non c'\u00e8 bisogno di tirare a indovinare, non ci sono sorprese.<\/p>\n<p data-v-md-line=\"6\">Per chi desidera una svapata quotidiana affidabile senza dover sostituire frequentemente l'e-liquid, questo prodotto \u00e8 la scelta ideale. La ricarica da 18 ml e la batteria ricaricabile da 480 mAh possono fornire fino a 12000 assorbimenti di olio, consentendo di consumare veramente l'e-liquid acquistato.<\/p>\n<h2 data-v-md-heading=\"excellent-performance-without-any-problems\" data-v-md-line=\"8\">Prestazioni eccellenti senza alcun problema<\/h2>\n<p data-v-md-line=\"9\">Il componente centrale di questo dispositivo \u00e8 una bobina a rete, per cui ogni aspirazione \u00e8 deliziosa come quella iniziale. Il gusto rimane costante. Quando la batteria \u00e8 scarica, \u00e8 possibile ricaricarla tramite Type-C, quindi \u00e8 probabile che si utilizzi lo stesso cavo dati del telefono. Il doppio display consente di tenere sempre sotto controllo i livelli della batteria e dell'e-liquid, in modo da essere pronti all'uso in qualsiasi momento.<\/p>\n<h2 data-v-md-heading=\"specification-overview\" data-v-md-line=\"11\">Panoramica delle specifiche<\/h2>\n<ul data-v-md-line=\"12\">\n<li>Frequenza di aspirazione: fino a 12000 volte<\/li>\n<li>Nicotina: Concentrazione di 0%, 2%, 3%, 5%<\/li>\n<li>Principio di funzionamento: Attivato tramite inalazione<\/li>\n<li>Ricarica: Porta USB standard Tipo-C<\/li>\n<li>Stato: pronto all'uso dopo l'unboxing<\/li>\n<\/ul>\n<h2 data-v-md-heading=\"multiple-flavor-options\" data-v-md-line=\"18\">Multiple flavor options<\/h2>\n<ul data-v-md-line=\"19\">\n<li>Peach smoothie<\/li>\n<li>Watermelon smoothie<\/li>\n<li>Frullato di pesca e mango<\/li>\n<li>frullato d'uva<\/li>\n<li>Frullato gommoso dell'orsetto<\/li>\n<li>Frullato fresco alla menta<\/li>\n<li>Frullato di kiwi e fragole<\/li>\n<li>Frullato di fragola e banana<\/li>\n<li>Frullato di mirtillo e limone<\/li>\n<li>Litchi Ghiaccio Sabbia<\/li>\n<\/ul>\n<h2 data-v-md-heading=\"for-you-and-for-your-business-as-well\" data-v-md-line=\"30\">Per te e anche per la tua attivit\u00e0<\/h2>\n<p data-v-md-line=\"31\">Potete acquistare Old School 12K per uso personale o per il vostro negozio. Ogni scatola all'ingrosso contiene 10 pezzi, il che facilita l'organizzazione dell'inventario. La scatola standard pu\u00f2 contenere 200 pezzi, con un peso lordo di 20 chilogrammi e una dimensione del cartone di 520 \u00d7 276 \u00d7 222 millimetri.<\/p>\n<p data-v-md-line=\"33\">Collaboriamo con partner fidati come UPS, DPD e DHL per fornire servizi di consegna DDP in tutta Europa, assicurandovi costi di sbarco chiari ed evitando incidenti doganali. La spedizione veloce e la tracciabilit\u00e0 affidabile rendono tutto pi\u00f9 semplice.<\/p>\n<h2 data-v-md-heading=\"why-do-you-like-it\" data-v-md-line=\"35\">Perch\u00e9 ti piace?<\/h2>\n<ul data-v-md-line=\"36\">\n<li>Massive smoking: Durable and long-lasting, no need to frequently purchase new cigarettes.<\/li>\n<li>Selezione della nicotina: Potete scegliere la concentrazione che pi\u00f9 vi aggrada.<\/li>\n<li>Ricaricabile: significa che \u00e8 possibile utilizzare tutti gli e-liquid acquistati.<\/li>\n<li>Bobina a rete: \u00c8 in grado di offrire un gusto consistente e ricco ogni volta.<\/li>\n<\/ul>\n<h2 data-v-md-heading=\"why-choose-agoravape\" data-v-md-line=\"41\">Perch\u00e9 scegliere AgoraVape?<\/h2>\n<p data-v-md-line=\"42\">Vendiamo solo prodotti originali 100% e siamo responsabili dei prodotti che spediamo. Per gli acquirenti aziendali, questo significa che i vapes a doppio schermo in pelle Old School 12K Puffs hanno prezzi scontati all'ingrosso, un supporto affidabile e una consegna veloce DDP. Contattateci per rifornirvi di un dispositivo che valga la pena di essere utilizzato dai vostri clienti.<\/p>\n<p><script src=\"chrome-extension:\/\/fpelahbljekknahkcaegamhcndkfpfnc\/iFrame.js\" type=\"text\/javascript\"><\/script><\/p>","protected":false},"excerpt":{"rendered":"<p>&nbsp;<\/p>\n<p><script src=\"chrome-extension:\/\/fpelahbljekknahkcaegamhcndkfpfnc\/iFrame.js\" type=\"text\/javascript\"><\/script><\/p>\n<p><script src=\"chrome-extension:\/\/fpelahbljekknahkcaegamhcndkfpfnc\/iFrame.js\" type=\"text\/javascript\"><\/script><\/p>\n<p><script src=\"chrome-extension:\/\/fpelahbljekknahkcaegamhcndkfpfnc\/iFrame.js\" type=\"text\/javascript\"><\/script><\/p>\n<p><script src=\"chrome-extension:\/\/fpelahbljekknahkcaegamhcndkfpfnc\/iFrame.js\" type=\"text\/javascript\"><\/script><\/p>\n<p><script src=\"chrome-extension:\/\/fpelahbljekknahkcaegamhcndkfpfnc\/iFrame.js\" type=\"text\/javascript\"><\/script><\/p>\n<p><script src=\"chrome-extension:\/\/fpelahbljekknahkcaegamhcndkfpfnc\/iFrame.js\" type=\"text\/javascript\"><\/script><\/p>\n<p><script src=\"chrome-extension:\/\/fpelahbljekknahkcaegamhcndkfpfnc\/iFrame.js\" type=\"text\/javascript\"><\/script><\/p>\n<p><script src=\"chrome-extension:\/\/fpelahbljekknahkcaegamhcndkfpfnc\/iFrame.js\" type=\"text\/javascript\"><\/script><\/p>","protected":false},"featured_media":15168,"comment_status":"open","ping_status":"closed","template":"","meta":[],"product_brand":[219],"product_cat":[124,187,185,1634,189,174,175,193,146,191,178,173,186,180,190,192],"product_tag":[],"class_list":{"0":"post-15154","1":"product","2":"type-product","3":"status-publish","4":"has-post-thumbnail","6":"product_brand-old-school","7":"product_cat-vape-by-brand","8":"product_cat-0mg-nicotine-free-vapes","9":"product_cat-10000-puffs-high-capacity","10":"product_cat-12000-puffs","11":"product_cat-20mg-standard-nicotine-vapes","12":"product_cat-fruit-flavors","13":"product_cat-icy-mint","14":"product_cat-mesh-coil","15":"product_cat-old-school","16":"product_cat-rechargeable-disposables","17":"product_cat-tobacco","18":"product_cat-vape-by-flavor-profile","19":"product_cat-vape-by-nicotine-strength","20":"product_cat-vape-by-puff-count","21":"product_cat-vape-by-feature-or-type","22":"product_cat-vapes-with-screens","24":"first","25":"onbackorder","26":"shipping-taxable","27":"purchasable","28":"product-type-variable","29":"has-default-attributes"},"tiered_pricing_type":"percentage","tiered_pricing_fixed_rules":[],"tiered_pricing_product_settings":{"layout":"default","base_unit_name":{"singular":null,"plural":null},"default_variation":null},"tiered_pricing_minimum_quantity":10,"tiered_pricing_roles_data":[],"tiered_pricing_percentage_rules":{"30":"29","50":"35","100":"40","200":"44","500":"47","1000":"49"},"tiered_pricing_maximum_quantity":null,"tiered_pricing_quantity_step":"10","_links":{"self":[{"href":"https:\/\/agoravape.com\/it\/wp-json\/wp\/v2\/product\/15154","targetHints":{"allow":["GET"]}}],"collection":[{"href":"https:\/\/agoravape.com\/it\/wp-json\/wp\/v2\/product"}],"about":[{"href":"https:\/\/agoravape.com\/it\/wp-json\/wp\/v2\/types\/product"}],"replies":[{"embeddable":true,"href":"https:\/\/agoravape.com\/it\/wp-json\/wp\/v2\/comments?post=15154"}],"version-history":[{"count":0,"href":"https:\/\/agoravape.com\/it\/wp-json\/wp\/v2\/product\/15154\/revisions"}],"wp:featuredmedia":[{"embeddable":true,"href":"https:\/\/agoravape.com\/it\/wp-json\/wp\/v2\/media\/15168"}],"wp:attachment":[{"href":"https:\/\/agoravape.com\/it\/wp-json\/wp\/v2\/media?parent=15154"}],"wp:term":[{"taxonomy":"product_brand","embeddable":true,"href":"https:\/\/agoravape.com\/it\/wp-json\/wp\/v2\/product_brand?post=15154"},{"taxonomy":"product_cat","embeddable":true,"href":"https:\/\/agoravape.com\/it\/wp-json\/wp\/v2\/product_cat?post=15154"},{"taxonomy":"product_tag","embeddable":true,"href":"https:\/\/agoravape.com\/it\/wp-json\/wp\/v2\/product_tag?post=15154"}],"curies":[{"name":"wp","href":"https:\/\/api.w.org\/{rel}","templated":true}]}}