{"id":15205,"date":"2025-10-16T10:00:30","date_gmt":"2025-10-16T02:00:30","guid":{"rendered":"https:\/\/green-grasshopper-921422.hostingersite.com\/?post_type=product&#038;p=15205"},"modified":"2026-02-22T15:15:45","modified_gmt":"2026-02-22T14:15:45","slug":"breze-stiik-bs-blaze-10k-puffs-vape","status":"publish","type":"product","link":"https:\/\/agoravape.com\/it\/product\/breze-stiik-bs-blaze-10k-puffs-vape\/","title":{"rendered":"Breze Stiik BS Blaze 10K Puffs LED Display Vape | Sapore di lunga durata con uno schermo intelligente"},"content":{"rendered":"<h2 data-v-md-heading=\"breze-stiik-bs-blaze-10-what-are-the-special-features-of-an-vape-with-a-thousand-led-display-screens\" data-v-md-line=\"3\">Breze Stiik BS Blaze 10, Quali sono le caratteristiche speciali di una sigaretta elettronica con mille schermi LED?<\/h2>\n<p data-v-md-line=\"4\">Se sei stanco delle sigarette elettroniche usa e getta, questo prodotto pu\u00f2 semplificarti la vita. Breze Stiik BS Blaze ha una capacit\u00e0 fino a 10.000 porte ed \u00e8 dotato di un chiaro schermo LED che mostra simultaneamente i livelli della batteria e del liquido, permettendoti di tenerne traccia in qualsiasi momento.<\/p>\n<p data-v-md-line=\"6\">\u00c8 adatto a chiunque desideri affidabilit\u00e0, gusto e nessuna preoccupazione per le impostazioni. Potresti pensare che avere una sigaretta elettronica cos\u00ec capiente sia ingombrante, ma la sua portabilit\u00e0 ti sorprender\u00e0. Leggero e portatile, facile da usare.<\/p>\n<h2 data-v-md-heading=\"excellent-performance-worry-free\" data-v-md-line=\"8\">Prestazioni eccellenti, senza preoccupazioni<\/h2>\n<p data-v-md-line=\"9\">La resistenza a rete da 1,2 \u03a9 garantisce un'aspirazione fluida e costante ogni volta, il che significa che il gusto rimane inalterato dal primo all'ultimo boccone. Lo schermo LED mostra a colpo d'occhio la batteria rimanente e i livelli di liquido, eliminando la necessit\u00e0 di indovinare. Quando la batteria \u00e8 scarica, \u00e8 possibile utilizzare il cavo dati standard di tipo C, che potrebbe essere gi\u00e0 in vostro possesso, per ricaricarla. \u00c8 semplice.<\/p>\n<h2 data-v-md-heading=\"specification-overview\" data-v-md-line=\"11\">Panoramica delle specifiche<\/h2>\n<ul data-v-md-line=\"12\">\n<li>Frequenza di aspirazione: fino a 10000 volte<\/li>\n<li>Capacit\u00e0 del liquido elettronico: 18 millilitri<\/li>\n<li>Batteria: 650 mAh (ricaricabile)<\/li>\n<li>Nucleo di atomizzazione: maglia da 1,2 ohm<\/li>\n<li>Schermo di visualizzazione: schermo LED, che visualizza la batteria rimanente e i livelli di e-liquid<\/li>\n<li>Principio di funzionamento: attivazione dell'aspirazione<\/li>\n<li>Charging: Type-C USB port<\/li>\n<li>Dimensioni: 106 \u00d7 46 \u00d7 21 millimetri<\/li>\n<li>Peso: 72 grammi<\/li>\n<li>Stato: pronto all'uso appena estratto dalla confezione<\/li>\n<li>Nicotina: le concentrazioni disponibili variano a seconda della regione e delle normative. Vi preghiamo di contattarci per confermare l'opzione attuale.<\/li>\n<\/ul>\n<h2 data-v-md-heading=\"full-range-of-flavors\" data-v-md-line=\"24\">Full range of flavors<\/h2>\n<ul data-v-md-line=\"25\">\n<li>Uva artica<\/li>\n<li>Ghiaccio nero<\/li>\n<li>Chiaro e chiaro<\/li>\n<li>Ciliegia e limone<\/li>\n<li>Mi piace Mi piace<\/li>\n<li>Fragola pazza<\/li>\n<li>Coconut Grove Fragrance<\/li>\n<li>Lampone Limone<\/li>\n<li>Mele acide<\/li>\n<li>Ghiaccio all'anguria<\/li>\n<\/ul>\n<h2 data-v-md-heading=\"for-you-for-your-business\" data-v-md-line=\"36\">Per te, per il tuo business<\/h2>\n<p data-v-md-line=\"37\">Puoi acquistarne uno per te o farne scorta per il tuo negozio. BS Blaze offre 10 unit\u00e0 per scatola e 200 unit\u00e0 per scatola, semplificando la previsione e la pianificazione degli scaffali. Offriamo servizi di consegna DDP in tutta Europa tramite partner affidabili come UPS, DPD e DHL, cos\u00ec puoi ricevere la tua merce rapidamente e gestire le spese doganali per evitare imprevisti in dogana.<\/p>\n<p data-v-md-line=\"39\">Se avete bisogno di grandi quantit\u00e0 o di ordini regolari, vi preghiamo di comunicarcelo. Il nostro team pu\u00f2 organizzare l'inventario e il trasporto in base alle vostre esigenze.<\/p>\n<h2 data-v-md-heading=\"why-do-you-like-it\" data-v-md-line=\"41\">Perch\u00e9 ti piace?<\/h2>\n<ul data-v-md-line=\"42\">\n<li>Aspirazione massiccia: fino a 10.000 unit\u00e0 significa meno rifornimenti e problemi.<\/li>\n<li>Selezione della nicotina: scegli la concentrazione di nicotina pi\u00f9 adatta a te e al tuo mercato.<\/li>\n<li>Ricaricabile: puoi utilizzare tutti i 18 millilitri di nicotina, non solo la quantit\u00e0 rimanente dopo la prima carica.<\/li>\n<li>Bobina a rete: sapore uniforme, aspirazione fluida e senza ostacoli ogni volta.<\/li>\n<li>Schermo LED intelligente: visualizza a colpo d'occhio le informazioni sulla batteria e sul liquido per sigaretta elettronica, senza dover fare supposizioni.<\/li>\n<\/ul>\n<h2 data-v-md-heading=\"why-choose-agoravape\" data-v-md-line=\"48\">Perch\u00e9 scegliere AgoraVape?<\/h2>\n<p data-v-md-line=\"49\">Forniamo solo prodotti originali al 100% e siamo responsabili dei prodotti che vendiamo. Acquistando Breze Stiik BS Blaze 10K, riceverai prezzi all'ingrosso altamente competitivi, un supporto reattivo e servizi di consegna DDP rapidi e affidabili. Verificheremo l'et\u00e0 al momento del pagamento degli ordini al dettaglio e aiuteremo i clienti B2B a comprendere le normative locali, consentendoti di concentrarti sulle vendite. Desideri prenotare un dispositivo che i clienti acquisteranno di nuovo? Contattaci e organizzeremo la spedizione per te.<\/p>","protected":false},"excerpt":{"rendered":"<p>Breze Stiik BS Blaze 10, Quali sono le caratteristiche speciali di uno svapo con mille schermi LED? Se<\/p>","protected":false},"featured_media":15223,"comment_status":"open","ping_status":"closed","template":"","meta":[],"product_brand":[220],"product_cat":[124,185,147,174,175,193,191,173,186,180,190,192],"product_tag":[],"class_list":{"0":"post-15205","1":"product","2":"type-product","3":"status-publish","4":"has-post-thumbnail","6":"product_brand-breze-stiik","7":"product_cat-vape-by-brand","8":"product_cat-10000-puffs-high-capacity","9":"product_cat-breze-stiik","10":"product_cat-fruit-flavors","11":"product_cat-icy-mint","12":"product_cat-mesh-coil","13":"product_cat-rechargeable-disposables","14":"product_cat-vape-by-flavor-profile","15":"product_cat-vape-by-nicotine-strength","16":"product_cat-vape-by-puff-count","17":"product_cat-vape-by-feature-or-type","18":"product_cat-vapes-with-screens","20":"first","21":"onbackorder","22":"shipping-taxable","23":"purchasable","24":"product-type-variable","25":"has-default-attributes"},"tiered_pricing_type":"percentage","tiered_pricing_fixed_rules":[],"tiered_pricing_product_settings":{"layout":"default","base_unit_name":{"singular":null,"plural":null},"default_variation":null},"tiered_pricing_minimum_quantity":10,"tiered_pricing_roles_data":[],"tiered_pricing_percentage_rules":{"30":"29","50":"35","100":"40","200":"44","500":"47","1000":"49"},"tiered_pricing_maximum_quantity":null,"tiered_pricing_quantity_step":"10","_links":{"self":[{"href":"https:\/\/agoravape.com\/it\/wp-json\/wp\/v2\/product\/15205","targetHints":{"allow":["GET"]}}],"collection":[{"href":"https:\/\/agoravape.com\/it\/wp-json\/wp\/v2\/product"}],"about":[{"href":"https:\/\/agoravape.com\/it\/wp-json\/wp\/v2\/types\/product"}],"replies":[{"embeddable":true,"href":"https:\/\/agoravape.com\/it\/wp-json\/wp\/v2\/comments?post=15205"}],"version-history":[{"count":0,"href":"https:\/\/agoravape.com\/it\/wp-json\/wp\/v2\/product\/15205\/revisions"}],"wp:featuredmedia":[{"embeddable":true,"href":"https:\/\/agoravape.com\/it\/wp-json\/wp\/v2\/media\/15223"}],"wp:attachment":[{"href":"https:\/\/agoravape.com\/it\/wp-json\/wp\/v2\/media?parent=15205"}],"wp:term":[{"taxonomy":"product_brand","embeddable":true,"href":"https:\/\/agoravape.com\/it\/wp-json\/wp\/v2\/product_brand?post=15205"},{"taxonomy":"product_cat","embeddable":true,"href":"https:\/\/agoravape.com\/it\/wp-json\/wp\/v2\/product_cat?post=15205"},{"taxonomy":"product_tag","embeddable":true,"href":"https:\/\/agoravape.com\/it\/wp-json\/wp\/v2\/product_tag?post=15205"}],"curies":[{"name":"wp","href":"https:\/\/api.w.org\/{rel}","templated":true}]}}