{"id":15244,"date":"2025-10-16T10:37:06","date_gmt":"2025-10-16T02:37:06","guid":{"rendered":"https:\/\/green-grasshopper-921422.hostingersite.com\/?post_type=product&#038;p=15244"},"modified":"2026-03-31T04:20:54","modified_gmt":"2026-03-31T02:20:54","slug":"breze-stiik-bs8500-8500-puffs-vape","status":"publish","type":"product","link":"https:\/\/agoravape.com\/it\/product\/breze-stiik-bs8500-8500-puffs-vape\/","title":{"rendered":"Breze Stick BS8500 8500 Puffs Vape ricaricabile | Grandi tiri. Ricarica semplice"},"content":{"rendered":"<h2 data-v-md-heading=\"what-is-special-about-the-breze-stiik-bs8500-8500-rechargeable-vape\" data-v-md-line=\"3\"><img loading=\"lazy\" decoding=\"async\" class=\"aligncenter size-full wp-image-15242\" src=\"https:\/\/agoravape.com\/wp-content\/uploads\/2025\/10\/Breze-Stiik-BS8500-8500-Puffs-Rechargeable-Vape_Agora_vape-1-scaled.webp\" alt=\"\" width=\"2560\" height=\"1901\" srcset=\"https:\/\/agoravape.com\/wp-content\/uploads\/2025\/10\/Breze-Stiik-BS8500-8500-Puffs-Rechargeable-Vape_Agora_vape-1-scaled.webp 2560w, https:\/\/agoravape.com\/wp-content\/uploads\/2025\/10\/Breze-Stiik-BS8500-8500-Puffs-Rechargeable-Vape_Agora_vape-1-scaled-1200x891.webp 1200w, https:\/\/agoravape.com\/wp-content\/uploads\/2025\/10\/Breze-Stiik-BS8500-8500-Puffs-Rechargeable-Vape_Agora_vape-1-300x223.webp 300w, https:\/\/agoravape.com\/wp-content\/uploads\/2025\/10\/Breze-Stiik-BS8500-8500-Puffs-Rechargeable-Vape_Agora_vape-1-1024x760.webp 1024w, https:\/\/agoravape.com\/wp-content\/uploads\/2025\/10\/Breze-Stiik-BS8500-8500-Puffs-Rechargeable-Vape_Agora_vape-1-768x570.webp 768w, https:\/\/agoravape.com\/wp-content\/uploads\/2025\/10\/Breze-Stiik-BS8500-8500-Puffs-Rechargeable-Vape_Agora_vape-1-1536x1140.webp 1536w, https:\/\/agoravape.com\/wp-content\/uploads\/2025\/10\/Breze-Stiik-BS8500-8500-Puffs-Rechargeable-Vape_Agora_vape-1-2048x1521.webp 2048w\" sizes=\"auto, (max-width: 2560px) 100vw, 2560px\" \/><\/h2>\n<h2 data-v-md-heading=\"what-is-special-about-the-breze-stiik-bs8500-8500-rechargeable-vape\" data-v-md-line=\"3\">Cosa ha di speciale la sigaretta elettronica ricaricabile Breze Stiik BS8500 8500?<\/h2>\n<p data-v-md-line=\"4\">Se sei stanco delle sigarette elettroniche usa e getta che vengono buttate via prima che finisca il liquido, potresti dare un'occhiata alla Breze Stiik BS8500. Si tratta di una sigaretta elettronica usa e getta ricaricabile con una capacit\u00e0 fino a 8500 tiri e 17 millilitri di liquido, che offre un ottimo rapporto qualit\u00e0-prezzo.<\/p>\n<p data-v-md-line=\"6\">\u00c8 adatto a qualsiasi utente di svapo che desideri affidabilit\u00e0, gusto e semplicit\u00e0 d'uso. Il guscio in resina gommosa offre una presa comoda e antiscivolo. L'ugello di aspirazione trasparente colorato \u00e8 semplice e ordinato, e il corpo compatto pu\u00f2 essere facilmente riposto in tasca. Potresti pensare che uno svapo con una capacit\u00e0 cos\u00ec grande sia ingombrante, ma rimarrai sorpreso da quanto sia leggero e portatile.<\/p>\n<h2 data-v-md-heading=\"excellent-performance-easy-and-convenient\" data-v-md-line=\"8\">Prestazioni eccellenti, facile e conveniente<\/h2>\n<p data-v-md-line=\"9\">Il cuore del BS8500 utilizza bobine mesh per garantire che ogni boccone sia delizioso come il primo sorso. Il gusto rimane costante senza interruzioni. Quando la batteria \u00e8 scarica, \u00e8 possibile ricaricarla tramite l'interfaccia Type-C, la stessa del cavo di ricarica utilizzato nella maggior parte degli smartphone odierni. Non sono necessari caricabatterie speciali, facile e comodo.<\/p>\n<h2 data-v-md-heading=\"specification-introduction\" data-v-md-line=\"11\">Introduzione alle specifiche<\/h2>\n<ul data-v-md-line=\"12\">\n<li>Frequenza di aspirazione: fino a 8500 volte<\/li>\n<li>Contenuto di nicotina: 2% o 5%<\/li>\n<li>Capacit\u00e0 del liquido elettronico: 17 millilitri<\/li>\n<li>Nucleo di atomizzazione: maglia da 1,2 \u03a9<\/li>\n<li>Battery: 600 mAh rechargeable battery<\/li>\n<li>Working principle: Activate with just one puff<\/li>\n<li>Charging: Standard Type-C USB interface<\/li>\n<li>Stato: pronto all'uso dopo l'unboxing<\/li>\n<\/ul>\n<h2 data-v-md-heading=\"full-range-of-flavors\" data-v-md-line=\"21\">Full range of flavors<\/h2>\n<ul data-v-md-line=\"22\">\n<li>Bibita al succo d'arancia<\/li>\n<li>Mirtilli, lamponi, limoni<\/li>\n<li>Soda all'uva<\/li>\n<li>Ananas, mela, pera<\/li>\n<li>Mango, Pesca, Anguria<\/li>\n<li>Ghiaccio all'anguria<\/li>\n<li>Crema di fragole<\/li>\n<li>Caramelle arcobaleno<\/li>\n<li>Mi piace Mi piace<\/li>\n<li>Kiwi alla fragola<\/li>\n<li>Delizioso<\/li>\n<li>Mirtillo rosso, limone e menta<\/li>\n<li>Cherry Cola<\/li>\n<li>Coconut Grove Fragrance<\/li>\n<li>Mint chewing gum<\/li>\n<li>Strawberry and Banana<\/li>\n<\/ul>\n<h2 data-v-md-heading=\"for-you-and-your-business\" data-v-md-line=\"39\">For you and your business<\/h2>\n<p data-v-md-line=\"40\">Puoi acquistare <a class=\"wpil_keyword_link\" href=\"https:\/\/agoravape.com\/it\/svapare-per-marca\/breze-stiik\/\" target=\"_blank\" rel=\"noopener\" title=\"BASTONE DI BREZZA\" data-wpil-keyword-link=\"linked\" data-wpil-monitor-id=\"7171\">Breze Stik<\/a> Qui, su misura per il tuo standard BS8500. Se gestisci un negozio di sigarette elettroniche o un negozio online, puoi acquistare 10 confezioni all'ingrosso. Gli ordini all'ingrosso vengono spediti in 200 scatole di cartone per un facile rifornimento.<\/p>\n<p data-v-md-line=\"42\">Collaboriamo con partner affidabili come UPS, DPD e DHL per offrire servizi di consegna DDP, in modo che le tariffe possano essere pagate in anticipo per evitare problemi doganali. Trasporti rapidi e consegne rapide.<\/p>\n<h2 data-v-md-heading=\"why-do-you-like-it\" data-v-md-line=\"44\">Perch\u00e9 ti piace?<\/h2>\n<ul data-v-md-line=\"45\">\n<li>Ampia capacit\u00e0 di fumo: durevole e di lunga durata, non \u00e8 necessario acquistare frequentemente nuove sigarette.<\/li>\n<li>Selezione del contenuto di nicotina: scegli il 2% o il 5% in base alle tue preferenze.<\/li>\n<li>Ricaricabile: utilizza tutti i liquidi elettronici senza buttare via le apparecchiature usate a met\u00e0.<\/li>\n<li>Nucleo dell'atomizzatore a rete: gusto costante, morbido e scorrevole dall'inizio alla fine.<\/li>\n<li>Ricarica comoda: l'interfaccia Type-C rende la ricarica rapida e comoda.<\/li>\n<\/ul>\n<h2 data-v-md-heading=\"why-choose-to-collaborate-with-agoravape\" data-v-md-line=\"51\">Perch\u00e9 scegliere di collaborare con AgoraVape?<\/h2>\n<p data-v-md-line=\"52\">Vendiamo solo prodotti originali al 100% e garantiamo la qualit\u00e0 delle nostre spedizioni. Per i clienti commerciali, questo significa che la sigaretta elettronica ricaricabile Breze Stiik BS8500 8500 offre prezzi all'ingrosso altamente competitivi, un supporto affidabile e una logistica DDP affidabile. Contattateci per preparare un dispositivo che valga la pena restituire ai vostri clienti.<\/p>","protected":false},"excerpt":{"rendered":"<p>&nbsp;<\/p>","protected":false},"featured_media":15266,"comment_status":"open","ping_status":"closed","template":"","meta":[],"product_brand":[220],"product_cat":[124,185,176,147,177,174,175,193,191,173,186,180,190],"product_tag":[],"class_list":{"0":"post-15244","1":"product","2":"type-product","3":"status-publish","4":"has-post-thumbnail","6":"product_brand-breze-stiik","7":"product_cat-vape-by-brand","8":"product_cat-10000-puffs-high-capacity","9":"product_cat-beverage","10":"product_cat-breze-stiik","11":"product_cat-dessert-sweets","12":"product_cat-fruit-flavors","13":"product_cat-icy-mint","14":"product_cat-mesh-coil","15":"product_cat-rechargeable-disposables","16":"product_cat-vape-by-flavor-profile","17":"product_cat-vape-by-nicotine-strength","18":"product_cat-vape-by-puff-count","19":"product_cat-vape-by-feature-or-type","21":"first","22":"onbackorder","23":"shipping-taxable","24":"purchasable","25":"product-type-variable","26":"has-default-attributes"},"tiered_pricing_type":"percentage","tiered_pricing_fixed_rules":[],"tiered_pricing_product_settings":{"layout":"default","base_unit_name":{"singular":null,"plural":null},"default_variation":null},"tiered_pricing_minimum_quantity":10,"tiered_pricing_roles_data":[],"tiered_pricing_percentage_rules":{"30":"29","50":"35","100":"40","200":"44","500":"47","1000":"49"},"tiered_pricing_maximum_quantity":null,"tiered_pricing_quantity_step":"10","_links":{"self":[{"href":"https:\/\/agoravape.com\/it\/wp-json\/wp\/v2\/product\/15244","targetHints":{"allow":["GET"]}}],"collection":[{"href":"https:\/\/agoravape.com\/it\/wp-json\/wp\/v2\/product"}],"about":[{"href":"https:\/\/agoravape.com\/it\/wp-json\/wp\/v2\/types\/product"}],"replies":[{"embeddable":true,"href":"https:\/\/agoravape.com\/it\/wp-json\/wp\/v2\/comments?post=15244"}],"version-history":[{"count":1,"href":"https:\/\/agoravape.com\/it\/wp-json\/wp\/v2\/product\/15244\/revisions"}],"predecessor-version":[{"id":29823,"href":"https:\/\/agoravape.com\/it\/wp-json\/wp\/v2\/product\/15244\/revisions\/29823"}],"wp:featuredmedia":[{"embeddable":true,"href":"https:\/\/agoravape.com\/it\/wp-json\/wp\/v2\/media\/15266"}],"wp:attachment":[{"href":"https:\/\/agoravape.com\/it\/wp-json\/wp\/v2\/media?parent=15244"}],"wp:term":[{"taxonomy":"product_brand","embeddable":true,"href":"https:\/\/agoravape.com\/it\/wp-json\/wp\/v2\/product_brand?post=15244"},{"taxonomy":"product_cat","embeddable":true,"href":"https:\/\/agoravape.com\/it\/wp-json\/wp\/v2\/product_cat?post=15244"},{"taxonomy":"product_tag","embeddable":true,"href":"https:\/\/agoravape.com\/it\/wp-json\/wp\/v2\/product_tag?post=15244"}],"curies":[{"name":"wp","href":"https:\/\/api.w.org\/{rel}","templated":true}]}}