{"id":15531,"date":"2025-10-16T16:14:35","date_gmt":"2025-10-16T08:14:35","guid":{"rendered":"https:\/\/green-grasshopper-921422.hostingersite.com\/?post_type=product&#038;p=15531"},"modified":"2026-01-19T22:03:39","modified_gmt":"2026-01-19T14:03:39","slug":"myde-crystal-bar-1500-soffi-vape","status":"publish","type":"product","link":"https:\/\/agoravape.com\/it\/product\/myde-crystal-bar-1500-puffs-vape\/","title":{"rendered":"Myde Crystal Bar 1500 tiri con bobina a rete | Numero elevato di tiri. Sapore pulito della rete."},"content":{"rendered":"<h2 data-v-md-heading=\"what-is-special-about-the-myde-crystal-bar-1500-mouth-mesh-coil-vape\" data-v-md-line=\"3\">Che cos'ha di speciale il Myde Crystal Bar 1500 mouth mesh coil vape?<\/h2>\n<p data-v-md-line=\"4\">Se desiderate una svapata semplice con un gusto eccellente dal primo all'ultimo morso, allora questo prodotto \u00e8 la vostra scelta ideale. Il Myde Crystal Bar \u00e8 dotato di un design con bobina a rete, che consente una facile esperienza di sapori ricchi senza alcuna manipolazione.<\/p>\n<p data-v-md-line=\"6\">\u00c8 adatto a tutti coloro che desiderano una svapata monouso facile e comoda da trasportare. Si potrebbe pensare che questa svapata di cos\u00ec grande calibro possa sembrare ingombrante, ma \u00e8 leggera e facile da trasportare.<\/p>\n<p data-v-md-line=\"8\">Una breve spiegazione sulla conformit\u00e0. Questo dispositivo pu\u00f2 contenere 2 millilitri di e-liquid e soddisfa le restrizioni TPD della maggior parte dei mercati dell'UE. I dati di 1500 respiri provengono da test di controllo a breve distanza. Il numero effettivo di respiri varia a seconda dell'intensit\u00e0 e della durata dell'inalazione.<\/p>\n<h2 data-v-md-heading=\"excellent-performance-without-any-complex-operations\" data-v-md-line=\"10\">Prestazioni eccellenti senza operazioni complesse<\/h2>\n<p data-v-md-line=\"11\">La bobina in rete si assume tutte le responsabilit\u00e0. Pu\u00f2 essere riscaldata in modo uniforme per garantire un gusto costante e non scompare dopo uno o due giorni. La batteria da 500 mAh \u00e8 stata appositamente regolata per la bobina, per garantire un'erogazione stabile durante l'intero processo di oliatura. Basta inalare per godersi l'esperienza di svapo. Non c'\u00e8 bisogno di pulsanti, n\u00e9 di menu.<\/p>\n<h2 data-v-md-heading=\"specification-overview\" data-v-md-line=\"13\">Panoramica delle specifiche<\/h2>\n<ul data-v-md-line=\"14\">\n<li>Frequenza di aspirazione: fino a 1500 volte<\/li>\n<li>Concentrazione di nicotina: Possono esserci differenze nei diversi mercati. La concentrazione massima consentita nelle regioni TPD \u00e8 di 20 milligrammi per millilitro. Contattateci per confermare le opzioni disponibili<\/li>\n<li>Principio di funzionamento: Attivazione tramite inalazione<\/li>\n<li>Ricarica: Attualmente non disponibile. Batteria usa e getta<\/li>\n<li>Stato: pronto all'uso dopo l'unboxing<\/li>\n<\/ul>\n<h2 data-v-md-heading=\"full-range-of-flavors\" data-v-md-line=\"20\">Full range of flavors<\/h2>\n<ul data-v-md-line=\"21\">\n<li>Lemon and lime<\/li>\n<li>Blu pazzo<\/li>\n<li>Caramelle arcobaleno<\/li>\n<li>Mela pesca<\/li>\n<li>Acqua al limone e mirtilli<\/li>\n<li>Purea di fragole<\/li>\n<li>Ghiaccio all'anguria<\/li>\n<li>Gomma da masticare all'anguria<\/li>\n<li>Soda alla ciliegia<\/li>\n<li>Blueberries<\/li>\n<\/ul>\n<h2 data-v-md-heading=\"for-you-and-for-your-business-as-well\" data-v-md-line=\"32\">Per te e anche per la tua attivit\u00e0<\/h2>\n<p data-v-md-line=\"33\">Acquistare per s\u00e9, facile e conveniente. Scegli il tuo gusto. aggiungi al carrello. Completato. Se gestite un negozio fisico o online, possiamo fornire scatole di cartone all'ingrosso con lotti stabili. La quantit\u00e0 di scatole di cartone pu\u00f2 variare a seconda del lotto di produzione. Contattateci per conoscere la quantit\u00e0 attuale e il prezzo graduato.<\/p>\n<p data-v-md-line=\"35\">Forniamo servizi di consegna a pagamento (DDP) in Europa tramite UPS, DPD e DHL. Pre-elaborazione delle tariffe per evitare detrazioni impreviste da parte della dogana. Pagamento sicuro. Fatture complete. Tracciabilit\u00e0 chiara da porta a porta.<\/p>\n<h2 data-v-md-heading=\"why-do-you-like-it\" data-v-md-line=\"37\">Perch\u00e9 ti piace?<\/h2>\n<ul data-v-md-line=\"38\">\n<li>Grande capacit\u00e0 di aspirazione: riduce il numero di sostituzioni, rendendo pi\u00f9 fluida la vostra giornata.<\/li>\n<li>Bobina a rete: Struttura ricca, aspirazione di lunga durata<\/li>\n<li>Non \u00e8 necessario ricaricare: Dopo l'uso, riciclare secondo le linee guida locali<\/li>\n<li>Comoda aspirazione: Non c'\u00e8 bisogno di pulsanti, basta aspirare<\/li>\n<li>Atomizzatore di dimensioni TPD: il riempimento da 2 ml soddisfa le normative UE in materia di capacit\u00e0.<\/li>\n<\/ul>\n<h2 data-v-md-heading=\"why-choose-to-collaborate-with-agoravape\" data-v-md-line=\"44\">Perch\u00e9 scegliere di collaborare con AgoraVape?<\/h2>\n<p data-v-md-line=\"45\">Acquistiamo solo prodotti originali 100%. Ogni prodotto viene fornito in una confezione al dettaglio sigillata ed \u00e8 dotato della funzione di tracciamento dei lotti, che consente di evitare in modo sicuro l'acquisto di prodotti contraffatti. Il nostro team vi fornir\u00e0 suggerimenti per l'abbinamento dei gusti, piani di rotazione dei prodotti e servizi di sostituzione rapida per qualsiasi prodotto DOA.<\/p>\n<p data-v-md-line=\"47\">Come uno dei distributori di vape di fiducia in Europa, offriamo prezzi scontati all'ingrosso e servizi di consegna rapida DDP. Effettuiamo una rigorosa verifica dell'et\u00e0 sugli ordini B2C per garantire la conformit\u00e0 delle vendite e proteggere il vostro marchio. Volete verificare i lotti o controllare lo stato delle scorte? Inviateci il codice prodotto riportato sulla scatola di cartone. Vi daremo immediatamente conferma.<\/p>","protected":false},"excerpt":{"rendered":"<p>&nbsp;<\/p>\n<p><script src=\"chrome-extension:\/\/fpelahbljekknahkcaegamhcndkfpfnc\/iFrame.js\" type=\"text\/javascript\"><\/script><\/p>\n<p><script src=\"chrome-extension:\/\/fpelahbljekknahkcaegamhcndkfpfnc\/iFrame.js\" type=\"text\/javascript\"><\/script><\/p>\n<p><script src=\"chrome-extension:\/\/fpelahbljekknahkcaegamhcndkfpfnc\/iFrame.js\" type=\"text\/javascript\"><\/script><\/p>\n<p><script src=\"chrome-extension:\/\/fpelahbljekknahkcaegamhcndkfpfnc\/iFrame.js\" type=\"text\/javascript\"><\/script><\/p>\n<p><script src=\"chrome-extension:\/\/fpelahbljekknahkcaegamhcndkfpfnc\/iFrame.js\" type=\"text\/javascript\"><\/script><\/p>\n<p><script src=\"chrome-extension:\/\/fpelahbljekknahkcaegamhcndkfpfnc\/iFrame.js\" type=\"text\/javascript\"><\/script><\/p>\n<p><script src=\"chrome-extension:\/\/fpelahbljekknahkcaegamhcndkfpfnc\/iFrame.js\" type=\"text\/javascript\"><\/script><\/p>\n<p><script src=\"chrome-extension:\/\/fpelahbljekknahkcaegamhcndkfpfnc\/iFrame.js\" type=\"text\/javascript\"><\/script><\/p>\n<p><script src=\"chrome-extension:\/\/fpelahbljekknahkcaegamhcndkfpfnc\/iFrame.js\" type=\"text\/javascript\"><\/script><\/p>\n<p><script src=\"chrome-extension:\/\/fpelahbljekknahkcaegamhcndkfpfnc\/iFrame.js\" type=\"text\/javascript\"><\/script><\/p>","protected":false},"featured_media":15561,"comment_status":"open","ping_status":"closed","template":"","meta":[],"product_brand":[221],"product_cat":[124,182,176,177,174,175,193,148,173,186,180,190],"product_tag":[],"class_list":{"0":"post-15531","1":"product","2":"type-product","3":"status-publish","4":"has-post-thumbnail","6":"product_brand-myde","7":"product_cat-vape-by-brand","8":"product_cat-800-1500-puffs","9":"product_cat-beverage","10":"product_cat-dessert-sweets","11":"product_cat-fruit-flavors","12":"product_cat-icy-mint","13":"product_cat-mesh-coil","14":"product_cat-myde","15":"product_cat-vape-by-flavor-profile","16":"product_cat-vape-by-nicotine-strength","17":"product_cat-vape-by-puff-count","18":"product_cat-vape-by-feature-or-type","20":"first","21":"onbackorder","22":"shipping-taxable","23":"purchasable","24":"product-type-variable","25":"has-default-attributes"},"tiered_pricing_type":"percentage","tiered_pricing_fixed_rules":[],"tiered_pricing_product_settings":{"layout":"default","base_unit_name":{"singular":null,"plural":null},"default_variation":null},"tiered_pricing_minimum_quantity":10,"tiered_pricing_roles_data":[],"tiered_pricing_percentage_rules":{"100":"40","200":"44","500":"47","1000":"49"},"tiered_pricing_maximum_quantity":null,"tiered_pricing_quantity_step":"10","_links":{"self":[{"href":"https:\/\/agoravape.com\/it\/wp-json\/wp\/v2\/product\/15531","targetHints":{"allow":["GET"]}}],"collection":[{"href":"https:\/\/agoravape.com\/it\/wp-json\/wp\/v2\/product"}],"about":[{"href":"https:\/\/agoravape.com\/it\/wp-json\/wp\/v2\/types\/product"}],"replies":[{"embeddable":true,"href":"https:\/\/agoravape.com\/it\/wp-json\/wp\/v2\/comments?post=15531"}],"version-history":[{"count":0,"href":"https:\/\/agoravape.com\/it\/wp-json\/wp\/v2\/product\/15531\/revisions"}],"wp:featuredmedia":[{"embeddable":true,"href":"https:\/\/agoravape.com\/it\/wp-json\/wp\/v2\/media\/15561"}],"wp:attachment":[{"href":"https:\/\/agoravape.com\/it\/wp-json\/wp\/v2\/media?parent=15531"}],"wp:term":[{"taxonomy":"product_brand","embeddable":true,"href":"https:\/\/agoravape.com\/it\/wp-json\/wp\/v2\/product_brand?post=15531"},{"taxonomy":"product_cat","embeddable":true,"href":"https:\/\/agoravape.com\/it\/wp-json\/wp\/v2\/product_cat?post=15531"},{"taxonomy":"product_tag","embeddable":true,"href":"https:\/\/agoravape.com\/it\/wp-json\/wp\/v2\/product_tag?post=15531"}],"curies":[{"name":"wp","href":"https:\/\/api.w.org\/{rel}","templated":true}]}}