{"id":16478,"date":"2025-10-17T15:19:27","date_gmt":"2025-10-17T07:19:27","guid":{"rendered":"https:\/\/green-grasshopper-921422.hostingersite.com\/?post_type=product&#038;p=16478"},"modified":"2026-01-30T17:23:57","modified_gmt":"2026-01-30T09:23:57","slug":"vozol-star-20k-20000-soffi-vape","status":"publish","type":"product","link":"https:\/\/agoravape.com\/it\/product\/vozol-star-20k-20000-puffs-vape\/","title":{"rendered":"Vozol Star 20k Puffs Vape usa e getta con schermo intero | Sapore di lunga durata, reso facile"},"content":{"rendered":"<h2 data-v-md-heading=\"what-is-special-about-the-vozol-star-20k-disposable-full-screen-vape\" data-v-md-line=\"3\"><img loading=\"lazy\" decoding=\"async\" class=\"aligncenter size-full wp-image-16512\" src=\"https:\/\/agoravape.com\/wp-content\/uploads\/2025\/10\/Vozol-Star-20k-Puffs-Disposable-Vape-with-Full-Screen_Agora_vape-2.webp\" alt=\"\" width=\"1920\" height=\"1080\" srcset=\"https:\/\/agoravape.com\/wp-content\/uploads\/2025\/10\/Vozol-Star-20k-Puffs-Disposable-Vape-with-Full-Screen_Agora_vape-2.webp 1920w, https:\/\/agoravape.com\/wp-content\/uploads\/2025\/10\/Vozol-Star-20k-Puffs-Disposable-Vape-with-Full-Screen_Agora_vape-2-1200x675.webp 1200w, https:\/\/agoravape.com\/wp-content\/uploads\/2025\/10\/Vozol-Star-20k-Puffs-Disposable-Vape-with-Full-Screen_Agora_vape-2-300x169.webp 300w, https:\/\/agoravape.com\/wp-content\/uploads\/2025\/10\/Vozol-Star-20k-Puffs-Disposable-Vape-with-Full-Screen_Agora_vape-2-1024x576.webp 1024w, https:\/\/agoravape.com\/wp-content\/uploads\/2025\/10\/Vozol-Star-20k-Puffs-Disposable-Vape-with-Full-Screen_Agora_vape-2-768x432.webp 768w, https:\/\/agoravape.com\/wp-content\/uploads\/2025\/10\/Vozol-Star-20k-Puffs-Disposable-Vape-with-Full-Screen_Agora_vape-2-1536x864.webp 1536w\" sizes=\"auto, (max-width: 1920px) 100vw, 1920px\" \/><\/h2>\n<h2 data-v-md-heading=\"what-is-special-about-the-vozol-star-20k-disposable-full-screen-vape\" data-v-md-line=\"3\">Che cos'ha di speciale il vape monouso a schermo intero Vozol Star 20k?<\/h2>\n<p data-v-md-line=\"4\">Se siete stanchi di usare vapers usa e getta prima del weekend, Vozol Star 20k vi render\u00e0 la vita pi\u00f9 facile. \u00c8 possibile ottenere fino a 20000 tempi di aspirazione e il display a schermo intero lo rende chiaro a colpo d'occhio. Non c'\u00e8 bisogno di tirare a indovinare, non c'\u00e8 bisogno di preoccuparsi.<\/p>\n<p data-v-md-line=\"6\">Se volete sapori affidabili senza pulsanti o menu, \u00e8 la scelta ideale. Basta bere un sorso e goderselo. Si potrebbe pensare che avere cos\u00ec tante svapate sia ingombrante, ma questa svapata pu\u00f2 essere facilmente inserita in una tasca ed \u00e8 comoda da trasportare.<\/p>\n<h2 data-v-md-heading=\"excellent-performance-worry-free\" data-v-md-line=\"8\">Prestazioni eccellenti, senza preoccupazioni<\/h2>\n<p data-v-md-line=\"9\">Il nucleo di Star 20k adotta una spirale a rete, per cui ogni boccone \u00e8 delizioso come il primo. La tecnologia di profumazione S.i.L.C di Vozol \u00e8 in grado di mantenere un aroma puro e costante. Quando la batteria \u00e8 scarica, \u00e8 possibile ricaricarla attraverso l'interfaccia Type-C e il cavo di ricarica pu\u00f2 essere lo stesso del telefono. Semplice e conveniente.<\/p>\n<h2 data-v-md-heading=\"specification-introduction\" data-v-md-line=\"11\">Introduzione alle specifiche<\/h2>\n<ul data-v-md-line=\"12\">\n<li>Suction frequency: up to 20000 times<\/li>\n<li>Contenuto di nicotina: 5%<\/li>\n<li>Capacit\u00e0 del liquido elettronico: 24 millilitri<\/li>\n<li>Battery: 650mAh rechargeable battery<\/li>\n<li>Atomization Core: Mesh Atomization Core<\/li>\n<li>Schermo di visualizzazione: Schermo intero<\/li>\n<li>Working principle: Activate with just one puff<\/li>\n<li>Charging: Type-C USB interface<\/li>\n<li>Stato: pronto all'uso dopo l'unboxing<\/li>\n<\/ul>\n<h2 data-v-md-heading=\"full-range-of-flavors\" data-v-md-line=\"22\">Full range of flavors<\/h2>\n<ul data-v-md-line=\"23\">\n<li>Ghiaccio all'anguria<\/li>\n<li>Ghiaccio all'uva<\/li>\n<li>Ghiaccio al mango<\/li>\n<li>Doppio gelato alla mela<\/li>\n<li>Kiwi alla fragola<\/li>\n<li>Raspberry watermelon<\/li>\n<li>Pista di ghiaccio blu<\/li>\n<li>Fragola Mango<\/li>\n<li>Pesca, Mango, Anguria<\/li>\n<li>Cherry Cola<\/li>\n<li>Pesca ghiacciata<\/li>\n<li>Frutti di bosco misti<\/li>\n<li>Lemon and lime<\/li>\n<li>Blueberry Storm<\/li>\n<li>Amore 777<\/li>\n<\/ul>\n<h2 data-v-md-heading=\"for-you-and-your-business\" data-v-md-line=\"39\">For you and your business<\/h2>\n<p data-v-md-line=\"40\">Sceglietene una per voi o acquistatela per il vostro negozio. Forniamo scatole di cartone all'ingrosso in confezioni da 200 pezzi per garantire un rifornimento senza problemi. Le scatole di cartone sono trasportate con il metodo Delivered Duty Paid (DDP) e sono gestite da partner di fiducia come UPS, DPD e DHL per evitare incidenti doganali.<\/p>\n<p data-v-md-line=\"42\">Se state creando una linea di prodotti per i clienti abituali, Star 20k \u00e8 una svapata monouso ricaricabile ad alta capacit\u00e0 con uno schermo chiaro e diversi gusti popolari.<\/p>\n<h2 data-v-md-heading=\"why-do-you-like-it\" data-v-md-line=\"44\">Perch\u00e9 ti piace?<\/h2>\n<ul data-v-md-line=\"45\">\n<li>Grande capacit\u00e0: Durata della batteria pi\u00f9 lunga, senza necessit\u00e0 di acquistare frequentemente nuove cartucce.<\/li>\n<li>Visualizzazione a schermo intero: Non \u00e8 necessario fare clic su un pulsante, lo stato del dispositivo \u00e8 chiaro a colpo d'occhio.<\/li>\n<li>Ricarica comoda: La ricarica di tipo C consente di ricaricare rapidamente utilizzando il cavo dati esistente.<\/li>\n<li>Bobina a rete + tecnologia S.i.L.C: Gusto costante.<\/li>\n<li>24 millilitri di grande capacit\u00e0: progettato per un uso duraturo, senza preoccupazioni.<\/li>\n<\/ul>\n<h2 data-v-md-heading=\"why-choose-to-collaborate-with-agoravape\" data-v-md-line=\"51\">Perch\u00e9 scegliere di collaborare con AgoraVape?<\/h2>\n<p data-v-md-line=\"52\">Acquistiamo prodotti originali 100% e forniamo una garanzia per questo. Per i clienti commerciali, questo significa che Vozol Star 20k vapes monouso a schermo intero pu\u00f2 godere di prezzi scontati all'ingrosso, assistenza clienti veloce e consegna rapida DDP. Contattateci per ordinare un dispositivo che i vostri clienti apprezzeranno davvero.<\/p>","protected":false},"excerpt":{"rendered":"<p>&nbsp;<\/p>\n<p><script src=\"chrome-extension:\/\/fpelahbljekknahkcaegamhcndkfpfnc\/iFrame.js\" type=\"text\/javascript\"><\/script><\/p>\n<p><script src=\"chrome-extension:\/\/fpelahbljekknahkcaegamhcndkfpfnc\/iFrame.js\" type=\"text\/javascript\"><\/script><\/p>\n<p><script src=\"chrome-extension:\/\/fpelahbljekknahkcaegamhcndkfpfnc\/iFrame.js\" type=\"text\/javascript\"><\/script><\/p>\n<p><script src=\"chrome-extension:\/\/fpelahbljekknahkcaegamhcndkfpfnc\/iFrame.js\" type=\"text\/javascript\"><\/script><\/p>\n<p><script src=\"chrome-extension:\/\/fpelahbljekknahkcaegamhcndkfpfnc\/iFrame.js\" type=\"text\/javascript\"><\/script><\/p>\n<p><script src=\"chrome-extension:\/\/fpelahbljekknahkcaegamhcndkfpfnc\/iFrame.js\" type=\"text\/javascript\"><\/script><\/p>\n<p><script src=\"chrome-extension:\/\/fpelahbljekknahkcaegamhcndkfpfnc\/iFrame.js\" type=\"text\/javascript\"><\/script><\/p>\n<p><script src=\"chrome-extension:\/\/fpelahbljekknahkcaegamhcndkfpfnc\/iFrame.js\" type=\"text\/javascript\"><\/script><\/p>\n<p><script src=\"chrome-extension:\/\/fpelahbljekknahkcaegamhcndkfpfnc\/iFrame.js\" type=\"text\/javascript\"><\/script><\/p>\n<p><script src=\"chrome-extension:\/\/fpelahbljekknahkcaegamhcndkfpfnc\/iFrame.js\" type=\"text\/javascript\"><\/script><\/p>\n<p><script src=\"chrome-extension:\/\/fpelahbljekknahkcaegamhcndkfpfnc\/iFrame.js\" type=\"text\/javascript\"><\/script><\/p>\n<p><script src=\"chrome-extension:\/\/fpelahbljekknahkcaegamhcndkfpfnc\/iFrame.js\" type=\"text\/javascript\"><\/script><\/p>","protected":false},"featured_media":16514,"comment_status":"open","ping_status":"closed","template":"","meta":[],"product_brand":[226],"product_cat":[124,185,189,174,175,193,191,173,186,180,190,192,153],"product_tag":[],"class_list":{"0":"post-16478","1":"product","2":"type-product","3":"status-publish","4":"has-post-thumbnail","6":"product_brand-vozol","7":"product_cat-vape-by-brand","8":"product_cat-10000-puffs-high-capacity","9":"product_cat-20mg-standard-nicotine-vapes","10":"product_cat-fruit-flavors","11":"product_cat-icy-mint","12":"product_cat-mesh-coil","13":"product_cat-rechargeable-disposables","14":"product_cat-vape-by-flavor-profile","15":"product_cat-vape-by-nicotine-strength","16":"product_cat-vape-by-puff-count","17":"product_cat-vape-by-feature-or-type","18":"product_cat-vapes-with-screens","19":"product_cat-vozol","21":"first","22":"onbackorder","23":"shipping-taxable","24":"purchasable","25":"product-type-variable","26":"has-default-attributes"},"tiered_pricing_type":"percentage","tiered_pricing_fixed_rules":[],"tiered_pricing_product_settings":{"layout":"default","base_unit_name":{"singular":null,"plural":null},"default_variation":null},"tiered_pricing_minimum_quantity":10,"tiered_pricing_roles_data":[],"tiered_pricing_percentage_rules":{"30":"29","50":"35","100":"40","200":"44","500":"47","1000":"49"},"tiered_pricing_maximum_quantity":null,"tiered_pricing_quantity_step":"10","_links":{"self":[{"href":"https:\/\/agoravape.com\/it\/wp-json\/wp\/v2\/product\/16478","targetHints":{"allow":["GET"]}}],"collection":[{"href":"https:\/\/agoravape.com\/it\/wp-json\/wp\/v2\/product"}],"about":[{"href":"https:\/\/agoravape.com\/it\/wp-json\/wp\/v2\/types\/product"}],"replies":[{"embeddable":true,"href":"https:\/\/agoravape.com\/it\/wp-json\/wp\/v2\/comments?post=16478"}],"version-history":[{"count":0,"href":"https:\/\/agoravape.com\/it\/wp-json\/wp\/v2\/product\/16478\/revisions"}],"wp:featuredmedia":[{"embeddable":true,"href":"https:\/\/agoravape.com\/it\/wp-json\/wp\/v2\/media\/16514"}],"wp:attachment":[{"href":"https:\/\/agoravape.com\/it\/wp-json\/wp\/v2\/media?parent=16478"}],"wp:term":[{"taxonomy":"product_brand","embeddable":true,"href":"https:\/\/agoravape.com\/it\/wp-json\/wp\/v2\/product_brand?post=16478"},{"taxonomy":"product_cat","embeddable":true,"href":"https:\/\/agoravape.com\/it\/wp-json\/wp\/v2\/product_cat?post=16478"},{"taxonomy":"product_tag","embeddable":true,"href":"https:\/\/agoravape.com\/it\/wp-json\/wp\/v2\/product_tag?post=16478"}],"curies":[{"name":"wp","href":"https:\/\/api.w.org\/{rel}","templated":true}]}}