{"id":16666,"date":"2025-10-17T16:45:56","date_gmt":"2025-10-17T08:45:56","guid":{"rendered":"https:\/\/green-grasshopper-921422.hostingersite.com\/?post_type=product&#038;p=16666"},"modified":"2026-01-13T00:53:01","modified_gmt":"2026-01-12T16:53:01","slug":"vhill-20000-soffi-monouso-vape","status":"publish","type":"product","link":"https:\/\/agoravape.com\/it\/product\/vhill-20000-puffs-disposable-vape\/","title":{"rendered":"VHILL 20000 Puffs Mesh Coil Vape ricaricabile | Numero elevato di tiri con facile ricarica Type-C"},"content":{"rendered":"<h2 data-v-md-heading=\"how-about-vhill-20000-port-mesh-coil-rechargeable-vape\" data-v-md-line=\"3\">Che ne dite di VHILL 20000 port mesh coil vape ricaricabile?<\/h2>\n<p data-v-md-line=\"4\">Se siete stanchi di sostituire i vape usa e getta ogni pochi giorni, questo prodotto vi semplificher\u00e0 la vita. Il vape ricaricabile da 20000 porte di VHILL rende l'uso quotidiano facile e conveniente, con una lunga durata della batteria. Non c'\u00e8 bisogno di sforzi, basta caricare e aspirare per poterlo utilizzare.<\/p>\n<p data-v-md-line=\"6\">\u00c8 adatto a tutti coloro che desiderano un uso stabile a lungo termine senza dover regolare le impostazioni o le bobine. Questo tipo di dispositivo a batteria pu\u00f2 sembrare ingombrante, ma \u00e8 conveniente e facile da usare.<\/p>\n<h2 data-v-md-heading=\"excellent-performance-without-any-complexity\" data-v-md-line=\"8\">Excellent performance without any complexity<\/h2>\n<p data-v-md-line=\"9\">La bobina a maglia da 1,0 \u03a9 si trova al centro del dispositivo, assicurando che ogni porta sia pulita e stabile come la prima. Il gusto \u00e8 brillante ed equilibrato. Quando la batteria \u00e8 esaurita, \u00e8 possibile utilizzare un cavo dati standard Type-C (che forse avete gi\u00e0 utilizzato sul vostro telefono) per ricaricarla. \u00c8 semplice.<\/p>\n<h2 data-v-md-heading=\"specification-introduction\" data-v-md-line=\"11\">Introduzione alle specifiche<\/h2>\n<p data-v-md-line=\"12\"><strong>Numero di aspirazioni<\/strong>Fino a 20000 aspirazioni<br \/>\n<strong>Batteria<\/strong>Batteria ricaricabile da 650 mAh<br \/>\n<strong>Nicotina<\/strong>: Le opzioni possono variare a seconda del mercato. Contattateci per confermare i vantaggi attuali<br \/>\n<strong>Principio di funzionamento<\/strong>: Simply inhale to activate<br \/>\n<strong>Ricarica<\/strong>: Porta USB standard di tipo C<br \/>\n<strong>Stato<\/strong>: Pronto all'uso appena tolto dalla scatola<\/p>\n<h2 data-v-md-heading=\"full-range-of-flavors\" data-v-md-line=\"19\">Full range of flavors<\/h2>\n<ul data-v-md-line=\"20\">\n<li>Ghiaccio di more<\/li>\n<li>Ghiaccio alla ciliegia<\/li>\n<li>Mirtilli e angurie<\/li>\n<li>Ghiaccio all'uva<\/li>\n<li>Pesca ghiacciata<\/li>\n<li>Ghiaccio ai frutti di bosco misti<\/li>\n<li>Anguria e lampone<\/li>\n<li>Pink Lemon Water<\/li>\n<li>Gomma da masticare all'anguria<\/li>\n<li>Strawberry watermelon<\/li>\n<li>Uva Fragola<\/li>\n<li>Mirtillo e kiwi<\/li>\n<li>Pista di ghiaccio blu<\/li>\n<\/ul>\n<h2 data-v-md-heading=\"for-you-for-your-business\" data-v-md-line=\"34\">Per te, per il tuo business<\/h2>\n<p data-v-md-line=\"35\">\u00c8 possibile acquistare singoli articoli per uso personale o fare scorta per il proprio negozio. La confezione all'ingrosso contiene 200 pezzi, quindi il rifornimento \u00e8 molto conveniente. Forniamo servizi di consegna DDP in Europa con partner di fiducia come UPS, DPD e DHL, in modo da ottenere costi di sbarco chiari e informazioni di consegna tracciabili, evitando situazioni doganali impreviste.<\/p>\n<p data-v-md-line=\"37\">Introduzione alle normative. In alcuni Paesi\/regioni dell'UE, i dispositivi ad alta aspirazione possono superare i limiti della Direttiva sui Prodotti del Tabacco (TPD). Si prega di verificare le normative locali prima di effettuare un ordine. Vendiamo solo a persone adulte e verifichiamo l'et\u00e0 al momento del pagamento.<\/p>\n<h2 data-v-md-heading=\"why-do-you-like-it\" data-v-md-line=\"39\">Perch\u00e9 ti piace?<\/h2>\n<p data-v-md-line=\"40\"><strong>Aspirazione massiccia:<\/strong>\u00a0Ridurre gli ordini duplicati e minimizzare le seccature<br \/>\n<strong>Selezione della nicotina<\/strong>: Scegliere la concentrazione di nicotina pi\u00f9 adatta alle proprie abitudini<br \/>\n<strong>Ricaricabile<\/strong>: Utilizzare ogni goccia di e-liquid acquistato<br \/>\n<strong>Bobina a maglie<\/strong>: Dal primo all'ultimo morso, il gusto rimane costante.<br \/>\n<strong>Comoda interfaccia Type-C:<\/strong>\u00a0La ricarica pu\u00f2 essere effettuata ovunque senza bisogno di cavi speciali<\/p>\n<h2 data-v-md-heading=\"why-choose-agoravape\" data-v-md-line=\"46\">Perch\u00e9 scegliere AgoraVape?<\/h2>\n<p data-v-md-line=\"47\">Acquistiamo solo prodotti originali da rivenditori autorizzati. Questo significa garantire una qualit\u00e0 affidabile per te e i tuoi clienti. Gli acquirenti aziendali possono usufruire di prezzi all'ingrosso competitivi, assistenza rapida, consegna DDP veloce e servizi di tracciamento completi. Il pagamento viene effettuato tramite un gateway sicuro che supporta le principali carte di credito e PayPal. Il nostro team \u00e8 sempre disponibile per assisterti nella scelta dei gusti, nelle questioni di conformit\u00e0 e nell'assistenza post-vendita. Vuoi acquistare? <a class=\"wpil_keyword_link\" title=\"Vhill\" href=\"https:\/\/agoravape.com\/it\/marchio\/vhill\/\" data-wpil-keyword-link=\"linked\" data-wpil-monitor-id=\"33\">VHILL 20000 boccate<\/a> Vaporizzatori ricaricabili Mesh Coil online? Contattateci, vi forniremo una fornitura stabile per garantire il tasso di ritorno dei clienti.<\/p>","protected":false},"excerpt":{"rendered":"<p>&nbsp;<\/p>\n<p><script src=\"chrome-extension:\/\/fpelahbljekknahkcaegamhcndkfpfnc\/iFrame.js\" type=\"text\/javascript\"><\/script><\/p>\n<p><script src=\"chrome-extension:\/\/fpelahbljekknahkcaegamhcndkfpfnc\/iFrame.js\" type=\"text\/javascript\"><\/script><\/p>\n<p><script src=\"chrome-extension:\/\/fpelahbljekknahkcaegamhcndkfpfnc\/iFrame.js\" type=\"text\/javascript\"><\/script><\/p>\n<p><script src=\"chrome-extension:\/\/fpelahbljekknahkcaegamhcndkfpfnc\/iFrame.js\" type=\"text\/javascript\"><\/script><\/p>\n<p><script src=\"chrome-extension:\/\/fpelahbljekknahkcaegamhcndkfpfnc\/iFrame.js\" type=\"text\/javascript\"><\/script><\/p>\n<p><script src=\"chrome-extension:\/\/fpelahbljekknahkcaegamhcndkfpfnc\/iFrame.js\" type=\"text\/javascript\"><\/script><\/p>\n<p><script src=\"chrome-extension:\/\/fpelahbljekknahkcaegamhcndkfpfnc\/iFrame.js\" type=\"text\/javascript\"><\/script><\/p>\n<p><script src=\"chrome-extension:\/\/fpelahbljekknahkcaegamhcndkfpfnc\/iFrame.js\" type=\"text\/javascript\"><\/script><\/p>\n<p><script src=\"chrome-extension:\/\/fpelahbljekknahkcaegamhcndkfpfnc\/iFrame.js\" type=\"text\/javascript\"><\/script><\/p>\n<p><script src=\"chrome-extension:\/\/fpelahbljekknahkcaegamhcndkfpfnc\/iFrame.js\" type=\"text\/javascript\"><\/script><\/p>\n<p><script src=\"chrome-extension:\/\/fpelahbljekknahkcaegamhcndkfpfnc\/iFrame.js\" type=\"text\/javascript\"><\/script><\/p>\n<p><script src=\"chrome-extension:\/\/fpelahbljekknahkcaegamhcndkfpfnc\/iFrame.js\" type=\"text\/javascript\"><\/script><\/p>","protected":false},"featured_media":16687,"comment_status":"open","ping_status":"closed","template":"","meta":[],"product_brand":[227],"product_cat":[124,185,1636,189,174,175,193,191,173,186,180,190,154],"product_tag":[],"class_list":{"0":"post-16666","1":"product","2":"type-product","3":"status-publish","4":"has-post-thumbnail","6":"product_brand-vhill","7":"product_cat-vape-by-brand","8":"product_cat-10000-puffs-high-capacity","9":"product_cat-20000-puffs","10":"product_cat-20mg-standard-nicotine-vapes","11":"product_cat-fruit-flavors","12":"product_cat-icy-mint","13":"product_cat-mesh-coil","14":"product_cat-rechargeable-disposables","15":"product_cat-vape-by-flavor-profile","16":"product_cat-vape-by-nicotine-strength","17":"product_cat-vape-by-puff-count","18":"product_cat-vape-by-feature-or-type","19":"product_cat-vhill","21":"first","22":"instock","23":"shipping-taxable","24":"purchasable","25":"product-type-variable","26":"has-default-attributes"},"tiered_pricing_type":"percentage","tiered_pricing_fixed_rules":[],"tiered_pricing_product_settings":{"layout":"default","base_unit_name":{"singular":null,"plural":null},"default_variation":null},"tiered_pricing_minimum_quantity":20,"tiered_pricing_roles_data":[],"tiered_pricing_percentage_rules":{"50":"35","100":"40","200":"44","500":"47","1000":"49"},"tiered_pricing_maximum_quantity":null,"tiered_pricing_quantity_step":"10","_links":{"self":[{"href":"https:\/\/agoravape.com\/it\/wp-json\/wp\/v2\/product\/16666","targetHints":{"allow":["GET"]}}],"collection":[{"href":"https:\/\/agoravape.com\/it\/wp-json\/wp\/v2\/product"}],"about":[{"href":"https:\/\/agoravape.com\/it\/wp-json\/wp\/v2\/types\/product"}],"replies":[{"embeddable":true,"href":"https:\/\/agoravape.com\/it\/wp-json\/wp\/v2\/comments?post=16666"}],"version-history":[{"count":0,"href":"https:\/\/agoravape.com\/it\/wp-json\/wp\/v2\/product\/16666\/revisions"}],"wp:featuredmedia":[{"embeddable":true,"href":"https:\/\/agoravape.com\/it\/wp-json\/wp\/v2\/media\/16687"}],"wp:attachment":[{"href":"https:\/\/agoravape.com\/it\/wp-json\/wp\/v2\/media?parent=16666"}],"wp:term":[{"taxonomy":"product_brand","embeddable":true,"href":"https:\/\/agoravape.com\/it\/wp-json\/wp\/v2\/product_brand?post=16666"},{"taxonomy":"product_cat","embeddable":true,"href":"https:\/\/agoravape.com\/it\/wp-json\/wp\/v2\/product_cat?post=16666"},{"taxonomy":"product_tag","embeddable":true,"href":"https:\/\/agoravape.com\/it\/wp-json\/wp\/v2\/product_tag?post=16666"}],"curies":[{"name":"wp","href":"https:\/\/api.w.org\/{rel}","templated":true}]}}