{"id":16783,"date":"2025-10-17T17:48:41","date_gmt":"2025-10-17T09:48:41","guid":{"rendered":"https:\/\/green-grasshopper-921422.hostingersite.com\/?post_type=product&#038;p=16783"},"modified":"2026-02-22T15:15:14","modified_gmt":"2026-02-22T14:15:14","slug":"bug-15000-puff-display-led-vape","status":"publish","type":"product","link":"https:\/\/agoravape.com\/it\/product\/bug-15000-puffs-led-display-vape\/","title":{"rendered":"Penna per svapo ricaricabile con display LED BUG da 15K tiri | Grande capacit\u00e0, display chiaro"},"content":{"rendered":"<h2 data-v-md-heading=\"what-are-the-special-features-of-the-15k-suction-led-display-rechargeable-vape\" data-v-md-line=\"3\">Quali sono le caratteristiche speciali della sigaretta elettronica ricaricabile con display LED ad aspirazione da 15K?<\/h2>\n<p data-v-md-line=\"4\">Se sei stanco di sostituire le tue sigarette elettroniche usa e getta ogni pochi giorni, questo prodotto ti semplificher\u00e0 la vita. BUG 15K ha una batteria ad alta autonomia, fino a 15.000 tiri, ed \u00e8 dotato di un comodo display LED, che ti permette di vedere tutto a colpo d'occhio.<\/p>\n<p data-v-md-line=\"6\">\u00c8 adatto a chiunque desideri un gusto duraturo e senza sforzo. Ricaricandolo con il Type-C e avviando l'aspirazione, grazie alla bobina a rete, otterrai prestazioni costanti. \u00c8 cos\u00ec semplice.<\/p>\n<h2 data-v-md-heading=\"excellent-performance-worry-free\" data-v-md-line=\"8\">Prestazioni eccellenti, senza preoccupazioni<\/h2>\n<p data-v-md-line=\"9\">La coil a rete \u00e8 il cuore del BUG 15K, cos\u00ec ogni aspirazione pu\u00f2 mantenere un gusto pulito e uniforme dall'inizio alla fine. La batteria da 800 mAh \u00e8 ricaricabile, quindi puoi effettivamente utilizzare l'intero e-liquid da 20 ml invece di buttare via quello acquistato. Quando la batteria \u00e8 scarica, puoi utilizzare lo stesso cavo dati Type-C del tuo telefono per caricarlo. \u00c8 semplice.<\/p>\n<p data-v-md-line=\"11\">Grazie alle numerose boccate di vapore e al volume enorme, \u00e8 comunque facile da trasportare e comodo da tenere in mano.<\/p>\n<h2 data-v-md-heading=\"specification-overview\" data-v-md-line=\"13\">Panoramica delle specifiche<\/h2>\n<p data-v-md-line=\"14\"><strong>Numero di porte<\/strong>: fino a 15000 porte<br \/>\n<strong>Contenuto di nicotina<\/strong>: 2% Nicotina<br \/>\n<strong>Principio di funzionamento<\/strong>: Attivato per inalazione<br \/>\n<strong>Ricarica<\/strong>: Porta USB standard di tipo C<br \/>\n<strong>Stato<\/strong>: Pronto all'uso dopo averlo disimballato<br \/>\n*Altri dettagli:<br \/>\n-Bobina a maglie 1,1 \u03a9<br \/>\n-Capacit\u00e0 e-liquid 20 millilitri<br \/>\n-Batteria ricaricabile da 800 mAh<br \/>\n-Schermo LED<br \/>\n-Dimensioni 125 \u00d7 32 mm<br \/>\n-Peso 100 grammi<\/p>\n<h2 data-v-md-heading=\"for-you-and-your-business\" data-v-md-line=\"27\">For you and your business<\/h2>\n<p data-v-md-line=\"28\">Scegline uno per te o aggiungilo al tuo negozio. Vendiamo all'ingrosso 200 unit\u00e0 per scatola per garantire che i tuoi scaffali siano sempre pieni e che il cliente sia soddisfatto. Offriamo anche affidabili servizi di spedizione DDP con partner come UPS, DPD e DHL, garantendo che tariffe e tasse siano pre-elaborate per evitare imprevisti alla dogana.<\/p>\n<p data-v-md-line=\"30\">La situazione delle forniture pu\u00f2 variare a seconda del Paese\/regione. Se sei un acquirente B2B, ti preghiamo di consultare le normative locali e i requisiti della Direttiva sui Prodotti di Consumo prima di effettuare un ordine.<\/p>\n<h2 data-v-md-heading=\"why-do-you-like-it\" data-v-md-line=\"32\">Perch\u00e9 ti piace?<\/h2>\n<p data-v-md-line=\"33\"><strong>Grande capacit\u00e0 di aspirazione:<\/strong>\u00a0Meno ricariche e meno ordini ripetuti.<br \/>\n<strong>2% di nicotina:<\/strong>\u00a0Concentrazione stabile e familiare, adatta all'uso quotidiano.<br \/>\n<strong>Ricaricabile:<\/strong>\u00a0Utilizza tutti i 20 millilitri di e-liquid senza sprechi.<br \/>\n<strong>Nucleo di atomizzazione a rete<\/strong>: Gusto costante e aspirazione fluida.<br \/>\n<strong>Schermo LED:<\/strong>\u00a0Informazioni rapide e chiare a colpo d'occhio.<br \/>\n<strong>Type-C Charging:<\/strong>\u00a0La ricarica pu\u00f2 essere effettuata tramite un normale cavo dati.<\/p>\n<h2 data-v-md-heading=\"why-choose-to-collaborate-with-agoravape\" data-v-md-line=\"40\">Perch\u00e9 scegliere di collaborare con AgoraVape?<\/h2>\n<p data-v-md-line=\"41\">Vendiamo solo prodotti originali al 100%. Con la penna ricaricabile BUG 15K Puffs con display a LED, puoi usufruire di prezzi all'ingrosso scontati, un servizio clienti cordiale e servizi di consegna rapidi e tracciabili in tutta Europa. Rispettiamo le regole di verifica dell'et\u00e0 e garantiamo la sicurezza dei pagamenti, permettendoti di concentrarti sul servizio clienti. Desideri un prodotto durevole e popolare? Siamo sempre pronti a rifornirti.<\/p>","protected":false},"excerpt":{"rendered":"<p>&nbsp;<\/p>\n<p><script src=\"chrome-extension:\/\/fpelahbljekknahkcaegamhcndkfpfnc\/iFrame.js\" type=\"text\/javascript\"><\/script><\/p>\n<p><script src=\"chrome-extension:\/\/fpelahbljekknahkcaegamhcndkfpfnc\/iFrame.js\" type=\"text\/javascript\"><\/script><\/p>\n<p><script src=\"chrome-extension:\/\/fpelahbljekknahkcaegamhcndkfpfnc\/iFrame.js\" type=\"text\/javascript\"><\/script><\/p>\n<p><script src=\"chrome-extension:\/\/fpelahbljekknahkcaegamhcndkfpfnc\/iFrame.js\" type=\"text\/javascript\"><\/script><\/p>\n<p><script src=\"chrome-extension:\/\/fpelahbljekknahkcaegamhcndkfpfnc\/iFrame.js\" type=\"text\/javascript\"><\/script><\/p>\n<p><script src=\"chrome-extension:\/\/fpelahbljekknahkcaegamhcndkfpfnc\/iFrame.js\" type=\"text\/javascript\"><\/script><\/p>\n<p><script src=\"chrome-extension:\/\/fpelahbljekknahkcaegamhcndkfpfnc\/iFrame.js\" type=\"text\/javascript\"><\/script><\/p>\n<p><script src=\"chrome-extension:\/\/fpelahbljekknahkcaegamhcndkfpfnc\/iFrame.js\" type=\"text\/javascript\"><\/script><\/p>\n<p><script src=\"chrome-extension:\/\/fpelahbljekknahkcaegamhcndkfpfnc\/iFrame.js\" type=\"text\/javascript\"><\/script><\/p>\n<p><script src=\"chrome-extension:\/\/fpelahbljekknahkcaegamhcndkfpfnc\/iFrame.js\" type=\"text\/javascript\"><\/script><\/p>\n<p><script src=\"chrome-extension:\/\/fpelahbljekknahkcaegamhcndkfpfnc\/iFrame.js\" type=\"text\/javascript\"><\/script><\/p>\n<p><script src=\"chrome-extension:\/\/fpelahbljekknahkcaegamhcndkfpfnc\/iFrame.js\" type=\"text\/javascript\"><\/script><\/p>","protected":false},"featured_media":16806,"comment_status":"open","ping_status":"closed","template":"","meta":[],"product_brand":[230],"product_cat":[124,185,189,157,174,175,193,191,173,186,180,190,192],"product_tag":[],"class_list":{"0":"post-16783","1":"product","2":"type-product","3":"status-publish","4":"has-post-thumbnail","6":"product_brand-bug","7":"product_cat-vape-by-brand","8":"product_cat-10000-puffs-high-capacity","9":"product_cat-20mg-standard-nicotine-vapes","10":"product_cat-bug","11":"product_cat-fruit-flavors","12":"product_cat-icy-mint","13":"product_cat-mesh-coil","14":"product_cat-rechargeable-disposables","15":"product_cat-vape-by-flavor-profile","16":"product_cat-vape-by-nicotine-strength","17":"product_cat-vape-by-puff-count","18":"product_cat-vape-by-feature-or-type","19":"product_cat-vapes-with-screens","21":"first","22":"onbackorder","23":"shipping-taxable","24":"purchasable","25":"product-type-variable","26":"has-default-attributes"},"tiered_pricing_type":"percentage","tiered_pricing_fixed_rules":[],"tiered_pricing_product_settings":{"layout":"default","base_unit_name":{"singular":null,"plural":null},"default_variation":null},"tiered_pricing_minimum_quantity":10,"tiered_pricing_roles_data":[],"tiered_pricing_percentage_rules":{"30":"29","50":"35","100":"40","200":"44","500":"47","1000":"49"},"tiered_pricing_maximum_quantity":null,"tiered_pricing_quantity_step":"10","_links":{"self":[{"href":"https:\/\/agoravape.com\/it\/wp-json\/wp\/v2\/product\/16783","targetHints":{"allow":["GET"]}}],"collection":[{"href":"https:\/\/agoravape.com\/it\/wp-json\/wp\/v2\/product"}],"about":[{"href":"https:\/\/agoravape.com\/it\/wp-json\/wp\/v2\/types\/product"}],"replies":[{"embeddable":true,"href":"https:\/\/agoravape.com\/it\/wp-json\/wp\/v2\/comments?post=16783"}],"version-history":[{"count":0,"href":"https:\/\/agoravape.com\/it\/wp-json\/wp\/v2\/product\/16783\/revisions"}],"wp:featuredmedia":[{"embeddable":true,"href":"https:\/\/agoravape.com\/it\/wp-json\/wp\/v2\/media\/16806"}],"wp:attachment":[{"href":"https:\/\/agoravape.com\/it\/wp-json\/wp\/v2\/media?parent=16783"}],"wp:term":[{"taxonomy":"product_brand","embeddable":true,"href":"https:\/\/agoravape.com\/it\/wp-json\/wp\/v2\/product_brand?post=16783"},{"taxonomy":"product_cat","embeddable":true,"href":"https:\/\/agoravape.com\/it\/wp-json\/wp\/v2\/product_cat?post=16783"},{"taxonomy":"product_tag","embeddable":true,"href":"https:\/\/agoravape.com\/it\/wp-json\/wp\/v2\/product_tag?post=16783"}],"curies":[{"name":"wp","href":"https:\/\/api.w.org\/{rel}","templated":true}]}}