{"id":16821,"date":"2025-10-17T17:58:48","date_gmt":"2025-10-17T09:58:48","guid":{"rendered":"https:\/\/green-grasshopper-921422.hostingersite.com\/?post_type=product&#038;p=16821"},"modified":"2026-01-19T22:02:03","modified_gmt":"2026-01-19T14:02:03","slug":"bug-12000-soffi-rgb-light-vape","status":"publish","type":"product","link":"https:\/\/agoravape.com\/it\/product\/bug-12000-puffs-rgb-light-vape\/","title":{"rendered":"BUG 12K Puffs LED Display Vape con luce RGB | Duraturo, semplice e dall'aspetto accattivante"},"content":{"rendered":"<h2 data-v-md-heading=\"bug-12k-suction-capacity-led-display-vape-with-rgb-light-what-s-special-about-it\" data-v-md-line=\"3\">BUG 12K capacit\u00e0 di aspirazione display LED vaporizzatore con luce RGB, cosa ha di speciale?<\/h2>\n<p data-v-md-line=\"4\">Se sei stanco delle sigarette elettroniche usa e getta che consumano troppo, questo prodotto ti far\u00e0 sicuramente amare. La sigaretta elettronica BUG 12K ha una capacit\u00e0 fino a 12.000 tiri, \u00e8 dotata di un display LED chiaro e luci RGB accattivanti, con un aspetto elegante ma sobrio. \u00c8 progettata per chi cerca durata, gusto puro e zero ingombro.<\/p>\n<p data-v-md-line=\"6\">Si potrebbe pensare che una sigaretta elettronica con una capacit\u00e0 di fumo cos\u00ec elevata la renda ingombrante, ma questa sigaretta elettronica \u00e8 estremamente portatile. Pesa 91 grammi e misura circa 116 x 32 millimetri, il che la rende facile da riporre in tasca o in borsa. Il contenuto di nicotina \u00e8 del 2%, quindi \u00e8 pronta all'uso appena tolta dalla scatola. Quando la batteria \u00e8 scarica, \u00e8 sufficiente utilizzare il cavo dati Type-C per ricaricarla.<\/p>\n<h2 data-v-md-heading=\"excellent-performance-easy-and-convenient\" data-v-md-line=\"8\">Prestazioni eccellenti, facile e conveniente<\/h2>\n<p data-v-md-line=\"9\">La resistenza a rete \u00e8 la chiave del successo. Riscalda in modo uniforme, rendendo il primo boccone morbido come il centesimo. La resistenza da 1,1 \u03a9 aiuta a mantenere un gusto morbido e uniforme. 16 ml di liquido integrati e batteria ricaricabile da 800 mAh. Quando \u00e8 necessario ricaricare, \u00e8 sufficiente utilizzare lo stesso cavo dati Type-C del telefono. Semplice e pratico.<\/p>\n<h2 data-v-md-heading=\"specification-introduction\" data-v-md-line=\"11\">Introduzione alle specifiche<\/h2>\n<ul data-v-md-line=\"12\">\n<li>Frequenza di aspirazione: fino a 12000 volte<\/li>\n<li>Contenuto di nicotina: 2% (20 mg\/mL)<\/li>\n<li>Principio di funzionamento: Attivato tramite inalazione<\/li>\n<li>Charging: Type-C USB interface<\/li>\n<li>Stato: pronto all'uso appena estratto dalla confezione<\/li>\n<li>Nucleo di atomizzazione: maglia da 1,1 \u03a9<\/li>\n<li>Capacit\u00e0 del liquido elettronico: 16 millilitri<\/li>\n<li>Battery: 800 mAh rechargeable battery<\/li>\n<li>Schermo di visualizzazione e illuminazione: schermo di visualizzazione a LED con luci RGB<\/li>\n<li>Caratteristiche aggiuntive: inclusa corda per appendere<\/li>\n<li>Dimensioni e peso: 116 \u00d7 32 millimetri, 91 grammi<\/li>\n<\/ul>\n<h2 data-v-md-heading=\"for-you-and-your-business\" data-v-md-line=\"24\">For you and your business<\/h2>\n<p data-v-md-line=\"25\">Vuoi acquistarlo per te? Semplice e facile da usare. Aggiungilo al carrello e goditi un'esperienza di svapo duratura e facile da usare, con letture LED chiare e una straordinaria illuminazione RGB.<\/p>\n<p data-v-md-line=\"27\">Stai acquistando in un negozio fisico o online? Forniamo sigarette elettroniche BUG 12K originali in scatole di cartone all'ingrosso, a prezzi vantaggiosi e con una fornitura stabile. Collaboriamo con partner affidabili come UPS, DPD e DHL per fornire servizi di consegna DDP, in modo che le tariffe possano essere elaborate in anticipo per evitare problemi doganali. Il nostro team pu\u00f2 aiutarti a pianificare il tuo portfolio prodotti per soddisfare i clienti abituali.<\/p>\n<h2 data-v-md-heading=\"why-do-you-like-it\" data-v-md-line=\"29\">Perch\u00e9 ti piace?<\/h2>\n<ul data-v-md-line=\"30\">\n<li>Ampia capacit\u00e0 di aspirazione: fino a 12K porte, per ridurre i tempi di sostituzione e divertirti di pi\u00f9.<\/li>\n<li>Ricarica comoda: la ricarica di tipo C ti consente di utilizzare tutti gli e-liquidi acquistati.<\/li>\n<li>Gusto uniforme: la bobina a rete assicura una consistenza liscia dall'inizio alla fine.<\/li>\n<li>Facile da usare: lo schermo LED visualizza chiaramente e l'illuminazione RGB aggiunge un tocco di divertimento.<\/li>\n<li>Portatile e facile da trasportare: il corpo compatto \u00e8 dotato di una comoda corda per appenderlo, rendendolo facile da trasportare.<\/li>\n<\/ul>\n<h2 data-v-md-heading=\"why-choose-agoravape\" data-v-md-line=\"36\">Perch\u00e9 scegliere AgoraVape?<\/h2>\n<p data-v-md-line=\"37\">Vendiamo solo prodotti originali al 100% di marchi affidabili. Acquistando le sigarette elettroniche BUG 12K con display LED (con illuminazione RGB), puoi usufruire di prezzi all'ingrosso scontati, assistenza tecnica rapida e servizi di consegna rapida DDP in tutta Europa. Discuti con noi su come prenotare le attrezzature che i tuoi clienti acquisteranno di nuovo.<\/p>","protected":false},"excerpt":{"rendered":"<p>&nbsp;<\/p>\n<p><script src=\"chrome-extension:\/\/fpelahbljekknahkcaegamhcndkfpfnc\/iFrame.js\" type=\"text\/javascript\"><\/script><\/p>\n<p><script src=\"chrome-extension:\/\/fpelahbljekknahkcaegamhcndkfpfnc\/iFrame.js\" type=\"text\/javascript\"><\/script><\/p>\n<p><script src=\"chrome-extension:\/\/fpelahbljekknahkcaegamhcndkfpfnc\/iFrame.js\" type=\"text\/javascript\"><\/script><\/p>\n<p><script src=\"chrome-extension:\/\/fpelahbljekknahkcaegamhcndkfpfnc\/iFrame.js\" type=\"text\/javascript\"><\/script><\/p>\n<p><script src=\"chrome-extension:\/\/fpelahbljekknahkcaegamhcndkfpfnc\/iFrame.js\" type=\"text\/javascript\"><\/script><\/p>\n<p><script src=\"chrome-extension:\/\/fpelahbljekknahkcaegamhcndkfpfnc\/iFrame.js\" type=\"text\/javascript\"><\/script><\/p>\n<p><script src=\"chrome-extension:\/\/fpelahbljekknahkcaegamhcndkfpfnc\/iFrame.js\" type=\"text\/javascript\"><\/script><\/p>\n<p><script src=\"chrome-extension:\/\/fpelahbljekknahkcaegamhcndkfpfnc\/iFrame.js\" type=\"text\/javascript\"><\/script><\/p>\n<p><script src=\"chrome-extension:\/\/fpelahbljekknahkcaegamhcndkfpfnc\/iFrame.js\" type=\"text\/javascript\"><\/script><\/p>\n<p><script src=\"chrome-extension:\/\/fpelahbljekknahkcaegamhcndkfpfnc\/iFrame.js\" type=\"text\/javascript\"><\/script><\/p>\n<p><script src=\"chrome-extension:\/\/fpelahbljekknahkcaegamhcndkfpfnc\/iFrame.js\" type=\"text\/javascript\"><\/script><\/p>\n<p><script src=\"chrome-extension:\/\/fpelahbljekknahkcaegamhcndkfpfnc\/iFrame.js\" type=\"text\/javascript\"><\/script><\/p>","protected":false},"featured_media":16846,"comment_status":"open","ping_status":"closed","template":"","meta":[],"product_brand":[230],"product_cat":[124,185,189,157,174,175,193,191,173,186,180,190,192],"product_tag":[],"class_list":{"0":"post-16821","1":"product","2":"type-product","3":"status-publish","4":"has-post-thumbnail","6":"product_brand-bug","7":"product_cat-vape-by-brand","8":"product_cat-10000-puffs-high-capacity","9":"product_cat-20mg-standard-nicotine-vapes","10":"product_cat-bug","11":"product_cat-fruit-flavors","12":"product_cat-icy-mint","13":"product_cat-mesh-coil","14":"product_cat-rechargeable-disposables","15":"product_cat-vape-by-flavor-profile","16":"product_cat-vape-by-nicotine-strength","17":"product_cat-vape-by-puff-count","18":"product_cat-vape-by-feature-or-type","19":"product_cat-vapes-with-screens","21":"first","22":"onbackorder","23":"shipping-taxable","24":"purchasable","25":"product-type-variable","26":"has-default-attributes"},"tiered_pricing_type":"percentage","tiered_pricing_fixed_rules":[],"tiered_pricing_product_settings":{"layout":"default","base_unit_name":{"singular":null,"plural":null},"default_variation":null},"tiered_pricing_minimum_quantity":10,"tiered_pricing_roles_data":[],"tiered_pricing_percentage_rules":{"30":"29","50":"35","100":"40","200":"44","500":"47","1000":"49"},"tiered_pricing_maximum_quantity":null,"tiered_pricing_quantity_step":"10","_links":{"self":[{"href":"https:\/\/agoravape.com\/it\/wp-json\/wp\/v2\/product\/16821","targetHints":{"allow":["GET"]}}],"collection":[{"href":"https:\/\/agoravape.com\/it\/wp-json\/wp\/v2\/product"}],"about":[{"href":"https:\/\/agoravape.com\/it\/wp-json\/wp\/v2\/types\/product"}],"replies":[{"embeddable":true,"href":"https:\/\/agoravape.com\/it\/wp-json\/wp\/v2\/comments?post=16821"}],"version-history":[{"count":0,"href":"https:\/\/agoravape.com\/it\/wp-json\/wp\/v2\/product\/16821\/revisions"}],"wp:featuredmedia":[{"embeddable":true,"href":"https:\/\/agoravape.com\/it\/wp-json\/wp\/v2\/media\/16846"}],"wp:attachment":[{"href":"https:\/\/agoravape.com\/it\/wp-json\/wp\/v2\/media?parent=16821"}],"wp:term":[{"taxonomy":"product_brand","embeddable":true,"href":"https:\/\/agoravape.com\/it\/wp-json\/wp\/v2\/product_brand?post=16821"},{"taxonomy":"product_cat","embeddable":true,"href":"https:\/\/agoravape.com\/it\/wp-json\/wp\/v2\/product_cat?post=16821"},{"taxonomy":"product_tag","embeddable":true,"href":"https:\/\/agoravape.com\/it\/wp-json\/wp\/v2\/product_tag?post=16821"}],"curies":[{"name":"wp","href":"https:\/\/api.w.org\/{rel}","templated":true}]}}