{"id":16862,"date":"2025-10-17T18:05:48","date_gmt":"2025-10-17T10:05:48","guid":{"rendered":"https:\/\/green-grasshopper-921422.hostingersite.com\/?post_type=product&#038;p=16862"},"modified":"2026-01-19T22:01:57","modified_gmt":"2026-01-19T14:01:57","slug":"bug-bc5000-puffs-vape","status":"publish","type":"product","link":"https:\/\/agoravape.com\/it\/product\/bug-bc5000-puffs-vape\/","title":{"rendered":"BUG BC5000 Puffs Compact Mesh Coil Vape usa e getta | Grande sapore che dura"},"content":{"rendered":"<h2 data-v-md-heading=\"what-is-special-about-the-bug-bc5000-compact-mesh-coil-disposable-vape\" data-v-md-line=\"3\">Cosa ha di speciale il vaporizzatore monouso con bobina a rete compatta BUG BC5000?<\/h2>\n<p data-v-md-line=\"4\">Se sei stanco delle sigarette elettroniche usa e getta che scadono in un giorno, questo prodotto \u00e8 esattamente ci\u00f2 di cui hai bisogno. BUG BC5000 \u00e8 dotato di una resistenza a rete che pu\u00f2 raggiungere fino a 5000 aspirazioni, mantenendo un gusto stabile dal primo all'ultimo boccone.<\/p>\n<p data-v-md-line=\"6\">Se cerchi uno svapo affidabile e pratico, \u00e8 la scelta ideale. Non servono pulsanti, n\u00e9 menu. Basta ricaricarlo tramite l'interfaccia Type-C per inalare aria. Potresti pensare che le sigarette elettroniche con cos\u00ec tante boccate siano ingombranti, ma le loro dimensioni sono di soli 81 \u00d7 41 \u00d7 20 millimetri e il peso \u00e8 di soli 50 grammi, il che le rende molto comode da trasportare.<\/p>\n<h2 data-v-md-heading=\"excellent-performance-easy-and-convenient\" data-v-md-line=\"8\">Prestazioni eccellenti, facile e conveniente<\/h2>\n<p data-v-md-line=\"9\">La resistenza a rete si riscalda in modo uniforme, rendendo ogni boccone delizioso come il primo assaggio. Utilizza una resistenza da 1,1 \u03a9, bilanciando un fumo morbido e un gusto ricco. Quando la batteria \u00e8 scarica, puoi utilizzare lo stesso cavo dati Type-C del tuo telefono per ricaricarla. \u00c8 semplice.<\/p>\n<h2 data-v-md-heading=\"specification-introduction\" data-v-md-line=\"11\">Introduzione alle specifiche<\/h2>\n<p data-v-md-line=\"12\"><strong>Suction frequency<\/strong>: fino a 5000 volte<br \/>\n<strong>Contenuto di nicotina<\/strong>: 2% di sale di nicotina<br \/>\n<strong>Principio di funzionamento<\/strong>: Simply inhale to activate<br \/>\n<strong>Ricarica<\/strong>: Interfaccia standard di tipo C<br \/>\n<strong>Stato<\/strong>: Pronto all'uso dopo averlo disimballato<\/p>\n<h2 data-v-md-heading=\"multiple-flavor-options\" data-v-md-line=\"18\">Multiple flavor options<\/h2>\n<ul data-v-md-line=\"19\">\n<li>Ghiaccio all'anguria<\/li>\n<li>Succo di fragola<\/li>\n<li>gelatina d'uva<\/li>\n<li>Pesca ghiacciata<\/li>\n<li>Ghiaccio di more<\/li>\n<li>Ananas aspro<\/li>\n<li>Lemon and lime<\/li>\n<li>Pista di ghiaccio blu<\/li>\n<li>Fragola Mango<\/li>\n<li>Bacca di mirtillo<\/li>\n<li>Mela acida al lampone<\/li>\n<li>Mirtilli e lamponi<\/li>\n<\/ul>\n<h2 data-v-md-heading=\"for-you-for-your-business\" data-v-md-line=\"32\">Per te, per il tuo business<\/h2>\n<p data-v-md-line=\"33\">Puoi acquistare BUG BC5000 per te o aggiungerlo al tuo negozio. Offriamo confezioni all'ingrosso da 10 unit\u00e0 e confezioni grandi da 200 unit\u00e0 per soddisfare le esigenze di ordini all'ingrosso. Il dispositivo \u00e8 dotato di un serbatoio di liquido da 12 millilitri e di una batteria ricaricabile da 500 mAh, garantendo ai clienti di utilizzare al meglio ogni goccia di liquido.<\/p>\n<p data-v-md-line=\"35\">Utilizziamo partner affidabili come UPS, DPD e DHL per spedire in Europa tramite DDP, in modo da poter elaborare in anticipo tariffe e procedure doganali e garantire la tracciabilit\u00e0 della spedizione. Data la capacit\u00e0 del dispositivo di 12 millilitri, si prega di verificare le normative locali prima di ordinare prodotti a base di nicotina.<\/p>\n<h2 data-v-md-heading=\"why-do-you-like-it\" data-v-md-line=\"37\">Perch\u00e9 ti piace?<\/h2>\n<p data-v-md-line=\"38\"><strong>Grande capacit\u00e0 di aspirazione:<\/strong>\u00a0Resistente e duraturo, non c'\u00e8 bisogno di acquistare frequentemente nuovo e-liquid.<br \/>\n<strong>2% di nicotina:<\/strong>\u00a0Concentrazione moderata, gusto corposo ma non pungente.<br \/>\n<strong>Ricaricabile:<\/strong>\u00a0You can use all purchased e-liquids.<br \/>\n<strong>Mesh atomizer core:<\/strong>\u00a0Il gusto \u00e8 costante e potrai godere di un'aspirazione fluida ogni volta.<br \/>\n<strong>Struttura compatta:<\/strong>\u00a0Facile da trasportare, impugnatura comoda.<\/p>\n<h2 data-v-md-heading=\"why-choose-to-collaborate-with-agoravape\" data-v-md-line=\"44\">Perch\u00e9 scegliere di collaborare con AgoraVape?<\/h2>\n<p data-v-md-line=\"45\">Vendiamo solo apparecchiature originali al 100% e non abbiamo dubbi al riguardo. BUG BC5000 offre prezzi all'ingrosso altamente competitivi, un supporto rapido e servizi di consegna DDP rapidi. Utilizziamo gateway di pagamento sicuri e potenti meccanismi di verifica dell'et\u00e0 per garantire la conformit\u00e0 del prodotto. La nostra politica di reso \u00e8 chiara ed esplicita, consentendoti di acquistare in tutta tranquillit\u00e0. Sei pronto ad acquistare un dispositivo che i clienti ricominceranno? Contattaci per informazioni.<\/p>","protected":false},"excerpt":{"rendered":"<p>&nbsp;<\/p>\n<p><script src=\"chrome-extension:\/\/fpelahbljekknahkcaegamhcndkfpfnc\/iFrame.js\" type=\"text\/javascript\"><\/script><\/p>\n<p><script src=\"chrome-extension:\/\/fpelahbljekknahkcaegamhcndkfpfnc\/iFrame.js\" type=\"text\/javascript\"><\/script><\/p>\n<p><script src=\"chrome-extension:\/\/fpelahbljekknahkcaegamhcndkfpfnc\/iFrame.js\" type=\"text\/javascript\"><\/script><\/p>\n<p><script src=\"chrome-extension:\/\/fpelahbljekknahkcaegamhcndkfpfnc\/iFrame.js\" type=\"text\/javascript\"><\/script><\/p>\n<p><script src=\"chrome-extension:\/\/fpelahbljekknahkcaegamhcndkfpfnc\/iFrame.js\" type=\"text\/javascript\"><\/script><\/p>\n<p><script src=\"chrome-extension:\/\/fpelahbljekknahkcaegamhcndkfpfnc\/iFrame.js\" type=\"text\/javascript\"><\/script><\/p>\n<p><script src=\"chrome-extension:\/\/fpelahbljekknahkcaegamhcndkfpfnc\/iFrame.js\" type=\"text\/javascript\"><\/script><\/p>\n<p><script src=\"chrome-extension:\/\/fpelahbljekknahkcaegamhcndkfpfnc\/iFrame.js\" type=\"text\/javascript\"><\/script><\/p>\n<p><script src=\"chrome-extension:\/\/fpelahbljekknahkcaegamhcndkfpfnc\/iFrame.js\" type=\"text\/javascript\"><\/script><\/p>\n<p><script src=\"chrome-extension:\/\/fpelahbljekknahkcaegamhcndkfpfnc\/iFrame.js\" type=\"text\/javascript\"><\/script><\/p>\n<p><script src=\"chrome-extension:\/\/fpelahbljekknahkcaegamhcndkfpfnc\/iFrame.js\" type=\"text\/javascript\"><\/script><\/p>\n<p><script src=\"chrome-extension:\/\/fpelahbljekknahkcaegamhcndkfpfnc\/iFrame.js\" type=\"text\/javascript\"><\/script><\/p>","protected":false},"featured_media":16886,"comment_status":"open","ping_status":"closed","template":"","meta":[],"product_brand":[230],"product_cat":[124,189,184,157,174,175,193,191,173,186,180,190],"product_tag":[],"class_list":{"0":"post-16862","1":"product","2":"type-product","3":"status-publish","4":"has-post-thumbnail","6":"product_brand-bug","7":"product_cat-vape-by-brand","8":"product_cat-20mg-standard-nicotine-vapes","9":"product_cat-5000-8000-puffs","10":"product_cat-bug","11":"product_cat-fruit-flavors","12":"product_cat-icy-mint","13":"product_cat-mesh-coil","14":"product_cat-rechargeable-disposables","15":"product_cat-vape-by-flavor-profile","16":"product_cat-vape-by-nicotine-strength","17":"product_cat-vape-by-puff-count","18":"product_cat-vape-by-feature-or-type","20":"first","21":"onbackorder","22":"shipping-taxable","23":"purchasable","24":"product-type-variable","25":"has-default-attributes"},"tiered_pricing_type":"percentage","tiered_pricing_fixed_rules":[],"tiered_pricing_product_settings":{"layout":"default","base_unit_name":{"singular":null,"plural":null},"default_variation":null},"tiered_pricing_minimum_quantity":10,"tiered_pricing_roles_data":[],"tiered_pricing_percentage_rules":{"30":"29","50":"35","100":"40","200":"44","500":"47","1000":"49"},"tiered_pricing_maximum_quantity":null,"tiered_pricing_quantity_step":"10","_links":{"self":[{"href":"https:\/\/agoravape.com\/it\/wp-json\/wp\/v2\/product\/16862","targetHints":{"allow":["GET"]}}],"collection":[{"href":"https:\/\/agoravape.com\/it\/wp-json\/wp\/v2\/product"}],"about":[{"href":"https:\/\/agoravape.com\/it\/wp-json\/wp\/v2\/types\/product"}],"replies":[{"embeddable":true,"href":"https:\/\/agoravape.com\/it\/wp-json\/wp\/v2\/comments?post=16862"}],"version-history":[{"count":0,"href":"https:\/\/agoravape.com\/it\/wp-json\/wp\/v2\/product\/16862\/revisions"}],"wp:featuredmedia":[{"embeddable":true,"href":"https:\/\/agoravape.com\/it\/wp-json\/wp\/v2\/media\/16886"}],"wp:attachment":[{"href":"https:\/\/agoravape.com\/it\/wp-json\/wp\/v2\/media?parent=16862"}],"wp:term":[{"taxonomy":"product_brand","embeddable":true,"href":"https:\/\/agoravape.com\/it\/wp-json\/wp\/v2\/product_brand?post=16862"},{"taxonomy":"product_cat","embeddable":true,"href":"https:\/\/agoravape.com\/it\/wp-json\/wp\/v2\/product_cat?post=16862"},{"taxonomy":"product_tag","embeddable":true,"href":"https:\/\/agoravape.com\/it\/wp-json\/wp\/v2\/product_tag?post=16862"}],"curies":[{"name":"wp","href":"https:\/\/api.w.org\/{rel}","templated":true}]}}