{"id":16901,"date":"2025-10-17T18:13:13","date_gmt":"2025-10-17T10:13:13","guid":{"rendered":"https:\/\/green-grasshopper-921422.hostingersite.com\/?post_type=product&#038;p=16901"},"modified":"2026-01-19T22:01:51","modified_gmt":"2026-01-19T14:01:51","slug":"bug-30000-soffi-vape-a-doppio-sapore","status":"publish","type":"product","link":"https:\/\/agoravape.com\/it\/product\/bug-30000-puffs-dual-flavor-vape\/","title":{"rendered":"BUG 30K Puffs Dual Flavor Switchable RGB Vape | Due gusti in uno, costruito per durare"},"content":{"rendered":"<h2 data-v-md-heading=\"how-great-is-the-30k-switchable-dual-flavor-rgb-vape-with-bug\" data-v-md-line=\"3\">Quanto \u00e8 eccezionale il vaporizzatore RGB a doppio aroma commutabile da 30K con BUG?<\/h2>\n<p data-v-md-line=\"4\">Se siete stanchi di quelle sigarette elettroniche che si rompono a met\u00e0 settimana, questo prodotto merita sicuramente un'occhiata. BUG 30K \u00e8 dotato di impostazioni intelligenti per il doppio aroma, che possono cambiare aroma fino a 30.000 boccate, rendendo facile il passaggio senza dover cambiare dispositivo.<\/p>\n<p data-v-md-line=\"6\">\u00c8 adatto a chiunque cerchi prestazioni durature e praticit\u00e0. Potresti pensare che una sigaretta elettronica con una capacit\u00e0 cos\u00ec grande sia ingombrante, ma rimarrai sorpreso dal fatto che pesa solo circa 100 grammi ed \u00e8 leggera e portatile. L'illuminazione RGB aggiunge divertimento senza essere vistosa, e il cordino incluso \u00e8 comodo per il trasporto quotidiano.<\/p>\n<h2 data-v-md-heading=\"excellent-performance-easy-and-convenient\" data-v-md-line=\"8\">Prestazioni eccellenti, facile e conveniente<\/h2>\n<p data-v-md-line=\"9\">La resistenza a rete da 1,0 \u03a9 garantisce un gusto costante dall'inizio alla fine. Il riscaldamento a rete \u00e8 rapido e uniforme, rendendo ogni boccone puro e ricco di sapore. Quando la batteria \u00e8 scarica, \u00e8 possibile utilizzare la porta di ricarica Type-C per caricare e svuotare facilmente 30 millilitri di liquido. Non sono necessari cavi speciali o passaggi complicati.<\/p>\n<h2 data-v-md-heading=\"specification-introduction\" data-v-md-line=\"11\">Introduzione alle specifiche<\/h2>\n<ul data-v-md-line=\"12\">\n<li>Suction frequency: up to 30000 times<\/li>\n<li>Contenuto di nicotina: 2%<\/li>\n<li>Modalit\u00e0 di lavoro: \u00e8 possibile commutare due gusti sul dispositivo<\/li>\n<li>Ricarica: interfaccia USB standard di tipo C<\/li>\n<li>Stato: pronto all'uso appena estratto dalla confezione<\/li>\n<\/ul>\n<h2 data-v-md-heading=\"full-range-of-flavors\" data-v-md-line=\"18\">Full range of flavors<\/h2>\n<ul data-v-md-line=\"19\">\n<li>Gelato all'anguria\/gelatina all'uva<\/li>\n<li>Ghiaccio all'anguria\/ghiaccio alla pesca<\/li>\n<li>Gelatina d'uva\/ghiaccio di more<\/li>\n<li>Pesca ghiacciata\/mela acida al lampone<\/li>\n<li>Ghiaccio di more\/mango aspro e ananas<\/li>\n<li>Bevanda energetica al lampone e mela acida<\/li>\n<li>Ghiaccio al limone e lime\/anguria<\/li>\n<li>Gelatina d'uva\/mirtilli<\/li>\n<li>Mirtillo\/Fragola Kiwi<\/li>\n<li>Succo di fragola\/ghiaccio di more<\/li>\n<li>Fragola kiwi\/mango aspro ananas<\/li>\n<li>Succo di fragola\/frutto della passione, arancia e melograno<\/li>\n<\/ul>\n<h2 data-v-md-heading=\"for-you-and-your-business\" data-v-md-line=\"32\">For you and your business<\/h2>\n<p data-v-md-line=\"33\">Conservare per uso personale o per accumulo. Offriamo confezioni all'ingrosso da 10 unit\u00e0 e grandi confezioni da 200 unit\u00e0 per soddisfare ordini all'ingrosso. Il dispositivo \u00e8 dotato di effetti di illuminazione RGB e corde di sospensione, che lo rendono un elegante packaging per la vendita al dettaglio.<\/p>\n<p data-v-md-line=\"35\">Offriamo servizi di spedizione DDP (Delivery Delivery Delivery) tassati, inclusi UPS, DPD e DHL, in modo da evitare incidenti alla dogana. Offriamo servizi di tracciamento standard e l'imballaggio \u00e8 stato gestito con cura. Nota: a causa della capacit\u00e0 del prodotto di 30 millilitri e della concentrazione di nicotina del 2%, potrebbe non essere conforme agli standard TPD in diversi paesi\/regioni dell'UE. Pertanto, le modalit\u00e0 di fornitura e consegna del prodotto possono variare a seconda della destinazione. Si prega di verificare le normative vigenti nella propria zona prima di effettuare un ordine.<\/p>\n<h2 data-v-md-heading=\"why-do-you-like-it\" data-v-md-line=\"37\">Perch\u00e9 ti piace?<\/h2>\n<ul data-v-md-line=\"38\">\n<li>Capacit\u00e0 ultra-elevata: fino a 30.000 porte, il che significa tempi di rifornimento e sostituzione ridotti<\/li>\n<li>Doppio cambio di gusto: cambia gusto in qualsiasi momento<\/li>\n<li>Nicotina al 2%: concentrazione di nicotina bilanciata, adatta all'uso quotidiano<\/li>\n<li>Ricaricabile: la ricarica di tipo C consente di utilizzare fino a 30 millilitri di e-liquid<\/li>\n<li>Mesh coil: gusto costante<\/li>\n<li>RGB+cordino: alla moda e trendy, facile da trasportare, le tasche non saranno piene di disordine<\/li>\n<\/ul>\n<h2 data-v-md-heading=\"why-choose-to-collaborate-with-agoravape\" data-v-md-line=\"45\">Perch\u00e9 scegliere di collaborare con AgoraVape?<\/h2>\n<p data-v-md-line=\"46\">Vendiamo solo prodotti originali al 100% e garantiamo prezzi ragionevoli, supporto affidabile e consegna rapida. Per i clienti commerciali, questo significa una fornitura all'ingrosso affidabile di BUG 30K con doppio aroma e RGB commutabile, oltre a metodi di pagamento sicuri e comodi servizi di reso per prodotti difettosi. Contattateci per offrire ai vostri clienti un dispositivo davvero intuitivo.<\/p>\n<p><script src=\"chrome-extension:\/\/fpelahbljekknahkcaegamhcndkfpfnc\/iFrame.js\" type=\"text\/javascript\"><\/script><\/p>","protected":false},"excerpt":{"rendered":"<p>&nbsp;<\/p>\n<p><script src=\"chrome-extension:\/\/fpelahbljekknahkcaegamhcndkfpfnc\/iFrame.js\" type=\"text\/javascript\"><\/script><\/p>\n<p><script src=\"chrome-extension:\/\/fpelahbljekknahkcaegamhcndkfpfnc\/iFrame.js\" type=\"text\/javascript\"><\/script><\/p>\n<p><script src=\"chrome-extension:\/\/fpelahbljekknahkcaegamhcndkfpfnc\/iFrame.js\" type=\"text\/javascript\"><\/script><\/p>\n<p><script src=\"chrome-extension:\/\/fpelahbljekknahkcaegamhcndkfpfnc\/iFrame.js\" type=\"text\/javascript\"><\/script><\/p>\n<p><script src=\"chrome-extension:\/\/fpelahbljekknahkcaegamhcndkfpfnc\/iFrame.js\" type=\"text\/javascript\"><\/script><\/p>\n<p><script src=\"chrome-extension:\/\/fpelahbljekknahkcaegamhcndkfpfnc\/iFrame.js\" type=\"text\/javascript\"><\/script><\/p>\n<p><script src=\"chrome-extension:\/\/fpelahbljekknahkcaegamhcndkfpfnc\/iFrame.js\" type=\"text\/javascript\"><\/script><\/p>\n<p><script src=\"chrome-extension:\/\/fpelahbljekknahkcaegamhcndkfpfnc\/iFrame.js\" type=\"text\/javascript\"><\/script><\/p>\n<p><script src=\"chrome-extension:\/\/fpelahbljekknahkcaegamhcndkfpfnc\/iFrame.js\" type=\"text\/javascript\"><\/script><\/p>\n<p><script src=\"chrome-extension:\/\/fpelahbljekknahkcaegamhcndkfpfnc\/iFrame.js\" type=\"text\/javascript\"><\/script><\/p>\n<p><script src=\"chrome-extension:\/\/fpelahbljekknahkcaegamhcndkfpfnc\/iFrame.js\" type=\"text\/javascript\"><\/script><\/p>\n<p><script src=\"chrome-extension:\/\/fpelahbljekknahkcaegamhcndkfpfnc\/iFrame.js\" type=\"text\/javascript\"><\/script><\/p>","protected":false},"featured_media":16926,"comment_status":"open","ping_status":"closed","template":"","meta":[],"product_brand":[230],"product_cat":[124,185,189,157,195,174,175,193,191,173,186,180,190],"product_tag":[],"class_list":{"0":"post-16901","1":"product","2":"type-product","3":"status-publish","4":"has-post-thumbnail","6":"product_brand-bug","7":"product_cat-vape-by-brand","8":"product_cat-10000-puffs-high-capacity","9":"product_cat-20mg-standard-nicotine-vapes","10":"product_cat-bug","11":"product_cat-dual-flavor-switch","12":"product_cat-fruit-flavors","13":"product_cat-icy-mint","14":"product_cat-mesh-coil","15":"product_cat-rechargeable-disposables","16":"product_cat-vape-by-flavor-profile","17":"product_cat-vape-by-nicotine-strength","18":"product_cat-vape-by-puff-count","19":"product_cat-vape-by-feature-or-type","21":"first","22":"onbackorder","23":"shipping-taxable","24":"purchasable","25":"product-type-variable","26":"has-default-attributes"},"tiered_pricing_type":"percentage","tiered_pricing_fixed_rules":[],"tiered_pricing_product_settings":{"layout":"default","base_unit_name":{"singular":null,"plural":null},"default_variation":null},"tiered_pricing_minimum_quantity":10,"tiered_pricing_roles_data":[],"tiered_pricing_percentage_rules":{"30":"29","50":"35","100":"40","200":"44","500":"47","1000":"49"},"tiered_pricing_maximum_quantity":null,"tiered_pricing_quantity_step":"10","_links":{"self":[{"href":"https:\/\/agoravape.com\/it\/wp-json\/wp\/v2\/product\/16901","targetHints":{"allow":["GET"]}}],"collection":[{"href":"https:\/\/agoravape.com\/it\/wp-json\/wp\/v2\/product"}],"about":[{"href":"https:\/\/agoravape.com\/it\/wp-json\/wp\/v2\/types\/product"}],"replies":[{"embeddable":true,"href":"https:\/\/agoravape.com\/it\/wp-json\/wp\/v2\/comments?post=16901"}],"version-history":[{"count":0,"href":"https:\/\/agoravape.com\/it\/wp-json\/wp\/v2\/product\/16901\/revisions"}],"wp:featuredmedia":[{"embeddable":true,"href":"https:\/\/agoravape.com\/it\/wp-json\/wp\/v2\/media\/16926"}],"wp:attachment":[{"href":"https:\/\/agoravape.com\/it\/wp-json\/wp\/v2\/media?parent=16901"}],"wp:term":[{"taxonomy":"product_brand","embeddable":true,"href":"https:\/\/agoravape.com\/it\/wp-json\/wp\/v2\/product_brand?post=16901"},{"taxonomy":"product_cat","embeddable":true,"href":"https:\/\/agoravape.com\/it\/wp-json\/wp\/v2\/product_cat?post=16901"},{"taxonomy":"product_tag","embeddable":true,"href":"https:\/\/agoravape.com\/it\/wp-json\/wp\/v2\/product_tag?post=16901"}],"curies":[{"name":"wp","href":"https:\/\/api.w.org\/{rel}","templated":true}]}}