{"id":16942,"date":"2025-10-18T10:26:29","date_gmt":"2025-10-18T02:26:29","guid":{"rendered":"https:\/\/green-grasshopper-921422.hostingersite.com\/?post_type=product&#038;p=16942"},"modified":"2026-03-31T04:20:48","modified_gmt":"2026-03-31T02:20:48","slug":"bangbox-80000-soffi-triplo-sapore-vape","status":"publish","type":"product","link":"https:\/\/agoravape.com\/it\/product\/bangbox-80000-puffs-triple-flavor-vape\/","title":{"rendered":"BANGBOX 80K boccate a triplo sapore e tripla bobina per svapare, grande capacit\u00e0, facile uso quotidiano"},"content":{"rendered":"<h2 data-v-md-heading=\"what-is-the-bangbox-80k-triple-flavored-three-coil-vape-like\" data-v-md-line=\"3\"><img loading=\"lazy\" decoding=\"async\" class=\"aligncenter size-full wp-image-16961\" src=\"https:\/\/agoravape.com\/wp-content\/uploads\/2025\/10\/BANGBOX-80K-Puffs-Triple-Flavor-Triple-Coil-Vape_Agora_vape-6.webp\" alt=\"\" width=\"800\" height=\"1605\" srcset=\"https:\/\/agoravape.com\/wp-content\/uploads\/2025\/10\/BANGBOX-80K-Puffs-Triple-Flavor-Triple-Coil-Vape_Agora_vape-6.webp 800w, https:\/\/agoravape.com\/wp-content\/uploads\/2025\/10\/BANGBOX-80K-Puffs-Triple-Flavor-Triple-Coil-Vape_Agora_vape-6-150x300.webp 150w, https:\/\/agoravape.com\/wp-content\/uploads\/2025\/10\/BANGBOX-80K-Puffs-Triple-Flavor-Triple-Coil-Vape_Agora_vape-6-510x1024.webp 510w, https:\/\/agoravape.com\/wp-content\/uploads\/2025\/10\/BANGBOX-80K-Puffs-Triple-Flavor-Triple-Coil-Vape_Agora_vape-6-768x1541.webp 768w, https:\/\/agoravape.com\/wp-content\/uploads\/2025\/10\/BANGBOX-80K-Puffs-Triple-Flavor-Triple-Coil-Vape_Agora_vape-6-766x1536.webp 766w\" sizes=\"auto, (max-width: 800px) 100vw, 800px\" \/><\/h2>\n<h2 data-v-md-heading=\"what-is-the-bangbox-80k-triple-flavored-three-coil-vape-like\" data-v-md-line=\"3\">Com'\u00e8 il vaporizzatore a tre resistenze BANGBOX 80K con triplo aroma?<\/h2>\n<p data-v-md-line=\"4\">Se sei stanco delle sigarette elettroniche usa e getta che consumano troppo, potresti dare un'occhiata a questo prodotto. Il BANGBOX 80K ha una capacit\u00e0 fino a 80.000 tiri ed \u00e8 dotato di 60 millilitri di liquido ultra capiente, che ti permette di godere facilmente di una batteria a lunga durata. Combina tre aromi in uno, rendendolo perfetto per chi ama mixarli durante il giorno.<\/p>\n<p data-v-md-line=\"6\">Per chi desidera prestazioni affidabili e un sapore intenso senza doversi preoccupare della configurazione, \u00e8 la scelta ideale. Il display chiaro del liquido e del livello della batteria consente di tenere traccia dello stato in qualsiasi momento, senza dover fare supposizioni.<\/p>\n<h2 data-v-md-heading=\"excellent-performance-easy-and-convenient\" data-v-md-line=\"8\">Prestazioni eccellenti, facile e conveniente<\/h2>\n<p data-v-md-line=\"9\">La tecnologia Triple Mesh Coil \u00e8 il cuore di questo dispositivo. Ecco perch\u00e9 il gusto dell'e-liquid rimane costante dal primo all'ultimo sorso. Quando la batteria \u00e8 scarica, \u00e8 possibile ricaricarla tramite l'interfaccia standard Type-C, lo stesso cavo utilizzato dalla maggior parte degli smartphone. \u00c8 molto comodo da usare.<\/p>\n<h2 data-v-md-heading=\"specification-introduction\" data-v-md-line=\"11\">Introduzione alle specifiche<\/h2>\n<ul data-v-md-line=\"12\">\n<li>Frequenza di aspirazione: fino a 80000 volte<\/li>\n<li>Contenuto di nicotina: 0%, 2%, 3%, 5%<\/li>\n<li>Working principle: Activate with just one puff<\/li>\n<li>Charging: Type-C USB interface<\/li>\n<li>Stato: pronto all'uso appena estratto dalla confezione<\/li>\n<li>Display per e-liquid e batteria: spia luminosa integrata nel dispositivo<\/li>\n<li>Capacit\u00e0 del liquido elettronico: 60 millilitri<\/li>\n<li>Nucleo di atomizzazione: nucleo di atomizzazione a tripla maglia, 0,8 ohm<\/li>\n<li>Batteria: 17350 celle, 850 mAh, batteria al cobalto puro, scarica 5A<\/li>\n<li>Dimensioni e peso: 46 \u00d7 46 \u00d7 128 millimetri, 135 grammi<\/li>\n<\/ul>\n<h2 data-v-md-heading=\"full-flavor-series\" data-v-md-line=\"23\">Serie dal sapore pieno<\/h2>\n<p data-v-md-line=\"24\">Ogni gusto pu\u00f2 fornire tre combinazioni di sapori:<\/p>\n<ul data-v-md-line=\"25\">\n<li>Fragola Banana+Lampone Anguria+Amore 666<\/li>\n<li>Frutta tropicale + anguria fragola + pesca limone<\/li>\n<li>Fragola Vaniglia Cola+Mela Acida Lampone+Limone Lime<\/li>\n<li>Doppio gelato all'uva, alla fragola, al mango e al mirtillo, al lampone acido<\/li>\n<li>Gelato all'anguria + gelato alla fragola + triplo melone<\/li>\n<li>Bibita al limone e cola + gomma all'anguria + ghiaccio al drago nero<\/li>\n<li>Ghiaccio ai tre frutti di bosco + mango, pesca e fragola, kiwi<\/li>\n<li>Ghiaccio alla fragola + anguria alla fragola + ananas, mango e pesca<\/li>\n<li>Ananas e cocco + gelato alla fragola + gelato al mirtillo<\/li>\n<li>Ghiaccio al limone, lime, mango, pesca, anguria e mirtillo<\/li>\n<li>Ghiaccio all'anguria + Red Bull + kiwi alla fragola<\/li>\n<li>Kiwi fragola + ananas aspro + Red Bull fragola<\/li>\n<\/ul>\n<h2 data-v-md-heading=\"for-you-and-your-business\" data-v-md-line=\"38\">For you and your business<\/h2>\n<p data-v-md-line=\"39\">Puoi acquistare <a class=\"wpil_keyword_link\" href=\"https:\/\/agoravape.com\/it\/prodotto\/bangbox-50000-soffi-a-doppio-sapore-vape\/\" target=\"_blank\" rel=\"noopener\" title=\"BANGBOX 50K Puffs Dual Flavor Dual Coil Vape Online | Due gusti. Numero elevato di tiri. Ricarica facile.\" data-wpil-keyword-link=\"linked\" data-wpil-monitor-id=\"7166\">BANGBOX<\/a> 80K for personal use or stock up for your store. Wholesale packaging of 10 pieces per box, convenient for retail shelving and online delivery. For more delivery volume, you can choose between small cardboard boxes of 100 pieces per box or large cardboard boxes of 200 pieces per box.<\/p>\n<p data-v-md-line=\"41\">Spediamo tramite partner affidabili come UPS, DPD e DHL in tutta Europa con la formula \"Reso Sdoganato\" (DDP), quindi le tariffe doganali possono essere elaborate in anticipo e non ci saranno imprevisti problemi doganali. Gli ordini possono essere tracciati e consegnati in sicurezza.<\/p>\n<h2 data-v-md-heading=\"why-do-you-like-it\" data-v-md-line=\"43\">Perch\u00e9 ti piace?<\/h2>\n<ul data-v-md-line=\"44\">\n<li>Fumo massiccio: con le cartucce per fumo puoi ridurre il numero di ricariche, risparmiando tempo ed energia.<\/li>\n<li>Selezione del contenuto di nicotina: scegli 0%, 2%, 3% o 5% in base alle tue preferenze.<\/li>\n<li>Ricaricabile: la ricarica di tipo C consente di utilizzare completamente 60 ml di e-liquid senza sprecarlo.<\/li>\n<li>Bobina a rete: design a tripla rete, mantiene un gusto stabile e soddisfacente.<\/li>\n<li>Spie luminose chiare: la batteria e il display del liquido elettronico ti indicheranno quando \u00e8 necessario caricarli o sostituirli.<\/li>\n<li>Tre gusti in uno: goditi pi\u00f9 gusti senza dover portare con te pi\u00f9 dispositivi.<\/li>\n<\/ul>\n<h2 data-v-md-heading=\"why-choose-to-collaborate-with-agoravape\" data-v-md-line=\"51\">Perch\u00e9 scegliere di collaborare con AgoraVape?<\/h2>\n<p data-v-md-line=\"52\">Acquistiamo e vendiamo attrezzature originali al 100% e forniamo un solido supporto tecnico. I clienti commerciali possono usufruire di prezzi all'ingrosso scontati, consegne rapide e sdoganate e un servizio affidabile per le sigarette elettroniche BANGBOX 80K Puffs a tre coil e triplo aroma. Se desiderate acquistare un dispositivo ad alta capacit\u00e0 con un alto tasso di reso, contattateci.<\/p>","protected":false},"excerpt":{"rendered":"<p>&nbsp;<\/p>","protected":false},"featured_media":16960,"comment_status":"open","ping_status":"closed","template":"","meta":[],"product_brand":[231],"product_cat":[124,187,185,189,158,195,174,175,193,191,173,186,180,190,192],"product_tag":[],"class_list":{"0":"post-16942","1":"product","2":"type-product","3":"status-publish","4":"has-post-thumbnail","6":"product_brand-bang-box","7":"product_cat-vape-by-brand","8":"product_cat-0mg-nicotine-free-vapes","9":"product_cat-10000-puffs-high-capacity","10":"product_cat-20mg-standard-nicotine-vapes","11":"product_cat-bang-box","12":"product_cat-dual-flavor-switch","13":"product_cat-fruit-flavors","14":"product_cat-icy-mint","15":"product_cat-mesh-coil","16":"product_cat-rechargeable-disposables","17":"product_cat-vape-by-flavor-profile","18":"product_cat-vape-by-nicotine-strength","19":"product_cat-vape-by-puff-count","20":"product_cat-vape-by-feature-or-type","21":"product_cat-vapes-with-screens","23":"first","24":"instock","25":"shipping-taxable","26":"purchasable","27":"product-type-variable","28":"has-default-attributes"},"tiered_pricing_type":"percentage","tiered_pricing_fixed_rules":[],"tiered_pricing_product_settings":{"layout":"default","base_unit_name":{"singular":null,"plural":null},"default_variation":null},"tiered_pricing_minimum_quantity":10,"tiered_pricing_roles_data":[],"tiered_pricing_percentage_rules":{"30":"29","50":"35","100":"40","200":"44","500":"47","1000":"49"},"tiered_pricing_maximum_quantity":null,"tiered_pricing_quantity_step":"10","_links":{"self":[{"href":"https:\/\/agoravape.com\/it\/wp-json\/wp\/v2\/product\/16942","targetHints":{"allow":["GET"]}}],"collection":[{"href":"https:\/\/agoravape.com\/it\/wp-json\/wp\/v2\/product"}],"about":[{"href":"https:\/\/agoravape.com\/it\/wp-json\/wp\/v2\/types\/product"}],"replies":[{"embeddable":true,"href":"https:\/\/agoravape.com\/it\/wp-json\/wp\/v2\/comments?post=16942"}],"version-history":[{"count":1,"href":"https:\/\/agoravape.com\/it\/wp-json\/wp\/v2\/product\/16942\/revisions"}],"predecessor-version":[{"id":29818,"href":"https:\/\/agoravape.com\/it\/wp-json\/wp\/v2\/product\/16942\/revisions\/29818"}],"wp:featuredmedia":[{"embeddable":true,"href":"https:\/\/agoravape.com\/it\/wp-json\/wp\/v2\/media\/16960"}],"wp:attachment":[{"href":"https:\/\/agoravape.com\/it\/wp-json\/wp\/v2\/media?parent=16942"}],"wp:term":[{"taxonomy":"product_brand","embeddable":true,"href":"https:\/\/agoravape.com\/it\/wp-json\/wp\/v2\/product_brand?post=16942"},{"taxonomy":"product_cat","embeddable":true,"href":"https:\/\/agoravape.com\/it\/wp-json\/wp\/v2\/product_cat?post=16942"},{"taxonomy":"product_tag","embeddable":true,"href":"https:\/\/agoravape.com\/it\/wp-json\/wp\/v2\/product_tag?post=16942"}],"curies":[{"name":"wp","href":"https:\/\/api.w.org\/{rel}","templated":true}]}}