{"id":17022,"date":"2025-10-18T11:08:13","date_gmt":"2025-10-18T03:08:13","guid":{"rendered":"https:\/\/green-grasshopper-921422.hostingersite.com\/?post_type=product&#038;p=17022"},"modified":"2026-03-31T04:20:46","modified_gmt":"2026-03-31T02:20:46","slug":"bangbox-18000-soffi-smart-vape","status":"publish","type":"product","link":"https:\/\/agoravape.com\/it\/product\/bangbox-18000-puffs-smart-vape\/","title":{"rendered":"BANGBOX 18K Puffs Dual Coil Smart Screen Vape | Gusto duraturo con facile ricarica Type-C"},"content":{"rendered":"<h2 data-v-md-heading=\"what-are-the-special-features-of-bangbox-18k-dual-coil-smart-screen-vapes\" data-v-md-line=\"3\"><img loading=\"lazy\" decoding=\"async\" class=\"aligncenter size-full wp-image-17021\" src=\"https:\/\/agoravape.com\/wp-content\/uploads\/2025\/10\/BANGBOX-18K-Puffs-Dual-Coil-Smart-Screen-Vape_Agora_vape-1-scaled.webp\" alt=\"\" width=\"2560\" height=\"1440\" srcset=\"https:\/\/agoravape.com\/wp-content\/uploads\/2025\/10\/BANGBOX-18K-Puffs-Dual-Coil-Smart-Screen-Vape_Agora_vape-1-scaled.webp 2560w, https:\/\/agoravape.com\/wp-content\/uploads\/2025\/10\/BANGBOX-18K-Puffs-Dual-Coil-Smart-Screen-Vape_Agora_vape-1-scaled-1200x675.webp 1200w, https:\/\/agoravape.com\/wp-content\/uploads\/2025\/10\/BANGBOX-18K-Puffs-Dual-Coil-Smart-Screen-Vape_Agora_vape-1-300x169.webp 300w, https:\/\/agoravape.com\/wp-content\/uploads\/2025\/10\/BANGBOX-18K-Puffs-Dual-Coil-Smart-Screen-Vape_Agora_vape-1-1024x576.webp 1024w, https:\/\/agoravape.com\/wp-content\/uploads\/2025\/10\/BANGBOX-18K-Puffs-Dual-Coil-Smart-Screen-Vape_Agora_vape-1-768x432.webp 768w, https:\/\/agoravape.com\/wp-content\/uploads\/2025\/10\/BANGBOX-18K-Puffs-Dual-Coil-Smart-Screen-Vape_Agora_vape-1-1536x864.webp 1536w, https:\/\/agoravape.com\/wp-content\/uploads\/2025\/10\/BANGBOX-18K-Puffs-Dual-Coil-Smart-Screen-Vape_Agora_vape-1-2048x1152.webp 2048w\" sizes=\"auto, (max-width: 2560px) 100vw, 2560px\" \/><\/h2>\n<h2 data-v-md-heading=\"what-are-the-special-features-of-bangbox-18k-dual-coil-smart-screen-vapes\" data-v-md-line=\"3\">Quali sono le caratteristiche speciali delle sigarette elettroniche con schermo intelligente a doppia bobina BANGBOX 18K?<\/h2>\n<p data-v-md-line=\"4\">Se siete stanchi delle sigarette elettroniche usa e getta che si esauriscono presto, questo prodotto merita sicuramente un'occhiata. BANGBOX 18K adotta un design a doppia bobina, con una capacit\u00e0 fino a 18.000 porte, ed \u00e8 dotato di un comodo schermo intelligente che mostra il livello della batteria a colpo d'occhio. Supporta la ricarica Type-C, quindi consumerete tutto l'e-liquid acquistato.<\/p>\n<p data-v-md-line=\"6\">\u00c8 adatto a chiunque voglia godersi facilmente il gusto ricco. Si potrebbe pensare che una sigaretta elettronica con una capacit\u00e0 cos\u00ec grande sia ingombrante, ma \u00e8 sorprendentemente leggera, con un peso di circa 86-90 grammi e dimensioni di 52 x 26 x 123 millimetri. Resistente, facile da usare, progettata per un utilizzo affidabile 24 ore su 24, 7 giorni su 7.<\/p>\n<h2 data-v-md-heading=\"excellent-performance-easy-and-convenient\" data-v-md-line=\"8\">Prestazioni eccellenti, facile e conveniente<\/h2>\n<p data-v-md-line=\"9\">La bobina a rete da 1,0 \u03a9 adotta un design a doppia bobina, rendendo ogni aspirazione deliziosa come la prima. Anche se la batteria \u00e8 scarica, il gusto \u00e8 comunque rinfrescante e delicato. Lo schermo intelligente ti ricorder\u00e0 quando \u00e8 necessario ricaricare e l'interfaccia Type-C ti consente di utilizzare lo stesso cavo dati del tuo telefono per la ricarica. Collegalo all'alimentazione e puoi continuare a usarlo.<\/p>\n<h2 data-v-md-heading=\"specification-overview\" data-v-md-line=\"11\">Panoramica delle specifiche<\/h2>\n<p data-v-md-line=\"12\"><strong>Suction frequency<\/strong>: up to 18000 times<br \/>\n<strong>Nicotine content<\/strong>: 0%, 2%, 3%, 5%<br \/>\n<strong>Principio di funzionamento<\/strong>: Attiva con una sola boccata<br \/>\n<strong>Ricarica<\/strong>: Interfaccia USB standard di tipo C<br \/>\n<strong>Stato<\/strong>: Pronto all'uso appena tolto dalla scatola<\/p>\n<h2 data-v-md-heading=\"full-range-of-flavors\" data-v-md-line=\"18\">Full range of flavors<\/h2>\n<ul data-v-md-line=\"19\">\n<li>Sangue di tigre (Red Bull + bacche varie)<\/li>\n<li>Blueberry smoothie<\/li>\n<li>Kiwi alla fragola<\/li>\n<li>Doppie mele (mele verdi + mele rosse)<\/li>\n<li>Succo di pesca<\/li>\n<li>Strawberry watermelon<\/li>\n<li>Gelato al mirtillo e lampone acido<\/li>\n<li>Raspberry watermelon<\/li>\n<li>Gelato ai tre frutti di bosco (mirtilli, fragole, lampone)<\/li>\n<li>Watermelon smoothie<\/li>\n<li>Fragola Mango<\/li>\n<li>Mango, Pesca, Anguria<\/li>\n<\/ul>\n<h2 data-v-md-heading=\"to-create-for-you-and-your-business\" data-v-md-line=\"32\">Per creare per te e per la tua attivit\u00e0<\/h2>\n<p data-v-md-line=\"33\">Potete acquistare BANGBOX 18K per uso personale o come scorta per il vostro negozio. Confezioni all'ingrosso da 10 pezzi per scatola, con l'opzione di 100 o 200 pezzi in scatole di cartone. Spediamo in tutta Europa attraverso partner di fiducia come UPS, DPD e DHL su base Delivered Duty Paid (DDP), garantendo l'assenza di incidenti imprevisti alla dogana.<\/p>\n<h2 data-v-md-heading=\"why-do-you-like-it\" data-v-md-line=\"35\">Perch\u00e9 ti piace?<\/h2>\n<p data-v-md-line=\"36\"><strong>Fumo pesante<\/strong>: Durevoli e duraturi, non c'\u00e8 bisogno di acquistare frequentemente nuove sigarette.<br \/>\n<strong>Selezione della nicotina<\/strong>: Scegli la concentrazione di nicotina pi\u00f9 adatta alle tue abitudini quotidiane.<br \/>\n<strong>Ricaricabile<\/strong>: L'e-liquid da 26 ml pu\u00f2 essere riutilizzato senza sprechi.<br \/>\n<strong>Bobina a maglie<\/strong>: Gusto costante, aspirazione fluida ogni volta.<\/p>\n<h2 data-v-md-heading=\"why-collaborate-with-agoravape\" data-v-md-line=\"41\">Perch\u00e9 collaborare con AgoraVape?<\/h2>\n<p data-v-md-line=\"42\">Vendiamo solo prodotti originali al 100% e ne siamo responsabili. Per gli acquirenti commerciali, questo significa che le sigarette elettroniche BANGBOX 18K a doppia bobina con schermo intelligente offrono prezzi all'ingrosso altamente competitivi, un supporto affidabile e un trasporto rapido e affidabile. Contattateci per prenotare i vostri clienti che apprezzeranno davvero la vostra attrezzatura.<\/p>","protected":false},"excerpt":{"rendered":"<p>&nbsp;<\/p>","protected":false},"featured_media":17046,"comment_status":"open","ping_status":"closed","template":"","meta":[],"product_brand":[231],"product_cat":[124,187,185,189,158,174,175,193,191,173,186,180,190,192],"product_tag":[],"class_list":{"0":"post-17022","1":"product","2":"type-product","3":"status-publish","4":"has-post-thumbnail","6":"product_brand-bang-box","7":"product_cat-vape-by-brand","8":"product_cat-0mg-nicotine-free-vapes","9":"product_cat-10000-puffs-high-capacity","10":"product_cat-20mg-standard-nicotine-vapes","11":"product_cat-bang-box","12":"product_cat-fruit-flavors","13":"product_cat-icy-mint","14":"product_cat-mesh-coil","15":"product_cat-rechargeable-disposables","16":"product_cat-vape-by-flavor-profile","17":"product_cat-vape-by-nicotine-strength","18":"product_cat-vape-by-puff-count","19":"product_cat-vape-by-feature-or-type","20":"product_cat-vapes-with-screens","22":"first","23":"onbackorder","24":"shipping-taxable","25":"purchasable","26":"product-type-variable","27":"has-default-attributes"},"tiered_pricing_type":"percentage","tiered_pricing_fixed_rules":[],"tiered_pricing_product_settings":{"layout":"default","base_unit_name":{"singular":null,"plural":null},"default_variation":null},"tiered_pricing_minimum_quantity":10,"tiered_pricing_roles_data":[],"tiered_pricing_percentage_rules":{"30":"29","50":"35","100":"40","200":"44","500":"47","1000":"49"},"tiered_pricing_maximum_quantity":null,"tiered_pricing_quantity_step":"10","_links":{"self":[{"href":"https:\/\/agoravape.com\/it\/wp-json\/wp\/v2\/product\/17022","targetHints":{"allow":["GET"]}}],"collection":[{"href":"https:\/\/agoravape.com\/it\/wp-json\/wp\/v2\/product"}],"about":[{"href":"https:\/\/agoravape.com\/it\/wp-json\/wp\/v2\/types\/product"}],"replies":[{"embeddable":true,"href":"https:\/\/agoravape.com\/it\/wp-json\/wp\/v2\/comments?post=17022"}],"version-history":[{"count":1,"href":"https:\/\/agoravape.com\/it\/wp-json\/wp\/v2\/product\/17022\/revisions"}],"predecessor-version":[{"id":29816,"href":"https:\/\/agoravape.com\/it\/wp-json\/wp\/v2\/product\/17022\/revisions\/29816"}],"wp:featuredmedia":[{"embeddable":true,"href":"https:\/\/agoravape.com\/it\/wp-json\/wp\/v2\/media\/17046"}],"wp:attachment":[{"href":"https:\/\/agoravape.com\/it\/wp-json\/wp\/v2\/media?parent=17022"}],"wp:term":[{"taxonomy":"product_brand","embeddable":true,"href":"https:\/\/agoravape.com\/it\/wp-json\/wp\/v2\/product_brand?post=17022"},{"taxonomy":"product_cat","embeddable":true,"href":"https:\/\/agoravape.com\/it\/wp-json\/wp\/v2\/product_cat?post=17022"},{"taxonomy":"product_tag","embeddable":true,"href":"https:\/\/agoravape.com\/it\/wp-json\/wp\/v2\/product_tag?post=17022"}],"curies":[{"name":"wp","href":"https:\/\/api.w.org\/{rel}","templated":true}]}}