{"id":17079,"date":"2025-10-18T11:37:35","date_gmt":"2025-10-18T03:37:35","guid":{"rendered":"https:\/\/green-grasshopper-921422.hostingersite.com\/?post_type=product&#038;p=17079"},"modified":"2026-03-31T04:20:45","modified_gmt":"2026-03-31T02:20:45","slug":"bangbox-30000-boccate-di-vapore-a-singolo-aroma","status":"publish","type":"product","link":"https:\/\/agoravape.com\/it\/product\/bangbox-30000-puffs-single-flavor-vape\/","title":{"rendered":"BANGBOX 30K Puffs Single Flavor Dual Coil Vape | Capacit\u00e0 enorme, svapo quotidiano facile"},"content":{"rendered":"<h2 data-v-md-heading=\"what-are-the-special-features-of-bangbox-30k-single-flavor-dual-coil-vape\" data-v-md-line=\"3\"><img loading=\"lazy\" decoding=\"async\" class=\"aligncenter size-full wp-image-17078\" src=\"https:\/\/agoravape.com\/wp-content\/uploads\/2025\/10\/BANGBOX-30K-Puffs-Single-Flavor-Dual-Coil-Vape_Agora_vape-1-scaled.webp\" alt=\"\" width=\"2560\" height=\"1440\" srcset=\"https:\/\/agoravape.com\/wp-content\/uploads\/2025\/10\/BANGBOX-30K-Puffs-Single-Flavor-Dual-Coil-Vape_Agora_vape-1-scaled.webp 2560w, https:\/\/agoravape.com\/wp-content\/uploads\/2025\/10\/BANGBOX-30K-Puffs-Single-Flavor-Dual-Coil-Vape_Agora_vape-1-scaled-1200x675.webp 1200w, https:\/\/agoravape.com\/wp-content\/uploads\/2025\/10\/BANGBOX-30K-Puffs-Single-Flavor-Dual-Coil-Vape_Agora_vape-1-300x169.webp 300w, https:\/\/agoravape.com\/wp-content\/uploads\/2025\/10\/BANGBOX-30K-Puffs-Single-Flavor-Dual-Coil-Vape_Agora_vape-1-1024x576.webp 1024w, https:\/\/agoravape.com\/wp-content\/uploads\/2025\/10\/BANGBOX-30K-Puffs-Single-Flavor-Dual-Coil-Vape_Agora_vape-1-768x432.webp 768w, https:\/\/agoravape.com\/wp-content\/uploads\/2025\/10\/BANGBOX-30K-Puffs-Single-Flavor-Dual-Coil-Vape_Agora_vape-1-1536x864.webp 1536w, https:\/\/agoravape.com\/wp-content\/uploads\/2025\/10\/BANGBOX-30K-Puffs-Single-Flavor-Dual-Coil-Vape_Agora_vape-1-2048x1152.webp 2048w\" sizes=\"auto, (max-width: 2560px) 100vw, 2560px\" \/><\/h2>\n<h2 data-v-md-heading=\"what-are-the-special-features-of-bangbox-30k-single-flavor-dual-coil-vape\" data-v-md-line=\"3\">Quali sono le caratteristiche speciali del vaporizzatore monouso a doppia bobina BANGBOX 30K?<\/h2>\n<p data-v-md-line=\"4\">Se sei stanco di cambiare vaporizzatore ogni pochi giorni, questo prodotto ti aiuter\u00e0 a liberarti dalle tue preoccupazioni. BANGBOX 30K ha una capacit\u00e0 fino a 30.000 tiri, offrendo un'esperienza di aspirazione fluida e costante, mantenendo un gusto ricco.<\/p>\n<p data-v-md-line=\"6\">\u00c8 adatto a chiunque desideri una praticit\u00e0 duratura senza la necessit\u00e0 di menu o operazioni complesse. Ogni dispositivo offre un singolo aroma, permettendoti di sapere chiaramente cosa desideri. Inoltre, \u00e8 dotato di comode batterie e indicatori di liquido, cos\u00ec non dovrai pi\u00f9 preoccuparti di indovinare.<\/p>\n<h2 data-v-md-heading=\"excellent-performance-without-any-doubts\" data-v-md-line=\"8\">Ottima prestazione senza alcun dubbio<\/h2>\n<p data-v-md-line=\"9\">Il cuore di BANGBOX 30K \u00e8 costituito da una bobina a doppia maglia. Questo rende ogni aspirazione pulita ed efficiente, senza indebolirsi gradualmente dopo uno o due giorni. Quando la batteria \u00e8 scarica, \u00e8 possibile caricarla tramite l'interfaccia Type-C e il cavo di ricarica pu\u00f2 essere lo stesso del telefono. Molto conveniente. I livelli della batteria e dell'e-liquid sono chiari a colpo d'occhio, permettendovi di stare tranquilli e senza preoccupazioni.<\/p>\n<h2 data-v-md-heading=\"specification-introduction\" data-v-md-line=\"11\">Introduzione alle specifiche<\/h2>\n<ul data-v-md-line=\"12\">\n<li>Suction frequency: up to 30000 times<\/li>\n<li>Contenuto di nicotina: 0%, 2%, 3%, 5% facoltativo<\/li>\n<li>Nucleo di atomizzazione: nucleo di atomizzazione a doppia maglia (0,4 \u03a9), con nucleo di atomizzazione singolo in modalit\u00e0 0,8 \u03a9. Fare riferimento alle specifiche per i dettagli.<\/li>\n<li>E-liquid: 35 millilitri per unit\u00e0<\/li>\n<li>Batteria: 850 mAh (17350 celle, scarica 5A)<\/li>\n<li>Charging: Type-C USB interface<\/li>\n<li>Spia luminosa: visualizzazione del livello di e-liquid e della batteria<\/li>\n<li>Dimensioni e peso: circa 115 \u00d7 60 \u00d7 33 millimetri, 100 grammi<\/li>\n<li>Stato: pronto all'uso appena estratto dalla confezione<\/li>\n<\/ul>\n<p data-v-md-line=\"22\">Con cos\u00ec tante boccate di vapore, il volume elevato pu\u00f2 essere scoraggiante, ma le dimensioni di questo vaporizzatore sono di soli 115 \u00d7 60 \u00d7 33 millimetri, il che lo rende comodo da trasportare.<\/p>\n<h2 data-v-md-heading=\"full-range-of-flavors\" data-v-md-line=\"24\">Full range of flavors<\/h2>\n<ul data-v-md-line=\"25\">\n<li>Kiwi alla fragola<\/li>\n<li>Black Gallon Burst (Black Gallon+Pudding)<\/li>\n<li>Strawberry watermelon<\/li>\n<li>Succo della giungla<\/li>\n<li>Ghiaccio ai mirtilli e frutti di bosco acidi<\/li>\n<li>Ghiaccio all'anguria<\/li>\n<li>Pista di ghiaccio blu<\/li>\n<li>Mirtilli e melograni<\/li>\n<li>Blue Burst (Mirtilli + Gomma da masticare)<\/li>\n<li>Mela pesca<\/li>\n<li>frutto della passione<\/li>\n<li>Doppia uva<\/li>\n<\/ul>\n<h2 data-v-md-heading=\"for-you-and-your-business\" data-v-md-line=\"38\">For you and your business<\/h2>\n<p data-v-md-line=\"39\">Vuoi acquistarlo da solo? Seleziona l'aroma e la concentrazione di nicotina per iniziare a usarlo. Vuoi fare scorta nei negozi fisici o online? Offriamo comode opzioni all'ingrosso e confezioni al dettaglio.<\/p>\n<ul data-v-md-line=\"41\">\n<li>Confezione: 10 pezzi per scatola<\/li>\n<li>Numero di scatole di cartone: 100 scatole piccole o 200 scatole grandi<\/li>\n<\/ul>\n<p data-v-md-line=\"44\">Forniamo servizi di consegna DDP in tutta Europa tramite partner fidati come UPS, DPD e DHL, garantendo prezzi chiari ed evitando sorprese doganali.<\/p>\n<h2 data-v-md-heading=\"why-do-you-like-it\" data-v-md-line=\"46\">Perch\u00e9 ti piace?<\/h2>\n<ul data-v-md-line=\"47\">\n<li>Aspirazione massiccia: fino a 30.000 spruzzi, il che significa meno sostituzioni e un valore del singolo dispositivo pi\u00f9 elevato.<\/li>\n<li>Selezione della concentrazione di nicotina: sono disponibili quattro concentrazioni e puoi scegliere quella pi\u00f9 adatta a te.<\/li>\n<li>Ricaricabile: la ricarica di tipo C ti aiuta a utilizzare ogni goccia di e-liquid.<\/li>\n<li>Bobine a doppia maglia: garantiscono un gusto stabile, dal primo all'ultimo morso, regalando un'esperienza soddisfacente.<\/li>\n<li>Spia luminosa intelligente: le spie luminose della batteria e del liquido per sigaretta elettronica ti tengono informato sulla situazione in qualsiasi momento.<\/li>\n<\/ul>\n<h2 data-v-md-heading=\"why-choose-to-collaborate-with-agoravape\" data-v-md-line=\"53\">Perch\u00e9 scegliere di collaborare con AgoraVape?<\/h2>\n<p data-v-md-line=\"54\">Vendiamo solo prodotti originali al 100% e non abbiamo dubbi al riguardo. I nostri clienti B2B possono usufruire di prezzi all'ingrosso scontati, assistenza rapida e servizi di consegna DDP affidabili per le sigarette elettroniche monouso a doppia bobina BANGBOX 30K. Vuoi acquistarle? Contattaci e ti assisteremo rapidamente con la spedizione.<\/p>","protected":false},"excerpt":{"rendered":"<p>Quali sono le caratteristiche speciali di BANGBOX 30K single flavor dual coil vape? Se siete stanchi di cambiare il vostro vape<\/p>","protected":false},"featured_media":17103,"comment_status":"open","ping_status":"closed","template":"","meta":[],"product_brand":[231],"product_cat":[124,187,185,189,1637,158,174,175,193,191,173,186,180,190,192],"product_tag":[],"class_list":{"0":"post-17079","1":"product","2":"type-product","3":"status-publish","4":"has-post-thumbnail","6":"product_brand-bang-box","7":"product_cat-vape-by-brand","8":"product_cat-0mg-nicotine-free-vapes","9":"product_cat-10000-puffs-high-capacity","10":"product_cat-20mg-standard-nicotine-vapes","11":"product_cat-30000-puffs","12":"product_cat-bang-box","13":"product_cat-fruit-flavors","14":"product_cat-icy-mint","15":"product_cat-mesh-coil","16":"product_cat-rechargeable-disposables","17":"product_cat-vape-by-flavor-profile","18":"product_cat-vape-by-nicotine-strength","19":"product_cat-vape-by-puff-count","20":"product_cat-vape-by-feature-or-type","21":"product_cat-vapes-with-screens","23":"first","24":"onbackorder","25":"shipping-taxable","26":"purchasable","27":"product-type-variable","28":"has-default-attributes"},"tiered_pricing_type":"percentage","tiered_pricing_fixed_rules":[],"tiered_pricing_product_settings":{"layout":"default","base_unit_name":{"singular":null,"plural":null},"default_variation":null},"tiered_pricing_minimum_quantity":10,"tiered_pricing_roles_data":[],"tiered_pricing_percentage_rules":{"30":"29","50":"35","100":"40","200":"44","500":"47","1000":"49"},"tiered_pricing_maximum_quantity":null,"tiered_pricing_quantity_step":"10","_links":{"self":[{"href":"https:\/\/agoravape.com\/it\/wp-json\/wp\/v2\/product\/17079","targetHints":{"allow":["GET"]}}],"collection":[{"href":"https:\/\/agoravape.com\/it\/wp-json\/wp\/v2\/product"}],"about":[{"href":"https:\/\/agoravape.com\/it\/wp-json\/wp\/v2\/types\/product"}],"replies":[{"embeddable":true,"href":"https:\/\/agoravape.com\/it\/wp-json\/wp\/v2\/comments?post=17079"}],"version-history":[{"count":1,"href":"https:\/\/agoravape.com\/it\/wp-json\/wp\/v2\/product\/17079\/revisions"}],"predecessor-version":[{"id":29814,"href":"https:\/\/agoravape.com\/it\/wp-json\/wp\/v2\/product\/17079\/revisions\/29814"}],"wp:featuredmedia":[{"embeddable":true,"href":"https:\/\/agoravape.com\/it\/wp-json\/wp\/v2\/media\/17103"}],"wp:attachment":[{"href":"https:\/\/agoravape.com\/it\/wp-json\/wp\/v2\/media?parent=17079"}],"wp:term":[{"taxonomy":"product_brand","embeddable":true,"href":"https:\/\/agoravape.com\/it\/wp-json\/wp\/v2\/product_brand?post=17079"},{"taxonomy":"product_cat","embeddable":true,"href":"https:\/\/agoravape.com\/it\/wp-json\/wp\/v2\/product_cat?post=17079"},{"taxonomy":"product_tag","embeddable":true,"href":"https:\/\/agoravape.com\/it\/wp-json\/wp\/v2\/product_tag?post=17079"}],"curies":[{"name":"wp","href":"https:\/\/api.w.org\/{rel}","templated":true}]}}