{"id":17105,"date":"2025-10-18T12:02:44","date_gmt":"2025-10-18T04:02:44","guid":{"rendered":"https:\/\/green-grasshopper-921422.hostingersite.com\/?post_type=product&#038;p=17105"},"modified":"2026-03-31T04:20:44","modified_gmt":"2026-03-31T02:20:44","slug":"bangbox-30000-soffi-a-doppio-sapore-vape","status":"publish","type":"product","link":"https:\/\/agoravape.com\/it\/product\/bangbox-30000-puffs-dual-flavor-vape\/","title":{"rendered":"BANGBOX 30K Puffs Dual Flavor Schermo commutabile Vape | Due gusti alla spina, costruito per durare"},"content":{"rendered":"<h2 data-v-md-heading=\"what-is-special-about-bangbox-30k-dual-flavor-switchable-screen-vape\" data-v-md-line=\"3\"><img loading=\"lazy\" decoding=\"async\" class=\"aligncenter size-full wp-image-17119\" src=\"https:\/\/agoravape.com\/wp-content\/uploads\/2025\/10\/BANGBOX-30K-Puffs-Dual-Flavor-Switchable-Screen-Vape_Agora_vape-1-scaled.webp\" alt=\"\" width=\"2560\" height=\"1440\" srcset=\"https:\/\/agoravape.com\/wp-content\/uploads\/2025\/10\/BANGBOX-30K-Puffs-Dual-Flavor-Switchable-Screen-Vape_Agora_vape-1-scaled.webp 2560w, https:\/\/agoravape.com\/wp-content\/uploads\/2025\/10\/BANGBOX-30K-Puffs-Dual-Flavor-Switchable-Screen-Vape_Agora_vape-1-scaled-1200x675.webp 1200w, https:\/\/agoravape.com\/wp-content\/uploads\/2025\/10\/BANGBOX-30K-Puffs-Dual-Flavor-Switchable-Screen-Vape_Agora_vape-1-300x169.webp 300w, https:\/\/agoravape.com\/wp-content\/uploads\/2025\/10\/BANGBOX-30K-Puffs-Dual-Flavor-Switchable-Screen-Vape_Agora_vape-1-1024x576.webp 1024w, https:\/\/agoravape.com\/wp-content\/uploads\/2025\/10\/BANGBOX-30K-Puffs-Dual-Flavor-Switchable-Screen-Vape_Agora_vape-1-768x432.webp 768w, https:\/\/agoravape.com\/wp-content\/uploads\/2025\/10\/BANGBOX-30K-Puffs-Dual-Flavor-Switchable-Screen-Vape_Agora_vape-1-1536x864.webp 1536w, https:\/\/agoravape.com\/wp-content\/uploads\/2025\/10\/BANGBOX-30K-Puffs-Dual-Flavor-Switchable-Screen-Vape_Agora_vape-1-2048x1152.webp 2048w\" sizes=\"auto, (max-width: 2560px) 100vw, 2560px\" \/><\/h2>\n<h2 data-v-md-heading=\"what-is-special-about-bangbox-30k-dual-flavor-switchable-screen-vape\" data-v-md-line=\"3\">Cosa ha di speciale il vaporizzatore con schermo commutabile a doppio aroma BANGBOX 30K?<\/h2>\n<p data-v-md-line=\"4\">Se sei stanco di cambiare spesso dispositivo in base al gusto, questo prodotto ti render\u00e0 sicuramente felice. BANGBOX ti permette di portare due gusti in un unico dispositivo e di cambiare schermo sempre e ovunque. Senza sforzo, senza bisogno di cercare nelle tasche.<\/p>\n<p data-v-md-line=\"6\">Se cerchi una batteria a lunga durata e una maneggevolezza ottimale, questo prodotto \u00e8 la scelta ideale. Il corpo compatto offre fino a 30.000 aspirazioni ed \u00e8 dotato di un display chiaro che mostra il livello della batteria e lo stato del liquido. Scegli la concentrazione di nicotina che preferisci. Scegli tra diversi aromi. Inizia la giornata.<\/p>\n<h2 data-v-md-heading=\"excellent-performance-easy-and-convenient\" data-v-md-line=\"8\">Prestazioni eccellenti, facile e conveniente<\/h2>\n<p data-v-md-line=\"9\">La resistenza mesh da 0,8 \u03a9 integrata garantisce un gusto rinfrescante dal primo all'ultimo boccone. La resistenza mesh si riscalda in modo uniforme, mantenendo i tuoi gusti preferiti morbidi e intensi. Quando la batteria \u00e8 scarica, puoi ricaricarla semplicemente utilizzando il cavo dati Type-C, che potrebbe essere lo stesso che usi per il tuo telefono. \u00c8 semplice.<\/p>\n<h2 data-v-md-heading=\"specification-introduction\" data-v-md-line=\"11\">Introduzione alle specifiche<\/h2>\n<ul data-v-md-line=\"12\">\n<li>Suction frequency: up to 30000 times<\/li>\n<li>Contenuto di nicotina: 0%, 2%, 3%, 5%<\/li>\n<li>Working principle: Activate with just one puff<\/li>\n<li>Charging: Standard Type-C USB interface<\/li>\n<li>Stato: pronto all'uso dopo l'unboxing<\/li>\n<\/ul>\n<h2 data-v-md-heading=\"full-range-of-flavors\" data-v-md-line=\"18\">Full range of flavors<\/h2>\n<ul data-v-md-line=\"19\">\n<li>Frullato di anguria abbinato a kiwi e fragole<\/li>\n<li>Anguria alla fragola abbinata a kiwi alla fragola<\/li>\n<li>Frullato di mirtilli con succo di pesca<\/li>\n<li>Kiwi, frutto della passione e guava abbinati a frullato di mirtilli<\/li>\n<li>Gelato al mirtillo e lampone con frutta mista<\/li>\n<li>Frullato di tre frutti di bosco con fragola e mango<\/li>\n<li>Gomma da masticare all'anguria con anguria alla fragola<\/li>\n<li>Frullato di mirtilli abbinato a frullato di anguria<\/li>\n<li>Anguria alla fragola abbinata a kiwi, frutto della passione, guava<\/li>\n<li>Sabbia di ghiaccio del drago nero con mango, pesca e anguria<\/li>\n<li>Frullato di mirtilli abbinato a doppia uva<\/li>\n<li>Frullato di mirtilli abbinato a fragole e mango<\/li>\n<\/ul>\n<h2 data-v-md-heading=\"for-you-and-your-business\" data-v-md-line=\"32\">For you and your business<\/h2>\n<p data-v-md-line=\"33\">L'acquisto per se stessi \u00e8 molto semplice. Scegliete la combinazione di aromi e il contenuto di nicotina che preferite e godetevi una batteria di lunga durata. Se siete rivenditori, potete acquistare BANGBOX al prezzo all'ingrosso di 10 pezzi per scatola. Offriamo anche scatole di cartone piccole per 100 unit\u00e0 e grandi per 160 unit\u00e0, rendendo pi\u00f9 facile la pianificazione dello spazio sugli scaffali.<\/p>\n<p data-v-md-line=\"35\">Spediamo i vostri ordini tramite UPS, DPD e DHL in tutta Europa con spedizione DDP prepagata per garantire una consegna rapida ed evitare problemi doganali. Se avete bisogno di supporto nella scelta dei gusti o per dettagli sulla conformit\u00e0, il nostro team \u00e8 sempre a vostra disposizione.<\/p>\n<h2 data-v-md-heading=\"why-do-you-like-it\" data-v-md-line=\"37\">Perch\u00e9 ti piace?<\/h2>\n<ul data-v-md-line=\"38\">\n<li>Aspirazione eccessiva: meno sostituzioni, risparmio di denaro e fatica<\/li>\n<li>Doppio cambio di gusto: cambia gusto in qualsiasi momento per soddisfare le tue esigenze<\/li>\n<li>Selezione del contenuto di nicotina: 0%, 2%, 3% o 5% di nicotina per soddisfare le tue preferenze<\/li>\n<li>Ricaricabile: la ricarica di tipo C consente di utilizzare tutti gli e-liquidi acquistati<\/li>\n<li>Bobina a rete: gusto costante, pulito e croccante, soddisfacente<\/li>\n<li>Schermo trasparente: le spie luminose della batteria e dell'e-liquid ti tengono sempre informato<\/li>\n<\/ul>\n<h2 data-v-md-heading=\"why-collaborate-with-agoravape\" data-v-md-line=\"45\">Perch\u00e9 collaborare con AgoraVape?<\/h2>\n<p data-v-md-line=\"46\">Vendiamo solo prodotti originali al 100% e non abbiamo dubbi al riguardo. Per i clienti commerciali, questo significa che le sigarette elettroniche BANGBOX 30K con filtro intercambiabile e doppio aroma offrono prezzi all'ingrosso scontati, un servizio post-vendita rapido e una consegna rapida con consegna a domicilio. Contattateci per fare scorta per i vostri clienti e farli innamorare e tornare a trovarci.<\/p>\n<p data-v-md-line=\"48\">Avviso per i curiosi:<\/p>\n<ul data-v-md-line=\"49\">\n<li>Batteria: ossido di litio-cobalto da 850 mAh, scarica 5A<\/li>\n<li>E-liquid: capacit\u00e0 totale 35 millilitri<\/li>\n<li>Dimensioni e peso: 115 \u00d7 68 \u00d7 33 millimetri, 129 grammi<\/li>\n<li>Schermo: visualizza i livelli della batteria e dell'e-liquid, consentendoti di pianificare facilmente la ricarica e il cambio di gusto<\/li>\n<\/ul>","protected":false},"excerpt":{"rendered":"<p>Cos'ha di speciale BANGBOX 30K dual flavor switchable screen vape? Se siete stanchi di cambiare spesso dispositivo per<\/p>","protected":false},"featured_media":17131,"comment_status":"open","ping_status":"closed","template":"","meta":[],"product_brand":[231],"product_cat":[124,187,185,189,1637,158,195,174,175,193,191,173,186,180,190,192],"product_tag":[],"class_list":{"0":"post-17105","1":"product","2":"type-product","3":"status-publish","4":"has-post-thumbnail","6":"product_brand-bang-box","7":"product_cat-vape-by-brand","8":"product_cat-0mg-nicotine-free-vapes","9":"product_cat-10000-puffs-high-capacity","10":"product_cat-20mg-standard-nicotine-vapes","11":"product_cat-30000-puffs","12":"product_cat-bang-box","13":"product_cat-dual-flavor-switch","14":"product_cat-fruit-flavors","15":"product_cat-icy-mint","16":"product_cat-mesh-coil","17":"product_cat-rechargeable-disposables","18":"product_cat-vape-by-flavor-profile","19":"product_cat-vape-by-nicotine-strength","20":"product_cat-vape-by-puff-count","21":"product_cat-vape-by-feature-or-type","22":"product_cat-vapes-with-screens","24":"first","25":"onbackorder","26":"shipping-taxable","27":"purchasable","28":"product-type-variable","29":"has-default-attributes"},"tiered_pricing_type":"percentage","tiered_pricing_fixed_rules":[],"tiered_pricing_product_settings":{"layout":"default","base_unit_name":{"singular":null,"plural":null},"default_variation":null},"tiered_pricing_minimum_quantity":10,"tiered_pricing_roles_data":[],"tiered_pricing_percentage_rules":{"30":"29","50":"35","100":"40","200":"44","500":"47","1000":"49"},"tiered_pricing_maximum_quantity":null,"tiered_pricing_quantity_step":"10","_links":{"self":[{"href":"https:\/\/agoravape.com\/it\/wp-json\/wp\/v2\/product\/17105","targetHints":{"allow":["GET"]}}],"collection":[{"href":"https:\/\/agoravape.com\/it\/wp-json\/wp\/v2\/product"}],"about":[{"href":"https:\/\/agoravape.com\/it\/wp-json\/wp\/v2\/types\/product"}],"replies":[{"embeddable":true,"href":"https:\/\/agoravape.com\/it\/wp-json\/wp\/v2\/comments?post=17105"}],"version-history":[{"count":1,"href":"https:\/\/agoravape.com\/it\/wp-json\/wp\/v2\/product\/17105\/revisions"}],"predecessor-version":[{"id":29813,"href":"https:\/\/agoravape.com\/it\/wp-json\/wp\/v2\/product\/17105\/revisions\/29813"}],"wp:featuredmedia":[{"embeddable":true,"href":"https:\/\/agoravape.com\/it\/wp-json\/wp\/v2\/media\/17131"}],"wp:attachment":[{"href":"https:\/\/agoravape.com\/it\/wp-json\/wp\/v2\/media?parent=17105"}],"wp:term":[{"taxonomy":"product_brand","embeddable":true,"href":"https:\/\/agoravape.com\/it\/wp-json\/wp\/v2\/product_brand?post=17105"},{"taxonomy":"product_cat","embeddable":true,"href":"https:\/\/agoravape.com\/it\/wp-json\/wp\/v2\/product_cat?post=17105"},{"taxonomy":"product_tag","embeddable":true,"href":"https:\/\/agoravape.com\/it\/wp-json\/wp\/v2\/product_tag?post=17105"}],"curies":[{"name":"wp","href":"https:\/\/api.w.org\/{rel}","templated":true}]}}