{"id":17136,"date":"2025-10-18T12:30:30","date_gmt":"2025-10-18T04:30:30","guid":{"rendered":"https:\/\/green-grasshopper-921422.hostingersite.com\/?post_type=product&#038;p=17136"},"modified":"2026-03-31T01:41:40","modified_gmt":"2026-03-30T23:41:40","slug":"bangbox-35000-soffi-vape","status":"publish","type":"product","link":"https:\/\/agoravape.com\/it\/product\/bangbox-35000-puffs-vape\/","title":{"rendered":"BANGBOX 35K Puffs - Sigaretta elettronica usa e getta con potenza regolabile | Grande capacit\u00e0, controllo semplice"},"content":{"rendered":"<h2 data-v-md-heading=\"what-is-special-about-bangbox-35k-disposable-vape-with-adjustable-power\" data-v-md-line=\"3\"><img loading=\"lazy\" decoding=\"async\" class=\"aligncenter size-full wp-image-17133\" src=\"https:\/\/agoravape.com\/wp-content\/uploads\/2025\/10\/BANGBOX-35K-Puffs-Adjustable-Power-Disposable-Vape_Agora_vape-1-scaled.webp\" alt=\"\" width=\"2560\" height=\"1805\" srcset=\"https:\/\/agoravape.com\/wp-content\/uploads\/2025\/10\/BANGBOX-35K-Puffs-Adjustable-Power-Disposable-Vape_Agora_vape-1-scaled.webp 2560w, https:\/\/agoravape.com\/wp-content\/uploads\/2025\/10\/BANGBOX-35K-Puffs-Adjustable-Power-Disposable-Vape_Agora_vape-1-scaled-1200x846.webp 1200w, https:\/\/agoravape.com\/wp-content\/uploads\/2025\/10\/BANGBOX-35K-Puffs-Adjustable-Power-Disposable-Vape_Agora_vape-1-300x212.webp 300w, https:\/\/agoravape.com\/wp-content\/uploads\/2025\/10\/BANGBOX-35K-Puffs-Adjustable-Power-Disposable-Vape_Agora_vape-1-1024x722.webp 1024w, https:\/\/agoravape.com\/wp-content\/uploads\/2025\/10\/BANGBOX-35K-Puffs-Adjustable-Power-Disposable-Vape_Agora_vape-1-768x542.webp 768w, https:\/\/agoravape.com\/wp-content\/uploads\/2025\/10\/BANGBOX-35K-Puffs-Adjustable-Power-Disposable-Vape_Agora_vape-1-1536x1083.webp 1536w, https:\/\/agoravape.com\/wp-content\/uploads\/2025\/10\/BANGBOX-35K-Puffs-Adjustable-Power-Disposable-Vape_Agora_vape-1-2048x1444.webp 2048w\" sizes=\"auto, (max-width: 2560px) 100vw, 2560px\" \/><\/h2>\n<h2 data-v-md-heading=\"what-is-special-about-bangbox-35k-disposable-vape-with-adjustable-power\" data-v-md-line=\"3\">Cosa ha di speciale la sigaretta elettronica usa e getta BANGBOX 35K con potenza regolabile?<\/h2>\n<p data-v-md-line=\"4\">Se sei stanco delle sigarette elettroniche usa e getta che consumano troppa energia, questo prodotto merita sicuramente un'occhiata. La sigaretta elettronica usa e getta BANGBOX 35K a potenza regolabile pu\u00f2 erogare fino a 35.000 tiri ed \u00e8 dotata di una potenza regolabile, che ti consente di regolare i tiri in base al tuo umore.<\/p>\n<p data-v-md-line=\"6\">Per gli utenti che desiderano uno svapo affidabile, delizioso e pratico, \u00e8 la scelta ideale. Il display chiaro della batteria e del liquido permette di sapere sempre quando \u00e8 necessario ricaricare o quando la batteria \u00e8 scarica. Con una capacit\u00e0 cos\u00ec grande, potresti pensare che sia ingombrante, ma pu\u00f2 stare facilmente in una tasca della giacca.<\/p>\n<h2 data-v-md-heading=\"excellent-performance-easy-and-convenient\" data-v-md-line=\"8\">Prestazioni eccellenti, facile e conveniente<\/h2>\n<p data-v-md-line=\"9\">Le coil a doppia maglia da 0,8 \u03a9 garantiscono un gusto costante dal primo all'ultimo boccone. L'attivazione a strappo significa che non \u00e8 necessario premere alcun pulsante. Quando la batteria \u00e8 scarica, \u00e8 sufficiente collegarla al cavo dati Type-C che potrebbe essere gi\u00e0 in uso sul telefono. \u00c8 semplice.<\/p>\n<h2 data-v-md-heading=\"specification-overview\" data-v-md-line=\"11\">Panoramica delle specifiche<\/h2>\n<p data-v-md-line=\"12\"><strong>Numero di aspirazioni<\/strong>: fino a 35000 aspirazioni<br \/>\n<strong>Nicotine content<\/strong>: 0%, 2%, 3% o 5%<br \/>\n<strong>Principio di funzionamento<\/strong>: Attiva con una sola boccata<br \/>\n<strong>Ricarica<\/strong>: Interfaccia USB standard di tipo C<br \/>\n<strong>Stato<\/strong>: Pronto all'uso dopo averlo disimballato<br \/>\n<strong>capacit\u00e0 di e-liquid<\/strong>: 35 millilitri<br \/>\n<strong>Nucleo atomizzante<\/strong>: Bobina a doppia maglia da 0,8 \u03a9<br \/>\n<strong>Energia<\/strong>: Uscita regolabile<br \/>\n<strong>Schermo di visualizzazione<\/strong>: Spie luminose della batteria e del liquido elettronico<br \/>\n<strong>Dimensioni e peso<\/strong>: 115 \u00d7 68 \u00d7 33 millimetri, 105 grammi<\/p>\n<h2 data-v-md-heading=\"full-range-of-flavors\" data-v-md-line=\"23\">Full range of flavors<\/h2>\n<ul data-v-md-line=\"24\">\n<li>Kiwi alla fragola<\/li>\n<li>Blueberry smoothie<\/li>\n<li>Strawberry watermelon<\/li>\n<li>frutto della passione<\/li>\n<li>Bibita al limone e cola<\/li>\n<li>Watermelon smoothie<\/li>\n<li>Gomma da masticare all'anguria<\/li>\n<li>Kiwi, frutto della passione, frutto di guava<\/li>\n<li>Blueberry smoothie<\/li>\n<li>Ciliegia all'anguria<\/li>\n<li>Toro Rosso<\/li>\n<li>Pompelmo alla menta<\/li>\n<\/ul>\n<h2 data-v-md-heading=\"for-you-and-for-your-business-as-well\" data-v-md-line=\"37\">Per te e anche per la tua attivit\u00e0<\/h2>\n<p data-v-md-line=\"38\">Puoi scegliere <a class=\"wpil_keyword_link\" href=\"https:\/\/agoravape.com\/it\/svapare-per-marca\/bang-box\/\" target=\"_blank\" rel=\"noopener\" title=\"BANG BOX\" data-wpil-keyword-link=\"linked\" data-wpil-monitor-id=\"7110\">BANGBOX<\/a> 35K per uso personale o per aggiungerlo al tuo negozio. Confezione all'ingrosso da 10 unit\u00e0 per scatola per una facile gestione dell'inventario. Per ordini all'ingrosso, puoi scegliere una scatola piccola da 100 unit\u00e0 o una scatola grande da 200 unit\u00e0.<\/p>\n<p data-v-md-line=\"40\">Ci avvaliamo di partner fidati come UPS, DPD e DHL per spedire le vostre merci in tutta Europa con la formula Delivered Duty Paid (DDP), garantendo una consegna rapida ed evitando incidenti doganali.<\/p>\n<h2 data-v-md-heading=\"why-do-you-like-it\" data-v-md-line=\"42\">Perch\u00e9 ti piace?<\/h2>\n<p data-v-md-line=\"43\"><strong>Large caliber:<\/strong>\u00a0Durevoli e duraturi, non c'\u00e8 bisogno di sostituire l'attrezzatura ogni pochi giorni.<br \/>\n<strong>Selezione della nicotina<\/strong>: Quattro concentrazioni di nicotina consentono di regolare con precisione il tiro desiderato.<br \/>\n<strong>Ricaricabile<\/strong>: \u00c8 possibile utilizzare tutti gli e-liquidi acquistati in una sola volta, senza doverli buttare via in anticipo.<br \/>\n<strong>Bobina a maglie<\/strong>: Ogni aspirazione pu\u00f2 produrre un vapore omogeneo e un gusto stabile.<br \/>\n<strong>Potenza regolabile<\/strong>: Aumentando la potenza si pu\u00f2 ottenere un sapore pi\u00f9 forte, mentre diminuendola si pu\u00f2 ottenere un sapore pi\u00f9 delicato.<br \/>\n<strong>Visualizzazione chiara<\/strong>: Controlla a colpo d'occhio i livelli rimanenti della batteria e del liquido per essere sempre pronto.<\/p>\n<h2 data-v-md-heading=\"why-choose-agoravape\" data-v-md-line=\"50\">Perch\u00e9 scegliere AgoraVape?<\/h2>\n<p data-v-md-line=\"51\">We only purchase 100% genuine equipment from trustworthy manufacturers. <a class=\"wpil_keyword_link\" href=\"https:\/\/agoravape.com\/it\/marchio\/bang-box\/\" target=\"_blank\" rel=\"noopener\" title=\"BANG BOX\" data-wpil-keyword-link=\"linked\" data-wpil-monitor-id=\"7160\">BANGBOX<\/a> 35K adjustable power disposable vape, you will receive highly competitive wholesale prices, fast response support, and fast DDP delivery services within the European Union. We are responsible for compliance and age verification, ensuring you can sell with peace of mind. Please contact our team to reserve equipment worth returning to for your customers.<\/p>","protected":false},"excerpt":{"rendered":"<p>&nbsp;<\/p>","protected":false},"featured_media":17159,"comment_status":"open","ping_status":"closed","template":"","meta":[],"product_brand":[231],"product_cat":[124,187,185,189,158,174,175,193,191,173,186,180,190,192],"product_tag":[],"class_list":{"0":"post-17136","1":"product","2":"type-product","3":"status-publish","4":"has-post-thumbnail","6":"product_brand-bang-box","7":"product_cat-vape-by-brand","8":"product_cat-0mg-nicotine-free-vapes","9":"product_cat-10000-puffs-high-capacity","10":"product_cat-20mg-standard-nicotine-vapes","11":"product_cat-bang-box","12":"product_cat-fruit-flavors","13":"product_cat-icy-mint","14":"product_cat-mesh-coil","15":"product_cat-rechargeable-disposables","16":"product_cat-vape-by-flavor-profile","17":"product_cat-vape-by-nicotine-strength","18":"product_cat-vape-by-puff-count","19":"product_cat-vape-by-feature-or-type","20":"product_cat-vapes-with-screens","22":"first","23":"onbackorder","24":"shipping-taxable","25":"purchasable","26":"product-type-variable","27":"has-default-attributes"},"tiered_pricing_type":"percentage","tiered_pricing_fixed_rules":[],"tiered_pricing_product_settings":{"layout":"default","base_unit_name":{"singular":null,"plural":null},"default_variation":null},"tiered_pricing_minimum_quantity":10,"tiered_pricing_roles_data":[],"tiered_pricing_percentage_rules":{"30":"29","50":"35","100":"40","200":"44","500":"47","1000":"49"},"tiered_pricing_maximum_quantity":null,"tiered_pricing_quantity_step":"10","_links":{"self":[{"href":"https:\/\/agoravape.com\/it\/wp-json\/wp\/v2\/product\/17136","targetHints":{"allow":["GET"]}}],"collection":[{"href":"https:\/\/agoravape.com\/it\/wp-json\/wp\/v2\/product"}],"about":[{"href":"https:\/\/agoravape.com\/it\/wp-json\/wp\/v2\/types\/product"}],"replies":[{"embeddable":true,"href":"https:\/\/agoravape.com\/it\/wp-json\/wp\/v2\/comments?post=17136"}],"version-history":[{"count":2,"href":"https:\/\/agoravape.com\/it\/wp-json\/wp\/v2\/product\/17136\/revisions"}],"predecessor-version":[{"id":29812,"href":"https:\/\/agoravape.com\/it\/wp-json\/wp\/v2\/product\/17136\/revisions\/29812"}],"wp:featuredmedia":[{"embeddable":true,"href":"https:\/\/agoravape.com\/it\/wp-json\/wp\/v2\/media\/17159"}],"wp:attachment":[{"href":"https:\/\/agoravape.com\/it\/wp-json\/wp\/v2\/media?parent=17136"}],"wp:term":[{"taxonomy":"product_brand","embeddable":true,"href":"https:\/\/agoravape.com\/it\/wp-json\/wp\/v2\/product_brand?post=17136"},{"taxonomy":"product_cat","embeddable":true,"href":"https:\/\/agoravape.com\/it\/wp-json\/wp\/v2\/product_cat?post=17136"},{"taxonomy":"product_tag","embeddable":true,"href":"https:\/\/agoravape.com\/it\/wp-json\/wp\/v2\/product_tag?post=17136"}],"curies":[{"name":"wp","href":"https:\/\/api.w.org\/{rel}","templated":true}]}}