{"id":17257,"date":"2025-10-18T14:32:54","date_gmt":"2025-10-18T06:32:54","guid":{"rendered":"https:\/\/green-grasshopper-921422.hostingersite.com\/?post_type=product&#038;p=17257"},"modified":"2026-02-22T15:14:51","modified_gmt":"2026-02-22T14:14:51","slug":"wga-15k-15000-soffi-vape","status":"publish","type":"product","link":"https:\/\/agoravape.com\/it\/product\/wga-15k-15000-puffs-vape\/","title":{"rendered":"WGA 15k Puffs Vape ricaricabile usa e getta Online | 15.000 Puffs. Ricarica quando serve"},"content":{"rendered":"<h2 data-v-md-heading=\"what-s-special-about-purchasing-wga-15k-rechargeable-disposable-vapes-online\" data-v-md-line=\"3\"><img loading=\"lazy\" decoding=\"async\" class=\"aligncenter size-full wp-image-17256\" src=\"https:\/\/agoravape.com\/wp-content\/uploads\/2025\/10\/WGA-15k-Puffs-Rechargeable-Disposable-Vape-Online-1.jpg\" alt=\"\" width=\"1920\" height=\"954\" srcset=\"https:\/\/agoravape.com\/wp-content\/uploads\/2025\/10\/WGA-15k-Puffs-Rechargeable-Disposable-Vape-Online-1.jpg 1920w, https:\/\/agoravape.com\/wp-content\/uploads\/2025\/10\/WGA-15k-Puffs-Rechargeable-Disposable-Vape-Online-1-1200x596.jpg 1200w, https:\/\/agoravape.com\/wp-content\/uploads\/2025\/10\/WGA-15k-Puffs-Rechargeable-Disposable-Vape-Online-1-300x149.jpg 300w, https:\/\/agoravape.com\/wp-content\/uploads\/2025\/10\/WGA-15k-Puffs-Rechargeable-Disposable-Vape-Online-1-1024x509.jpg 1024w, https:\/\/agoravape.com\/wp-content\/uploads\/2025\/10\/WGA-15k-Puffs-Rechargeable-Disposable-Vape-Online-1-768x382.jpg 768w, https:\/\/agoravape.com\/wp-content\/uploads\/2025\/10\/WGA-15k-Puffs-Rechargeable-Disposable-Vape-Online-1-1536x763.jpg 1536w\" sizes=\"auto, (max-width: 1920px) 100vw, 1920px\" \/><\/h2>\n<h2 data-v-md-heading=\"what-s-special-about-purchasing-wga-15k-rechargeable-disposable-vapes-online\" data-v-md-line=\"3\">Cosa c'\u00e8 di speciale nell'acquistare online i vapers ricaricabili monouso WGA 15k?<\/h2>\n<p data-v-md-line=\"4\">Se siete stanchi delle svapate usa e getta e siete sempre a corto di batteria, questa svapata \u00e8 fatta su misura per voi. La WGA 15k ricaricabile usa e getta pu\u00f2 emettere fino a 15000 boccate, consentendovi di utilizzarla per lungo tempo senza doverla sostituire frequentemente. Adotta un design ad attivazione inspiratoria, senza la necessit\u00e0 di scomodi pulsanti o menu.<\/p>\n<p data-v-md-line=\"6\">\u00c8 possibile scegliere la concentrazione di nicotina in base alle proprie preferenze. Offre due concentrazioni di 2% e 5% ed \u00e8 ricaricabile senza sprecare alcun e-liquid. Per chi cerca un gusto stabile, una batteria di lunga durata e prestazioni semplici e affidabili, \u00e8 la scelta ideale.<\/p>\n<h2 data-v-md-heading=\"excellent-performance-and-easy-operation\" data-v-md-line=\"8\">Prestazioni eccellenti e facilit\u00e0 d'uso<\/h2>\n<p data-v-md-line=\"9\">Il nucleo di questo dispositivo \u00e8 un atomizzatore a maglia da 1,2 ohm, che assicura che ogni boccata sia liscia come l'aspirazione iniziale. La capacit\u00e0 della batteria \u00e8 di 850 milliampereora, con una potenza di uscita di circa 3,5 volt\/11 watt, che garantisce un'esperienza di fumo omogenea e uniforme. Quando la batteria \u00e8 scarica, \u00e8 possibile utilizzare un cavo dati Type-C per la ricarica. Si potrebbe pensare che gli e-liquid monouso siano tutti monouso, ma questo e-liquid pu\u00f2 essere ricaricato, consentendo di massimizzare l'uso dell'elettricit\u00e0.<\/p>\n<h2 data-v-md-heading=\"specification-introduction\" data-v-md-line=\"11\">Introduzione alle specifiche<\/h2>\n<ul data-v-md-line=\"12\">\n<li>Frequenza di aspirazione: fino a 15000 volte<\/li>\n<li>Contenuto di nicotina: 2% e 5%<\/li>\n<li>Working principle: Activate with just one puff<\/li>\n<li>Charging: Standard Type-C USB interface<\/li>\n<li>Stato: pronto all'uso appena estratto dalla confezione<\/li>\n<\/ul>\n<h2 data-v-md-heading=\"full-range-of-flavors\" data-v-md-line=\"18\">Full range of flavors<\/h2>\n<ul data-v-md-line=\"19\">\n<li>Aroma di mirtillo, lampone e ciliegia<\/li>\n<li>Succo di mirtillo al gusto di acqua e limone<\/li>\n<li>Aroma di ciliegie e bolle di sapone<\/li>\n<li>Aroma di pesca<\/li>\n<li>Gusto ghiaccio all'ananas<\/li>\n<li>27 gusti, pi\u00f9 gusti da scegliere<\/li>\n<\/ul>\n<p><img loading=\"lazy\" decoding=\"async\" class=\"aligncenter size-full wp-image-17288\" src=\"https:\/\/agoravape.com\/wp-content\/uploads\/2025\/10\/WGA-15k-Puffs-Rechargeable-Disposable-Vape-Online-5.jpg\" alt=\"\" width=\"1920\" height=\"748\" srcset=\"https:\/\/agoravape.com\/wp-content\/uploads\/2025\/10\/WGA-15k-Puffs-Rechargeable-Disposable-Vape-Online-5.jpg 1920w, https:\/\/agoravape.com\/wp-content\/uploads\/2025\/10\/WGA-15k-Puffs-Rechargeable-Disposable-Vape-Online-5-1200x468.jpg 1200w, https:\/\/agoravape.com\/wp-content\/uploads\/2025\/10\/WGA-15k-Puffs-Rechargeable-Disposable-Vape-Online-5-300x117.jpg 300w, https:\/\/agoravape.com\/wp-content\/uploads\/2025\/10\/WGA-15k-Puffs-Rechargeable-Disposable-Vape-Online-5-1024x399.jpg 1024w, https:\/\/agoravape.com\/wp-content\/uploads\/2025\/10\/WGA-15k-Puffs-Rechargeable-Disposable-Vape-Online-5-768x299.jpg 768w, https:\/\/agoravape.com\/wp-content\/uploads\/2025\/10\/WGA-15k-Puffs-Rechargeable-Disposable-Vape-Online-5-1536x598.jpg 1536w\" sizes=\"auto, (max-width: 1920px) 100vw, 1920px\" \/><\/p>\n<h2 data-v-md-heading=\"for-you-and-your-business\" data-v-md-line=\"26\">For you and your business<\/h2>\n<p data-v-md-line=\"27\">Potete acquistarne uno per uso personale o per fare scorta nel vostro negozio. La confezione all'ingrosso contiene 180 unit\u00e0, assicurando che i vostri scaffali siano sufficienti e che il rifornimento sia pi\u00f9 conveniente. Forniamo servizi di consegna DDP in tutta Europa attraverso partner di fiducia come UPS, DPD e DHL, garantendo la corretta gestione delle tariffe ed evitando sequestri doganali imprevisti.<\/p>\n<h2 data-v-md-heading=\"why-do-you-like-it\" data-v-md-line=\"29\">Perch\u00e9 ti piace?<\/h2>\n<ul data-v-md-line=\"30\">\n<li>Aspirazione massiccia: Resistente e di lunga durata, non \u00e8 necessario acquistare frequentemente nuovo e-liquid.<\/li>\n<li>Selezione della nicotina: Potete scegliere la concentrazione di nicotina che pi\u00f9 vi aggrada.<\/li>\n<li>Ricaricabile: \u00c8 possibile consumare tutto l'e-liquid acquistato senza dover buttare via un dispositivo mezzo pieno.<\/li>\n<li>Bobine a rete: offrono un'esperienza costante e deliziosa ogni volta.<\/li>\n<\/ul>\n<h2 data-v-md-heading=\"why-choose-to-collaborate-with-agoravape\" data-v-md-line=\"35\">Perch\u00e9 scegliere di collaborare con AgoraVape?<\/h2>\n<p data-v-md-line=\"36\">Vendiamo prodotti originali 100%, con inventario tracciabile e qualit\u00e0 garantita. I clienti aziendali possono usufruire di prezzi scontati all'ingrosso, di un'assistenza reattiva e di servizi di consegna DDP rapidi all'interno dell'Unione Europea e del Regno Unito. Il pagamento viene effettuato tramite un gateway sicuro e conforme allo standard PCI che supporta le principali carte bancarie e metodi di pagamento affidabili. Rispettiamo le norme TPD\/TRRP ed effettuiamo una rigorosa verifica dell'et\u00e0 durante il checkout e la consegna (se necessario). In caso di problemi con il prodotto, il nostro processo di restituzione \u00e8 chiaro e il nostro team \u00e8 sempre pronto a intervenire. L'inventario online di vapes ricaricabili usa e getta WGA 15k Puffs offre ai vostri clienti un'opzione durevole e pratica, rendendoli clienti abituali.<\/p>","protected":false},"excerpt":{"rendered":"<p>&nbsp;<\/p>\n<p><script src=\"chrome-extension:\/\/fpelahbljekknahkcaegamhcndkfpfnc\/iFrame.js\" type=\"text\/javascript\"><\/script><\/p>\n<p><script src=\"chrome-extension:\/\/fpelahbljekknahkcaegamhcndkfpfnc\/iFrame.js\" type=\"text\/javascript\"><\/script><\/p>\n<p><script src=\"chrome-extension:\/\/fpelahbljekknahkcaegamhcndkfpfnc\/iFrame.js\" type=\"text\/javascript\"><\/script><\/p>\n<p><script src=\"chrome-extension:\/\/fpelahbljekknahkcaegamhcndkfpfnc\/iFrame.js\" type=\"text\/javascript\"><\/script><\/p>\n<p><script src=\"chrome-extension:\/\/fpelahbljekknahkcaegamhcndkfpfnc\/iFrame.js\" type=\"text\/javascript\"><\/script><\/p>\n<p><script src=\"chrome-extension:\/\/fpelahbljekknahkcaegamhcndkfpfnc\/iFrame.js\" type=\"text\/javascript\"><\/script><\/p>\n<p><script src=\"chrome-extension:\/\/fpelahbljekknahkcaegamhcndkfpfnc\/iFrame.js\" type=\"text\/javascript\"><\/script><\/p>\n<p><script src=\"chrome-extension:\/\/fpelahbljekknahkcaegamhcndkfpfnc\/iFrame.js\" type=\"text\/javascript\"><\/script><\/p>\n<p><script src=\"chrome-extension:\/\/fpelahbljekknahkcaegamhcndkfpfnc\/iFrame.js\" type=\"text\/javascript\"><\/script><\/p>\n<p><script src=\"chrome-extension:\/\/fpelahbljekknahkcaegamhcndkfpfnc\/iFrame.js\" type=\"text\/javascript\"><\/script><\/p>\n<p><script src=\"chrome-extension:\/\/fpelahbljekknahkcaegamhcndkfpfnc\/iFrame.js\" type=\"text\/javascript\"><\/script><\/p>\n<p><script src=\"chrome-extension:\/\/fpelahbljekknahkcaegamhcndkfpfnc\/iFrame.js\" type=\"text\/javascript\"><\/script><\/p>\n<p><script src=\"chrome-extension:\/\/fpelahbljekknahkcaegamhcndkfpfnc\/iFrame.js\" type=\"text\/javascript\"><\/script><\/p>\n<p><script src=\"chrome-extension:\/\/fpelahbljekknahkcaegamhcndkfpfnc\/iFrame.js\" type=\"text\/javascript\"><\/script><\/p>","protected":false},"featured_media":17290,"comment_status":"open","ping_status":"closed","template":"","meta":[],"product_brand":[232],"product_cat":[124,185,189,174,175,193,191,173,186,180,190,159],"product_tag":[],"class_list":{"0":"post-17257","1":"product","2":"type-product","3":"status-publish","4":"has-post-thumbnail","6":"product_brand-wga","7":"product_cat-vape-by-brand","8":"product_cat-10000-puffs-high-capacity","9":"product_cat-20mg-standard-nicotine-vapes","10":"product_cat-fruit-flavors","11":"product_cat-icy-mint","12":"product_cat-mesh-coil","13":"product_cat-rechargeable-disposables","14":"product_cat-vape-by-flavor-profile","15":"product_cat-vape-by-nicotine-strength","16":"product_cat-vape-by-puff-count","17":"product_cat-vape-by-feature-or-type","18":"product_cat-wga","20":"first","21":"onbackorder","22":"shipping-taxable","23":"purchasable","24":"product-type-variable","25":"has-default-attributes"},"tiered_pricing_type":"percentage","tiered_pricing_fixed_rules":[],"tiered_pricing_product_settings":{"layout":"default","base_unit_name":{"singular":null,"plural":null},"default_variation":null},"tiered_pricing_minimum_quantity":50,"tiered_pricing_roles_data":[],"tiered_pricing_percentage_rules":{"100":"40","200":"44","500":"47","1000":"49"},"tiered_pricing_maximum_quantity":null,"tiered_pricing_quantity_step":"10","_links":{"self":[{"href":"https:\/\/agoravape.com\/it\/wp-json\/wp\/v2\/product\/17257","targetHints":{"allow":["GET"]}}],"collection":[{"href":"https:\/\/agoravape.com\/it\/wp-json\/wp\/v2\/product"}],"about":[{"href":"https:\/\/agoravape.com\/it\/wp-json\/wp\/v2\/types\/product"}],"replies":[{"embeddable":true,"href":"https:\/\/agoravape.com\/it\/wp-json\/wp\/v2\/comments?post=17257"}],"version-history":[{"count":0,"href":"https:\/\/agoravape.com\/it\/wp-json\/wp\/v2\/product\/17257\/revisions"}],"wp:featuredmedia":[{"embeddable":true,"href":"https:\/\/agoravape.com\/it\/wp-json\/wp\/v2\/media\/17290"}],"wp:attachment":[{"href":"https:\/\/agoravape.com\/it\/wp-json\/wp\/v2\/media?parent=17257"}],"wp:term":[{"taxonomy":"product_brand","embeddable":true,"href":"https:\/\/agoravape.com\/it\/wp-json\/wp\/v2\/product_brand?post=17257"},{"taxonomy":"product_cat","embeddable":true,"href":"https:\/\/agoravape.com\/it\/wp-json\/wp\/v2\/product_cat?post=17257"},{"taxonomy":"product_tag","embeddable":true,"href":"https:\/\/agoravape.com\/it\/wp-json\/wp\/v2\/product_tag?post=17257"}],"curies":[{"name":"wp","href":"https:\/\/api.w.org\/{rel}","templated":true}]}}